{"id":16489,"date":"2014-10-29T23:51:33","date_gmt":"2014-10-29T23:51:33","guid":{"rendered":"http:\/\/www.newmessage.org\/?page_id=16489"},"modified":"2022-11-09T20:52:26","modified_gmt":"2022-11-09T20:52:26","slug":"o-novo-mensageiro","status":"publish","type":"page","link":"https:\/\/www.v6.newmessage.org\/pt\/a-mensagem\/volume-1\/o-novo-mensageiro","title":{"rendered":"O Novo Mensageiro"},"content":{"rendered":"<div id=\"attachment_23180\" style=\"width: 241px\" class=\"wp-caption alignright\"><img loading=\"lazy\" decoding=\"async\" aria-describedby=\"caption-attachment-23180\" class=\"\" src=\"https:\/\/www.newmessage.org\/wp-content\/uploads\/2014\/10\/the-new-messenger-205x300.jpg\" alt=\"\" width=\"231\" height=\"339\" \/><p id=\"caption-attachment-23180\" class=\"wp-caption-text\"><\/p>\n<p>&nbsp;<\/p>\n<p><\/p><\/div>\n<p><em>O Novo Mensageiro<\/em> \u00e9 um livro de revela\u00e7\u00e3o a respeito da origem, linhagem e miss\u00e3o dos Mensageiros de Deus, que em diferentes \u00e9pocas na hist\u00f3ria humana entraram no mundo para receber e apresentar Novas Revela\u00e7\u00f5es para a humanidade.<\/p>\n<p>A Nova Mensagem ensina que todos os Mensageiros pr\u00e9vios de Deus foram membros de uma Assenbl\u00e9ia Ang\u00e9lica que supervisiona o mundo. Ao longo da hist\u00f3ria, esta Assembleia, em resposta \u00e0 Vontade de Deus, enviou ao mundo um dos seus em momentos e lugares espec\u00edficos para servir as crescentes necessidades da humanidade.<\/p>\n<p>A chegada de um Novo Mensageiro representa o pr\u00f3ximo cap\u00edtulo na Revela\u00e7\u00e3o progressiva da Vontade e Plano de Deus para a humanidade. Agora Deus falou novamente, revelando o que nunca foi revelado antes, falando atrab\u00e9s de um Novo Mensageiro, um homem chamado <a href=\"\/pt\/o-mensageiro-de-deus\/quem-e-marshallviansummers\">Marshall Vian Summers<\/a>.<\/p>\n<p><em>O Novo Mensageiro<\/em> cont\u00e9m aquelas revela\u00e7\u00f5es da Fonte a respeito do pr\u00f3prio Mensageiro. Quem \u00e9 ele? Por que ele foi escolhido? Como voc\u00ea pode saber que ele \u00e9 real e aut\u00eantico? E como ele est\u00e1 conectado aos Mensageiros do passado?<\/p>\n<p>Estas s\u00e3o quest\u00f5es que todas as pessoas de boa f\u00e9 podem perguntar. Agora Deus falou novamente com uma s\u00e9rie de revela\u00e7\u00f5es para elevar o nosso entendimento dos Mensageiros de Deus, a sele\u00e7\u00e3o deles, a maior identidade deles, o relacionamento entre eles e as consequ\u00eancias da apari\u00e7\u00e3o e emergir deles no mundo.<\/p>\n<p>Cada cap\u00edtulo de <em>O Novo Mensageiro<\/em> \u00e9 uma revela\u00e7\u00e3o individual dada por Deus para a humanidade. Aqui voc\u00ea tem uma oportunidade para verdadeiramente entender o homem, Marshall Vian Summers, que tem sido o recipiente de mais de 9.000 p\u00e1ginas de revela\u00e7\u00e3o da Nova Mensagem de Deus. <a href=\"https:\/\/www.newmessage.org\/the-message\/volume-1\/pure-religion\/the-voice-of-the-revelation\">A Voz da Revela\u00e7\u00e3o<\/a> continua a falar atrav\u00e9s do Mensageiro, e a Palavra e o Som da comunica\u00e7\u00e3o de Deus est\u00e3o agora sendo ouvidos ao redor do mundo. A Revela\u00e7\u00e3o continua at\u00e9 o dia de hoje.<\/p>\n<div class=\"background-color-bridesmaid padding-20\">\n<h2 style=\"text-align: left;\"><span style=\"color: #525252;\">\u00cdndice<\/span><\/h2>\n<span class=\"hdark\" ><em>O Novo Mensageiro<\/em> estar\u00e1 dispon\u00edvel online e em vers\u00e3o impressa em ingl\u00eas <a href=\"https:\/\/www.newmessage.org\/the-message\/volume-1\/new-messenger\">em 2018<\/a>. Alguns cap\u00edtulos de <em>O Novo Mensageiro<\/em> j\u00e1 est\u00e3o traduzidos abaixo.<\/span>\n<p>Cap\u00edtulo 1: A Vontade do C\u00e9u (n\u00e3o dispon\u00edvel)<\/p>\n<p>Cap\u00edtulo 2: <a href=\"\/pt\/a-mensagem\/volume-1\/o-novo-mensageiro\/a-origem-do-mensageiro\">A Origem do Mensageiro<\/a><\/p>\n<p>Cap\u00edtulo 3: A linhagem do Mensageiro (n\u00e3o dispon\u00edvel)<\/p>\n<p>Cap\u00edtulo 4: <a href=\"\/pt\/a-mensagem\/volume-1\/o-novo-mensageiro\/historia-mensageiro\">A hist\u00f3ria do Mensageiro<\/a><\/p>\n<p>Cap\u00edtulo 5: <a href=\"\/pt\/a-mensagem\/volume-1\/o-novo-mensageiro\/os-requisitos-do-mensageiro\">Os requisitos do Mensageiro<\/a><\/p>\n<p>Cap\u00edtulo 6: O V\u00e9u do Mensageiro (n\u00e3o dispon\u00edvel)<\/p>\n<p>Cap\u00edtulo 7: Entendendo o novo Mensageiro (n\u00e3o dispon\u00edvel)<\/p>\n<p>Cap\u00edtulo 8: <a href=\"\/pt\/a-mensagem\/volume-1\/o-novo-mensageiro\/enfrentando-a-luz-da-revelacao\">Enfrentando a Luz da Revela\u00e7\u00e3o<\/a><\/p>\n<p>Cap\u00edtulo 9: A jornada do Mensageiro (n\u00e3o dispon\u00edvel)<\/p>\n<p>Cap\u00edtulo 10: O Profeta (n\u00e3o dispon\u00edvel)<\/p>\n<p>Cap\u00edtulo 11: A consequ\u00eancia da Revela\u00e7\u00e3o (n\u00e3o dispon\u00edvel)<\/p>\n<p>Cap\u00edtulo 12: O Chamado do Mensageiro (n\u00e3o dispon\u00edvel)<\/p>\n<p>Cap\u00edtulo 13: Caminhando com o Mensageiro (n\u00e3o dispon\u00edvel)<\/p>\n<\/div>\n","protected":false},"excerpt":{"rendered":"<p>O Novo Mensageiro \u00e9 um livro de revela\u00e7\u00e3o a respeito da origem, linhagem e miss\u00e3o dos Mensageiros de Deus, que em diferentes \u00e9pocas na hist\u00f3ria humana entraram no mundo para receber e apresentar Novas Revela\u00e7\u00f5es para a humanidade. A Nova Mensagem ensina que todos os Mensageiros pr\u00e9vios de Deus foram membros de uma Assenbl\u00e9ia Ang\u00e9lica\u2026 <a class=\"read-more\" href=\"https:\/\/www.v6.newmessage.org\/pt\/a-mensagem\/volume-1\/o-novo-mensageiro\"><span>Read More<\/span><\/a><\/p>\n","protected":false},"author":1,"featured_media":0,"parent":16287,"menu_order":1,"comment_status":"closed","ping_status":"closed","template":"template-leftsidebar.php","meta":{"_monsterinsights_skip_tracking":false,"_monsterinsights_sitenote_active":false,"_monsterinsights_sitenote_note":"","_monsterinsights_sitenote_category":0,"footnotes":""},"categories":[465,460],"tags":[],"_links":{"self":[{"href":"https:\/\/www.v6.newmessage.org\/pt\/wp-json\/wp\/v2\/pages\/16489"}],"collection":[{"href":"https:\/\/www.v6.newmessage.org\/pt\/wp-json\/wp\/v2\/pages"}],"about":[{"href":"https:\/\/www.v6.newmessage.org\/pt\/wp-json\/wp\/v2\/types\/page"}],"author":[{"embeddable":true,"href":"https:\/\/www.v6.newmessage.org\/pt\/wp-json\/wp\/v2\/users\/1"}],"replies":[{"embeddable":true,"href":"https:\/\/www.v6.newmessage.org\/pt\/wp-json\/wp\/v2\/comments?post=16489"}],"version-history":[{"count":40,"href":"https:\/\/www.v6.newmessage.org\/pt\/wp-json\/wp\/v2\/pages\/16489\/revisions"}],"predecessor-version":[{"id":26871,"href":"https:\/\/www.v6.newmessage.org\/pt\/wp-json\/wp\/v2\/pages\/16489\/revisions\/26871"}],"up":[{"embeddable":true,"href":"https:\/\/www.v6.newmessage.org\/pt\/wp-json\/wp\/v2\/pages\/16287"}],"wp:attachment":[{"href":"https:\/\/www.v6.newmessage.org\/pt\/wp-json\/wp\/v2\/media?parent=16489"}],"wp:term":[{"taxonomy":"category","embeddable":true,"href":"https:\/\/www.v6.newmessage.org\/pt\/wp-json\/wp\/v2\/categories?post=16489"},{"taxonomy":"post_tag","embeddable":true,"href":"https:\/\/www.v6.newmessage.org\/pt\/wp-json\/wp\/v2\/tags?post=16489"}],"curies":[{"name":"wp","href":"https:\/\/api.w.org\/{rel}","templated":true}]}}