{"id":16482,"date":"2014-10-29T23:47:55","date_gmt":"2014-10-29T23:47:55","guid":{"rendered":"http:\/\/www.newmessage.org\/?page_id=16482"},"modified":"2022-11-09T17:02:29","modified_gmt":"2022-11-09T17:02:29","slug":"o-novo-mundo","status":"publish","type":"page","link":"https:\/\/www.v6.newmessage.org\/pt\/a-mensagem\/volume-1\/o-novo-mundo","title":{"rendered":"O Novo Mundo"},"content":{"rendered":"<div id=\"attachment_23183\" style=\"width: 241px\" class=\"wp-caption alignright\"><img loading=\"lazy\" decoding=\"async\" aria-describedby=\"caption-attachment-23183\" class=\"\" src=\"https:\/\/www.newmessage.org\/wp-content\/uploads\/2014\/10\/the-new-world-205x300.jpg\" alt=\"The New World\" width=\"231\" height=\"339\" \/><p id=\"caption-attachment-23183\" class=\"wp-caption-text\"><\/p>\n<p>&nbsp;<\/p>\n<p><\/p><\/div>\n<p><em>O Novo Mundo<\/em> revela um alerta de grande mudan\u00e7a chegando ao nosso mundo e uma vis\u00e3o prof\u00e9tica de um mundo futuro para o qual devemos nos preparar.<\/p>\n<p><em>O Novo Mundo<\/em> \u00e9 um alerta de Deus sobre o esgotamento e degrada\u00e7\u00e3o r\u00e1pidos da Terra, do clima e do meio-ambiente pela humanidade, e a a\u00e7\u00e3o urgente que devemos tomar, individualmente e coletivamente, para tanto restaurar o nosso planeta como para nos preparar para uma nova condi\u00e7\u00e3o mundial no futuro.<\/p>\n<p>Este livro revela a grande dificuldade da humanidade e as causas mais profundas de uma trag\u00e9dia global de conflito, pobreza e opress\u00e3o se espalhando agora por todo o mundo. Com isto, ele apresenta o Plano de Deus para o mundo, e o que pode pode salvar a humanidade \u00e0 medida que ela enfrenta as suas maiores prova\u00e7\u00f5es no futuro.<\/p>\n<p><em>O Novo Mundo<\/em> \u00e9 o prel\u00fadio prof\u00e9tico para <a href=\"\/pt\/a-mensagem\/volume-4\/as-grandes-ondas-de-mudanca\">As Grandes Ondas de Mudan\u00e7a<\/a>, que apresenta em maiores detalhes os desafios que n\u00f3s iremos enfrentar individualmente e o caminho de prepara\u00e7\u00e3o interior e exterior dispon\u00edvel para cada pessoa agora atrav\u00e9s da Nova Mensagem.<\/p>\n<p>Cada cap\u00edtulo de <em>O Novo Mundo<\/em> \u00e9 uma revela\u00e7\u00e3o dada pela Fonte, compilada neste texto pelo Mensageiro, <a href=\"\/pt\/o-mensageiro-de-deus\">Marshall Vian Summers<\/a>. V\u00e1rios cap\u00edtulos de <em>O Mundo Novo<\/em> foram recebidos em locais de crescente conflito e instabilidade, incluindo Beirute, Alepo e Teer\u00e3.<\/p>\n<div class=\"background-color-bridesmaid padding-20\">\n<h2 style=\"text-align: left;\"><span style=\"color: #525252;\">\u00cdndice<\/span><\/h2>\n<span class=\"hdark\" ><em>O Novo Mundo<\/em> estar\u00e1 dispon\u00edvel online e em vers\u00e3o impressa em 2018 <a href=\"https:\/\/www.newmessage.org\/the-message\/volume-1\/new-world\">em ingl\u00eas<\/a>. Alguns cap\u00edtulos de <em>O Mundo Novo<\/em> j\u00e1 est\u00e3o traduzidos abaixo.<\/span>\n<p><a title=\"A emerg\u00eancia global\" href=\"\/pt\/a-mensagem\/volume-1\/o-novo-mundo\/a-emergencia-global\">A emerg\u00eancia global<\/a><\/p>\n<p>Ficando centrado em um mundo que est\u00e1 quebrando (n\u00e3o dispon\u00edvel)<\/p>\n<p><a title=\"O grande alerta\" href=\"\/pt\/a-mensagem\/volume-1\/o-novo-mundo\/o-grande-alerta\">O grande alerta<\/a><\/p>\n<p>Entrando no Novo Mundo (n\u00e3o dispon\u00edvel)<\/p>\n<p>A corrida para salvar a civiliza\u00e7\u00e3o humana (n\u00e3o dispon\u00edvel)<\/p>\n<p>O choque do futuro (n\u00e3o dispon\u00edvel)<\/p>\n<p><a title=\"A pobreza\" href=\"\/pt\/a-mensagem\/volume-1\/o-novo-mundo\/a-pobreza\">A pobreza<\/a><\/p>\n<p><a title=\"O que salvar\u00e1 a humanidade\" href=\"\/pt\/a-mensagem\/volume-1\/o-novo-mundo\/o-que-salvara-a-humanidade\">O que salvar\u00e1 a humanidade<\/a><\/p>\n<\/div>\n","protected":false},"excerpt":{"rendered":"<p>O Novo Mundo revela um alerta de grande mudan\u00e7a chegando ao nosso mundo e uma vis\u00e3o prof\u00e9tica de um mundo futuro para o qual devemos nos preparar. O Novo Mundo \u00e9 um alerta de Deus sobre o esgotamento e degrada\u00e7\u00e3o r\u00e1pidos da Terra, do clima e do meio-ambiente pela humanidade, e a a\u00e7\u00e3o urgente que\u2026 <a class=\"read-more\" href=\"https:\/\/www.v6.newmessage.org\/pt\/a-mensagem\/volume-1\/o-novo-mundo\"><span>Read More<\/span><\/a><\/p>\n","protected":false},"author":1,"featured_media":0,"parent":16287,"menu_order":5,"comment_status":"closed","ping_status":"closed","template":"template-leftsidebar.php","meta":{"_monsterinsights_skip_tracking":false,"_monsterinsights_sitenote_active":false,"_monsterinsights_sitenote_note":"","_monsterinsights_sitenote_category":0,"footnotes":""},"categories":[463,460],"tags":[],"_links":{"self":[{"href":"https:\/\/www.v6.newmessage.org\/pt\/wp-json\/wp\/v2\/pages\/16482"}],"collection":[{"href":"https:\/\/www.v6.newmessage.org\/pt\/wp-json\/wp\/v2\/pages"}],"about":[{"href":"https:\/\/www.v6.newmessage.org\/pt\/wp-json\/wp\/v2\/types\/page"}],"author":[{"embeddable":true,"href":"https:\/\/www.v6.newmessage.org\/pt\/wp-json\/wp\/v2\/users\/1"}],"replies":[{"embeddable":true,"href":"https:\/\/www.v6.newmessage.org\/pt\/wp-json\/wp\/v2\/comments?post=16482"}],"version-history":[{"count":49,"href":"https:\/\/www.v6.newmessage.org\/pt\/wp-json\/wp\/v2\/pages\/16482\/revisions"}],"predecessor-version":[{"id":27934,"href":"https:\/\/www.v6.newmessage.org\/pt\/wp-json\/wp\/v2\/pages\/16482\/revisions\/27934"}],"up":[{"embeddable":true,"href":"https:\/\/www.v6.newmessage.org\/pt\/wp-json\/wp\/v2\/pages\/16287"}],"wp:attachment":[{"href":"https:\/\/www.v6.newmessage.org\/pt\/wp-json\/wp\/v2\/media?parent=16482"}],"wp:term":[{"taxonomy":"category","embeddable":true,"href":"https:\/\/www.v6.newmessage.org\/pt\/wp-json\/wp\/v2\/categories?post=16482"},{"taxonomy":"post_tag","embeddable":true,"href":"https:\/\/www.v6.newmessage.org\/pt\/wp-json\/wp\/v2\/tags?post=16482"}],"curies":[{"name":"wp","href":"https:\/\/api.w.org\/{rel}","templated":true}]}}