{"id":16480,"date":"2014-10-29T23:41:54","date_gmt":"2014-10-29T23:41:54","guid":{"rendered":"http:\/\/www.newmessage.org\/?page_id=16480"},"modified":"2022-11-09T17:19:15","modified_gmt":"2022-11-09T17:19:15","slug":"a-nova-vida","status":"publish","type":"page","link":"https:\/\/www.v6.newmessage.org\/pt\/a-mensagem\/volume-1\/a-nova-vida","title":{"rendered":"A Nova Vida"},"content":{"rendered":"<div id=\"attachment_23181\" style=\"width: 240px\" class=\"wp-caption alignright\"><img loading=\"lazy\" decoding=\"async\" aria-describedby=\"caption-attachment-23181\" class=\"\" src=\"https:\/\/www.newmessage.org\/wp-content\/uploads\/2014\/10\/the-new-life-205x300.jpg\" alt=\"The New Life\" width=\"230\" height=\"337\" \/><p id=\"caption-attachment-23181\" class=\"wp-caption-text\"><\/p>\n<p>&nbsp;<\/p>\n<p><\/p><\/div>\n<p><em>A Nova Vida<\/em> abre diante de voc\u00ea a jornada para descobrir o seu maior prop\u00f3sito e os seus maiores relacionamentos na vida. Com isto, <em>A Nova Vida<\/em> revela a verdadeira causa da confus\u00e3o, isolamento e sofrimento interior sentido por pessoas ao redor do mundo, e revela o caminho para resolu\u00e7\u00e3o que o Criador de toda a vida est\u00e1 provendo agora.<\/p>\n<p>Aqui Deus est\u00e1 lhe chamando para despertar do sonho e pesadelo da Separa\u00e7\u00e3o e para come\u00e7ar uma nova jornada na vida onde voc\u00ea descobre e desenvolve a sua conex\u00e3o com o Conhecimento, a mente espiritual mais profunda que Deus colocou dentro de voc\u00ea para lhe guiar e proteger. Esta jornada de despertar e de retorno lhe trar\u00e1 de volta ao seu prop\u00f3sito original por entrar no mundo, a mem\u00f3ria daqueles que lhe enviaram e a contribui\u00e7\u00e3o maior que voc\u00ea est\u00e1 destinado a dar.<\/p>\n<p>Aqui come\u00e7a um processo sagrado que tem o poder de lhe libertar do passado e lhe preparar para uma vida nova e maior no futuro.<\/p>\n<p>Cada cap\u00edtulo de <em>A Nova Vida<\/em> \u00e9 uma revela\u00e7\u00e3o dada pela Fonte, compilada neste texto pelo Mensageiro <a href=\"\/pt\/o-mensageiro-de-deus\">Marshall Vian Summers<\/a>.<\/p>\n<div class=\"background-color-bridesmaid padding-20\">\n<h2 style=\"text-align: left;\"><span style=\"color: #525252;\">\u00cdndice<\/span><\/h2>\n<span class=\"hdark\" ><em>A Nova Vida<\/em> ser\u00e1 lan\u00e7ado em breve <a href=\"https:\/\/www.newmessage.org\/the-message\/volume-1\/new-life\">em ingl\u00eas<\/a>. Alguns cap\u00edtulos de <em>A Nova Vida<\/em> j\u00e1 est\u00e3o traduzidos abaixo.<\/span>\n<p>A profunda uni\u00e3o com Deus (n\u00e3o dispon\u00edvel)<\/p>\n<p>Sofrimento (n\u00e3o dispon\u00edvel)<\/p>\n<p><a href=\"\/pt\/a-mensagem\/volume-1\/a-nova-vida\/construindo-uma-ponte-para-uma-nova-vida\">Construindo uma ponte para uma nova vida<\/a><\/p>\n<p>O despertar (n\u00e3o dispon\u00edvel)<\/p>\n<p><a href=\"\/pt\/a-mensagem\/volume-1\/a-nova-vida\/a-jornada-para-uma-nova-vida\">A jornada para uma nova vida<\/a><\/p>\n<p><a href=\"\/pt\/a-mensagem\/volume-1\/a-nova-vida\/a-dadiva-de-uma-nova-vida\">A d\u00e1diva de uma nova vida<\/a><\/p>\n<p>A l\u00e2mpada (n\u00e3o dispon\u00edvel)<\/p>\n<p>Os raios de Inicia\u00e7\u00e3o (n\u00e3o dispon\u00edvel)<\/p>\n<p>A vida sagrada (n\u00e3o dispon\u00edvel)<\/p>\n<p><a href=\"\/pt\/a-mensagem\/volume-1\/a-nova-vida\/o-encontro-sagrado\">O encontro sagrado<\/a><\/p>\n<p>A Reconcilia\u00e7\u00e3o (n\u00e3o dispon\u00edvel)<\/p>\n<\/div>\n","protected":false},"excerpt":{"rendered":"<p>A Nova Vida abre diante de voc\u00ea a jornada para descobrir o seu maior prop\u00f3sito e os seus maiores relacionamentos na vida. Com isto, A Nova Vida revela a verdadeira causa da confus\u00e3o, isolamento e sofrimento interior sentido por pessoas ao redor do mundo, e revela o caminho para resolu\u00e7\u00e3o que o Criador de toda\u2026 <a class=\"read-more\" href=\"https:\/\/www.v6.newmessage.org\/pt\/a-mensagem\/volume-1\/a-nova-vida\"><span>Read More<\/span><\/a><\/p>\n","protected":false},"author":1,"featured_media":0,"parent":16287,"menu_order":6,"comment_status":"closed","ping_status":"closed","template":"template-leftsidebar.php","meta":{"_monsterinsights_skip_tracking":false,"_monsterinsights_sitenote_active":false,"_monsterinsights_sitenote_note":"","_monsterinsights_sitenote_category":0,"footnotes":""},"categories":[],"tags":[],"_links":{"self":[{"href":"https:\/\/www.v6.newmessage.org\/pt\/wp-json\/wp\/v2\/pages\/16480"}],"collection":[{"href":"https:\/\/www.v6.newmessage.org\/pt\/wp-json\/wp\/v2\/pages"}],"about":[{"href":"https:\/\/www.v6.newmessage.org\/pt\/wp-json\/wp\/v2\/types\/page"}],"author":[{"embeddable":true,"href":"https:\/\/www.v6.newmessage.org\/pt\/wp-json\/wp\/v2\/users\/1"}],"replies":[{"embeddable":true,"href":"https:\/\/www.v6.newmessage.org\/pt\/wp-json\/wp\/v2\/comments?post=16480"}],"version-history":[{"count":48,"href":"https:\/\/www.v6.newmessage.org\/pt\/wp-json\/wp\/v2\/pages\/16480\/revisions"}],"predecessor-version":[{"id":27938,"href":"https:\/\/www.v6.newmessage.org\/pt\/wp-json\/wp\/v2\/pages\/16480\/revisions\/27938"}],"up":[{"embeddable":true,"href":"https:\/\/www.v6.newmessage.org\/pt\/wp-json\/wp\/v2\/pages\/16287"}],"wp:attachment":[{"href":"https:\/\/www.v6.newmessage.org\/pt\/wp-json\/wp\/v2\/media?parent=16480"}],"wp:term":[{"taxonomy":"category","embeddable":true,"href":"https:\/\/www.v6.newmessage.org\/pt\/wp-json\/wp\/v2\/categories?post=16480"},{"taxonomy":"post_tag","embeddable":true,"href":"https:\/\/www.v6.newmessage.org\/pt\/wp-json\/wp\/v2\/tags?post=16480"}],"curies":[{"name":"wp","href":"https:\/\/api.w.org\/{rel}","templated":true}]}}