{"id":16323,"date":"2014-10-25T22:29:46","date_gmt":"2014-10-25T22:29:46","guid":{"rendered":"http:\/\/www.newmessage.org\/?page_id=16323"},"modified":"2016-01-21T04:02:29","modified_gmt":"2016-01-21T04:02:29","slug":"volume-6","status":"publish","type":"page","link":"https:\/\/www.v6.newmessage.org\/pt\/a-mensagem\/volume-6","title":{"rendered":"Volume 6"},"content":{"rendered":"<p><strong><img loading=\"lazy\" decoding=\"async\" class=\"imgborder alignright  size-medium\" src=\"https:\/\/www.newmessage.org\/wp-content\/uploads\/2014\/10\/The-New-Message-from-God-Volume-6-215x300.png\" alt=\"\" width=\"215\" height=\"300\" \/><\/strong><\/p>\n<h3>Sobre o Volume 6<\/h3>\n<p>O Volume 6 conter\u00e1 outros livros da Nova Mensagem de Deus n\u00e3o inclu\u00eddos nos primeiros cinco volumes. Embora somente um livro esteja inclu\u00eddo atualmente no Volume 6, <a href=\"\/a-mensagem\/volume-6\/segredos-do-ceu\">Segredos do C\u00e9u<\/a>, ele ser\u00e1 expandido \u00e0 medida que o Mensageiro prepara e publica outros Livros de Revela\u00e7\u00e3o ao mundo.<\/p>\n<div class=\"clearfix\"><\/div>\n<div class=\"the-message-books-volumes panel-30 background-tile-1 margin-bottom-20\">\n<h2 class=\"text-align-center margin-bottom-20\"><a class=\"text-color-gray-5 not-underlined\" title=\"Volume 6\" href=\"\/a-mensagem\/volume-6\">Volume 6<\/a><\/h2>\n<div class=\"one_third \" ><\/p>\n<div class=\"message-book-div\"><a class=\"message-book-link-to-post\" href=\"\/a-mensagem\/volume-6\/segredos-do-ceu\" rel=\"bookmark\">Segredos<br \/>\ndo C\u00e9u<\/a><\/div>\n<p><\/div>\n<div class=\"one_third last\" ><\/p>\n<div class=\"message-book-div more\"><a class=\"message-book-link-to-post\" title=\"Mais por vir\u2026\" href=\"\/a-mensagem\/a-revelacao-continua\" rel=\"bookmark\">Mais por vir\u2026<\/a><\/div>\n<p><\/div>\n<\/div>\n","protected":false},"excerpt":{"rendered":"<p>Sobre o Volume 6 O Volume 6 conter\u00e1 outros livros da Nova Mensagem de Deus n\u00e3o inclu\u00eddos nos primeiros cinco volumes. Embora somente um livro esteja inclu\u00eddo atualmente no Volume 6, Segredos do C\u00e9u, ele ser\u00e1 expandido \u00e0 medida que o Mensageiro prepara e publica outros Livros de Revela\u00e7\u00e3o ao mundo. Volume 6<\/p>\n","protected":false},"author":1,"featured_media":0,"parent":15090,"menu_order":0,"comment_status":"closed","ping_status":"closed","template":"template-leftsidebar.php","meta":{"_monsterinsights_skip_tracking":false,"_monsterinsights_sitenote_active":false,"_monsterinsights_sitenote_note":"","_monsterinsights_sitenote_category":0,"footnotes":""},"categories":[],"tags":[],"_links":{"self":[{"href":"https:\/\/www.v6.newmessage.org\/pt\/wp-json\/wp\/v2\/pages\/16323"}],"collection":[{"href":"https:\/\/www.v6.newmessage.org\/pt\/wp-json\/wp\/v2\/pages"}],"about":[{"href":"https:\/\/www.v6.newmessage.org\/pt\/wp-json\/wp\/v2\/types\/page"}],"author":[{"embeddable":true,"href":"https:\/\/www.v6.newmessage.org\/pt\/wp-json\/wp\/v2\/users\/1"}],"replies":[{"embeddable":true,"href":"https:\/\/www.v6.newmessage.org\/pt\/wp-json\/wp\/v2\/comments?post=16323"}],"version-history":[{"count":18,"href":"https:\/\/www.v6.newmessage.org\/pt\/wp-json\/wp\/v2\/pages\/16323\/revisions"}],"predecessor-version":[{"id":27158,"href":"https:\/\/www.v6.newmessage.org\/pt\/wp-json\/wp\/v2\/pages\/16323\/revisions\/27158"}],"up":[{"embeddable":true,"href":"https:\/\/www.v6.newmessage.org\/pt\/wp-json\/wp\/v2\/pages\/15090"}],"wp:attachment":[{"href":"https:\/\/www.v6.newmessage.org\/pt\/wp-json\/wp\/v2\/media?parent=16323"}],"wp:term":[{"taxonomy":"category","embeddable":true,"href":"https:\/\/www.v6.newmessage.org\/pt\/wp-json\/wp\/v2\/categories?post=16323"},{"taxonomy":"post_tag","embeddable":true,"href":"https:\/\/www.v6.newmessage.org\/pt\/wp-json\/wp\/v2\/tags?post=16323"}],"curies":[{"name":"wp","href":"https:\/\/api.w.org\/{rel}","templated":true}]}}