{"id":16320,"date":"2014-10-25T22:28:58","date_gmt":"2014-10-25T22:28:58","guid":{"rendered":"http:\/\/www.newmessage.org\/?page_id=16320"},"modified":"2016-01-21T03:57:01","modified_gmt":"2016-01-21T03:57:01","slug":"volume-5","status":"publish","type":"page","link":"https:\/\/www.v6.newmessage.org\/pt\/a-mensagem\/volume-5","title":{"rendered":"Volume 5"},"content":{"rendered":"<p><strong><img loading=\"lazy\" decoding=\"async\" class=\"imgborder alignright  size-medium\" src=\"\/wp-content\/uploads\/2014\/10\/The-New-Message-from-God-Volume-5-214x300.png\" alt=\"\" width=\"214\" height=\"300\" \/><\/strong><\/p>\n<h3>Sobre o Volume 5<\/h3>\n<p>O Volume 5 \u00e9 o lar dos Ensinamentos de Sabedoria da Nova Mensagem de Deus.<\/p>\n<p>Desde os primeiros dias da Revela\u00e7\u00e3o at\u00e9 o momento presente, Deus revelou uma vasta riqueza de sabedoria, falando sobre quase todos os t\u00f3picos importantes, provendo orienta\u00e7\u00e3o espiritual e pr\u00e1tica para atender \u00e0s necessidades de pessoas ao redor do mundo tanto hoje como numa vasta dist\u00e2ncia no futuro. Por fim, o Volume 5 conter\u00e1 uma quantidade de Livros de Sabedoria compilados pelo Mensageiro.<\/p>\n<p>Como um recurso adicional de Sabedoria da Nova Mensagem, veja a lista de <a href=\"\/a-mensagem\/outras-revelacoes\">Outras Revela\u00e7\u00f5es<\/a>) ainda n\u00e3o compiladas em livros, e veja tamb\u00e9m o <a href=\"\/\/www.newmessage.org\/wiki\">Wiki da Nova Mensagem (em ingl\u00eas)<\/a>, uma enciclop\u00e9dia online em constante expans\u00e3o contendo cita\u00e7\u00f5es da Nova Mensagem organizadas por t\u00f3picos.<\/p>\n<div class=\"clearfix\"><\/div>\n<div class=\"the-message-books-volumes panel-30 background-tile-1 margin-bottom-20\">\n<h2 class=\"text-align-center margin-bottom-20\"><a class=\"text-color-gray-5 not-underlined\" title=\"Volume 5\" href=\"\/a-mensagem\/volume-5\">Volume 5<\/a><\/h2>\n<div class=\"one_third \" ><\/p>\n<div class=\"message-book-div\"><a class=\"message-book-link-to-post\" href=\"\/a-mensagem\/volume-5\/sabedoria-da-comunidade-maior-volume-1\" rel=\"bookmark\">Sabedoria da<br \/>\nComunidade Maior, Volume 1<\/a><\/div>\n<p><\/div>\n<div class=\"one_third \" ><\/p>\n<div class=\"message-book-div\"><a class=\"message-book-link-to-post\" href=\"sabedoria-da-comunidade-maior-volume-2\" rel=\"bookmark\">Sabedoria da<br \/>\nComunidade Maior, Volume 2<\/a><\/div>\n<p><\/div>\n<div class=\"one_third last\" ><\/p>\n<div class=\"message-book-div more\"><a class=\"message-book-link-to-post\" title=\"Mais por vir\u2026\" href=\"\/a-mensagem\/a-revelacao-continua\" rel=\"bookmark\">Mais por vir\u2026<\/a><\/div>\n<p><\/div>\n<\/div>\n","protected":false},"excerpt":{"rendered":"<p>Sobre o Volume 5 O Volume 5 \u00e9 o lar dos Ensinamentos de Sabedoria da Nova Mensagem de Deus. Desde os primeiros dias da Revela\u00e7\u00e3o at\u00e9 o momento presente, Deus revelou uma vasta riqueza de sabedoria, falando sobre quase todos os t\u00f3picos importantes, provendo orienta\u00e7\u00e3o espiritual e pr\u00e1tica para atender \u00e0s necessidades de pessoas ao\u2026 <a class=\"read-more\" href=\"https:\/\/www.v6.newmessage.org\/pt\/a-mensagem\/volume-5\"><span>Read More<\/span><\/a><\/p>\n","protected":false},"author":1,"featured_media":0,"parent":15090,"menu_order":5,"comment_status":"closed","ping_status":"closed","template":"template-leftsidebar.php","meta":{"_monsterinsights_skip_tracking":false,"_monsterinsights_sitenote_active":false,"_monsterinsights_sitenote_note":"","_monsterinsights_sitenote_category":0,"footnotes":""},"categories":[],"tags":[],"_links":{"self":[{"href":"https:\/\/www.v6.newmessage.org\/pt\/wp-json\/wp\/v2\/pages\/16320"}],"collection":[{"href":"https:\/\/www.v6.newmessage.org\/pt\/wp-json\/wp\/v2\/pages"}],"about":[{"href":"https:\/\/www.v6.newmessage.org\/pt\/wp-json\/wp\/v2\/types\/page"}],"author":[{"embeddable":true,"href":"https:\/\/www.v6.newmessage.org\/pt\/wp-json\/wp\/v2\/users\/1"}],"replies":[{"embeddable":true,"href":"https:\/\/www.v6.newmessage.org\/pt\/wp-json\/wp\/v2\/comments?post=16320"}],"version-history":[{"count":21,"href":"https:\/\/www.v6.newmessage.org\/pt\/wp-json\/wp\/v2\/pages\/16320\/revisions"}],"predecessor-version":[{"id":27156,"href":"https:\/\/www.v6.newmessage.org\/pt\/wp-json\/wp\/v2\/pages\/16320\/revisions\/27156"}],"up":[{"embeddable":true,"href":"https:\/\/www.v6.newmessage.org\/pt\/wp-json\/wp\/v2\/pages\/15090"}],"wp:attachment":[{"href":"https:\/\/www.v6.newmessage.org\/pt\/wp-json\/wp\/v2\/media?parent=16320"}],"wp:term":[{"taxonomy":"category","embeddable":true,"href":"https:\/\/www.v6.newmessage.org\/pt\/wp-json\/wp\/v2\/categories?post=16320"},{"taxonomy":"post_tag","embeddable":true,"href":"https:\/\/www.v6.newmessage.org\/pt\/wp-json\/wp\/v2\/tags?post=16320"}],"curies":[{"name":"wp","href":"https:\/\/api.w.org\/{rel}","templated":true}]}}