{"id":16316,"date":"2014-10-25T22:27:50","date_gmt":"2014-10-25T22:27:50","guid":{"rendered":"http:\/\/www.newmessage.org\/?page_id=16316"},"modified":"2016-01-21T01:07:54","modified_gmt":"2016-01-21T01:07:54","slug":"volume-4","status":"publish","type":"page","link":"https:\/\/www.v6.newmessage.org\/pt\/a-mensagem\/volume-4","title":{"rendered":"Volume 4"},"content":{"rendered":"<p><strong><img loading=\"lazy\" decoding=\"async\" class=\"alignright  size-medium\" src=\"https:\/\/www.newmessage.org\/wp-content\/uploads\/2014\/10\/The-New-Message-from-God-Volume-4-215x300.png\" alt=\"\" width=\"215\" height=\"300\" \/><\/strong><\/p>\n<h3>Sobre o Volume 4<\/h3>\n<p>O Volume 4 cont\u00e9m livros de profecia e revela\u00e7\u00f5es adicionais da Nova Mensagem de Deus.<\/p>\n<p>Ocupando lugar central nos livros deste volume est\u00e3o os dois grandes acontecimentos de nossa \u00e9poca: o emergir da humanidade em uma Comunidade Maior de vida no universo e as <a href=\"\/a-mensagem\/volume-4\/as-grandes-ondas-de-mudanca\">Grandes Ondas de mudan\u00e7a<\/a> quebrando agora pelo mundo. Estes dois acontecimentos que est\u00e3o convergindo tem o poder de redefinir o nosso mundo e afetar\u00e3o as vidas de cada homem, mulher e crian\u00e7a na Terra, tanto agora como nos tempos por vir.<\/p>\n<p>Os livros do Volume 4 s\u00e3o um presente que vem diretamente de Deus para despertar, alertar e preparar a fam\u00edlia humana para a Grande Mudan\u00e7a que est\u00e1 vindo.<\/p>\n<p>Aqui Deus est\u00e1 revelando o que a humanidade n\u00e3o consegue ver ou saber por si mesma. Somente uma Revela\u00e7\u00e3o Divina pode despertar a humanidade para os perigos de sua situa\u00e7\u00e3o atual e futura. Somente uma vis\u00e3o prof\u00e9tica pode tornar os nossos olhos para a grande promessa e potencial da fam\u00edlia humana, enquanto enfrentamos as nossas maiores provas.<\/p>\n<div class=\"clearfix\"><\/div>\n<div class=\"the-message-books-volumes panel-30 background-tile-1 margin-bottom-20\">\n<h2 class=\"text-align-center margin-bottom-20\"><a class=\"text-color-gray-5 not-underlined\" title=\"Volume 4\" href=\"\/a-mensagem\/volume-4\">Volume 4<\/a><\/h2>\n<div class=\"one_third \" ><\/p>\n<div class=\"message-book-div\"><a class=\"message-book-link-to-post\" href=\"\/a-mensagem\/volume-4\/as-grandes-ondas-de-mudanca\" rel=\"bookmark\">As Grandes Ondas de Mudan\u00e7a<\/a><\/div>\n<p><\/div>\n<div class=\"one_third \" ><\/p>\n<div class=\"message-book-div\"><a class=\"message-book-link-to-post\" href=\"\/a-mensagem\/volume-4\/a-vida-no-universo\" rel=\"bookmark\">A Vida no Universo<\/a><\/div>\n<p><\/div>\n<div class=\"one_third last\" ><\/p>\n<div class=\"message-book-div more\"><a class=\"message-book-link-to-post\" title=\"Mais por vir\u2026\" href=\"\/a-mensagem\/a-revelacao-continua\" rel=\"bookmark\">Mais por vir\u2026<\/a><\/div>\n<p><\/div>\n<\/div>\n","protected":false},"excerpt":{"rendered":"<p>Sobre o Volume 4 O Volume 4 cont\u00e9m livros de profecia e revela\u00e7\u00f5es adicionais da Nova Mensagem de Deus. Ocupando lugar central nos livros deste volume est\u00e3o os dois grandes acontecimentos de nossa \u00e9poca: o emergir da humanidade em uma Comunidade Maior de vida no universo e as Grandes Ondas de mudan\u00e7a quebrando agora pelo\u2026 <a class=\"read-more\" href=\"https:\/\/www.v6.newmessage.org\/pt\/a-mensagem\/volume-4\"><span>Read More<\/span><\/a><\/p>\n","protected":false},"author":1,"featured_media":0,"parent":15090,"menu_order":17,"comment_status":"closed","ping_status":"closed","template":"template-leftsidebar.php","meta":{"_monsterinsights_skip_tracking":false,"_monsterinsights_sitenote_active":false,"_monsterinsights_sitenote_note":"","_monsterinsights_sitenote_category":0,"footnotes":""},"categories":[],"tags":[],"_links":{"self":[{"href":"https:\/\/www.v6.newmessage.org\/pt\/wp-json\/wp\/v2\/pages\/16316"}],"collection":[{"href":"https:\/\/www.v6.newmessage.org\/pt\/wp-json\/wp\/v2\/pages"}],"about":[{"href":"https:\/\/www.v6.newmessage.org\/pt\/wp-json\/wp\/v2\/types\/page"}],"author":[{"embeddable":true,"href":"https:\/\/www.v6.newmessage.org\/pt\/wp-json\/wp\/v2\/users\/1"}],"replies":[{"embeddable":true,"href":"https:\/\/www.v6.newmessage.org\/pt\/wp-json\/wp\/v2\/comments?post=16316"}],"version-history":[{"count":28,"href":"https:\/\/www.v6.newmessage.org\/pt\/wp-json\/wp\/v2\/pages\/16316\/revisions"}],"predecessor-version":[{"id":27151,"href":"https:\/\/www.v6.newmessage.org\/pt\/wp-json\/wp\/v2\/pages\/16316\/revisions\/27151"}],"up":[{"embeddable":true,"href":"https:\/\/www.v6.newmessage.org\/pt\/wp-json\/wp\/v2\/pages\/15090"}],"wp:attachment":[{"href":"https:\/\/www.v6.newmessage.org\/pt\/wp-json\/wp\/v2\/media?parent=16316"}],"wp:term":[{"taxonomy":"category","embeddable":true,"href":"https:\/\/www.v6.newmessage.org\/pt\/wp-json\/wp\/v2\/categories?post=16316"},{"taxonomy":"post_tag","embeddable":true,"href":"https:\/\/www.v6.newmessage.org\/pt\/wp-json\/wp\/v2\/tags?post=16316"}],"curies":[{"name":"wp","href":"https:\/\/api.w.org\/{rel}","templated":true}]}}