{"id":16314,"date":"2014-10-25T22:27:22","date_gmt":"2014-10-25T22:27:22","guid":{"rendered":"http:\/\/www.newmessage.org\/?page_id=16314"},"modified":"2016-03-09T03:23:40","modified_gmt":"2016-03-09T03:23:40","slug":"volume-3","status":"publish","type":"page","link":"https:\/\/www.v6.newmessage.org\/pt\/a-mensagem\/volume-3","title":{"rendered":"Volume 3"},"content":{"rendered":"<p><strong><img loading=\"lazy\" decoding=\"async\" class=\"imgborder alignright  size-medium\" src=\"https:\/\/www.newmessage.org\/wp-content\/uploads\/2014\/10\/The-New-Message-from-God-Volume-3-215x300.png\" alt=\"\" width=\"215\" height=\"300\" \/><\/strong><\/p>\n<h3>Sobre o Volume 3<\/h3>\n<p>O Volume 3 cont\u00e9m os livros de pr\u00e1tica espiritual da Nova Mensagem de Deus. Aqui encontra-se o texto <a href=\"\/a-mensagem\/volume-3\/passos-para-o-conhecimento\">Passos para o Conhecimento<\/a>, um dos livros iniciais da Revela\u00e7\u00e3o, dado ao Mensageiro pela Fonte em 1989. Passos \u00e9 agora a funda\u00e7\u00e3o de um novo caminho de pr\u00e1tica, reden\u00e7\u00e3o e retorno dados por Deus para a humanidade neste tempo.<\/p>\n<p>Seguindo o estudo em <a href=\"\/a-mensagem\/volume-3\/passos-para-o-conhecimento\">Passos para o Conhecimento<\/a> est\u00e1 <a href=\"\/a-mensagem\/volume-3\/passos-para-o-conhecimento-treinamento-de-continuacao\">Passos para o Conhecimento: Treinamento de Continua\u00e7\u00e3o<\/a> que extende a jornada de Passos para \u00e1reas novas e importantes. Estes dois livros prov\u00eaem um caminho essencial para se viver uma vida inspirada e realizada.<\/p>\n<p>Tamb\u00e9m no Volume 3 est\u00e1 o livro <a href=\"\/a-mensagem\/volume-3\/vivendo-o-caminho-do-conhecimento\">Vivendo o Caminho do Conhecimento<\/a>, que apresenta o ensinamento dos Quatro Pilares da vida: o Pilar dos Relacionamentos, o Pilar do Trabalho, o Pilar da Sa\u00fade e o Pilar do Desenvolvimento Espiritual.<\/p>\n<p>No futuro, outros livros ser\u00e3o contidos neste volume \u00e0 medida que o Mensageiro compila e prepara a profunda riqueza de ensinamentos e textos de caminho para o mundo.<\/p>\n<div class=\"clearfix\"><\/div>\n<div class=\"the-message-books-volumes panel-30 background-tile-1 margin-bottom-20\">\n<h2 class=\"text-align-center margin-bottom-20\"><a class=\"text-color-gray-5 not-underlined\" title=\"Volume 3\" href=\"\/a-mensagem\/volume-3\">Volume 3<\/a><\/h2>\n<div class=\"one_third \" ><\/p>\n<div class=\"message-book-div\"><a class=\"message-book-link-to-post\" title=\"Passos para o Conhecimento\" href=\"\/a-mensagem\/volume-3\/passos-para-o-conhecimento\" rel=\"bookmark\">Passos para o<br \/>\nConhecimento<\/a><\/div>\n<p><\/div>\n<div class=\"one_third \" ><\/p>\n<div class=\"message-book-div\"><a class=\"message-book-link-to-post\" title=\"Passos para o Conhecimento: Treinamento de Continua\u00e7\u00e3o\" href=\"\/a-mensagem\/volume-3\/passos-para-o-conhecimento-treinamento-de-continuacao\" rel=\"bookmark\">Passos para o Conhecimento: Treinamento de Continua\u00e7\u00e3o<\/a><\/div>\n<p><\/div>\n<div class=\"one_third last\" ><\/p>\n<div class=\"message-book-div\"><a class=\"message-book-link-to-post\" title=\"Living the Way of Knowledge\" href=\"\/a-mensagem\/volume-3\/vivendo-o-caminho-do-conhecimento\" rel=\"bookmark\">Vivendo o Caminho do Conhecimento<\/a><\/div>\n<p><\/div>\n<div class=\"one_third \" ><\/p>\n<div class=\"message-book-div more\"><a class=\"message-book-link-to-post\" title=\"More to Come\u2026\" href=\"\/a-mensagem\/a-revelacao-continua\" rel=\"bookmark\">Mais por vir\u2026<\/a><\/div>\n<p><\/div>\n<\/div>\n","protected":false},"excerpt":{"rendered":"<p>Sobre o Volume 3 O Volume 3 cont\u00e9m os livros de pr\u00e1tica espiritual da Nova Mensagem de Deus. Aqui encontra-se o texto Passos para o Conhecimento, um dos livros iniciais da Revela\u00e7\u00e3o, dado ao Mensageiro pela Fonte em 1989. Passos \u00e9 agora a funda\u00e7\u00e3o de um novo caminho de pr\u00e1tica, reden\u00e7\u00e3o e retorno dados por\u2026 <a class=\"read-more\" href=\"https:\/\/www.v6.newmessage.org\/pt\/a-mensagem\/volume-3\"><span>Read More<\/span><\/a><\/p>\n","protected":false},"author":1,"featured_media":0,"parent":15090,"menu_order":1,"comment_status":"closed","ping_status":"closed","template":"template-leftsidebar.php","meta":{"_monsterinsights_skip_tracking":false,"_monsterinsights_sitenote_active":false,"_monsterinsights_sitenote_note":"","_monsterinsights_sitenote_category":0,"footnotes":""},"categories":[],"tags":[],"_links":{"self":[{"href":"https:\/\/www.v6.newmessage.org\/pt\/wp-json\/wp\/v2\/pages\/16314"}],"collection":[{"href":"https:\/\/www.v6.newmessage.org\/pt\/wp-json\/wp\/v2\/pages"}],"about":[{"href":"https:\/\/www.v6.newmessage.org\/pt\/wp-json\/wp\/v2\/types\/page"}],"author":[{"embeddable":true,"href":"https:\/\/www.v6.newmessage.org\/pt\/wp-json\/wp\/v2\/users\/1"}],"replies":[{"embeddable":true,"href":"https:\/\/www.v6.newmessage.org\/pt\/wp-json\/wp\/v2\/comments?post=16314"}],"version-history":[{"count":23,"href":"https:\/\/www.v6.newmessage.org\/pt\/wp-json\/wp\/v2\/pages\/16314\/revisions"}],"predecessor-version":[{"id":27453,"href":"https:\/\/www.v6.newmessage.org\/pt\/wp-json\/wp\/v2\/pages\/16314\/revisions\/27453"}],"up":[{"embeddable":true,"href":"https:\/\/www.v6.newmessage.org\/pt\/wp-json\/wp\/v2\/pages\/15090"}],"wp:attachment":[{"href":"https:\/\/www.v6.newmessage.org\/pt\/wp-json\/wp\/v2\/media?parent=16314"}],"wp:term":[{"taxonomy":"category","embeddable":true,"href":"https:\/\/www.v6.newmessage.org\/pt\/wp-json\/wp\/v2\/categories?post=16314"},{"taxonomy":"post_tag","embeddable":true,"href":"https:\/\/www.v6.newmessage.org\/pt\/wp-json\/wp\/v2\/tags?post=16314"}],"curies":[{"name":"wp","href":"https:\/\/api.w.org\/{rel}","templated":true}]}}