{"id":16297,"date":"2014-10-25T22:08:36","date_gmt":"2014-10-25T22:08:36","guid":{"rendered":"http:\/\/www.newmessage.org\/?page_id=16297"},"modified":"2022-11-09T20:53:40","modified_gmt":"2022-11-09T20:53:40","slug":"o-unico-deus","status":"publish","type":"page","link":"https:\/\/www.v6.newmessage.org\/pt\/a-mensagem\/volume-1\/o-unico-deus","title":{"rendered":"O \u00danico Deus"},"content":{"rendered":"<div id=\"attachment_23180\" style=\"width: 241px\" class=\"wp-caption alignright\"><img loading=\"lazy\" decoding=\"async\" aria-describedby=\"caption-attachment-23180\" class=\"\" src=\"https:\/\/www.newmessage.org\/wp-content\/uploads\/2014\/10\/the-new-god-205x300.jpg\" alt=\"\" width=\"231\" height=\"339\" \/><p id=\"caption-attachment-23180\" class=\"wp-caption-text\"><\/p>\n<p><\/p><\/div>\n<p><em>O \u00danico Deus<\/em>\u00a0\u00e9 um livro\u00a0de revela\u00e7\u00e3o que prov\u00ea um novo entendimento sobre a natureza e da realidade de Deus, e sobre o Plano e Prop\u00f3sito de Deus no mundo e na\u00a0Comunidade Maior de vida no universo. Aqui come\u00e7a o pr\u00f3ximo cap\u00edtulo na Revela\u00e7\u00e3o progressiva da Presen\u00e7a e Vontade de Deus para a humanidade.<\/p>\n<p>Atrav\u00e9s dos grandes Mensageiros e Ensinamentos do passado, esta Revela\u00e7\u00e3o cont\u00ednua fluiu ao longo do tempo, desenvolvendo o nosso entendimento do \u00danico Deus e despertando\u00a0novamente\u00a0o nosso relacionamento com a Presen\u00e7a Divina em nossas vidas. Agora\u00a0esta Revela\u00e7\u00e3o progressiva continua mais uma vez atrav\u00e9s da Nova Mensagem de Deus.<\/p>\n<p>A Palavra e o Som est\u00e3o agora no mundo. Cada cap\u00edtulo de <em>O \u00danico Deus<\/em> \u00e9 uma revela\u00e7\u00e3o dada para prover um novo ensinamento sobre a Fonte das nossas vidas e do nosso prop\u00f3sito em estarmos no mundo neste tempo. Cada cap\u00edtulo abre diante\u00a0de voc\u00ea um novo ponto de vista a partir do qual voc\u00ea pode\u00a0vislumbrar\u00a0dentro do cora\u00e7\u00e3o de Deus, indo de volta \u00e0s origens do universo e avan\u00e7ando para o Plano de Deus que est\u00e1 se desdobrando para este tempo e para os tempos a seguir.<\/p>\n<p>Cada cap\u00edtulo de <em>O \u00danico Deus<\/em> \u00e9 uma revela\u00e7\u00e3o dada pela Fonte, compilada neste\u00a0texto pelo Mensageiro Marshall Vian Summers.<\/p>\n<div class=\"background-color-bridesmaid padding-20\">\n<h2 style=\"text-align: left;\"><span style=\"color: #525252;\">\u00cdndice<\/span><\/h2>\n<span class=\"hdark\" > <em>O \u00danico Deus<\/em> est\u00e1 dispon\u00edvel para leitura <a href=\"https:\/\/www.newmessage.org\/the-message\/volume-1\/one-god\">online em ingl\u00eas<\/a> e em <a href=\"http:\/\/www.newknowledgelibrary.org\">vers\u00e3o impressa em ingl\u00eas<\/a>. Alguns cap\u00edtulos de <em>O \u00danico Deus<\/em> j\u00e1 est\u00e3o traduzidos abaixo.<\/span>\n<p>Cap\u00edtulo 1: <a href=\"\/pt\/a-mensagem\/volume-1\/o-unico-deus\/compreendendo-a-deus\">Compreendendo a Deus<\/a><\/p>\n<p>Cap\u00edtulo 2: <a href=\"\/pt\/a-mensagem\/volume-1\/o-unico-deus\/a-revelacao-sobre-o-novo-deus\">A revela\u00e7\u00e3o sobre o novo Deus<\/a><\/p>\n<p>Cap\u00edtulo 3: <a href=\"\/pt\/a-mensagem\/volume-1\/o-unico-deus\/a-origem\">A Origem<\/a><\/p>\n<p>Cap\u00edtulo 4: <a href=\"\/pt\/a-mensagem\/volume-1\/o-unico-deus\/a-separacao\">A Separa\u00e7\u00e3o<\/a><\/p>\n<p>Cap\u00edtulo 5: <a href=\"\/pt\/a-mensagem\/volume-1\/o-unico-deus\/o-que-e-criacao\">O que \u00e9 a Cria\u00e7\u00e3o?<\/a><\/p>\n<p>Cap\u00edtulo 6: A Alma<\/p>\n<p>Cap\u00edtulo 7: O que cria o Mal?<\/p>\n<p>Cap\u00edtulo 8: A Reden\u00e7\u00e3o<\/p>\n<p>Cap\u00edtulo 9: Deus, o Conhecimento e a Presen\u00e7a Ang\u00e9lica<\/p>\n<p>Cap\u00edtulo 10: <a href=\"\/pt\/a-mensagem\/volume-1\/o-unico-deus\/como-deus-fala-para-o-mundo\">Como Deus fala ao mundo<\/a><\/p>\n<p>Cap\u00edtulo 11: <a href=\"\/pt\/a-mensagem\/volume-1\/o-unico-deus\/o-plano-de-deus-e-salvar-a-todos\">O Plano de Deus \u00e9 salvar a todos<\/a><\/p>\n<p>Cap\u00edtulo 12: O Cora\u00e7\u00e3o de Deus<\/p>\n<\/div>\n","protected":false},"excerpt":{"rendered":"<p>O \u00danico Deus\u00a0\u00e9 um livro\u00a0de revela\u00e7\u00e3o que prov\u00ea um novo entendimento sobre a natureza e da realidade de Deus, e sobre o Plano e Prop\u00f3sito de Deus no mundo e na\u00a0Comunidade Maior de vida no universo. Aqui come\u00e7a o pr\u00f3ximo cap\u00edtulo na Revela\u00e7\u00e3o progressiva da Presen\u00e7a e Vontade de Deus para a humanidade. Atrav\u00e9s dos\u2026 <a class=\"read-more\" href=\"https:\/\/www.v6.newmessage.org\/pt\/a-mensagem\/volume-1\/o-unico-deus\"><span>Read More<\/span><\/a><\/p>\n","protected":false},"author":1,"featured_media":0,"parent":16287,"menu_order":2,"comment_status":"closed","ping_status":"closed","template":"template-leftsidebar.php","meta":{"_monsterinsights_skip_tracking":false,"_monsterinsights_sitenote_active":false,"_monsterinsights_sitenote_note":"","_monsterinsights_sitenote_category":0,"footnotes":""},"categories":[],"tags":[],"_links":{"self":[{"href":"https:\/\/www.v6.newmessage.org\/pt\/wp-json\/wp\/v2\/pages\/16297"}],"collection":[{"href":"https:\/\/www.v6.newmessage.org\/pt\/wp-json\/wp\/v2\/pages"}],"about":[{"href":"https:\/\/www.v6.newmessage.org\/pt\/wp-json\/wp\/v2\/types\/page"}],"author":[{"embeddable":true,"href":"https:\/\/www.v6.newmessage.org\/pt\/wp-json\/wp\/v2\/users\/1"}],"replies":[{"embeddable":true,"href":"https:\/\/www.v6.newmessage.org\/pt\/wp-json\/wp\/v2\/comments?post=16297"}],"version-history":[{"count":79,"href":"https:\/\/www.v6.newmessage.org\/pt\/wp-json\/wp\/v2\/pages\/16297\/revisions"}],"predecessor-version":[{"id":27941,"href":"https:\/\/www.v6.newmessage.org\/pt\/wp-json\/wp\/v2\/pages\/16297\/revisions\/27941"}],"up":[{"embeddable":true,"href":"https:\/\/www.v6.newmessage.org\/pt\/wp-json\/wp\/v2\/pages\/16287"}],"wp:attachment":[{"href":"https:\/\/www.v6.newmessage.org\/pt\/wp-json\/wp\/v2\/media?parent=16297"}],"wp:term":[{"taxonomy":"category","embeddable":true,"href":"https:\/\/www.v6.newmessage.org\/pt\/wp-json\/wp\/v2\/categories?post=16297"},{"taxonomy":"post_tag","embeddable":true,"href":"https:\/\/www.v6.newmessage.org\/pt\/wp-json\/wp\/v2\/tags?post=16297"}],"curies":[{"name":"wp","href":"https:\/\/api.w.org\/{rel}","templated":true}]}}