{"id":16287,"date":"2014-10-25T01:14:16","date_gmt":"2014-10-25T01:14:16","guid":{"rendered":"http:\/\/www.newmessage.org\/?page_id=16287"},"modified":"2019-07-05T03:30:37","modified_gmt":"2019-07-05T03:30:37","slug":"volume-1","status":"publish","type":"page","link":"https:\/\/www.v6.newmessage.org\/pt\/a-mensagem\/volume-1","title":{"rendered":"Volume 1"},"content":{"rendered":"<h3><strong>Sobre o Volume 1<\/strong><\/h3>\n<p><img loading=\"lazy\" decoding=\"async\" class=\"imgborder alignright  size-medium\" src=\"https:\/\/www.newmessage.org\/wp-content\/uploads\/2014\/10\/The-New-Message-from-God-Volume-1-214x300.png\" alt=\"\" width=\"214\" height=\"300\" \/><\/p>\n<p>O Volume 1 da Nova Mensagem de Deus cont\u00e9m a Revela\u00e7\u00e3o essencial de Deus para o mundo neste tempo. Aqui se inicia uma nova comunica\u00e7\u00e3o vinda do cora\u00e7\u00e3o de Deus para o mundo da humanidade. Nos sete livros do Volume 1, Deus proclama a Nova Revela\u00e7\u00e3o de Deus para o mundo e a grande necessidade para a Revela\u00e7\u00e3o de Deus neste tempo e nos tempos por vir.<\/p>\n<p>Os livros do Volume 1 revelam a maior realidade da vida, do mundo e da Comunidade Maior de vida no universo. Esta maior realidade est\u00e1 sendo revelada no mundo pela primeira vez na hist\u00f3ria humana. O Volume 1 nos alerta sobre os grandes perigos e as necessidades urgentes enfrentando o mundo agora e no futuro. Com isto, ela chama cada um de n\u00f3s a reivindicar e expressar o poder espiritual n\u00e3o descoberto que vive no cora\u00e7\u00e3o da humanidade.<\/p>\n<p>O Volume 1 primeiramente apresenta <em><a href=\"\/a-mensagem\/volume-1\/deus-falou-novamente\">Deus falou novamente<\/a><\/em>, que abre a porta \u00e0 Nova Mensagem de Deus para todas as pessoas no mundo. A seguir, o Volume 1 apresenta os livros de <em><a title=\"O \u00danico Deus\" href=\"\/a-mensagem\/volume-1\/o-unico-deus\">O \u00danico Deus<\/a><\/em> e\u00a0<em><a title=\"O Novo Mensageiro\" href=\"\/a-mensagem\/volume-1\/o-novo-mensageiro\">O Novo Mensageiro<\/a><\/em>, prosseguindo em revelar a natureza de Deus, do Plano de Deus para terminar a Separa\u00e7\u00e3o e da presen\u00e7a da Assembleia Ang\u00e9lica e de seus Mensageiros. O Volume 1 ent\u00e3o apresenta os livros \u00a0<a title=\"A Nova Vida\" href=\"\/a-mensagem\/volume-1\/a-nova-vida\"><em>A Nova Vida<\/em><\/a>,\u00a0<em><a title=\"O Novo Mundo\" href=\"\/a-mensagem\/volume-1\/o-novo-mundo\">O Novo Mundo<\/a><\/em> e\u00a0<em><a title=\"A Comunidade Maior\" href=\"\/a-mensagem\/volume-1\/a-comunidade-maior\">A Comunidade Maior<\/a><\/em>, que abre diante de n\u00f3s uma nova realidade de vida em nosso mundo e sobre o nosso destino no universo al\u00e9m. O Volume 1 termina com o livro <em><a href=\"https:\/\/www.newmessage.org\/the-message\/volume-1\/pure-religion\">A Religi\u00e3o Pura<\/a><\/em>, que chama cada pessoa \u00e0 presen\u00e7a viva de Deus em suas vidas.<\/p>\n<p>Os livros do Volume 1 cont\u00e9m as Revela\u00e7\u00f5es originais faladas recebidas pelo Mensageiro Marshall Vian Summers. O Mensageiro foi dirigido pela Fonte da Nova Mensagem para reunir as revela\u00e7\u00f5es da Nova Mensagem nos livros sagrados do Volume 1 da Nova Mensagem de Deus.<\/p>\n<div class=\"clearfix\"><\/div>\n<div class=\"the-message-books-volumes background-tile-1\">\n<h2 class=\"text-align-center margin-bottom-20\"><a class=\"text-color-gray-5 not-underlined\" title=\"Volume 1\" href=\"\/a-mensagem\/volume-1\">Volume 1<\/a><\/h2>\n<div class=\"one_third \" ><\/p>\n<div class=\"message-book-div\"><a class=\"message-book-link-to-post\" title=\"Deus falou novamente\" href=\"\/a-mensagem\/volume-1\/deus-falou-novamente\" rel=\"bookmark\">Deus falou<br \/>\nnovamente<\/a><\/div>\n<p><\/div>\n<div class=\"one_third \" ><\/p>\n<div class=\"message-book-div\"><a class=\"message-book-link-to-post\" title=\"O \u00danico Deus\" href=\"\/a-mensagem\/volume-1\/o-unico-deus\" rel=\"bookmark\">O \u00danico Deus<\/a><\/div>\n<p><\/div>\n<div class=\"one_third last\" ><\/p>\n<div class=\"message-book-div\"><a class=\"message-book-link-to-post\" title=\"O Novo Mensageiro\" href=\"\/a-mensagem\/volume-1\/o-novo-mensageiro\" rel=\"bookmark\">O Novo Mensageiro<\/a><\/div>\n<p><\/div>\n<div class=\"clearfix\"><\/div>\n<div class=\"one_third \" ><\/p>\n<div class=\"message-book-div\"><a class=\"message-book-link-to-post\" title=\"A Comunidade Maior\" href=\"\/a-mensagem\/volume-1\/a-comunidade-maior\" rel=\"bookmark\">A Comunidade<br \/>\nMaior<\/a><\/div>\n<p><\/div>\n<div class=\"one_third \" ><\/p>\n<div class=\"message-book-div\"><a class=\"message-book-link-to-post\" title=\"O poder do Conhecimento\" href=\"\/a-mensagem\/volume-1\/o-poder-do-conhecimento\" rel=\"bookmark\">O poder do Conhecimento<\/a><\/div>\n<p><\/div>\n<div class=\"one_third last\" ><\/p>\n<div class=\"message-book-div\"><a class=\"message-book-link-to-post\" title=\"A Nova Vida\" href=\"\/a-mensagem\/volume-1\/a-nova-vida\" rel=\"bookmark\">A Nova Vida<\/a><\/div>\n<p><\/div>\n<div class=\"clearfix\"><\/div>\n<div class=\"one_third \" ><\/p>\n<div class=\"message-book-div\"><a class=\"message-book-link-to-post\" title=\"O Novo Mundo\" href=\"\/a-mensagem\/volume-1\/o-novo-mundo\" rel=\"bookmark\">O Novo Mundo<\/a><\/div>\n<p><\/div>\n<div class=\"one_third \" ><\/p>\n<div class=\"message-book-div\"><a class=\"message-book-link-to-post\" title=\"A Religi\u00e3o Pura\" href=\"\/a-mensagem\/volume-1\/a-religiao-pura\" rel=\"bookmark\">A Religi\u00e3o Pura<\/a><\/div>\n<p><\/div>\n<div class=\"one_third last\" ><\/p>\n<div class=\"message-book-div more\"><a class=\"message-book-link-to-post\" title=\"Mais por vir\u2026\" href=\"\/a-mensagem\/a-revelacao-continua\" rel=\"bookmark\">Mais por vir\u2026<\/a><\/div>\n<p><\/div>\n<\/div>\n","protected":false},"excerpt":{"rendered":"<p>Sobre o Volume 1 O Volume 1 da Nova Mensagem de Deus cont\u00e9m a Revela\u00e7\u00e3o essencial de Deus para o mundo neste tempo. Aqui se inicia uma nova comunica\u00e7\u00e3o vinda do cora\u00e7\u00e3o de Deus para o mundo da humanidade. Nos sete livros do Volume 1, Deus proclama a Nova Revela\u00e7\u00e3o de Deus para o mundo\u2026 <a class=\"read-more\" href=\"https:\/\/www.v6.newmessage.org\/pt\/a-mensagem\/volume-1\"><span>Read More<\/span><\/a><\/p>\n","protected":false},"author":1,"featured_media":0,"parent":15090,"menu_order":16,"comment_status":"closed","ping_status":"closed","template":"template-leftsidebar.php","meta":{"_monsterinsights_skip_tracking":false,"_monsterinsights_sitenote_active":false,"_monsterinsights_sitenote_note":"","_monsterinsights_sitenote_category":0,"footnotes":""},"categories":[],"tags":[],"_links":{"self":[{"href":"https:\/\/www.v6.newmessage.org\/pt\/wp-json\/wp\/v2\/pages\/16287"}],"collection":[{"href":"https:\/\/www.v6.newmessage.org\/pt\/wp-json\/wp\/v2\/pages"}],"about":[{"href":"https:\/\/www.v6.newmessage.org\/pt\/wp-json\/wp\/v2\/types\/page"}],"author":[{"embeddable":true,"href":"https:\/\/www.v6.newmessage.org\/pt\/wp-json\/wp\/v2\/users\/1"}],"replies":[{"embeddable":true,"href":"https:\/\/www.v6.newmessage.org\/pt\/wp-json\/wp\/v2\/comments?post=16287"}],"version-history":[{"count":61,"href":"https:\/\/www.v6.newmessage.org\/pt\/wp-json\/wp\/v2\/pages\/16287\/revisions"}],"predecessor-version":[{"id":27845,"href":"https:\/\/www.v6.newmessage.org\/pt\/wp-json\/wp\/v2\/pages\/16287\/revisions\/27845"}],"up":[{"embeddable":true,"href":"https:\/\/www.v6.newmessage.org\/pt\/wp-json\/wp\/v2\/pages\/15090"}],"wp:attachment":[{"href":"https:\/\/www.v6.newmessage.org\/pt\/wp-json\/wp\/v2\/media?parent=16287"}],"wp:term":[{"taxonomy":"category","embeddable":true,"href":"https:\/\/www.v6.newmessage.org\/pt\/wp-json\/wp\/v2\/categories?post=16287"},{"taxonomy":"post_tag","embeddable":true,"href":"https:\/\/www.v6.newmessage.org\/pt\/wp-json\/wp\/v2\/tags?post=16287"}],"curies":[{"name":"wp","href":"https:\/\/api.w.org\/{rel}","templated":true}]}}