{"id":15128,"date":"2014-09-01T03:04:30","date_gmt":"2014-09-01T03:04:30","guid":{"rendered":"http:\/\/www.newmessage.org\/?page_id=15128"},"modified":"2015-12-21T00:19:34","modified_gmt":"2015-12-21T00:19:34","slug":"espiritualidade-da-comunidade-maior-introducao","status":"publish","type":"page","link":"https:\/\/www.v6.newmessage.org\/pt\/a-mensagem\/volume-2\/espiritualidade-da-comunidade-maior\/espiritualidade-da-comunidade-maior-introducao","title":{"rendered":"Introdu\u00e7\u00e3o"},"content":{"rendered":"\n<div class=\"tabgroup \"><ul class=\"tabs\"><li><a href=\"#tabs-1\">Sobre<\/a><\/li>\n<li><a href=\"#tabs-2\">Mais<\/a><\/li><\/ul>\n <div id=\"tabs-1\"><\/p>\n<p><em>Assim como revelado a<br \/>\nMarshall Vian Summers<br \/>\nem 17 de agosto de 1993<br \/>\nem Boulder, Colorado, EUA.<\/em><\/p>\n<p><\/div>\n<div id=\"tabs-2\"><\/p>\n<div class=\"panel-10 text-align-center\"><img decoding=\"async\" class=\"aligncenter size-full \" src=\"\/barebone-top-menu-only\/wp-content\/uploads\/sites\/36\/2014\/07\/GCS-PT-Cover-e1450656101338.jpg\" alt=\"Greater Community Spirituality\" \/><\/div>\n<p><\/div>\n\t\t\t\t<div align=\"right\">\n\t\t\t<div class=\"fb-like\" data-href=\"\" data-layout=\"button_count\" data-action=\"like\" data-show-faces=\"false\" data-share=\"false\"><\/div>\n\t\t\t<div class=\"fb-share-button\" data-layout=\"button_count\"> <\/div>\n\t\t\t<div class=\"fb_iframe_widget\"><a href=\"https:\/\/twitter.com\/godsnewmessage?ref_src=twsrc%5Etfw\" class=\"twitter-follow-button\" data-show-count=\"false\">Follow @godsnewmessage<\/a><script async src=\"https:\/\/platform.twitter.com\/widgets.js\" charset=\"utf-8\"><\/script><\/div>\n\t\t\t<\/div> <\/div> \n\n<p>Na Comunidade Maior de Mundos, a ideia de Deus \u00e9 apresentada de modo diferente do que ela \u00e9 neste mundo. Na Comunidade Maior, a ideia de Deus deve ser traduz\u00edvel duma sociedade para a outra, onde os costumes e rituais, as ideias e as \u00e1reas de aplica\u00e7\u00e3o espec\u00edfica s\u00e3o \u00fanicas segundo a consci\u00eancia espiritual e as pr\u00e1ticas devocionais de cada mundo. Tudo o que pode ser traduzido \u00e9 a experi\u00eancia pura do Conhecimento \u2013 a experi\u00eancia da Mente Universal, de consci\u00eancia profunda e relacionamento total. Esta \u00e9 a experi\u00eancia que ser\u00e1 apresentada neste livro \u2013 uma experi\u00eancia de espiritualidade traduz\u00edvel que \u00e9 compartilhada entre a vida inteligente por toda parte. Sua aplica\u00e7\u00e3o \u00e9 universal. A sua experi\u00eancia \u00e9 universal. A sua comunica\u00e7\u00e3o \u00e9 universal. O rumo que ela fixa para os seres sencientes em todo lugar \u00e9 universal.<\/p>\n<p>A Espiritualidade da Comunidade Maior abarca um panorama maior da vida e inclui tudo o que foi criado aqui e al\u00e9m, em todas as dimens\u00f5es, em todos os contextos. Ela \u00e9 t\u00e3o completa que voc\u00ea n\u00e3o pode sondar seu Mist\u00e9rio, esgotar sua Sabedoria ou penetrar seu Conhecimento. Mas voc\u00ea pode ser o recipiente destas coisas, e voc\u00ea pode traduz\u00ed-las em sua experi\u00eancia e aplic\u00e1-las a\u00ed com grandes benef\u00edcios para si e para os outros.<\/p>\n<p>O mundo est\u00e1 agora emergindo numa Comunidade Maior de Mundos. Portanto, \u00e9 preciso apresentar a Espiritualidade da Comunidade Maior aqui para tornar a humanidade capaz de se preparar mentalmente, emocionalmente e espiritualmente para a grande mudan\u00e7a que est\u00e1 vindo e para as grandes oportunidades que esta mudan\u00e7a representa. Para aprender sobre a Comunidade Maior, voc\u00ea precisa aprender sobre a realidade dela. Isto, ent\u00e3o, \u00e9 uma b\u00ean\u00e7\u00e3o: que voc\u00ea receba uma Realidade Maior, uma Religi\u00e3o Maior e um Deus Maior.<\/p>\n","protected":false},"excerpt":{"rendered":"<p>Na Comunidade Maior de Mundos, a ideia de Deus \u00e9 apresentada de modo diferente do que ela \u00e9 neste mundo. Na Comunidade Maior, a ideia de Deus deve ser traduz\u00edvel duma sociedade para a outra, onde os costumes e rituais, as ideias e as \u00e1reas de aplica\u00e7\u00e3o espec\u00edfica s\u00e3o \u00fanicas segundo a consci\u00eancia espiritual e\u2026 <a class=\"read-more\" href=\"https:\/\/www.v6.newmessage.org\/pt\/a-mensagem\/volume-2\/espiritualidade-da-comunidade-maior\/espiritualidade-da-comunidade-maior-introducao\"><span>Read More<\/span><\/a><\/p>\n","protected":false},"author":1,"featured_media":0,"parent":13081,"menu_order":5,"comment_status":"closed","ping_status":"closed","template":"template-leftsidebar.php","meta":{"_monsterinsights_skip_tracking":false,"_monsterinsights_sitenote_active":false,"_monsterinsights_sitenote_note":"","_monsterinsights_sitenote_category":0,"footnotes":""},"categories":[468,77,467],"tags":[],"_links":{"self":[{"href":"https:\/\/www.v6.newmessage.org\/pt\/wp-json\/wp\/v2\/pages\/15128"}],"collection":[{"href":"https:\/\/www.v6.newmessage.org\/pt\/wp-json\/wp\/v2\/pages"}],"about":[{"href":"https:\/\/www.v6.newmessage.org\/pt\/wp-json\/wp\/v2\/types\/page"}],"author":[{"embeddable":true,"href":"https:\/\/www.v6.newmessage.org\/pt\/wp-json\/wp\/v2\/users\/1"}],"replies":[{"embeddable":true,"href":"https:\/\/www.v6.newmessage.org\/pt\/wp-json\/wp\/v2\/comments?post=15128"}],"version-history":[{"count":17,"href":"https:\/\/www.v6.newmessage.org\/pt\/wp-json\/wp\/v2\/pages\/15128\/revisions"}],"predecessor-version":[{"id":26907,"href":"https:\/\/www.v6.newmessage.org\/pt\/wp-json\/wp\/v2\/pages\/15128\/revisions\/26907"}],"up":[{"embeddable":true,"href":"https:\/\/www.v6.newmessage.org\/pt\/wp-json\/wp\/v2\/pages\/13081"}],"wp:attachment":[{"href":"https:\/\/www.v6.newmessage.org\/pt\/wp-json\/wp\/v2\/media?parent=15128"}],"wp:term":[{"taxonomy":"category","embeddable":true,"href":"https:\/\/www.v6.newmessage.org\/pt\/wp-json\/wp\/v2\/categories?post=15128"},{"taxonomy":"post_tag","embeddable":true,"href":"https:\/\/www.v6.newmessage.org\/pt\/wp-json\/wp\/v2\/tags?post=15128"}],"curies":[{"name":"wp","href":"https:\/\/api.w.org\/{rel}","templated":true}]}}