{"id":14018,"date":"2014-08-14T01:22:57","date_gmt":"2014-08-14T01:22:57","guid":{"rendered":"http:\/\/www.newmessage.org\/?page_id=14018"},"modified":"2015-12-30T17:29:42","modified_gmt":"2015-12-30T17:29:42","slug":"entrevista-com-o-mensageiro","status":"publish","type":"page","link":"https:\/\/www.v6.newmessage.org\/pt\/o-mensageiro-de-deus\/entrevista-com-o-mensageiro","title":{"rendered":"Uma entrevista com o Mensageiro"},"content":{"rendered":"<p><strong>De onde veio a Nova Mensagem?<\/strong><br \/>\n\u201cEla foi revelada a mim pelos Anjos de Deus, uma poderosa, misteriosa Presen\u00e7a que preencheu a minha mente e o ambiente ao redor com gra\u00e7a\u201d.<\/p>\n<p><strong>Voc\u00ea afirma representar uma Nova Mensagem de Deus. Como voc\u00ea pode fazer tal afirma\u00e7\u00e3o?<\/strong><br \/>\n\u201cA Nova Mensagem foi dada a mim pelos Anjos do Criador. Ela \u00e9 uma Nova Revela\u00e7\u00e3o para a humanidade. Eu fui instru\u00eddo a fazer esta afirma\u00e7\u00e3o.\u201d<\/p>\n<p><strong>Por qual autoridade voc\u00ea afirma apresentar uma nova alian\u00e7a, um novo testamento?<\/strong><br \/>\n\u201cFoi-me dada esta tarefa e eu, atrav\u00e9s do Conhecimento dentro de mim, a tenho reconhecido e a aceitei. Contudo a responsabilidade de trazer este novo testamento ao mundo tem sido imensa. Tem sido um grande fardo para mim.\u201d<\/p>\n<p><strong>No que esta Nova Mensagem difere de outros ensinamentos?<\/strong><br \/>\n\u201cEla \u00e9 diferente porque ela \u00e9 sobre a realidade de vida e espiritualidade na Comunidade Maior (universo) e porque ela representa Conhecimento e Sabedoria al\u00e9m do que a humanidade estabeleceu at\u00e9 agora.\u201d<\/p>\n<p><strong>Isto tem a inten\u00e7\u00e3o de substituir as religi\u00f5es do mundo?<\/strong><br \/>\n\u201cN\u00e3o, a Nova Mensagem \u00e9 destinada a dar \u00e0s tradi\u00e7\u00f5es espirituais do mundo um escopo maior, uma perspectiva maior e um contexto maior no qual continuar a existir, a crescer e a evoluir.\u201d<\/p>\n<p><strong>O que voc\u00ea quer dizer com Comunidade Maior?<\/strong><br \/>\n\u201cEsta \u00e9 a arena maior de vida inteligente no universo na qual a humanidade est\u00e1 emergindo agora.\u201d<\/p>\n<p><strong>Como voc\u00ea se qualificou para ser o \u00fanico selecionado para apresentar isto?<\/strong><br \/>\n\u201cEu fui selecionado e depois fui preparado\u201d.<\/p>\n<p><strong>Voc\u00ea \u00e9 o \u00fanico que tem recebido esta Nova Mensagem?<\/strong><br \/>\n\u201cEmbora muitas pessoas est\u00e3o sendo chamadas para me ajudar, eu sou o \u00fanico.\u201d<\/p>\n<p><strong>Como \u00e9 estar em contato com os Anjos do Criador?<\/strong><br \/>\n\u201c\u00c9 diferente de qualquer outra coisa no mundo. Palavras n\u00e3o podem o descrever.\u201d<\/p>\n<p><strong>Voc\u00ea \u00e9 uma pessoa perfeita?<\/strong><br \/>\n\u201cEu sou imperfeito, contudo aquilo que eu represento \u00e9 perfeito. \u00c9 al\u00e9m de inven\u00e7\u00e3o e manipula\u00e7\u00e3o humanas. \u00c9 um presente do Criador para uma humanidade em dificuldades.\u201d<\/p>\n<p><strong>Quem \u00e9 voc\u00ea para dizer isto? Voc\u00ea \u00e9 somente um homem? Voc\u00ea acha que \u00e9 um Deus?<\/strong><br \/>\n\u201cN\u00e3o, eu n\u00e3o sou um Deus. Eu sou um homem que foi escolhido para fazer isto, e tem sido muito dif\u00edcil para mim. E porque eu tenho que lidar com tanta incredulidade, desconfian\u00e7a e nega\u00e7\u00e3o de outros, ainda \u00e9 dif\u00edcil para mim. Mas eu tenho que apresentar a Nova Mensagem de Deus porque eu sei que ela \u00e9 verdadeira. Eu a vi. Ela tem sido mostrada para mim.\u201d<\/p>\n<p><strong>Quem est\u00e1 mostrando ela a voc\u00ea? Voc\u00ea est\u00e1 sendo enganado?<\/strong><br \/>\n\u201cN\u00e3o. Uma vez que voc\u00ea tenha experimentado a presen\u00e7a de Deus e os Anjos de Deus, bem, n\u00e3o existe d\u00favida.\u201d<\/p>\n<p><strong>Bem, voc\u00ea acredita em Jesus Cristo?<\/strong><br \/>\n\u201cBem, estou representando a vontade dele neste assunto, porque ele est\u00e1 supervisionando a prepara\u00e7\u00e3o da humanidade para a Comunidade Maior junto com os outros grandes emiss\u00e1rios espirituais para a humanidade.\u201d<\/p>\n<p><strong>O que voc\u00ea diz para as pessoas que n\u00e3o acreditam em voc\u00ea?<\/strong><br \/>\n\u201cBem, voc\u00ea pode duvidar de mim ou se opor a mim, mas esta n\u00e3o \u00e9 a quest\u00e3o real porque eu s\u00f3 estou entregando a Nova Mensagem. Voc\u00ea tem que lidar com a Nova Mensagem. Se voc\u00ea n\u00e3o quiser lidar com a Nova Mensagem, ou se voc\u00ea est\u00e1 com medo da Nova Mensagem, ou se voc\u00ea n\u00e3o a pode suportar, bem, voc\u00ea vai virar toda a sua aten\u00e7\u00e3o para o mensageiro. Mas n\u00e3o \u00e9 isso. Eu sou um ser humano. Eu sou fal\u00edvel. Voc\u00ea pode achar falhas em mim se voc\u00ea quiser. Mas isto ainda significa que voc\u00ea n\u00e3o consegue lidar com a Nova Mensagem.\u201d<\/p>\n<p><strong>O que a Nova Mensagem nos diz que j\u00e1 n\u00e3o tenhamos ouvido de nossos Grandes Ensinadores no passado?<\/strong><br \/>\n\u201cA Nova Mensagem de Deus nos diz que n\u00f3s estamos emergindo em uma Comunidade Maior de vida inteligente no universo, que o mundo est\u00e1 sendo infiltrado por for\u00e7as de fora que se op\u00f5em \u00e0 liberdade humana, e que n\u00f3s estamos enfrentando Grandes Ondas de mudan\u00e7a ambiental e econ\u00f4mica no mundo que v\u00e3o criar um futuro que n\u00e3o parecer\u00e1 com o passado. S\u00e3o estes tr\u00eas grandes eventos para os quais as pessoas e as na\u00e7\u00f5es est\u00e3o despreparadas, e \u00e9 por isto que existe uma Nova Mensagem de Deus no mundo.\u201d<\/p>\n<p><strong>Voc\u00ea fala sobre Extraterrestres que est\u00e3o atualmente visitando nosso mundo. Eles est\u00e3o aqui para nos ajudar com nossos problemas?<\/strong><br \/>\n\u201cEles podem parecer nos ajudar, mas somente para ganhar nossa fidelidade.\u201d<\/p>\n<p><strong>Bem, existem alguns dos ETs que sejam bons para n\u00f3s?<\/strong><br \/>\n\u201cSim, mas aqueles n\u00e3o s\u00e3o os que est\u00e3o interferindo nos assuntos humanos.\u201d <\/p>\n<p><strong>Por que a sua mensagem est\u00e1 sendo apresentada agora?<\/strong><br \/>\n\u201cUma Escurid\u00e3o Maior est\u00e1 no mundo. Ela n\u00e3o parece com qualquer coisa que a humanidade j\u00e1 enfrentou antes. O Contato j\u00e1 come\u00e7ou, mas \u00e9 Contato com um prop\u00f3sito sombrio. Al\u00e9m disso, n\u00f3s estamos enfrentando ondas convergentes de grande mudan\u00e7a \u2013 mudan\u00e7a de clima, deteriora\u00e7\u00e3o ambiental, recursos alimentares e energ\u00e9ticos em diminui\u00e7\u00e3o, e a crescente amea\u00e7a de conflito e guerra.<\/p>\n<p>A minha mensagem veio dos Anjos do Criador que est\u00e3o urgentemente tentando habilitar a humanidade a reconhecer isto e a se preparar para encontrar estas novas realidades com sabedoria e sobriedade. Estes s\u00e3o os maiores eventos na hist\u00f3ria humana, mas a humanidade est\u00e1 despreparada.\u201d<\/p>\n<p><strong>Sobre o que a Nova Mensagem fala?<\/strong><br \/>\n\u201cEla fala sobre a natureza mais profunda da espiritualidade humana e da espiritualidade da vida no universo. Ela fala sobre a liberdade individual e sobre salvaguardar a liberdade da humanidade. Ela fala sobre a humanidade se unir em sua pr\u00f3pria defesa para a preserva\u00e7\u00e3o do mundo. Ela fala sobre enfrentar e neutralizar a Escurid\u00e3o Maior que est\u00e1 no mundo.\u201d<\/p>\n<p><strong>Por que voc\u00ea chama isto de Escurid\u00e3o Maior?<\/strong><br \/>\n\u201cPorque ela \u00e9 diferente e mais perigosa do que qualquer coisa que a humanidade j\u00e1 encontrou antes. N\u00e3o estamos mais sozinhos no Universo ou mesmo dentro de nosso pr\u00f3prio mundo. Agora nosso isolamento acabou.\u201d<\/p>\n<p><strong>Qual \u00e9 a Vontade de Deus para a humanidade?<\/strong><br \/>\n\u201cO Criador quer que a humanidade esteja preparada para as Grandes Ondas de mudan\u00e7a e para o seu encontro com as realidades da vida no universo. O Criador enviou um alerta, uma b\u00ean\u00e7\u00e3o e uma prepara\u00e7\u00e3o. Juntos eles representam uma Nova Revela\u00e7\u00e3o para a humanidade.\u201d<\/p>\n<p><strong>No que esta \u00e9 diferente de outros ensinamentos?<\/strong><br \/>\n\u201cEla \u00e9 diferente porque ela \u00e9 o ensinamento da Espiritualidade da Comunidade Maior que representa a Vontade de Deus trabalhando no universo maior no qual n\u00f3s vivemos. \u00c9 um presente raro que veio bem na hora certa.\u201d<\/p>\n<p><strong>Quanto tempo leva para aprender este ensinamento?<\/strong><br \/>\n\u201cBem, depende do que uma pessoa aprendeu at\u00e9 agora, e o quanto precisa ser desaprendido.\u201d<\/p>\n<p><strong>Voc\u00ea se considera ser um avatar, ou um santo ou um salvador?<\/strong><br \/>\n\u201cN\u00e3o. Eu estou aqui para trazer uma Nova Mensagem ao mundo. Nada mais, nada menos.\u201d<\/p>\n<p><strong>Como voc\u00ea se preparou para fazer isto?<\/strong><br \/>\n\u201cEu fui preparado atrav\u00e9s de meios grandes e misteriosos.\u201d<\/p>\n<p><strong>Todo mundo tem que escutar a sua mensagem? Ela \u00e9 para todo mundo?<\/strong><br \/>\n\u201cSim, ela \u00e9 para todo mundo, mas somente alguns poucos no in\u00edcio ser\u00e3o capazes de reconhecer o real significado deste presente do Criador e porque ele \u00e9 t\u00e3o necess\u00e1rio no mundo neste tempo. Este \u00e9 um grande chamado!\u201d<\/p>\n<p><strong>Esta \u00e9 a \u00fanica maneira que as pessoas podem se preparar para as coisas das quais voc\u00ea fala?<\/strong><br \/>\n\u201cEste \u00e9 o Caminho que o Criador providenciou.\u201d<\/p>\n<p><strong>Por que n\u00f3s devemos estar preparados para a Comunidade Maior?<\/strong><br \/>\n\u201cPorque for\u00e7as extraterrestres da Comunidade Maior est\u00e3o no mundo hoje buscando ganhar influ\u00eancia e controle aqui atrav\u00e9s de subvers\u00e3o e engano. Enfrentando um mundo em decl\u00ednio, a fam\u00edlia humana est\u00e1 vulner\u00e1vel a esta persuas\u00e3o. A humanidade tem que reconhecer e neutralizar esta Interven\u00e7\u00e3o se for para ela manter a sua liberdade e a sua auto-determina\u00e7\u00e3o no meio da presen\u00e7a de grandes for\u00e7as de interven\u00e7\u00e3o.\u201d<\/p>\n<p><strong>Bem, isto parece muito assustador.<\/strong><br \/>\n\u201cN\u00e3o, n\u00e3o \u00e9 assustador. \u00c9 simplesmente a verdade. Se voc\u00ea tomar um tempo para examinar isto sem medo ou prefer\u00eancia, a situa\u00e7\u00e3o ficar\u00e1 clara para voc\u00ea.\u201d<\/p>\n<p><strong>Bem, isto deveria ser mais amoroso. N\u00e3o soa amoroso para mim.<\/strong><br \/>\n\u201c\u00c9 simplesmente a verdade, e eu estou sendo amoroso em apresent\u00e1-la a voc\u00ea. A Nova Mensagem \u00e9 um presente de imenso amor do Criador. Este amor tenciona salvar a humanidade de um grande perigo e  preparar a humanidade para um futuro e destino maiores na Comunidade Maior.\u201d<\/p>\n<p><strong>Como voc\u00ea sabe que a sua mensagem e fun\u00e7\u00e3o s\u00e3o reais?<\/strong><br \/>\n\u201c\u00c9 sabido por mim porque isto tem sido revelado a mim.\u201d<\/p>\n<p><strong>Bem, quem o revelou a voc\u00ea?<\/strong><br \/>\n\u201cOs Anjos do Criador o revelaram a mim, e isto \u00e9 revelado a voc\u00ea atrav\u00e9s da Nova Mensagem.\u201d<\/p>\n<p><strong>Por que devemos acreditar nesta sua mensagem?<\/strong><br \/>\n\u201cBem, n\u00e3o \u00e9 uma quest\u00e3o de acreditar. \u00c9 uma quest\u00e3o de reconhecimento e de Conhecimento. Se voc\u00ea puder experimentar isto em seu cora\u00e7\u00e3o, ent\u00e3o voc\u00ea vai saber que eu estou sendo genu\u00edno com voc\u00ea.\u201d<\/p>\n<p><strong>Bem, voc\u00ea n\u00e3o est\u00e1 s\u00f3 tentando arrecadar dinheiro ou ficar rico, e tirar vantagem das pessoas?<\/strong><br \/>\n\u201cN\u00e3o, eu n\u00e3o sou enriquecido por este trabalho. \u00c9 um grande fardo e sacrif\u00edcio para mim e minha fam\u00edlia. Veio com um grande custo para n\u00f3s. Contudo estou aqui para dar algo \u00e0s pessoas que elas n\u00e3o poderiam encontrar em nenhum outro lugar.\u201d<\/p>\n<p><strong>Bem, o que o estudo desta Nova Mensagem vai me dar?<\/strong><br \/>\n\u201cVai lhe dar coragem. Vai lhe dar dire\u00e7\u00e3o em sua vida. Vai lhe dar os meios para voc\u00ea aprender a se tornar s\u00e1bio e poderoso, amoroso e compassivo. Vai lhe ajudar a proteger o mundo que est\u00e1 agora amea\u00e7ado tanto por for\u00e7as de fora como pela ignor\u00e2ncia e abuso humanos. Se estas coisas s\u00e3o importantes para voc\u00ea, ent\u00e3o talvez voc\u00ea encontrou um caminho.\u201d<\/p>\n<p><strong>O que voc\u00ea diz para as pessoas que lhe acusam?<\/strong><br \/>\n\u201cEu digo, leia a Nova Mensagem de Deus completamente. Fique com ela com uma mente aberta. Da\u00ed eu vou escutar as suas reclama\u00e7\u00f5es.\u201d<\/p>\n<p><strong>Bem, voc\u00ea n\u00e3o est\u00e1 sendo negativo em sua avalia\u00e7\u00e3o dos visitantes extraterrestres?<\/strong><br \/>\n\u201cN\u00e3o, s\u00f3 estou apresentando uma verdade maior sobre o assunto. N\u00e3o se trata disto ser positivo ou negativo. Esta \u00e9 a sua resposta.\u201d<\/p>\n<p><strong>O que voc\u00ea diz para aqueles que lhe acusam de inventar tudo isto?<\/strong><br \/>\n\u201cEu digo que n\u00e3o existe pessoa no mundo que possui a sabedoria e o Conhecimento que est\u00e3o contidos na Nova Mensagem. Ela \u00e9 grande demais, \u00e9 profunda demais e \u00e9 real demais. Ela tem o poder de transformar completamente a sua vida.\u201d<\/p>\n<p><strong>Bem, aonde est\u00e1 a evid\u00eancia desta grande amea\u00e7a da qual voc\u00ea fala?<\/strong><br \/>\n\u201cAs pessoas em todo lugar sabem que algo est\u00e1 muito errado no mundo. Enquanto as pessoas continuam a culpar umas as outras por isto, a humanidade est\u00e1 enfrentando uma amea\u00e7a bem maior de fora. A evid\u00eancia est\u00e1 em toda parte. Mas para ver isto, voc\u00ea tem que olhar com olhos claros \u2013 sem medo, prefer\u00eancia ou condena\u00e7\u00e3o.\u201d<\/p>\n<p><strong>Como as pessoas podem encontrar seu Prop\u00f3sito Superior na vida?<\/strong><br \/>\n\u201cO presente est\u00e1 dentro de voc\u00ea. O Caminho do Conhecimento est\u00e1 aqui. O Caminho s\u00f3 pode ser sabido. Para ele ser sabido, voc\u00ea tem que ter uma funda\u00e7\u00e3o no Conhecimento. \u00c9 por isto que n\u00f3s fazemos os Passos para o Conhecimento. N\u00e3o \u00e9 uma quest\u00e3o de opini\u00e3o ou ponto de vista. \u00c9 uma quest\u00e3o de reconhecer a verdade cara a cara e de experiment\u00e1-la profundamente. Portanto, para aqueles que podem ver, ouvir e responder, existe um \u201cCaminho\u201d para encontrar o que voc\u00ea sabe mais profundamente e o que voc\u00ea est\u00e1 aqui para fazer. Voc\u00ea \u00e9 livre para discordar de mim e contender comigo, mas voc\u00ea n\u00e3o saber\u00e1 o que eu sei ou ver o que eu vejo at\u00e9 que voc\u00ea tenha avan\u00e7ado na prepara\u00e7\u00e3o dada pela Nova Mensagem\u201d.<\/p>\n<p><strong>O que \u00e9 Sabedoria?<\/strong><br \/>\n\u201cA Sabedoria \u00e9 ser capaz de viver com Conhecimento.\u201d<\/p>\n<p><strong>Bem, o que \u00e9 Conhecimento?<\/strong><br \/>\n\u201c\u00c9 viver com Sabedoria.<\/p>\n<p><strong>Bem, isto n\u00e3o responde \u00e0 minha pergunta.<\/strong><br \/>\n\u201cS\u00f3 existe uma resposta para a sua pergunta, e esta \u00e9 fazer a jornada. Voc\u00ea somente conhece a Sabedoria aprendendo a Sabedoria. Voc\u00ea somente conhece o Conhecimento adquirindo um relacionamento com o Conhecimento. N\u00e3o existe outra maneira.\u201d<\/p>\n<p><strong>O que \u00e9 que voc\u00ea est\u00e1 aqui para fazer?<\/strong><br \/>\n\u201cEu sou o representante de uma Nova Revela\u00e7\u00e3o para a humanidade. A minha tarefa \u00e9 compartilhar este grande presente com o maior n\u00famero poss\u00edvel de pessoas. Ela \u00e9 a Mensagem do Criador para todos n\u00f3s.\u201d<\/p>\n<p><strong>O que a Nova Revela\u00e7\u00e3o oferece \u00e0s pessoas?<\/strong><br \/>\n\u201cEla lhe leva para um ponto de vista maior. Ela cria o contexto para voc\u00ea descobrir o que voc\u00ea est\u00e1 aqui para fazer. Ela lhe d\u00e1 o poder de ver, de saber e de agir. Ela lhe oferece um caminho para encontrar o Conhecimento dentro de voc\u00ea mesmo. Mas voc\u00ea precisa fazer a jornada. Voc\u00ea n\u00e3o pode simplesmente aprender estas coisas me fazendo perguntas ou tentando interpretar estas id\u00e9ias.\u201d<\/p>\n<p><strong>O que voc\u00ea tem a dizer \u00e0s pessoas que fazem alega\u00e7\u00f5es similares?<\/strong><br \/>\n\u201cEste papel foi dado a mim somente, mas voc\u00ea pode ajudar o mundo se voc\u00ea est\u00e1 genuinamente movido a faz\u00ea-lo. Todo mundo precisa ajudar na preserva\u00e7\u00e3o da soberania e liberdade humanas neste mundo.\u201d<\/p>\n<p><strong>As pessoas v\u00e3o atacar voc\u00ea. Como voc\u00ea responder\u00e1 a elas?<\/strong><br \/>\n\u201cBem, se voc\u00ea n\u00e3o puder receber a Nova Mensagem do Criador, ent\u00e3o voc\u00ea tem que olhar para a sua pr\u00f3pria defici\u00eancia. Esta \u00e9 a Revela\u00e7\u00e3o para o nosso tempo e para os tempos por vir. \u00c9 a Vontade de Deus que isto seja apresentado agora.\u201d<\/p>\n<p><strong>Como as pessoas podem ter certeza do que voc\u00ea est\u00e1 falando?<\/strong><br \/>\n\u201cSe voc\u00ea quiser descobrir, ent\u00e3o voc\u00ea tem que empreender a prepara\u00e7\u00e3o que o Criador providenciou. \u00c9 a \u00fanica maneira de voc\u00ea saber o que isto significa. Sem isto, voc\u00ea est\u00e1 meramente conjecturando e as suas conjecturas s\u00e3o baseadas em seus medos e preconceitos, e n\u00e3o em uma experi\u00eancia mais profunda.\u201d<\/p>\n<p><strong>Voc\u00ea \u00e9 um Mestre?<\/strong><br \/>\n\u201cN\u00e3o, o Conhecimento \u00e9 o Mestre.\u201d<\/p>\n<p><strong>Ent\u00e3o voc\u00ea \u00e9 um Santo?<\/strong><br \/>\n\u201cN\u00e3o penso em mim desta forma.\u201d<\/p>\n<p><strong>Por que voc\u00ea fala de maneira t\u00e3o cuidadosa?<\/strong><br \/>\n\u201cPorque toda palavra \u00e9 importante em expressar algo desta magnitude. Toda palavra tem que cumprir a si mesma em minha tentativa de compartilhar com voc\u00ea algo da maior import\u00e2ncia.\u201d<\/p>\n<p><strong>Como esta Revela\u00e7\u00e3o aconteceu?<\/strong><br \/>\n\u201cComecei a minha carreira ensinando os cegos. Ent\u00e3o um dia eu tive que parar e comecei a ensinar sobre relacionamento e reconhecimento. Ensinei isto por um per\u00edodo de tempo, e ent\u00e3o tive que parar, e comecei a ensinar Auto-Conhecimento e Orienta\u00e7\u00e3o Interior. Em 1982 a Revela\u00e7\u00e3o come\u00e7ou. Foi o maior desafio que eu jamais enfrentei.\u201d<\/p>\n<p><strong>Por que isto \u00e9 t\u00e3o inexplic\u00e1vel?<\/strong><br \/>\n\u201cParece inexplic\u00e1vel porque \u00e9 inexplic\u00e1vel, e contudo \u00e9 assim que a Revela\u00e7\u00e3o veio a ser.\u201d<\/p>\n<p><strong>Como isto se relaciona com as necessidades di\u00e1rias das pessoas?<\/strong><br \/>\n\u201cO desenvolvimento do Conhecimento \u00e9 absolutamente chave para as pessoas funcionarem com convic\u00e7\u00e3o na vida cotidiana. Em seus relacionamentos, seu trabalho, sua sa\u00fade pessoal e sua consci\u00eancia espiritual, voc\u00ea precisa do poder que o Criador lhe deu para guiar e preservar voc\u00ea. A Nova Mensagem fala disto e providencia um caminho para aprender estas coisas.\u201d<\/p>\n<p><strong>O que \u00e9 a prepara\u00e7\u00e3o que voc\u00ea fala?<\/strong><br \/>\n\u201c\u00c9 a prepara\u00e7\u00e3o para a Comunidade Maior e para um mundo em mudan\u00e7a. \u00c9 uma prepara\u00e7\u00e3o para as pessoas ganharem seu verdadeiro poder e habilidade espirituais diante de for\u00e7as maiores em oposi\u00e7\u00e3o.\u201d<\/p>\n<p><strong>Bem, o que as pessoas podem fazer para se preparar?<\/strong><br \/>\n\u201cLer a Nova Mensagem. Escutar a Voz da Revela\u00e7\u00e3o. Preparar-se no Caminho do Conhecimento. Isto ir\u00e1 lhe guiar a descobrir qual \u00e9 a sua contribui\u00e7\u00e3o, que j\u00e1 est\u00e1 em voc\u00ea aguardando ser descoberta. Mas voc\u00ea precisa aprender o caminho primeiro. Voc\u00ea n\u00e3o est\u00e1 pronto.\u201d<\/p>\n<p><strong>Como posso explicar a Nova Mensagem para outras pessoas?<\/strong><br \/>\n\u201cVoc\u00ea pode lhes dizer que o Criador enviou um alerta, uma b\u00ean\u00e7\u00e3o e uma prepara\u00e7\u00e3o em resposta aos eventos de mudan\u00e7a do mundo e ao novo limiar que a humanidade est\u00e1 enfrentando em seu encontro com vida no universo.<\/p>\n<p>\u201cVoc\u00ea pode lhes dizer que a Nova Mensagem n\u00e3o \u00e9 baseada em nenhuma tradi\u00e7\u00e3o ou Ensinamento religioso. Ela enfatiza as verdades fundamentais que todas elas t\u00eam em comum ao mesmo tempo que apresenta um novo entendimento sobre o Conhecimento e a Sabedoria que nunca foi dado \u00e0 humanidade antes. As nossas tradi\u00e7\u00f5es religiosas atuais n\u00e3o podem em si mesmas preparar a humanidade para a Comunidade Maior ou para a grande mudan\u00e7a que est\u00e1 vindo ao mundo. \u00c9 por isto que uma Nova Mensagem foi enviada.<\/p>\n<p>\u201cVoc\u00ea pode lhes dizer que a Nova Mensagem enfatiza a primazia do Conhecimento, o desenvolvimento de discernimento, relacionamentos e reconhecimento e como viver com convic\u00e7\u00e3o, for\u00e7a e sabedoria em prepara\u00e7\u00e3o para um futuro que n\u00e3o se parecer\u00e1 com nada que j\u00e1 conhecemos.\u201d<\/p>\n","protected":false},"excerpt":{"rendered":"<p>De onde veio a Nova Mensagem? \u201cEla foi revelada a mim pelos Anjos de Deus, uma poderosa, misteriosa Presen\u00e7a que preencheu a minha mente e o ambiente ao redor com gra\u00e7a\u201d. Voc\u00ea afirma representar uma Nova Mensagem de Deus. Como voc\u00ea pode fazer tal afirma\u00e7\u00e3o? \u201cA Nova Mensagem foi dada a mim pelos Anjos do\u2026 <a class=\"read-more\" href=\"https:\/\/www.v6.newmessage.org\/pt\/o-mensageiro-de-deus\/entrevista-com-o-mensageiro\"><span>Read More<\/span><\/a><\/p>\n","protected":false},"author":1,"featured_media":0,"parent":14016,"menu_order":5,"comment_status":"closed","ping_status":"closed","template":"template-leftsidebar.php","meta":{"_monsterinsights_skip_tracking":false,"_monsterinsights_sitenote_active":false,"_monsterinsights_sitenote_note":"","_monsterinsights_sitenote_category":0,"footnotes":""},"categories":[],"tags":[],"_links":{"self":[{"href":"https:\/\/www.v6.newmessage.org\/pt\/wp-json\/wp\/v2\/pages\/14018"}],"collection":[{"href":"https:\/\/www.v6.newmessage.org\/pt\/wp-json\/wp\/v2\/pages"}],"about":[{"href":"https:\/\/www.v6.newmessage.org\/pt\/wp-json\/wp\/v2\/types\/page"}],"author":[{"embeddable":true,"href":"https:\/\/www.v6.newmessage.org\/pt\/wp-json\/wp\/v2\/users\/1"}],"replies":[{"embeddable":true,"href":"https:\/\/www.v6.newmessage.org\/pt\/wp-json\/wp\/v2\/comments?post=14018"}],"version-history":[{"count":34,"href":"https:\/\/www.v6.newmessage.org\/pt\/wp-json\/wp\/v2\/pages\/14018\/revisions"}],"predecessor-version":[{"id":26999,"href":"https:\/\/www.v6.newmessage.org\/pt\/wp-json\/wp\/v2\/pages\/14018\/revisions\/26999"}],"up":[{"embeddable":true,"href":"https:\/\/www.v6.newmessage.org\/pt\/wp-json\/wp\/v2\/pages\/14016"}],"wp:attachment":[{"href":"https:\/\/www.v6.newmessage.org\/pt\/wp-json\/wp\/v2\/media?parent=14018"}],"wp:term":[{"taxonomy":"category","embeddable":true,"href":"https:\/\/www.v6.newmessage.org\/pt\/wp-json\/wp\/v2\/categories?post=14018"},{"taxonomy":"post_tag","embeddable":true,"href":"https:\/\/www.v6.newmessage.org\/pt\/wp-json\/wp\/v2\/tags?post=14018"}],"curies":[{"name":"wp","href":"https:\/\/api.w.org\/{rel}","templated":true}]}}