{"id":14016,"date":"2014-08-14T01:20:09","date_gmt":"2014-08-14T01:20:09","guid":{"rendered":"http:\/\/www.newmessage.org\/?page_id=14016"},"modified":"2022-11-10T10:59:40","modified_gmt":"2022-11-10T10:59:40","slug":"o-mensageiro-de-deus","status":"publish","type":"page","link":"https:\/\/www.v6.newmessage.org\/pt\/o-mensageiro-de-deus","title":{"rendered":"O Mensageiro"},"content":{"rendered":"<div class=\"panel-20\">\n<h2 class=\"text-color-whiskey text-align-center margin-bottom-20\">Entrevista com Marshall Vian Summers<\/h2>\n<h5>Voc\u00ea afirma representar uma Nova Mensagem de Deus. Como voc\u00ea pode fazer tal afirma\u00e7\u00e3o?<\/h5>\n<p>\u201cA Nova Mensagem foi dada a mim pelos Anjos do Criador. Ela \u00e9 uma Nova Revela\u00e7\u00e3o para a humanidade. Eu fui instru\u00eddo a fazer esta afirma\u00e7\u00e3o.\u201d<br \/>\n<strong><a class=\"not-underlined\" title=\"Entrevista com o Mensageiro\" href=\"\/pt\/o-mensageiro-de-deus\/entrevista-com-o-mensageiro\">Leia a entrevista completa\u2026<\/a><\/strong><\/p>\n<hr \/>\n<h5>Por qual autoridade voc\u00ea afirma apresentar uma nova alian\u00e7a, um novo testamento?<\/h5>\n<p>\u201cFoi-me dada esta tarefa e eu, atrav\u00e9s do Conhecimento dentro de mim, a tenho reconhecido e a aceitei. Contudo a responsabilidade de trazer este novo testamento ao mundo tem sido imensa. Tem sido um grande fardo para mim.\u201d<br \/>\n<strong><a class=\"not-underlined\" title=\"Entrevista com o Mensageiro\" href=\"\/pt\/o-mensageiro-de-deus\/entrevista-com-o-mensageiro\">Leia a entrevista completa\u2026<\/a><\/strong><\/p>\n<\/div>\n<h2 class=\"text-color-whiskey text-align-center\">Revela\u00e7\u00f5es sobre o Mensageiro<\/h2>\n<div class=\"margin-bottom-20\">Leia Revela\u00e7\u00f5es sobre o Mensageiro, Marshall Vian Summers. <strong><a class=\"not-underlined\" href=\"\/pt\/a-mensagem\/revelations\/revelacoes-sobre-o-mensageiro\">Leia mais\u2026<\/a><\/strong><\/div>\n<div class=\"panel-20 background-color-bridesmaid text-align-center\">\n\t    \n\t<article class=\"posts_listing blog_shortcode clearfix post-625 page type-page status-publish hentry category-revelations category-revelations-about-the-messenger category-audio category-the-new-messenger category-volume-1 tag-a-new-revelation tag-gods-new-messenger tag-the-story-of-the-messenger tag-the-story-of-the-messenger-from-god\" id=\"post-625\">\n\n\t\t\t\t\n\t<h2 class=\"entry-title\"><a href=\"https:\/\/www.v6.newmessage.org\/pt\/a-mensagem\/volume-1\/o-novo-mensageiro\/historia-mensageiro\" rel=\"bookmark\" title=\"Permanent Link to A hist\u00f3ria do Mensageiro\">A hist\u00f3ria do Mensageiro<\/a><\/h2>\n\n\t\t\t\n\t\t<\/article>\n\t    \n\t<article class=\"posts_listing blog_shortcode clearfix post-27566 page type-page status-publish hentry category-revelations category-revelations-about-the-messenger category-audio category-the-new-messenger category-volume-1 tag-a-new-revelation tag-the-new-messenger-from-god-marshall-vian-summers tag-there-is-a-new-message-from-god-in-the-world-part-3\" id=\"post-27566\">\n\n\t\t\t\t\n\t<h2 class=\"entry-title\"><a href=\"https:\/\/www.v6.newmessage.org\/pt\/a-mensagem\/volume-1\/o-novo-mensageiro\/a-origem-do-mensageiro\" rel=\"bookmark\" title=\"Permanent Link to A Origem do Mensageiro\">A Origem do Mensageiro<\/a><\/h2>\n\n\t\t\t\n\t\t<\/article>\n\t    \n\t<article class=\"posts_listing blog_shortcode clearfix post-27608 page type-page status-publish hentry category-revelations category-revelations-about-the-messenger category-audio category-the-new-messenger category-volume-1 tag-a-new-revelation tag-the-burden-of-the-messenger tag-the-new-messenger-from-god-marshall-vian-summers tag-there-is-a-new-message-from-god-in-the-world-part-3\" id=\"post-27608\">\n\n\t\t\t\t\n\t<h2 class=\"entry-title\"><a href=\"https:\/\/www.v6.newmessage.org\/pt\/a-mensagem\/volume-1\/o-novo-mensageiro\/enfrentando-a-luz-da-revelacao\" rel=\"bookmark\" title=\"Permanent Link to Enfrentando a Luz da Revela\u00e7\u00e3o\">Enfrentando a Luz da Revela\u00e7\u00e3o<\/a><\/h2>\n\n\t\t\t\n\t\t<\/article>\n\t    \n\t<article class=\"posts_listing blog_shortcode clearfix post-548 page type-page status-publish hentry category-other-revelations category-revelations category-revelations-about-the-messenger category-audio tag-a-new-revelation tag-the-burden-of-the-messenger tag-the-new-messenger-from-god-marshall-vian-summers tag-there-is-a-new-message-from-god-in-the-world-part-3\" id=\"post-548\">\n\n\t\t\t\t\n\t<h2 class=\"entry-title\"><a href=\"https:\/\/www.v6.newmessage.org\/pt\/a-mensagem\/outras-revelacoes\/o-fardo-do-mensageiro\" rel=\"bookmark\" title=\"Permanent Link to O fardo do Mensageiro\">O fardo do Mensageiro<\/a><\/h2>\n\n\t\t\t\n\t\t<\/article>\n\t    \n\t<article class=\"posts_listing blog_shortcode clearfix post-27563 page type-page status-publish hentry category-revelations category-revelations-about-the-messenger category-audio category-the-new-messenger category-volume-1 tag-a-new-revelation tag-the-burden-of-the-messenger tag-the-new-messenger-from-god-marshall-vian-summers tag-there-is-a-new-message-from-god-in-the-world-part-3\" id=\"post-27563\">\n\n\t\t\t\t\n\t<h2 class=\"entry-title\"><a href=\"https:\/\/www.v6.newmessage.org\/pt\/a-mensagem\/volume-1\/o-novo-mensageiro\/os-requisitos-do-mensageiro\" rel=\"bookmark\" title=\"Permanent Link to Os requisitos do Mensageiro\">Os requisitos do Mensageiro<\/a><\/h2>\n\n\t\t\t\n\t\t<\/article>\n\t    \t    <\/div>\n<div class=\"panel-20\"><\/div>\n<div class=\"text-align-center\"><\/div>\n<p>&nbsp;<\/p>\n","protected":false},"excerpt":{"rendered":"<p>Entrevista com Marshall Vian Summers Voc\u00ea afirma representar uma Nova Mensagem de Deus. Como voc\u00ea pode fazer tal afirma\u00e7\u00e3o? \u201cA Nova Mensagem foi dada a mim pelos Anjos do Criador. Ela \u00e9 uma Nova Revela\u00e7\u00e3o para a humanidade. Eu fui instru\u00eddo a fazer esta afirma\u00e7\u00e3o.\u201d Leia a entrevista completa\u2026 Por qual autoridade voc\u00ea afirma apresentar\u2026 <a class=\"read-more\" href=\"https:\/\/www.v6.newmessage.org\/pt\/a-mensagem\/volume-1\/o-novo-mensageiro\/os-requisitos-do-mensageiro\"><span>Read More<\/span><\/a><\/p>\n","protected":false},"author":1,"featured_media":0,"parent":0,"menu_order":73,"comment_status":"closed","ping_status":"closed","template":"","meta":{"_monsterinsights_skip_tracking":false,"_monsterinsights_sitenote_active":false,"_monsterinsights_sitenote_note":"","_monsterinsights_sitenote_category":0,"footnotes":""},"categories":[],"tags":[],"_links":{"self":[{"href":"https:\/\/www.v6.newmessage.org\/pt\/wp-json\/wp\/v2\/pages\/14016"}],"collection":[{"href":"https:\/\/www.v6.newmessage.org\/pt\/wp-json\/wp\/v2\/pages"}],"about":[{"href":"https:\/\/www.v6.newmessage.org\/pt\/wp-json\/wp\/v2\/types\/page"}],"author":[{"embeddable":true,"href":"https:\/\/www.v6.newmessage.org\/pt\/wp-json\/wp\/v2\/users\/1"}],"replies":[{"embeddable":true,"href":"https:\/\/www.v6.newmessage.org\/pt\/wp-json\/wp\/v2\/comments?post=14016"}],"version-history":[{"count":191,"href":"https:\/\/www.v6.newmessage.org\/pt\/wp-json\/wp\/v2\/pages\/14016\/revisions"}],"predecessor-version":[{"id":27946,"href":"https:\/\/www.v6.newmessage.org\/pt\/wp-json\/wp\/v2\/pages\/14016\/revisions\/27946"}],"wp:attachment":[{"href":"https:\/\/www.v6.newmessage.org\/pt\/wp-json\/wp\/v2\/media?parent=14016"}],"wp:term":[{"taxonomy":"category","embeddable":true,"href":"https:\/\/www.v6.newmessage.org\/pt\/wp-json\/wp\/v2\/categories?post=14016"},{"taxonomy":"post_tag","embeddable":true,"href":"https:\/\/www.v6.newmessage.org\/pt\/wp-json\/wp\/v2\/tags?post=14016"}],"curies":[{"name":"wp","href":"https:\/\/api.w.org\/{rel}","templated":true}]}}