{"id":13099,"date":"2014-07-24T22:13:19","date_gmt":"2014-07-24T22:13:19","guid":{"rendered":"http:\/\/www.newmessage.org\/?page_id=13099"},"modified":"2022-11-09T17:10:22","modified_gmt":"2022-11-09T17:10:22","slug":"as-grandes-ondas-de-mudanca","status":"publish","type":"page","link":"https:\/\/www.v6.newmessage.org\/pt\/a-mensagem\/volume-4\/as-grandes-ondas-de-mudanca","title":{"rendered":"As Grandes Ondas de Mudan\u00e7a"},"content":{"rendered":"<p><img loading=\"lazy\" decoding=\"async\" class=\"alignright  size-full\" src=\"https:\/\/www.newmessage.org\/barebone-top-menu-only\/wp-content\/uploads\/sites\/36\/2014\/07\/GWC-PT-Cover-e1451247004977.jpg\" alt=\"\" width=\"234\" height=\"351\" \/><\/p>\n<p><em>As Grandes Ondas de Mudan\u00e7a<\/em> apresenta uma profecia a respeito dos tempos dif\u00edceis adiante e os passos que voc\u00ea pode dar para navegar um futuro cada vez mais turbulento e incerto.<\/p>\n<p>Diante de tal incerteza, <em>As Grandes Ondas de Mudan\u00e7a<\/em> apresenta um novo e revolucion\u00e1rio caminho para se ganhar convic\u00e7\u00e3o e dire\u00e7\u00e3o na vida, um processo \u00fanico que pode ser aplicado por pessoas de todos os lugares. Ao entender as Grandes Ondas e ao conectando-se com o Conhecimento, a autoridade interior mais profunda, voc\u00ea pode encontrar a for\u00e7a, a coragem e a certeza interior para se adaptar e se tornar algu\u00e9m que contribui, e n\u00e3o uma v\u00edtima, a um mundo em r\u00e1pida mudan\u00e7a.<\/p>\n<p><em>As Grandes Ondas de Mudan\u00e7a<\/em> \u00e9 o livro essencial que cada pessoa precisa para se preparar mentalmente, emocionalmente e praticamente para a grande mudan\u00e7a que est\u00e1 vindo. Se um n\u00famero suficiente de pessoas puderem empreender esta prepara\u00e7\u00e3o, a humanidade ter\u00e1 a for\u00e7a, a compaix\u00e3o e a resili\u00eancia para passar por este per\u00edodo dif\u00edcil adiante at\u00e9 uma realidade de um Mundo Novo.<\/p>\n<div class=\"background-color-bridesmaid padding-20\">\n<h2 class=\"text-color-gray-5\" style=\"text-align: left;\" class=\"text-color-gray-5\">\u00cdndice<\/h2>\n<p><a href=\"\/pt\/a-mensagem\/volume-4\/as-grandes-ondas-de-mudanca\/as-grandes-ondas-de-mudanca-introducao\/\">Introdu\u00e7\u00e3o<\/a><\/p>\n<p>Cap\u00edtulo 1: As Grandes Ondas de Mudan\u00e7a<\/p>\n<p>Cap\u00edtulo 2: As Grandes Ondas e a sua vida<\/p>\n<p>Cap\u00edtulo 3: Escapando do passado<\/p>\n<p>Cap\u00edtulo 4: A Liberdade de se mover com o Conhecimento<\/p>\n<p>Cap\u00edtulo 5 \u2013 A avalia\u00e7\u00e3o profunda<\/p>\n<p>Cap\u00edtulo 6 \u2013 Relacionamentos e as Grandes Ondas<\/p>\n<p>Cap\u00edtulo 7 \u2013 Preparando a sua fam\u00edlia<\/p>\n<p>Cap\u00edtulo 8 \u2013 O perigo do isolamento<\/p>\n<p>Cap\u00edtulo 9 \u2013 <a href=\"\/pt\/a-mensagem\/volume-4\/as-grandes-ondas-de-mudanca\/a-profecia-das-grandes-ondas\">A Profecia das Grandes Ondas<\/a><\/p>\n<p>Cap\u00edtulo 10 \u2013 As Grandes Ondas e a realidade oculta de contato<\/p>\n<p>Cap\u00edtulo 11 \u2013 Onde voc\u00ea vai colocar a sua f\u00e9?<\/p>\n<p>Cap\u00edtulo 12 \u2013 Seu prop\u00f3sito e destino em um mundo em mudan\u00e7a<\/p>\n<p>Cap\u00edtulo 13 \u2013 Uma Nova Mensagem de esperan\u00e7a<\/p>\n<p>Cap\u00edtulo 14 \u2013 Vendo, sabendo e agindo<\/p>\n<p>Termos importantes<\/p>\n<p><a href=\"\/pt\/a-mensagem\/volume-4\/as-grandes-ondas-de-mudanca\/recomendacoes-para-viver-em-um-mundo-de-grandes-ondas-de-mudanca\">Recomenda\u00e7\u00f5es sobre como viver em um mundo de Grandes Ondas de Mudan\u00e7a<\/a><\/p>\n<p>As Pr\u00e1ticas das Grandes Ondas de Mudan\u00e7a<\/p>\n<p>Sobre o Autor<\/p>\n<p>Obs.: os cap\u00edtulos sem link ainda n\u00e3o foram traduzidos.<\/p>\n<\/div>\n","protected":false},"excerpt":{"rendered":"<p>As Grandes Ondas de Mudan\u00e7a apresenta uma profecia a respeito dos tempos dif\u00edceis adiante e os passos que voc\u00ea pode dar para navegar um futuro cada vez mais turbulento e incerto. Diante de tal incerteza, As Grandes Ondas de Mudan\u00e7a apresenta um novo e revolucion\u00e1rio caminho para se ganhar convic\u00e7\u00e3o e dire\u00e7\u00e3o na vida, um\u2026 <a class=\"read-more\" href=\"https:\/\/www.v6.newmessage.org\/pt\/a-mensagem\/volume-4\/as-grandes-ondas-de-mudanca\"><span>Read More<\/span><\/a><\/p>\n","protected":false},"author":1,"featured_media":0,"parent":16316,"menu_order":0,"comment_status":"closed","ping_status":"closed","template":"template-leftsidebar.php","meta":{"_monsterinsights_skip_tracking":false,"_monsterinsights_sitenote_active":false,"_monsterinsights_sitenote_note":"","_monsterinsights_sitenote_category":0,"footnotes":""},"categories":[473,471],"tags":[],"_links":{"self":[{"href":"https:\/\/www.v6.newmessage.org\/pt\/wp-json\/wp\/v2\/pages\/13099"}],"collection":[{"href":"https:\/\/www.v6.newmessage.org\/pt\/wp-json\/wp\/v2\/pages"}],"about":[{"href":"https:\/\/www.v6.newmessage.org\/pt\/wp-json\/wp\/v2\/types\/page"}],"author":[{"embeddable":true,"href":"https:\/\/www.v6.newmessage.org\/pt\/wp-json\/wp\/v2\/users\/1"}],"replies":[{"embeddable":true,"href":"https:\/\/www.v6.newmessage.org\/pt\/wp-json\/wp\/v2\/comments?post=13099"}],"version-history":[{"count":24,"href":"https:\/\/www.v6.newmessage.org\/pt\/wp-json\/wp\/v2\/pages\/13099\/revisions"}],"predecessor-version":[{"id":27936,"href":"https:\/\/www.v6.newmessage.org\/pt\/wp-json\/wp\/v2\/pages\/13099\/revisions\/27936"}],"up":[{"embeddable":true,"href":"https:\/\/www.v6.newmessage.org\/pt\/wp-json\/wp\/v2\/pages\/16316"}],"wp:attachment":[{"href":"https:\/\/www.v6.newmessage.org\/pt\/wp-json\/wp\/v2\/media?parent=13099"}],"wp:term":[{"taxonomy":"category","embeddable":true,"href":"https:\/\/www.v6.newmessage.org\/pt\/wp-json\/wp\/v2\/categories?post=13099"},{"taxonomy":"post_tag","embeddable":true,"href":"https:\/\/www.v6.newmessage.org\/pt\/wp-json\/wp\/v2\/tags?post=13099"}],"curies":[{"name":"wp","href":"https:\/\/api.w.org\/{rel}","templated":true}]}}