{"id":13081,"date":"2014-07-24T21:54:49","date_gmt":"2014-07-24T21:54:49","guid":{"rendered":"http:\/\/www.newmessage.org\/?page_id=13081"},"modified":"2022-11-09T17:14:20","modified_gmt":"2022-11-09T17:14:20","slug":"espiritualidade-da-comunidade-maior","status":"publish","type":"page","link":"https:\/\/www.v6.newmessage.org\/pt\/a-mensagem\/volume-2\/espiritualidade-da-comunidade-maior","title":{"rendered":"Espiritualidade da Comunidade Maior"},"content":{"rendered":"<p><img loading=\"lazy\" decoding=\"async\" class=\"alignright  size-full\" src=\"\/barebone-top-menu-only\/wp-content\/uploads\/sites\/36\/2014\/07\/GCS-PT-Cover-e1450656101338.jpg\" alt=\"\" width=\"234\" height=\"351\" \/><\/p>\n<p><em>Espiritualidade da Comunidade Maior<\/em> apresenta um novo entendimento e uma maior experi\u00eancia de Deus e da espiritualidade humana dentro de uma arena maior de vida inteligente. Esta \u00e9 uma espiritualidade que transcende todas as fronteiras de ra\u00e7a, cultura, religi\u00e3o e linguagem, dando a funda\u00e7\u00e3o para o reconhecimento e relacionamento entre povos, na\u00e7\u00f5es e mundos.<\/p>\n<p><em>Espiritualidade da Comunidade Maior<\/em> apresenta parte da teologia e cosmologia da Nova Mensagem de Deus. Ele abre o caminho para uma maior experi\u00eancia de Deus. \u00c9 para aqueles que n\u00e3o encontraram o seu lar espiritual nas tradi\u00e7\u00f5es religiosas deste mundo e que est\u00e3o buscando uma prepara\u00e7\u00e3o e dire\u00e7\u00e3o espirituais nesta \u00e9poca de grande mudan\u00e7a e incerteza em nosso mundo.<\/p>\n<p><em>Espiritualidade da Comunidade Maior<\/em> cont\u00e9m 27 cap\u00edtulos, cada um respondendo uma quest\u00e3o fundamental sobre o significado da vida, sobre o nosso relacionamento com Deus e o nosso destino em uma Comunidade Maior de vida no universo. Ele tamb\u00e9m apresesenta aqui a realidade do Caminho do Conhecimento da Comunidade Maior, que \u00e9 o caminho interior de prepara\u00e7\u00e3o e desenvolvimento espiritual contido dentro da Nova Mensagem de Deus. Esta \u00e9 uma prepara\u00e7\u00e3o espiritual universal sendo apresentada agora ao mundo pela primeira vez.<\/p>\n<div class=\"background-color-bridesmaid padding-20\">\n<h2 style=\"text-align: left;\" class=\"text-color-gray-5\">\u00cdndice<\/h2>\n<p><a href=\"\/pt\/a-mensagem\/volume-2\/espiritualidade-da-comunidade-maior\/espiritualidade-da-comunidade-maior-introducao\">Introdu\u00e7\u00e3o<\/a><\/p>\n<p>Cap\u00edtulo 1: <a href=\"\/pt\/a-mensagem\/volume-2\/espiritualidade-da-comunidade-maior\/o-que-e-deus\">O que \u00e9 Deus?<\/a><\/p>\n<p>Cap\u00edtulo 2: <a href=\"\/pt\/a-mensagem\/volume-2\/espiritualidade-da-comunidade-maior\/o-que-e-o-mundo\">O que \u00e9 o mundo?<\/a><\/p>\n<p>Cap\u00edtulo 3: <a href=\"\/pt\/a-mensagem\/volume-2\/espiritualidade-da-comunidade-maior\/o-que-e-a-forca-vital\">O que \u00e9 a For\u00e7a Vital?<\/a><\/p>\n<p>Cap\u00edtulo 4: O que \u00e9 o Conhecimento?<\/p>\n<p>Cap\u00edtulo 5: O que \u00e9 o Prop\u00f3sito Humano?<\/p>\n<p>Cap\u00edtulo 6: O que \u00e9 a Comunidade Maior?<\/p>\n<p>Cap\u00edtulo 7: Como alcan\u00e7a-se a Sabedoria na vida?<\/p>\n<p>Cap\u00edtulo 8: Para quem \u00e9 destinada a Sabedoria?<\/p>\n<p>Cap\u00edtulo 9: Como participa Deus ao mundo?<\/p>\n<p>Cap\u00edtulo 10: Como se preparar?<\/p>\n<p>Cap\u00edtulo 11: Para o que \u00e9 a sua prepara\u00e7\u00e3o?<\/p>\n<p>Cap\u00edtulo 12: Quem voc\u00ea encontrar\u00e1?<\/p>\n<p>Cap\u00edtulo 13: O que \u00e9 preciso desaprender?<\/p>\n<p>Cap\u00edtulo 14: O que \u00e9 preciso evitar?<\/p>\n<p>Cap\u00edtulo 15: Quem serve a humanidade?<\/p>\n<p>Cap\u00edtulo 16: Quem s\u00e3o os N\u00e3o-Vistos?<\/p>\n<p>Cap\u00edtulo 17: Como ocorre a Revela\u00e7\u00e3o na vida humana?<\/p>\n<p>Cap\u00edtulo 18: O que \u00e9 o destino humano?<\/p>\n<p>Cap\u00edtulo 19: O que \u00e9 a religi\u00e3o?<\/p>\n<p>Cap\u00edtulo 20: O que \u00e9 a educa\u00e7\u00e3o religiosa e para quem \u00e9 destinada?<\/p>\n<p>Cap\u00edtulo 21: O que \u00e9 o Caminho do Conhecimento da Comunidade Maior?<\/p>\n<p>Cap\u00edtulo 22: Onde pode-se encontrar o Conhecimento?<\/p>\n<p>Cap\u00edtulo 23: Como \u00e9 o Conhecimento traduzido na Comunidade Maior?<\/p>\n<p>Cap\u00edtulo 24: O que s\u00e3o os Passos para o Conhecimento?<\/p>\n<p>Cap\u00edtulo 25: O que \u00e9 a Gra\u00e7a?<\/p>\n<p>Cap\u00edtulo 26: Quem \u00e9 Jesus?<\/p>\n<p>Cap\u00edtulo 27: O que \u00e9 a evolu\u00e7\u00e3o da religi\u00e3o no mundo?<\/p>\n<\/div>\n","protected":false},"excerpt":{"rendered":"<p>Espiritualidade da Comunidade Maior apresenta um novo entendimento e uma maior experi\u00eancia de Deus e da espiritualidade humana dentro de uma arena maior de vida inteligente. Esta \u00e9 uma espiritualidade que transcende todas as fronteiras de ra\u00e7a, cultura, religi\u00e3o e linguagem, dando a funda\u00e7\u00e3o para o reconhecimento e relacionamento entre povos, na\u00e7\u00f5es e mundos. Espiritualidade\u2026 <a class=\"read-more\" href=\"https:\/\/www.v6.newmessage.org\/pt\/a-mensagem\/volume-2\/espiritualidade-da-comunidade-maior\"><span>Read More<\/span><\/a><\/p>\n","protected":false},"author":1,"featured_media":0,"parent":16312,"menu_order":0,"comment_status":"closed","ping_status":"closed","template":"template-leftsidebar.php","meta":{"_monsterinsights_skip_tracking":false,"_monsterinsights_sitenote_active":false,"_monsterinsights_sitenote_note":"","_monsterinsights_sitenote_category":0,"footnotes":""},"categories":[468,467],"tags":[],"_links":{"self":[{"href":"https:\/\/www.v6.newmessage.org\/pt\/wp-json\/wp\/v2\/pages\/13081"}],"collection":[{"href":"https:\/\/www.v6.newmessage.org\/pt\/wp-json\/wp\/v2\/pages"}],"about":[{"href":"https:\/\/www.v6.newmessage.org\/pt\/wp-json\/wp\/v2\/types\/page"}],"author":[{"embeddable":true,"href":"https:\/\/www.v6.newmessage.org\/pt\/wp-json\/wp\/v2\/users\/1"}],"replies":[{"embeddable":true,"href":"https:\/\/www.v6.newmessage.org\/pt\/wp-json\/wp\/v2\/comments?post=13081"}],"version-history":[{"count":55,"href":"https:\/\/www.v6.newmessage.org\/pt\/wp-json\/wp\/v2\/pages\/13081\/revisions"}],"predecessor-version":[{"id":27937,"href":"https:\/\/www.v6.newmessage.org\/pt\/wp-json\/wp\/v2\/pages\/13081\/revisions\/27937"}],"up":[{"embeddable":true,"href":"https:\/\/www.v6.newmessage.org\/pt\/wp-json\/wp\/v2\/pages\/16312"}],"wp:attachment":[{"href":"https:\/\/www.v6.newmessage.org\/pt\/wp-json\/wp\/v2\/media?parent=13081"}],"wp:term":[{"taxonomy":"category","embeddable":true,"href":"https:\/\/www.v6.newmessage.org\/pt\/wp-json\/wp\/v2\/categories?post=13081"},{"taxonomy":"post_tag","embeddable":true,"href":"https:\/\/www.v6.newmessage.org\/pt\/wp-json\/wp\/v2\/tags?post=13081"}],"curies":[{"name":"wp","href":"https:\/\/api.w.org\/{rel}","templated":true}]}}