{"id":13079,"date":"2014-07-24T21:54:21","date_gmt":"2014-07-24T21:54:21","guid":{"rendered":"http:\/\/www.newmessage.org\/?page_id=13079"},"modified":"2022-11-09T17:07:29","modified_gmt":"2022-11-09T17:07:29","slug":"a-vida-no-universo","status":"publish","type":"page","link":"https:\/\/www.v6.newmessage.org\/pt\/a-mensagem\/volume-4\/a-vida-no-universo","title":{"rendered":"A Vida no Universo"},"content":{"rendered":"<p><img loading=\"lazy\" decoding=\"async\" class=\"alignright  size-full\" src=\"https:\/\/www.newmessage.org\/barebone-top-menu-only\/wp-content\/uploads\/sites\/36\/2014\/07\/Portuguese_LIU_cov-e1451341400484.jpg\" alt=\"\" width=\"234\" height=\"351\" \/><\/p>\n<p>Por milhares de anos a humanidade olhou para o c\u00e9u de noite e se perguntou: quem est\u00e1 l\u00e1 fora?<\/p>\n<p>Agora voc\u00ea tem uma chance de viajar para aquele c\u00e9u noturno e ir al\u00e9m da curiosidade e experimentar por si mesmo a realidade e a espiritualidade da vida al\u00e9m do nosso mundo.<\/p>\n<p><em>A Vida no Universo<\/em> \u00e9 uma janela para a hist\u00f3ria viva do nosso universo: as realidades de com\u00e9rcio, viagem e conflito dentro de uma Comunidade Maior de vida inteligente; o nascimento e morte de civiliza\u00e7\u00f5es entre as estrelas; e o Plano e Prop\u00f3sito maior do Criador que supervisiona o progresso espiritual da vida em todas as gal\u00e1xias.<\/p>\n<p>Deus est\u00e1 agora nos alertando e preparando para o nosso destino dentro da Comunidade Maior. \u00c9 somente atrav\u00e9s de revela\u00e7\u00e3o Divina que n\u00f3s poder\u00edamos entender estas coisas e aprender sobre a realidade e espiritualidade da vida no universo. Agora pela primeira vez voc\u00ea pode se aventurar al\u00e9m dos limites do nosso mundo at\u00e9 uma vasta arena de vida na qual a humanidade est\u00e1 emergindo.<\/p>\n<p><em>A Vida no Universo<\/em> \u00e9 uma porta aberta para uma experi\u00eancia humana maior. Desenrola-se diante de voc\u00ea uma hist\u00f3ria e uma vis\u00e3o do cosmo vivo, a complexidade de intera\u00e7\u00f5es entre mundos e o futuro que nos aguarda \u00e0 medida que entramos esta arena vasta e maior de vida. V\u00e1 al\u00e9m dos limites de um ponto de vista puramente humano e mergulhe nesta &#8220;Comunidade Maior&#8221;, um panorama maior de vida que sempre chamou por voc\u00ea.<\/p>\n<div class=\"background-color-bridesmaid padding-20\">\n<h2 class=\"text-color-gray-5\" style=\"text-align: left;\">\u00cdndice<\/h2>\n<h5><a href=\"\/pt\/a-mensagem\/volume-4\/a-vida-no-universo\/a-vida-no-universo-introducao\">Introdu\u00e7\u00e3o<\/a><\/h5>\n<h5 class=\"text-color-gray-6\">Parte 1: A realidade da vida inteligente no universo<\/h5>\n<p>Cap\u00edtulo 1: Encarando uma Comunidade Maior de vida<\/p>\n<p>Cap\u00edtulo 2: Uma breve hist\u00f3ria das visita\u00e7\u00f5es na Terra<\/p>\n<p>Cap\u00edtulo 3: Os limites da viagem espacial<\/p>\n<p>Cap\u00edtulo 4: Troca e com\u00e9rcio nesta regi\u00e3o do espa\u00e7o<\/p>\n<p>Cap\u00edtulo 5: A tecnologia e os diferentes caminhos para a estabilidade<\/p>\n<p>Cap\u00edtulo 6: Fam\u00edlias e manipula\u00e7\u00e3o gen\u00e9tica<\/p>\n<p>Cap\u00edtulo 7: Competi\u00e7\u00e3o, influ\u00eancia e o Ambiente Mental<\/p>\n<p>Cap\u00edtulo 8: Liberdade na Comunidade Maior<\/p>\n<h5 class=\"text-color-gray-6\">Parte 2: A espiritualidade da vida inteligente no universo<\/h5>\n<p>Cap\u00edtulo 9: A religi\u00e3o na Comunidade Maior<\/p>\n<p>Cap\u00edtulo 10: O poder do Conhecimento<\/p>\n<p>Cap\u00edtulo 11: For\u00e7as N\u00e3o-Vistas no universo<\/p>\n<p>Cap\u00edtulo 12: Cria\u00e7\u00e3o e destino<\/p>\n<p>Cap\u00edtulo 13: Deus da Comunidade Maior<\/p>\n<p>Cap\u00edtulo 14: O seu relacionamento com a Comunidade Maior<\/p>\n<\/div>\n","protected":false},"excerpt":{"rendered":"<p>Por milhares de anos a humanidade olhou para o c\u00e9u de noite e se perguntou: quem est\u00e1 l\u00e1 fora? Agora voc\u00ea tem uma chance de viajar para aquele c\u00e9u noturno e ir al\u00e9m da curiosidade e experimentar por si mesmo a realidade e a espiritualidade da vida al\u00e9m do nosso mundo. A Vida no Universo\u2026 <a class=\"read-more\" href=\"https:\/\/www.v6.newmessage.org\/pt\/a-mensagem\/volume-4\/a-vida-no-universo\"><span>Read More<\/span><\/a><\/p>\n","protected":false},"author":1,"featured_media":0,"parent":16316,"menu_order":1,"comment_status":"closed","ping_status":"closed","template":"template-leftsidebar.php","meta":{"_monsterinsights_skip_tracking":false,"_monsterinsights_sitenote_active":false,"_monsterinsights_sitenote_note":"","_monsterinsights_sitenote_category":0,"footnotes":""},"categories":[],"tags":[],"_links":{"self":[{"href":"https:\/\/www.v6.newmessage.org\/pt\/wp-json\/wp\/v2\/pages\/13079"}],"collection":[{"href":"https:\/\/www.v6.newmessage.org\/pt\/wp-json\/wp\/v2\/pages"}],"about":[{"href":"https:\/\/www.v6.newmessage.org\/pt\/wp-json\/wp\/v2\/types\/page"}],"author":[{"embeddable":true,"href":"https:\/\/www.v6.newmessage.org\/pt\/wp-json\/wp\/v2\/users\/1"}],"replies":[{"embeddable":true,"href":"https:\/\/www.v6.newmessage.org\/pt\/wp-json\/wp\/v2\/comments?post=13079"}],"version-history":[{"count":135,"href":"https:\/\/www.v6.newmessage.org\/pt\/wp-json\/wp\/v2\/pages\/13079\/revisions"}],"predecessor-version":[{"id":27935,"href":"https:\/\/www.v6.newmessage.org\/pt\/wp-json\/wp\/v2\/pages\/13079\/revisions\/27935"}],"up":[{"embeddable":true,"href":"https:\/\/www.v6.newmessage.org\/pt\/wp-json\/wp\/v2\/pages\/16316"}],"wp:attachment":[{"href":"https:\/\/www.v6.newmessage.org\/pt\/wp-json\/wp\/v2\/media?parent=13079"}],"wp:term":[{"taxonomy":"category","embeddable":true,"href":"https:\/\/www.v6.newmessage.org\/pt\/wp-json\/wp\/v2\/categories?post=13079"},{"taxonomy":"post_tag","embeddable":true,"href":"https:\/\/www.v6.newmessage.org\/pt\/wp-json\/wp\/v2\/tags?post=13079"}],"curies":[{"name":"wp","href":"https:\/\/api.w.org\/{rel}","templated":true}]}}