{"id":12784,"date":"2014-07-19T02:38:10","date_gmt":"2014-07-19T02:38:10","guid":{"rendered":"http:\/\/www.newmessage.org\/?page_id=12784"},"modified":"2016-03-09T03:30:20","modified_gmt":"2016-03-09T03:30:20","slug":"comece-aqui","status":"publish","type":"page","link":"https:\/\/www.v6.newmessage.org\/pt\/a-mensagem\/comece-aqui","title":{"rendered":"Comece aqui"},"content":{"rendered":"<div id=\"attachment_21980\" style=\"width: 260px\" class=\"wp-caption alignright\"><a href=\"https:\/\/www.newmessage.org\/wp-content\/uploads\/2015\/08\/Volume-1-CD-Cover1.jpg\"><img loading=\"lazy\" decoding=\"async\" aria-describedby=\"caption-attachment-21980\" class=\"imgborder\" src=\"https:\/\/www.newmessage.org\/wp-content\/uploads\/2015\/08\/Volume-1-CD-Cover1-172x300.jpg\" alt=\"\" width=\"250\" height=\"435\" \/><\/a><p id=\"caption-attachment-21980\" class=\"wp-caption-text\">A Nova Mensagem de Deus<\/p><\/div>\n<p><em>A Nova Mensagem de Deus<\/em> \u00e9 a maior Revela\u00e7\u00e3o j\u00e1 dada ao mundo, totalizando mais de 9.000 p\u00e1ginas de texto dadas durante um per\u00edodo de 44 anos. Como come\u00e7ar a ler, estudar e praticar uma revela\u00e7\u00e3o t\u00e3o grande? Onde come\u00e7ar?<\/p>\n<p>Embora voc\u00ea seja livre para come\u00e7ar por qualquer parte, <a href=\"\/worldwide-community\/sociedade\">A Sociedade<\/a> oferece um guia de estudo para estudantes, constru\u00eddo sobre a sabedoria e direta comunica\u00e7\u00e3o com o <a href=\"\/o-mensageiro-de-deus\">Mensageiro<\/a>. Considere as sugest\u00f5es abaixo enquanto voc\u00ea tra\u00e7a o seu caminho \u00fanico e individual atrav\u00e9s desta grande riqueza de ensinamentos e revela\u00e7\u00f5es.<\/p>\n<p>Seja como for que voc\u00ea proceda na <a href=\"\/a-mensagem\">biblioteca da Nova Mensagem<\/a>, saiba que voc\u00ea est\u00e1 no in\u00edcio de uma nova jornada na vida. Esta jornada tem o poder de despertar o <a href=\"\/a-mensagem\/termos-importantes#conhecimento\">Conhecimento<\/a>, a intelig\u00eancia espiritual dentro de voc\u00ea; de revelar a sua verdadeira dire\u00e7\u00e3o na vida; de expandir a sua consci\u00eancia sobre aquelas for\u00e7as maiores definindo o nosso mundo e de lembr\u00e1-lo do prop\u00f3sito maior para o qual voc\u00ea veio.<\/p>\n<p>Daqui o caminho leva sempre para cima, trazendo a voc\u00ea os pontos de vista de experi\u00eancia na sua vida, lhe trazendo para mais perto do <a href=\"\/a-mensagem\/termos-importantes#conhecimento\">Conhecimento<\/a> dentro de voc\u00ea e por fim \u00e0 Deus, atrav\u00e9s da Nova Mensagem de Deus para o mundo.<\/p>\n<h3>Guia recomendado de Estudo da Sociedade e do Mensageiro<\/h3>\n<ol>\n<li>Leia e ou\u00e7a a Voz da Revela\u00e7\u00e3o da Nova Mensagem entregando as seguintes revela\u00e7\u00f5es.<br \/>\n<a href=\"\/a-mensagem\/volume-1\/deus-falou-novamente\/a-bencao\">A B\u00ean\u00e7\u00e3o<\/a><br \/>\n<a title=\"The Initiation\" href=\"\/a-mensagem\/volume-1\/deus-falou-novamente\/a-iniciacao\">A Inicia\u00e7\u00e3o<\/a><br \/>\n<a href=\"\/a-mensagem\/volume-1\/deus-falou-novamente\/a-proclamacao\">A Proclama\u00e7\u00e3o<\/a><br \/>\n<a title=\"Vivendo em um tempo de Revela\u00e7\u00e3o\" href=\"\/a-mensagem\/volume-1\/deus-falou-novamente\/vivendo-em-um-tempo-de-revelacao\">Vivendo em um tempo de Revela\u00e7\u00e3o<\/a><\/li>\n<li>Leia uma breve <a href=\"\/introducao-nova-mensagem\">hist\u00f3ria da Nova Mensagem<\/a>, e veja e ou\u00e7a <a href=\"\/o-mensageiro-de-deus\">o Mensageiro<\/a>.<\/li>\n<li>Aprenda sobre o <a href=\"\/a-mensagem\/termos-importantes#conhecimento\">Conhecimento<\/a>, o poder espiritual e fonte de orienta\u00e7\u00e3o interior que vive em voc\u00ea. Descobrir este Conhecimento e desenvolver a sua conex\u00e3o com ele \u00e9 a funda\u00e7\u00e3o do caminho de se aprender e viver a Nova Mensagem.<br \/>\nAprenda sobre o Conhecimento:<br \/>\n<a href=\"\/a-mensagem\/outras-revelacoes\/na-escuta-do-conhecimento\">Na escuta do Conhecimento<\/a>\n<\/li>\n<li>Aprenda sobre a realidade da <em><a title=\"A Vida no Universo\" href=\"\/a-mensagem\/volume-4\/a-vida-no-universo\">Vida no Universo<\/a><\/em>\u00a0e\u00a0<em><a href=\"\/a-mensagem\/volume-4\/as-grandes-ondas-de-mudanca\">As Grandes Ondas de Mudan\u00e7a<\/a><\/em>. Estas duas realidades centrais tem o poder de remodelar o nosso mundo e as vidas de cada pessoa. \u00c9 por isto que Deus falou novamente e \u00e9 essencial que voc\u00ea aprenda o que isto significa para voc\u00ea e para o mundo.<\/li>\n<li>Aprenda sobre a <a href=\"\/a-mensagem\/termos-importantes#comunidade-maior\">Comunidade Maior<\/a>; leia as seguintes revela\u00e7\u00f5es:<br \/>\n<a href=\"\/a-mensagem\/outras-revelacoes\/uma-escuridao-maior-sobre-o-mundo\">Uma Escurid\u00e3o maior sobre o mundo<\/a><\/li>\n<li>Leia sobre as <a href=\"\/a-mensagem\/termos-importantes#gwoc\">Grandes Ondas de Mudan\u00e7a<\/a> e o Novo Mundo:\n<p><a href=\"\/a-mensagem\/outras-revelacoes\/o-destino-das-nacoes-e-dos-povos\">O destino nas na\u00e7\u00f5es e dos povos<\/a><\/p>\n<p>Considere estudando mais a fundo estas duas realidades centrais nos seguintes livros da Nova Mensagem:\u00a0<em><a href=\"\/a-mensagem\/volume-4\/as-grandes-ondas-de-mudanca\">As Grandes Ondas de Mudan\u00e7a<\/a><\/em> e\u00a0<em><a title=\"A Vida no Universo\" href=\"\/a-mensagem\/volume-4\/a-vida-no-universo\">A Vida no Universo<\/a><\/em><\/li>\n<li>Se voc\u00ea est\u00e1 pronto para come\u00e7ar a jornada para descobrir e cultivar a sua conex\u00e3o com o <a href=\"\/a-mensagem\/termos-importantes#conhecimento\">Conhecimento<\/a>, considere come\u00e7ar os <em><a href=\"\/a-mensagem\/volume-3\/passos-para-o-conhecimento\">Passos para o Conhecimento: O Livro de Saber Interior<\/a><\/em>. Estes 365 Passos di\u00e1rios s\u00e3o destinados a lhe levar a uma revela\u00e7\u00e3o sobre a sua vida e destino. Comece lendo o livro <em><a href=\"\/a-mensagem\/volume-2\/espiritualidade-da-comunidade-maior\">Espiritualidade da Comunidade Maior<\/a><\/em>, que apresenta a realidade da Comunidade Maior de vida no universo e o atemporal Caminho do Conhecimento.<\/li>\n<li><a href=\"\/o-mensageiro-de-deus\/quem-e-marshallviansummers\">O Mensageiro<\/a>:\n<p>Leia as <a href=\"\/a-mensagem\/revelations\/revelacoes-sobre-o-mensageiro\">revela\u00e7\u00f5es a respeito da origem, destino e miss\u00e3o do Mensageiro<\/a>. Venha aprender mais sobre este homem, sobre o que a presen\u00e7a dele no mundo significa e a conex\u00e3o dele com os Mensageiros pr\u00e9vios.<\/li>\n<\/ol>\n<\/ol>\n<\/ol>\n<h3 style=\"text-align: left;\">Oportunidades adicionais de estudo e participa\u00e7\u00e3o<\/h3>\n<p><strong>Considere participar na <a href=\"\/free-school\">Escola Gratuita da Nova Mensagem<\/a><\/strong> (atualmente somente em ingl\u00eas).<\/p>\n<p>A cada dois meses existe uma sess\u00e3o dedicada da Escola Grauita, representando um grande corredor da Nova Mensagem. Dentro da <a href=\"\/free-school\">Esola Gratuita<\/a>, voc\u00ea ter\u00e1 a oportunidade de participar e comunicar com estudantes de 92 pa\u00edses ao redor do mundo.<\/p>\n<p>Em cada sess\u00e3o da <a href=\"\/free-school\">Escola Gratuita<\/a>, voc\u00ea tem a oportunidade de estudar revela\u00e7\u00f5es-chave selecionadas pelo pr\u00f3prio Mensageiro, e voc\u00ea tem a oportunidade de explorar o significado e sabedoria mais profundos que a Nova Mensagem prov\u00ea.<\/p>\n<p>Participe no Chat online semanal (Campfire Chat) e encontre <a href=\"\/worldwide-community\/a-comunidade-mundial\">outros estudantes da Nova Mensagem ao redor do mundo<\/a>. Aprenda com outros, com <a href=\"\/worldwide-community\/sociedade\">A Sociedade<\/a> e com pr\u00f3prio <a href=\"\/o-mensageiro-de-deus\">o Mensageiro<\/a> e compartilhe as experi\u00eancias que voc\u00ea est\u00e1 tendo.<\/p>\n<p>Assista \u00e0 Transmiss\u00e3o ao vivo (Fireside Live Broadcast) com Patricia e Reed Summers e aprenda insights e sabedoria importantes a respeito das revela\u00e7\u00f5es sendo estudadas.<\/p>\n<p>Voc\u00ea pode entrar a qualquer momento e <strong>\u00e9 gratuito<\/strong>! Cadastre-se na <a href=\"\/free-school\">Escola Gratuita da Nova Mensagem<\/a> e explore o que a escola est\u00e1 estudando e praticando agora.<\/p>\n<h4>O Acampamento da Comunidade Mundial da Nova Mensagem<\/h4>\n<p>Por cinco dias no outono norte-americano, a Comunidade Mundial da Nova Mensagem se re\u00fane no <a href=\"https:\/\/www.newmessage.org\/encampment\">Acampamento<\/a> para compartilhar uma experi\u00eancia de imers\u00e3o com os membros da Sociedade, com o Mensageiro e com os estudantes da Nova Mensagem que v\u00eam de todo o mundo.<\/p>\n<p>Em retiro da sua vida cotidiana, no cen\u00e1rio espetacular das Montanhas Rochosas, voc\u00ea tem a chance de experimentar a maior dire\u00e7\u00e3o e prop\u00f3sito da sua vida e o que eles significam dentro de um mundo que est\u00e1 mudando radicalmente. Juntos n\u00f3s mergulhamos em nosso sagrado relacionamento com o <a href=\"\/a-mensagem\/termos-importantes#conhecimento\">Conhecimento<\/a> e desenvolvemos conex\u00f5es com outros na <a href=\"https:\/\/www.newmessage.org\/worldwide-community\/about-the-worldwide-community\">comunidade mundial<\/a> de pessoas que est\u00e3o respondendo \u00e0 Nova Mensagem nesta \u00e9poca cr\u00edtica na hist\u00f3ria.<\/p>\n<p><a href=\"\/encampment\">O Acampamento<\/a> \u00e9 para estudantes que se sentem impactados pela Nova Mensagem e que sentem que seu destino na vida pode estar diretamente ligado com aprender e viver esta Nova Revela\u00e7\u00e3o do Criador.<\/p>\n","protected":false},"excerpt":{"rendered":"<p>A Nova Mensagem de Deus \u00e9 a maior Revela\u00e7\u00e3o j\u00e1 dada ao mundo, totalizando mais de 9.000 p\u00e1ginas de texto dadas durante um per\u00edodo de anos. Como come\u00e7ar a ler, estudar e praticar uma revela\u00e7\u00e3o t\u00e3o grande? Onde come\u00e7ar? Embora voc\u00ea seja livre para come\u00e7ar por qualquer parte, A Sociedade oferece um guia de estudo\u2026 <a class=\"read-more\" href=\"https:\/\/www.v6.newmessage.org\/pt\/a-mensagem\/comece-aqui\"><span>Read More<\/span><\/a><\/p>\n","protected":false},"author":1,"featured_media":0,"parent":15090,"menu_order":3,"comment_status":"closed","ping_status":"closed","template":"template-leftsidebar.php","meta":{"_monsterinsights_skip_tracking":false,"_monsterinsights_sitenote_active":false,"_monsterinsights_sitenote_note":"","_monsterinsights_sitenote_category":0,"footnotes":""},"categories":[],"tags":[],"_links":{"self":[{"href":"https:\/\/www.v6.newmessage.org\/pt\/wp-json\/wp\/v2\/pages\/12784"}],"collection":[{"href":"https:\/\/www.v6.newmessage.org\/pt\/wp-json\/wp\/v2\/pages"}],"about":[{"href":"https:\/\/www.v6.newmessage.org\/pt\/wp-json\/wp\/v2\/types\/page"}],"author":[{"embeddable":true,"href":"https:\/\/www.v6.newmessage.org\/pt\/wp-json\/wp\/v2\/users\/1"}],"replies":[{"embeddable":true,"href":"https:\/\/www.v6.newmessage.org\/pt\/wp-json\/wp\/v2\/comments?post=12784"}],"version-history":[{"count":84,"href":"https:\/\/www.v6.newmessage.org\/pt\/wp-json\/wp\/v2\/pages\/12784\/revisions"}],"predecessor-version":[{"id":27454,"href":"https:\/\/www.v6.newmessage.org\/pt\/wp-json\/wp\/v2\/pages\/12784\/revisions\/27454"}],"up":[{"embeddable":true,"href":"https:\/\/www.v6.newmessage.org\/pt\/wp-json\/wp\/v2\/pages\/15090"}],"wp:attachment":[{"href":"https:\/\/www.v6.newmessage.org\/pt\/wp-json\/wp\/v2\/media?parent=12784"}],"wp:term":[{"taxonomy":"category","embeddable":true,"href":"https:\/\/www.v6.newmessage.org\/pt\/wp-json\/wp\/v2\/categories?post=12784"},{"taxonomy":"post_tag","embeddable":true,"href":"https:\/\/www.v6.newmessage.org\/pt\/wp-json\/wp\/v2\/tags?post=12784"}],"curies":[{"name":"wp","href":"https:\/\/api.w.org\/{rel}","templated":true}]}}