{"id":12766,"date":"2014-07-19T02:33:59","date_gmt":"2014-07-19T02:33:59","guid":{"rendered":"http:\/\/www.newmessage.org\/?page_id=12766"},"modified":"2022-11-10T11:09:08","modified_gmt":"2022-11-10T11:09:08","slug":"quem-e-marshallviansummers","status":"publish","type":"page","link":"https:\/\/www.v6.newmessage.org\/pt\/o-mensageiro-de-deus\/quem-e-marshallviansummers","title":{"rendered":"Quem \u00e9 Marshall Vian Summers?"},"content":{"rendered":"<p><ins datetime=\"2016-01-07T19:23:14+00:00\"><a href=\"\/wp-content\/uploads\/2015\/08\/DSC_0146-copy.jpg\"><br \/>\n<img decoding=\"async\" class=\"alignright imgborder size-medium\" src=\"\/wp-content\/uploads\/2015\/08\/DSC_0146-copy-300x200.jpg\" alt=\"DSC_0146 copy\" \/><\/a><\/p>\n<p>Marshall Vian Summers \u00e9 o Mensageiro para a Nova Mensagem de Deus. Por mais de tr\u00eas d\u00e9cadas ele tem sido o recipiente de uma Nova Revela\u00e7\u00e3o vasta, dada para preparar a humanidade para a grande mudan\u00e7a econ\u00f4mica, social e ambiental que est\u00e1 chegando ao mundo e para o emergir da humanidade em um universo de vida inteligente.<\/p>\n<p>No outono de 1981, com 32 anos de idade, Marshall Vian Summers teve um encontro direto com a <a href=\"\/pt\/a-mensagem\/termos-importantes#aa\">Assembleia Ang\u00e9lica<\/a>\u00a0que supervisiona o mundo. Este encontro alterou para sempre o curso da vida dele, e o iniciou em um relacionamento mais profundo com a Assembleia, exigindo que ele entregasse sua vida a Deus. E assim come\u00e7ou o longo e misterioso processo para receber a Nova Mensagem de Deus para a humanidade.<\/p>\n<p>Depois desta inicia\u00e7\u00e3o misteriosa, com 33 anos de idade, ele teve um segundo encontro com a <a href=\"\/pt\/a-mensagem\/termos-importantes#aa\">Assembleia Ang\u00e9lica<\/a> no qual ele foi instru\u00eddo a come\u00e7ar a receber e &#8220;gravar&#8221; a Mensagem deles para o mundo.<\/p>\n<p>Ao longo de d\u00e9cadas desde ent\u00e3o, uma vasta Revela\u00e7\u00e3o para a humanidade se desdobrou, algumas vezes vagarosamente e algumas vezes em grandes torrentes. Durante muitos destes longos anos, ele teve que prosseguir com o apoio de somente alguns poucos indiv\u00edduos, n\u00e3o sabendo o que esta crescente Revela\u00e7\u00e3o iria significar e para onde ela iria levar finalmente.<\/p>\n<p>Na maior parte do ano, Marshall reside nas Montanhas Rochosas dos Estados Unidos, onde ele vive em relativo isolamento, assistido por sua fam\u00edlia e membros da <a href=\"\/pt\/worldwide-community\/sociedade\">Sociedade para a Nova Mensagem<\/a>. \u00c9 ali que ele continua a sua miss\u00e3o de receber, preparar e apresentar a Nova Mensagem de Deus para o mundo.<\/p>\n<p>Em raras ocasi\u00f5es Marshall \u00e9 instru\u00eddo pela Fonte da Nova Mensagem a viajar para certos locais ao redor do mundo para receber a Revela\u00e7\u00e3o de Deus para aquele tempo e lugar, e para revelar a verdade mais profunda contida na Nova Mensagem de Deus em reuni\u00f5es especiais da Comunidade Mundial (<a href=\"https:\/\/www.newmessage.org\/worldwide-community\/events\">Eventos<\/a>).<\/p>\n<p>O Mensageiro caminhou um longo e dif\u00edcil caminho para receber e apresentar a maior Revela\u00e7\u00e3o j\u00e1 dada \u00e0 fam\u00edlia humana. Ainda hoje a <a href=\"\/pt\/a-mensagem\/termos-importantes#voz\">Voz da Revela\u00e7\u00e3o<\/a> continua a fluir atrav\u00e9s dele ao mesmo tempo que ele enfrenta o grande desafio de trazer a Nova Revela\u00e7\u00e3o de Deus para um mundo conturbado e dividido.<\/p>\n<ul class=\"list-vertical diamond\">\n<li>Leia a <a href=\"\/pt\/a-mensagem\/volume-1\/o-novo-mensageiro\/historia-mensageiro\">Hist\u00f3ria do Mensageiro<\/a>.<\/li>\n<li>Leia as <a href=\"\/pt\/a-mensagem\/revelations\/revelacoes-sobre-o-mensageiro\">revela\u00e7\u00f5es da Nova Mensagem<\/a> a respeito da origem, miss\u00e3o e destino do Mensageiro.<\/li>\n<\/ul>\n","protected":false},"excerpt":{"rendered":"<p>Marshall Vian Summers \u00e9 o Mensageiro para a Nova Mensagem de Deus. Por mais de tr\u00eas d\u00e9cadas ele tem sido o recipiente de uma Nova Revela\u00e7\u00e3o vasta, dada para preparar a humanidade para a grande mudan\u00e7a econ\u00f4mica, social e ambiental que est\u00e1 chegando ao mundo e para o emergir da humanidade em um universo de\u2026 <a class=\"read-more\" href=\"https:\/\/www.v6.newmessage.org\/pt\/o-mensageiro-de-deus\/quem-e-marshallviansummers\"><span>Read More<\/span><\/a><\/p>\n","protected":false},"author":1,"featured_media":0,"parent":14016,"menu_order":7,"comment_status":"closed","ping_status":"closed","template":"","meta":{"_monsterinsights_skip_tracking":false,"_monsterinsights_sitenote_active":false,"_monsterinsights_sitenote_note":"","_monsterinsights_sitenote_category":0,"footnotes":""},"categories":[81],"tags":[],"_links":{"self":[{"href":"https:\/\/www.v6.newmessage.org\/pt\/wp-json\/wp\/v2\/pages\/12766"}],"collection":[{"href":"https:\/\/www.v6.newmessage.org\/pt\/wp-json\/wp\/v2\/pages"}],"about":[{"href":"https:\/\/www.v6.newmessage.org\/pt\/wp-json\/wp\/v2\/types\/page"}],"author":[{"embeddable":true,"href":"https:\/\/www.v6.newmessage.org\/pt\/wp-json\/wp\/v2\/users\/1"}],"replies":[{"embeddable":true,"href":"https:\/\/www.v6.newmessage.org\/pt\/wp-json\/wp\/v2\/comments?post=12766"}],"version-history":[{"count":38,"href":"https:\/\/www.v6.newmessage.org\/pt\/wp-json\/wp\/v2\/pages\/12766\/revisions"}],"predecessor-version":[{"id":27949,"href":"https:\/\/www.v6.newmessage.org\/pt\/wp-json\/wp\/v2\/pages\/12766\/revisions\/27949"}],"up":[{"embeddable":true,"href":"https:\/\/www.v6.newmessage.org\/pt\/wp-json\/wp\/v2\/pages\/14016"}],"wp:attachment":[{"href":"https:\/\/www.v6.newmessage.org\/pt\/wp-json\/wp\/v2\/media?parent=12766"}],"wp:term":[{"taxonomy":"category","embeddable":true,"href":"https:\/\/www.v6.newmessage.org\/pt\/wp-json\/wp\/v2\/categories?post=12766"},{"taxonomy":"post_tag","embeddable":true,"href":"https:\/\/www.v6.newmessage.org\/pt\/wp-json\/wp\/v2\/tags?post=12766"}],"curies":[{"name":"wp","href":"https:\/\/api.w.org\/{rel}","templated":true}]}}