{"id":9,"date":"2012-06-29T14:02:34","date_gmt":"2012-06-29T14:02:34","guid":{"rendered":"http:\/\/churchope.themoholics.com\/?page_id=9"},"modified":"2019-06-04T23:16:53","modified_gmt":"2019-06-04T23:16:53","slug":"pesan-baru-dari-tuhan","status":"publish","type":"page","link":"https:\/\/www.v6.newmessage.org\/pl\/","title":{"rendered":"Nowe Pos\u0142anie od Boga"},"content":{"rendered":"<div class=\"two_third \" ><\/p>\n<div class=\"panel-20 border-rounded-12 background-color-gray-gallery\"><span class=\"text-color-pirate-gold font-size-36 \">Czym jest Nowe Pos\u0142anie? <\/span><br \/>\n<span class=\"text-color-gray-5 font-size-20\">Nowe Pos\u0142anie od Boga<\/span> jest autentyczn\u0105 komunikacj\u0105 od Stw\u00f3rcy, kt\u00f3ra zosta\u0142a zes\u0142ana do \u015bwiata w czasie wielkich zmian, konflikt\u00f3w i wstrz\u0105s\u00f3w. Nowe Pos\u0142anie nie opiera si\u0119 na \u017cadnych istniej\u0105cych tradycjach religijnych i duchowych nauczaniach. Jest darem dla ludzi wszystkich narod\u00f3w i wyzna\u0144. Uznaje nieprzemijaj\u0105c\u0105 prawd\u0119 obecn\u0105 we wszystkich wielkich Pos\u0142aniach, kt\u00f3re Stw\u00f3rca kiedykolwiek przekaza\u0142 \u015bwiatu, a jednocze\u015bnie jest niepodobne do niczego, co zosta\u0142o wcze\u015bniej ujawnione ludzko\u015bci. Jest to nowe objawienie o Jednej Duchowo\u015bci ludzko\u015bci, ochronie \u015bwiata i przysz\u0142o\u015bci ludzko\u015bci oraz o przeznaczeniu w\u015br\u00f3d Wielkiej Spo\u0142eczno\u015bci inteligetnego \u017cycia we wszech\u015bwiecie. <a href=\"https:\/\/www.newmessage.org\/pl\/introduction-new-message\/\">Dowiedz si\u0119 wi\u0119cej&#8230;<\/a><\/div>\n<p><\/div>\n<div><\/div>\n<div class=\"one_third last\" >\n<div class=\"panel-20 border-rounded-12 background-color-gray-gallery\"><span class=\"text-color-pirate-gold font-size-36\">Zapoznaj si\u0119 z Nowym Pos\u0142aniem<\/span><br \/>\n<span class=\"text-color-gray-5 font-size-20\"> Objawienia <\/span><iframe loading=\"lazy\" width=\"275\" height=\"155\" src=\"https:\/\/www.youtube.com\/embed\/13gpbJcJmr0?start=29&#038;feature=oembed&#038;enablejsapi=1&#038;origin=https:\/\/www.newmessage.org\" frameborder=\"0\" allow=\"accelerometer; autoplay; encrypted-media; gyroscope; picture-in-picture\" allowfullscreen><\/iframe><\/p>\n<\/div>\n<p><\/div><br \/>\n<div class=\"two_third \" ><\/p>\n<div class=\"panel-20 border-rounded-12 background-color-gray-gallery\">\n<div class=\"home_feed_available_online\"><style>\nh3.hungryfeed_feed_title {}\r\ndiv.hungryfeed_feed_description {}\r\ndiv.hungryfeed_feed_content {}\r\ndiv.hungryfeed_items {}\r\ndiv.hungryfeed_item {margin-bottom: 10px;}\r\ndiv.hungryfeed_item_title {font-weight: bold;}\r\ndiv.hungryfeed_item_description {}\r\ndiv.hungryfeed_item_author {}\r\ndiv.hungryfeed_item_date {}\n<\/style>\n<script type=\"text\/javascript\">\r\n\/\/ Custom Javascript here...\r\n<\/script>\n<div style=\"margin:5px 0px 5px 0px;padding:10px;border: solid 1px red; background-color: #ff6666; color: black;\">\r\nHungryFEED can't get feed.  Don't be mad at HungryFEED. SimplePie reported: cURL error 22: The requested URL returned error: 403\r\n<\/div><\/div>\n<hr \/>\n<p><span class=\"text-color-pirate-gold font-size-32\"> Dost\u0119pna dla wszystkich <\/span><span class=\"text-color-gray-5 font-size-24 \">Otwarta Szko\u0142a Nowego Pos\u0142ania<\/span><\/p>\n<p>Otwarta Szko\u0142a Nowego Pos\u0142ania jest globaln\u0105 spo\u0142eczno\u015bci\u0105 ludzi studiuj\u0105cych Nowe Pos\u0142anie od Boga i dziel\u0105cych si\u0119 nim z innymi. <img loading=\"lazy\" decoding=\"async\" class=\"imgborder alignleft wp-image-27041 size-full\" src=\"https:\/\/www.newmessage.org\/pl\/wp-content\/uploads\/sites\/73\/2012\/06\/school-e1450302200653.jpeg\" width=\"452\" height=\"166\" srcset=\"https:\/\/www.v6.newmessage.org\/pl\/wp-content\/uploads\/sites\/73\/2012\/06\/school-e1450302200653.jpeg 452w, https:\/\/www.v6.newmessage.org\/pl\/wp-content\/uploads\/sites\/73\/2012\/06\/school-e1450302200653-300x110.jpeg 300w\" sizes=\"(max-width: 452px) 100vw, 452px\" \/>Szko\u0142a oferuje \u015brodowisko internetowe, gdzie mo\u017cna studiowa\u0107 indywidualnie oraz w grupie, uczestniczy\u0107 w mi\u0119dzynarodowych zgromadzeniach i transmitowanych wydarzeniach oraz kontaktowa\u0107 si\u0119 ze spo\u0142eczno\u015bci\u0105, aby pog\u0142\u0119bi\u0107 swoje do\u015bwiadczenie Nowego Pos\u0142ania i zacie\u015bni\u0107 wi\u0119zi z innymi studentami z ca\u0142ego \u015bwiata.<\/p>\n<a class='simple_button_link ' style='background-color: #4f8fd6' href='https:\/\/www.community.newmessage.org\/'   ><span>Kliknij tutaj, aby dowiedzie\u0107 si\u0119 wi\u0119cej o wolnej szkole<\/span><\/a>\n<\/div>\n<p><\/div>\n<div class=\"one_third last\" ><\/p>\n<div class=\"border-rounded-12 panel-20 background-color-gray-gallery\">\n<p><a href=\"https:\/\/www.newmessage.org\/pl\/the-message\/volume-3\/steps-knowledge\/\"><img loading=\"lazy\" decoding=\"async\" class=\"imgborder aligncenter wp-image-27046\" src=\"https:\/\/www.newmessage.org\/pl\/wp-content\/uploads\/sites\/73\/2019\/03\/polish-STK-462x600.jpg\" alt=\"\" width=\"300\" height=\"450\" \/><\/a>Steps to Knowledge is the Book of Inner Knowing. Its one year curriculum, consisting of 365 steps or lessons, is meant to bring students to the experience of Knowledge, the deep spiritual power that lives in each of us, and to contribute it in service to the world.<\/p>\n<p><a href=\"https:\/\/www.newmessage.org\/pl\/pesan\/volume-1\/tuhan-telah-berfirman-kembali\/\">Dowiedz si\u0119 wi\u0119cej&#8230;<\/a><\/p>\n<p><\/div>\n<\/div>\n","protected":false},"excerpt":{"rendered":"Czym jest Nowe Pos\u0142anie? Nowe Pos\u0142anie od Boga jest autentyczn\u0105 komunikacj\u0105 od Stw\u00f3rcy, kt\u00f3ra zosta\u0142a zes\u0142ana do \u015bwiata w czasie wielkich zmian, konflikt\u00f3w i wstrz\u0105s\u00f3w. Nowe Pos\u0142anie nie opiera si\u0119 na \u017cadnych istniej\u0105cych tradycjach religijnych i duchowych nauczaniach. Jest darem dla ludzi wszystkich narod\u00f3w i wyzna\u0144. Uznaje nieprzemijaj\u0105c\u0105 prawd\u0119 obecn\u0105 we wszystkich wielkich Pos\u0142aniach, kt\u00f3re\u2026 <a class=\"read-more\" href=\"https:\/\/www.v6.newmessage.org\/pl\/\"><span>Read More<\/span><\/a>","protected":false},"author":1,"featured_media":0,"parent":0,"menu_order":19,"comment_status":"closed","ping_status":"closed","template":"","meta":{"_monsterinsights_skip_tracking":false,"_monsterinsights_sitenote_active":false,"_monsterinsights_sitenote_note":"","_monsterinsights_sitenote_category":0,"footnotes":""},"categories":[],"tags":[812],"_links":{"self":[{"href":"https:\/\/www.v6.newmessage.org\/pl\/wp-json\/wp\/v2\/pages\/9"}],"collection":[{"href":"https:\/\/www.v6.newmessage.org\/pl\/wp-json\/wp\/v2\/pages"}],"about":[{"href":"https:\/\/www.v6.newmessage.org\/pl\/wp-json\/wp\/v2\/types\/page"}],"author":[{"embeddable":true,"href":"https:\/\/www.v6.newmessage.org\/pl\/wp-json\/wp\/v2\/users\/1"}],"replies":[{"embeddable":true,"href":"https:\/\/www.v6.newmessage.org\/pl\/wp-json\/wp\/v2\/comments?post=9"}],"version-history":[{"count":432,"href":"https:\/\/www.v6.newmessage.org\/pl\/wp-json\/wp\/v2\/pages\/9\/revisions"}],"predecessor-version":[{"id":27696,"href":"https:\/\/www.v6.newmessage.org\/pl\/wp-json\/wp\/v2\/pages\/9\/revisions\/27696"}],"wp:attachment":[{"href":"https:\/\/www.v6.newmessage.org\/pl\/wp-json\/wp\/v2\/media?parent=9"}],"wp:term":[{"taxonomy":"category","embeddable":true,"href":"https:\/\/www.v6.newmessage.org\/pl\/wp-json\/wp\/v2\/categories?post=9"},{"taxonomy":"post_tag","embeddable":true,"href":"https:\/\/www.v6.newmessage.org\/pl\/wp-json\/wp\/v2\/tags?post=9"}],"curies":[{"name":"wp","href":"https:\/\/api.w.org\/{rel}","templated":true}]}}