{"id":27874,"date":"2021-02-20T18:24:37","date_gmt":"2021-02-20T18:24:37","guid":{"rendered":"https:\/\/www.newmessage.org\/pl\/?page_id=27874"},"modified":"2021-02-20T18:24:37","modified_gmt":"2021-02-20T18:24:37","slug":"swiatowe-zagrozenie","status":"publish","type":"page","link":"https:\/\/www.v6.newmessage.org\/pl\/the-message\/volume-1\/new-world\/swiatowe-zagrozenie\/","title":{"rendered":"\u015awiatowe zagro\u017cenie"},"content":{"rendered":"<div><!-- Version 7.05 --><\/div>\n\n<div class=\"tabgroup \"><ul class=\"tabs\"><li><a href=\"#tabs-1\">Pos\u0142ucha\u0107<\/a><\/li>\n<li><a href=\"#tabs-2\">Nota<\/a><\/li><\/ul>\n <div id=\"tabs-1\"><br \/>\nPos\u0142uchaj oryginalneg objawienia w j\u0119zyku angielskim:<\/p>\n<div id=\"jquery_jplayer_1\" class=\"jp-jplayer\"><\/div>\n\t\t\t\t<div id=\"jp_container_1\" class=\"jp-audio\">\n\t\t\t\t<div class=\"jp-type-single\"><div class=\"jp-control\"><a href=\"javascript:;\" class=\"jp-play\" tabindex=\"1\">play<\/a><a href=\"javascript:;\" class=\"jp-pause\" tabindex=\"1\">pause<\/a><\/div> <div class=\"jp-gui jp-interface\"><div class=\"jp-volume\"><div class=\"jp-volume-bar\"><div class=\"jp-volume-bar-value\"><\/div><\/div><\/div><div class=\"jp-progress\"><div class=\"jp-seek-bar\"><div class=\"jp-play-bar\"><\/div><\/div><\/div><\/div>\t\t\t\t\t<div class=\"jp-no-solution\"><span>Update Required<\/span>To play the media you will need to either update your browser to a recent version or update your <a href=\"http:\/\/get.adobe.com\/flashplayer\/\" target=\"_blank\">Flash plugin<\/a>.<\/div><\/div><\/div>\n\t\t\t<script type='text\/javascript'>\n\t\t\t\tjQuery(document).ready(function() {\n\t\t\t\t\tif (typeof (sermonMedia) == 'function') {\n\t\t\t\t\t\tsermonMedia.addAudio('', \"jquery_jplayer_1\");\n\t\t\t\t\t}\n\t\t\t\t\tjQuery.jPlayer.timeFormat.showHour = true;\n\t\t\t\t\tjQuery(\"#jquery_jplayer_1\").jPlayer({\n\t\t\t\t\t\tready: function(event) {\n\t\t\t\t\t\t\tjQuery(this).jPlayer(\"setMedia\", {mp3: 'https:\/\/newmessage.org\/av\/the-global-emergency.mp3'});\n\t\t\t\t\t\t},\n\t\t\t\t\t\tplay: function() {\n\t\t\t\t\t\t\tjQuery(this).jPlayer(\"pauseOthers\");\n\t\t\t\t\t\t},\n\t\t\t\t\t\tswfPath: ThemeData.directory_uri+\"\/swf\",\n\t\t\t\t\t\tsolution: \"html, flash\",\n\t\t\t\t\t\tpreload: \"metadata\",\n\t\t\t\t\t\twmode: \"window\",\n\t\t\t\t\t\tsupplied: \"mp3\",\n\t\t\t\t\t\tcssSelectorAncestor: '#jp_container_1'\n\t\t\t\t\t});\n\t\t\t\t});\n\t\t\t<\/script><\/p>\n<p><a title=\"The Global Emergency\" href=\"https:\/\/newmessage.org\/av\/the-global-emergency.mp3\">Pobierz<\/a> (kliknij prawym przyciskiem, aby pobra\u0107)<\/p>\n<p><a href=\"https:\/\/www.community.newmessage.org\/the-global-emergency\/\"><img loading=\"lazy\" decoding=\"async\" class=\"imgborder aligncenter wp-image-41425 size-medium\" src=\"https:\/\/www.newmessage.org\/wp-content\/uploads\/2019\/07\/TNW-03-The-Global-Emergency-300x157.jpeg\" alt=\"\" width=\"300\" height=\"157\" \/><\/a><\/p>\n<p><em>Otrzyma\u0142 Pos\u0142aniec Boga<br \/>\nMarshall Vian Summers<br \/>\n20 pa\u017adziernika 2015 r.<br \/>\nw Boulder, w stanie Kolorado, USA<br \/>\n<\/em><\/p>\n<div class=\"toggle toggle-white\"><h4 class=\"trigger \"><span class=\"t_ico\"><\/span><a href=\"#\">O tym nagraniu<\/a><\/h4><div class=\"toggle_container \"><br \/>\n<p>S\u0142uchasz teraz nagrania g\u0142osu <a href=\"https:\/\/www.newmessage.org\/polish-international\/important-terms\/#aa\">Zgromadzenia Anielskiego<\/a>, kt\u00f3re przemawia przez Pos\u0142a\u0144ca <a href=\"https:\/\/www.newmessage.org\/polish-international\/who-is-marshallviansummers\/\">Marshalla Viana Summersa<\/a>.<\/p>\n<p>Tutaj, oryginalny przekaz od Boga, kt\u00f3ry istnieje poza s\u0142owami, jest przet\u0142umaczony na ludzki j\u0119zyk i zrozumienie przez Zgromadzenie Anielskie, kt\u00f3re czuwa nad \u015bwiatem. Nast\u0119pnie Zgromadzenie przekazuje Bo\u017ce Pos\u0142anie przez Pos\u0142a\u0144ca.<\/p>\n<p>W tym niezwyk\u0142ym procesie,<a href=\"https:\/\/www.newmessage.org\/polish-international\/important-terms\/#voice\"> G\u0142os Objawienia<\/a> przemawia na nowo. S\u0142owo oraz D\u017awi\u0119k s\u0105 na \u015bwiecie. Po raz pierwszy w historii, nagranie oryginalnego m\u00f3wionego objawienia jest dost\u0119pne dla Ciebie oraz dla \u015bwiata. <\/p>\n<p>Oby\u015b sta\u0142 si\u0119 odbiorc\u0105 tego daru Objawienia i by\u0142 w stanie otrzyma\u0107 to niezwyk\u0142e Pos\u0142anie dla siebie i dla swojego \u017cycia.<\/p>\n<br \/>\n<\/div><\/div>\n<p><\/div>\n<div id=\"tabs-2\"><br \/>\nNota do czytelnika:<br \/>\nTo t\u0142umaczenie zosta\u0142o dostarczone do Stowarzyszenia przez studenta Nowego Pos\u0142ania, kt\u00f3ry zg\u0142osi\u0142 si\u0119 do przet\u0142umaczenia oryginalnego tekstu angielskiego. Udost\u0119pniamy \u015bwiatu to t\u0142umaczenie w jego wst\u0119pnej formie, aby ludzie mogli mie\u0107 szasn\u0119 zaznajomienia si\u0119 z cz\u0119\u015bci\u0105 Nowego Pos\u0142ania w ich w\u0142asnym j\u0119zyku.<br \/>\n<\/div>\n\t\t\t\t<div align=\"right\">\n\t\t\t<div class=\"fb-like\" data-href=\"\" data-layout=\"button_count\" data-action=\"like\" data-show-faces=\"false\" data-share=\"false\"><\/div>\n\t\t\t<div class=\"fb-share-button\" data-layout=\"button_count\"> <\/div>\n\t\t\t<div class=\"fb_iframe_widget\"><a href=\"https:\/\/twitter.com\/godsnewmessage?ref_src=twsrc%5Etfw\" class=\"twitter-follow-button\" data-show-count=\"false\">Follow @godsnewmessage<\/a><script async src=\"https:\/\/platform.twitter.com\/widgets.js\" charset=\"utf-8\"><\/script><\/div>\n\t\t\t<\/div> <\/div> \n\n<p>Ludzko\u015b\u0107 stoi u progu wielkiej, globalnej przemiany, przemiany \u015bwiata na skal\u0119 nigdy dot\u0105d nie ogl\u0105dan\u0105, spowodowan\u0105 przez niew\u0142a\u015bciwe wykorzystywanie i nadu\u017cywanie \u015bwiata, przez ludzk\u0105 ignorancj\u0119 i ludzk\u0105 chciwo\u015b\u0107. Jest to stan, kt\u00f3ry odmieni teraz \u017cycie ka\u017cdej osoby.<\/p>\n<p>Pomimo, \u017ce niewielu jest jeszcze \u015bwiadomych tego faktu, to zagro\u017cenie dotyczy ca\u0142ego \u015bwiata. Zmienili\u015bcie sk\u0142ad chemiczny atmosfery, w\u00f3d i gleb. A teraz \u015bwiat przeformowuje si\u0119 \u2013 odbywa si\u0119 to w spos\u00f3b tak gwa\u0142towny i tak niebezpieczny, \u017ce dotknie ci\u0119 to w wi\u0119kszym stopniu ni\u017c zdajesz sobie z tego spraw\u0119. Pos\u0142anie Boga dla \u015bwiata musi podnie\u015b\u0107 alarm i zapewni\u0107 przygotowanie na now\u0105 rzeczywisto\u015b\u0107 \u015bwiata. Jest to okres i zarazem punkt prze\u0142omowy, kt\u00f3ry wezwie wielu do wyro\u015bni\u0119cia ponad \u017cycie, kt\u00f3rym s\u0105 teraz zaabsorbowani, poza ich osobiste nieszcz\u0119\u015bcie i zam\u0119t, a\u017ceby s\u0142u\u017cy\u0107 \u015bwiatu w niebezpiecze\u0144stwie.<\/p>\n<p>Jest to jeden z powod\u00f3w, dla kt\u00f3rego obecna jest tu interwencja spoza waszego \u015bwiata, gdy\u017c ci, kt\u00f3rzy ceni\u0105 sobie ten \u015bwiat dostrzegaj\u0105 to, co tu zachodzi. Sprawdzali atmosfer\u0119 tego \u015bwiata. Rozumiej\u0105, co ludzko\u015b\u0107 uczyni\u0142a, aby zanieczy\u015bci\u0107 swoje powietrze, swoje zbiorniki wodne i w\u0142asn\u0105 gleb\u0119. Wydarzy\u0142o si\u0119 to ju\u017c niezliczon\u0105 ilo\u015b\u0107 razy we wszech\u015bwiecie. Jest to tam doskonale pojmowane. Tak wi\u0119c odbywa si\u0119 teraz wy\u015bcig o kontrol\u0119 nad \u015bwiatem, o zachowanie go dla u\u017cytku tych, kt\u00f3rzy pochodz\u0105 spoza niego. Widzisz, s\u0105 z tym bezpo\u015brednio powi\u0105zani. Jest to \u015bwiatowe zagro\u017cenie o skali jakiej nie jeste\u015b jeszcze \u015bwiadom.<\/p>\n<p>Jego si\u0142a mo\u017ce unicestwi\u0107 ludzk\u0105 cywilizacj\u0119. Ma moc, by przywo\u0142a\u0107 interwencj\u0119 spoza \u015bwiata. Jest na tyle pot\u0119\u017cne, by wytworzy\u0107 chaos na poziomie nigdy wcze\u015bniej nie ogl\u0105danym.<\/p>\n<p>Musisz teraz pod\u0105\u017ca\u0107 za wi\u0119ksz\u0105 pot\u0119g\u0105 obecn\u0105 w tobie, gdy\u017c narasta\u0107 b\u0119d\u0105 zatargi dooko\u0142a ciebie oraz antagonizmy na ca\u0142ym \u015bwiecie, gdy ludzkie spo\u0142ecze\u0144stwa doprowadzane s\u0105 do granic wytrzyma\u0142o\u015bci, gdy stare animozje zaczynaj\u0105 teraz obejmowa\u0107 tudzie\u017c poch\u0142ania\u0107 narody i regiony oraz gdy rywalizacja o pozostaj\u0105ce zasoby staje si\u0119 za\u017carta i niebezpieczna tworz\u0105c konflikt oraz przemoc na skal\u0119 nigdy dot\u0105d nie widzian\u0105.<\/p>\n<p>Niekt\u00f3rym b\u0119dzie si\u0119 wydawa\u0142o, \u017ce to koniec \u015bwiata, wype\u0142nienie staro\u017cytnego proroctwa, jak gdyby to by\u0142o dzie\u0142o Boga. Ale B\u00f3g nie jest sprawc\u0105 tego globalnego zagro\u017cenia. B\u00f3g jest \u015bwiadkiem. Jest to owoc ludzkiej ignorancji, samolubstwa, kr\u00f3tkowzroczno\u015bci i braku zrozumienia przysz\u0142o\u015bci oraz konsekwencji w\u0142asnych poczyna\u0144.<\/p>\n<p>B\u00f3g musi ostrzec ludzk\u0105 rodzin\u0119 przed wielkim niebezpiecze\u0144stwem, jakie wytworzy\u0142a, przed ogromnym kataklizmem, kt\u00f3ry wprawi\u0142a w ruch. Albowiem w przeci\u0105gu tego czasu ludzko\u015b\u0107 mo\u017ce si\u0119 przygotowa\u0107 i za\u0142agodzi\u0107 konsekwencje w\u0142asnych poczyna\u0144. Je\u015bli nie b\u0119dzie w stanie temu sprosta\u0107, wtedy ludzka cywilizacja b\u0119dzie zagro\u017cona w ka\u017cdym miejscu, w ka\u017cdym pa\u0144stwie. Gospodarki zostan\u0105 zrujnowane. Miliony ludzi pozostanie bez pracy. Miliony ludzi b\u0119dzie musia\u0142o opu\u015bci\u0107 ich rodzinne kraje, kt\u00f3re sta\u0142y si\u0119 ja\u0142owe i niezdatne do zamieszkania.<\/p>\n<p>Z tego powodu Nowe Objawienie Boga dla \u015bwiata musi wywo\u0142a\u0107 ten alarm i przes\u0142a\u0107 to ostrze\u017cenie. Zmienili\u015bcie klimat tego \u015bwiata. Obecnie przekszta\u0142ca si\u0119 on samoistnie. B\u0119dzie si\u0119 nadal zmienia\u0142. Przyniesie to susze, powodzie i n\u0119dz\u0119. Doprowadzi do upadku gospodarki kraj\u00f3w, kt\u00f3re b\u0119d\u0105 musia\u0142y rozprawi\u0107 si\u0119 z tymi konsekwencjami i wydarzeniami \u2013 kataklizmami, kt\u00f3re teraz b\u0119d\u0105 pojawia\u0107 si\u0119 coraz cz\u0119\u015bciej i b\u0119d\u0105 coraz bardziej niszczycielskie.<\/p>\n<p>Jest to czas, kiedy ludzko\u015b\u0107 b\u0119dzie musia\u0142a si\u0119 zjednoczy\u0107, aby ochroni\u0107 \u015bwiat i uratowa\u0107 sam\u0105 siebie. B\u00f3g jest tutaj daj\u0105c wam Ostrze\u017cenie, B\u0142ogos\u0142awie\u0144stwo oraz Przygotowanie, aby\u015bcie mogli ocali\u0107 siebie, sw\u00f3j kraj, swoje rodziny, wasze spo\u0142eczno\u015bci, aby\u015bcie uratowali ludzk\u0105 cywilizacj\u0119. Nie mo\u017cecie sobie pozwoli\u0107 na pogr\u0105\u017cenie si\u0119 w chaosie, gdy\u017c to zubo\u017cy\u0142oby pozosta\u0142e zasoby \u015bwiata pozostawiaj\u0105c stopie\u0144 ub\u00f3stwa, jakiego nie jeste\u015bcie w stanie sobie wyobrazi\u0107.<\/p>\n<p>Zgromadzenie Anielskie, kt\u00f3re nadzoruje ten \u015bwiat widzia\u0142o nadej\u015bcie tych wydarze\u0144. Zbli\u017caj\u0105 si\u0119 one szybko, przyspieszane samoczynnie, zintensyfikowane w dalszym ci\u0105gu przez nieustanne zanieczyszczanie powietrza, w\u00f3d i gleby \u2013 wprawiaj\u0105c w ruch si\u0142y, kt\u00f3rych nawet w pe\u0142ni nie rozumiecie; wprawiaj\u0105c w ruch si\u0142y przemiany i niepokoju, kt\u00f3re b\u0119d\u0105 dzia\u0142a\u0107 przeciwko ludzko\u015bci, kt\u00f3re zagro\u017c\u0105 teraz jej istnieniu.<\/p>\n<p>Jest to wy\u015bcig, by ocali\u0107 ludzk\u0105 cywilizacj\u0119. Jest to wy\u015bcig, kt\u00f3ry musi zosta\u0107 podj\u0119ty. Jest to wezwanie do ludzkiej wsp\u00f3\u0142pracy i jedno\u015bci, aby stawi\u0107 czo\u0142a rzeczywisto\u015bci nie widzianej nigdy przedtem na Ziemi w czasie ludzkiej cywilizacji. B\u00f3g wie, co si\u0119 zbli\u017ca. Zgromadzenie wie, co nadejdzie, je\u015bli ludzko\u015b\u0107 si\u0119 nie przygotuje. Albowiem wydarzy\u0142o si\u0119 to niezliczon\u0105 ilo\u015b\u0107 razy we wszech\u015bwiecie, gdzie unikalne i cudowne \u015bwiaty jak ten zostaj\u0105 zniszczone oraz zdewastowane przez ignorancj\u0119 rodzimej populacji, wyeksploatowane, spl\u0105drowane i ska\u017cone do takiego stopnia, \u017ce naturalne \u015brodowisko zaczyna podupada\u0107.<\/p>\n<p>Nie mo\u017cecie na to pozwoli\u0107. Musicie to dostrzec. Musicie stawi\u0107 temu czo\u0142a. Musicie mie\u0107 odwag\u0119, szczero\u015b\u0107 i pokor\u0119, a\u017ceby si\u0119 z tym zmierzy\u0107. Tylko pot\u0119\u017cne niebezpiecze\u0144stwo, tylko ogromne utrapienie, tylko wyj\u0105tkowa sposobno\u015b\u0107 na ludzk\u0105 jedno\u015b\u0107 i wsp\u00f3\u0142prac\u0119 zrodzona teraz z konieczno\u015bci wezwie Boga, aby przem\u00f3wi\u0142 do \u015bwiata ponownie.<\/p>\n<p>Godzina jest p\u00f3\u017ana. Ludzko\u015b\u0107 zbyt d\u0142ugo zwleka\u0142a. Jest to kryzys przewidziany przez tych, kt\u00f3rzy s\u0105 przewiduj\u0105cy i dobrze poinformowani. Nie s\u0105d\u017a, \u017ce istniej\u0105 inne problemy stoj\u0105ce przed ludzko\u015bci\u0105, kt\u00f3re mog\u0105 mierzy\u0107 si\u0119 z tym, o czym tu dzisiaj m\u00f3wimy. Nie s\u0105d\u017a, \u017ce inna, ogromna potrzeba lub wym\u00f3g przewy\u017csza to, o czym tu dzisiaj m\u00f3wimy. Jest to wielkie ostrze\u017cenie. Jest to teraz tw\u00f3j obowi\u0105zek.<\/p>\n<p>Nadbrze\u017cne miasta i porty tego \u015bwiata mog\u0105 zosta\u0107 zalane w ci\u0105gu 30 lat. Ziemie wyschn\u0105. Uprawy nie wydadz\u0105 plon\u00f3w. Nast\u0105pi wielka migracja ludzi na skal\u0119 nigdy nie ogl\u0105dan\u0105 z rosn\u0105cym konfliktem i wielkim utrapieniem. B\u0119dzie to obezw\u0142adniaj\u0105ca sytuacja, je\u015bli ludzko\u015b\u0107 si\u0119 nie przygotuje.<\/p>\n<p>Jest to najwa\u017cniejsza sprawa na \u015bwiecie. Wymaga\u0107 b\u0119dzie wszystkich zasob\u00f3w, talent\u00f3w, umiej\u0119tno\u015bci i wsp\u00f3\u0142pracy ludzko\u015bci, aby stawi\u0107 temu czo\u0142a i zabezpieczy\u0107 przysz\u0142o\u015b\u0107 rasy ludzkiej na \u015bwiecie, kt\u00f3ry si\u0119 teraz zmieni\u0142, w kt\u00f3rym \u017cycie zosta\u0142o utrudnione i sta\u0142o si\u0119 bardziej ryzykowne. B\u0119dzie to najwi\u0119ksze ludzkie przedsi\u0119wzi\u0119cie w historii tego \u015bwiata.<\/p>\n<p>Jednakowo\u017c, ludzko\u015b\u0107 musi si\u0119 zjednoczy\u0107. Musi zako\u0144czy\u0107 teraz swoje nieko\u0144cz\u0105ce si\u0119 konflikty i niszcz\u0105c\u0105 rywalizacj\u0119, albo narody upadn\u0105 jak domino. A ich kryzysy b\u0119d\u0105 tak druzgoc\u0105ce, \u017ce przewy\u017csz\u0105 zdolno\u015b\u0107 ludzko\u015bci do rozprawienia si\u0119 z tym w przysz\u0142o\u015bci, je\u015bli rasa ludzka nie b\u0119dzie mog\u0142a i nie poczyni przygotowa\u0144. M\u00f3wili\u015bmy o tym niejednokrotnie, ale ten kryzys narasta. Przybiera on na sile.<\/p>\n<p>B\u00f3g mi\u0142uje ludzko\u015b\u0107, inaczej B\u00f3g patrzy\u0142by w inn\u0105 stron\u0119 i pozwoli\u0142, aby\u015bcie zmierzyli si\u0119 z gorzkimi owocami waszych poczyna\u0144 i zostali przez nie poch\u0142oni\u0119ci. Lecz B\u00f3g kocha ten \u015bwiat i pragnie uczyni\u0107 z ludzko\u015bci woln\u0105 tudzie\u017c rozwijaj\u0105c\u0105 si\u0119 ras\u0119 we wszech\u015bwiecie, gdzie wolno\u015b\u0107 jest rzadka i gdzie \u015bwiaty takie jak ten s\u0105 rzadkie i trudne do odnalezienia.<\/p>\n<p>Rasy spoza tego \u015bwiata mierzy\u0142y si\u0119 ju\u017c z takimi problemami. Jest to rzecz\u0105 znan\u0105 i dlatego te\u017c eksploatacja Ziemi teraz oraz Interwencja s\u0105 podejmowane z tak\u0105 determinacj\u0105 i bez u\u017cycia si\u0142y. Albowiem tych kilka nacji, kt\u00f3re s\u0105 w to zaanga\u017cowane nie chc\u0105 w wi\u0119kszym stopniu zdegradowa\u0107 \u015bwiat poprzez konflikt, b\u0119d\u0105 polega\u0142y na ludzkiej pracy i kooperacji, aby roztoczy\u0107 tutaj swoje panowanie. Nie pragn\u0105 one zniszczenia ludzko\u015bci, ale u\u017cycia rasy ludzkiej dla w\u0142asnych cel\u00f3w. A odk\u0105d podb\u00f3j nie jest dozwolony w tej cz\u0119\u015bci wszech\u015bwiata, inne \u015brodki musz\u0105 zosta\u0107 podj\u0119te: podst\u0119p i perswazja \u2013 znacznie doskonalsze bronie, ni\u017c jeste\u015b tego \u015bwiadom. Ludzie s\u0105 poch\u0142oni\u0119ci samymi sob\u0105. S\u0105 op\u0119tani \u017c\u0105dz\u0105 posiadania. Bogaci s\u0105 z\u0142apani w sid\u0142a chciwo\u015bci, zam\u0119tu i rozczarowania. Biedni z coraz wi\u0119kszymi trudno\u015bciami walcz\u0105 o przetrwanie. Rz\u0105dy s\u0105 zaanga\u017cowane w podtrzymywanie rzeczywisto\u015bci, kt\u00f3ra mo\u017ce jedynie w wi\u0119kszym stopniu zubo\u017cy\u0107 ten \u015bwiat.<\/p>\n<p>Nie s\u0105d\u017a, \u017ce b\u0119dzie to proste. Nie s\u0105d\u017a, \u017ce kilka rzeczy b\u0119dzie zdolnych do zmiany kursu, na jakim obecnie jest ludzko\u015b\u0107. Niech ci si\u0119 nie wydaje, \u017ce istniej\u0105 proste i podstawowe rozwi\u0105zania. Jest tysi\u0105c rozwi\u0105za\u0144, kt\u00f3rych b\u0119dziesz potrzebowa\u0107, ale masz tylko kilka. B\u0119dziesz musia\u0142 znale\u017a\u0107 pozosta\u0142e, a to b\u0119dzie wymaga\u0142o wielkiego ludzkiego wysi\u0142ku i wsp\u00f3\u0142pracy, a\u017ceby uczyni\u0107 to mo\u017cliwym.<\/p>\n<p>\u017byjesz podczas \u015bwiatowego zagro\u017cenia. Nie mniemaj, \u017ce nie wywrze to wp\u0142ywu na ciebie ani na twoje \u017cycie w spos\u00f3b dog\u0142\u0119bny i kompletny. Mo\u017ce przywie\u015b\u0107 gospodarki do ruiny. Mo\u017ce doprowadzi\u0107 do masowego g\u0142odu i \u015bmierci. Mo\u017ce rozp\u0119ta\u0107 dzia\u0142ania wojenne, nieustanne walki na skal\u0119 nigdy dot\u0105d nie ogl\u0105dan\u0105. Mo\u017ce wywo\u0142a\u0107 kl\u0119ski tak gwa\u0142towne i tak nieprzerwane, jak gdyby natura zwr\u00f3ci\u0142a si\u0119 przeciwko ludzko\u015bci zagro\u017cona tym, co ludzko\u015b\u0107 wykreowa\u0142a \u2013 \u015bwiat, jaki ukszta\u0142towa\u0142a, przemian\u0119, jak\u0105 spowodowa\u0142a, zniszczenie, do jakiego doprowadzi\u0142a \u2013 sprowadzone na inne \u017cycie, a teraz na sam\u0105 siebie.<br \/>\nJest to wezwanie do ka\u017cdego narodu, ka\u017cdej religii. B\u00f3g dostarczy\u0142 kluczowe przygotowanie, kt\u00f3re musi zosta\u0107 podj\u0119te, je\u017celi ludzko\u015b\u0107 b\u0119dzie mia\u0142a odwag\u0119, determinacj\u0119 i wizj\u0119, aby widzie\u0107 to, co nale\u017cy uczyni\u0107, a\u017ceby podj\u0105\u0107 dzia\u0142ania, kt\u00f3re musz\u0105 zosta\u0107 podj\u0119te i nawi\u0105za\u0107 wsp\u00f3\u0142prac\u0119, kt\u00f3ra musi zosta\u0107 nawi\u0105zana.<\/p>\n<p>Nie wystarczy skupi\u0107 si\u0119 tylko na walce z ub\u00f3stwem b\u0105d\u017a zaprowadzaniu wi\u0119kszej sprawiedliwo\u015bci tam, gdzie jest potrzebna w tak wielu miejscach. Nie wystarczy tylko rozs\u0105dniej korzysta\u0107 ze \u015bwiata. Nie wystarczy tylko zaprzesta\u0107 zanieczyszczania samego \u015brodowiska naturalnego. B\u0119dziecie musieli sch\u0142odzi\u0107 planet\u0119 \u2013 zadanie znacznie wykraczaj\u0105ce poza to, co kiedykolwiek zosta\u0142o osi\u0105gni\u0119te, ale wci\u0105\u017c w zasi\u0119gu r\u0119ki. B\u0119dzie to jednak wymaga\u0142o radykalnej redystrybucji zasob\u00f3w, przekierowania ludzkiej woli oraz zamierzenia, wielkiego wykorzystania ca\u0142ej nauki rasy ludzkiej i jej zdolno\u015bci. B\u0119dziecie musieli sch\u0142odzi\u0107 planet\u0119.<\/p>\n<p>To globalne zagro\u017cenie odmieni wszystko, czym ludzko\u015b\u0107 jest obecnie poch\u0142oni\u0119ta. B\u0119dziecie musieli ponownie zasadzi\u0107 lasy, dokona\u0107 rekultywacji gleby i oczy\u015bci\u0107 rzeki. Ludzie b\u0119d\u0105 musieli \u017cy\u0107 bardzo skromnie, gdy\u017c ca\u0142e bogactwo \u015bwiata zostanie na to przeznaczone. Nie ma schronienia dla bogatych. Nie ma rzeczywistej izolacji dla uprzywilejowanych; albowiem wszystko co posiadaj\u0105 b\u0119dzie zagro\u017cone przez rzeczy, o kt\u00f3rych tutaj m\u00f3wimy.<\/p>\n<p>To Wielka Mi\u0142o\u015b\u0107 Boga przynosi wam to ostrze\u017cenie. Niech ci si\u0119 nie wydaje, \u017ce jest ono w jakim\u015b stopniu przesadzone, gdy\u017c nie m\u00f3wimy ci jeszcze wszystkiego. Nie m\u00f3wimy ci wszystkiego, gdy\u017c nie posiadasz jeszcze zdolno\u015bci, odwagi czy determinacji, aby to us\u0142ysze\u0107 i stawi\u0107 temu czo\u0142a.<\/p>\n<p>Wielu zignoruje to, o czym tobie m\u00f3wimy. Wielu nie odpowie. I zostan\u0105 oni zagarni\u0119ci, gdy uderz\u0105 Wielkie Fale \u2013 nie\u015bwiadomi, nieprzygotowani \u2013 albowiem nie dostrzegli, jak to nadci\u0105ga, nie us\u0142uchali by ostrze\u017cenia i nie rozpoznali by znak\u00f3w. Zmie\u0144 swoje \u017cycie. Upro\u015b\u0107 je. Korzystaj z jak najmniejszej ilo\u015bci zasob\u00f3w, jak tylko mo\u017cesz. Wsp\u00f3\u0142pracuj. Przebaczaj. B\u0105d\u017a \u015bwiadom tego, co si\u0119 dzieje w twoim \u015bwiecie. Wypatruj wielkiego kryzysu gromadz\u0105cego si\u0119 na horyzoncie. Patrz z obiektywizmem, szczerze i z tak\u0105 odwag\u0105, jak\u0105 jeste\u015b w stanie zebra\u0107.<\/p>\n<p>B\u00f3g podarowa\u0142 ci wielk\u0105 si\u0142\u0119 i determinacj\u0119, by wyros\u0142a na t\u0119 okazj\u0119 \u2013 najwi\u0119ksz\u0105 sposobno\u015b\u0107 w ca\u0142ej ludzkiej historii, mo\u017cliwo\u015b\u0107, kt\u00f3ra zadecyduje o przysz\u0142o\u015bci ka\u017cdej osoby oraz waszych dzieci i waszych przysz\u0142ych pokole\u0144. B\u00f3g da\u0142 ci moc i determinacj\u0119 na poziomie Wiedzy, Wiedzy, kt\u00f3ra przebywa w tobie poza powierzchni\u0105 twojego umys\u0142u, poza twoim intelektem oraz wszystkimi jego problemami i narzekaniami.<\/p>\n<p>To na tym poziomie ludzie musz\u0105 zosta\u0107 pobudzeni, inaczej nie b\u0119d\u0105 mieli ni odwagi ni determinacji, odwagi lub szczero\u015bci albo wsp\u00f3\u0142czucia, by stawi\u0107 czo\u0142a czemu\u015b o tej wielko\u015bci. I w\u0142a\u015bnie dlatego B\u00f3g daje ci klucz, tajny sk\u0142adnik, jedyn\u0105 rzecz, kt\u00f3ra wszystko odmieni \u2013 uczyni r\u00f3\u017cnic\u0119 w twoim \u017cyciu jako jednostki i r\u00f3\u017cnic\u0119 w \u017cyciu ludzko\u015bci jako ca\u0142o\u015bci. Albowiem B\u00f3g umie\u015bci\u0142 wnikliwsz\u0105 Wiedz\u0119 w tobie. Nie jest zepsuta ani ska\u017cona przez \u015bwiat ani wszystkie jego iluzje, tragedie, nieszcz\u0119\u015bcia i zniszczenia.<\/p>\n<p>B\u00f3g podarowa\u0142 ci si\u0142\u0119, kt\u00f3rej b\u0119dziesz potrzebowa\u0142 i kt\u00f3ra zosta\u0142a dostarczona w Nowym Objawieniu Boga dla \u015bwiata, by\u0107 mo\u017ce najwa\u017cniejszym Objawieniu kiedykolwiek podarowanym \u2013 danym teraz, aby ocali\u0107 ludzko\u015b\u0107 od siebie samej; dor\u0119czonym teraz, a\u017ceby ochroni\u0107 ludzk\u0105 cywilizacj\u0119; ofiarowanym teraz, by zbawi\u0107 wszystkich, kt\u00f3rzy mog\u0105 na nie odpowiedzie\u0107; przekazanym teraz z wielk\u0105 pilno\u015bci\u0105, wielkim ostrze\u017ceniem, ale r\u00f3wnie\u017c z wielkim B\u0142ogos\u0142awie\u0144stwem Stw\u00f3rcy. Albowiem B\u00f3g nie pragnie ujrze\u0107 waszego upadku w chwili najwi\u0119kszej potrzeby. Nie wycofuj si\u0119 do twojego boja\u017aliwego, ma\u0142ego \u017cycia. Nie wchod\u017a z powrotem do cieni. Nie zajmuj si\u0119 drobnymi sprawami b\u0105d\u017a bezmy\u015blnymi romansami, kt\u00f3re donik\u0105d nie doprowadz\u0105 w zmieniaj\u0105cym si\u0119 \u015bwiecie. Jest to wezwanie, aby wznie\u015b\u0107 si\u0119 na wy\u017cyny najwi\u0119kszej sposobno\u015bci w historii. Jest to wezwanie do potrzeby tak wielkiej i tak dog\u0142\u0119bnej, \u017ce nawet gdyby\u015b rozpozna\u0142 j\u0105 cho\u0107 cz\u0119\u015bciowo, to kompletnie przeorientowa\u0142aby twoje priorytety, twoje dzia\u0142ania i twoje intencje.<\/p>\n<p>Wielkie Fale przemian ujawni\u0105 ludzkie zepsucie, ludzkie z\u0142udzenie, ludzk\u0105 ignorancj\u0119 i g\u0142upot\u0119. Ale maj\u0105 r\u00f3wnie\u017c moc, by wytworzy\u0107 si\u0142\u0119 tak pot\u0119\u017cn\u0105, \u017ce wi\u0119kszy atrybut ludzko\u015bci, wy\u017cszy cel i wspanialszy talent od Stw\u00f3rcy mog\u0105 zosta\u0107 uaktywnione i doprowadzone ku wielkiej s\u0142u\u017cbie \u015bwiatu.<\/p>\n<p>Jednakowo\u017c, aby dostrzec rozwi\u0105zanie, musisz ujrze\u0107 wyzwanie. Musisz widzie\u0107 globalne zagro\u017cenie. I musisz by\u0107 jego cz\u0119\u015bci\u0105, gdy\u017c jeste\u015b cz\u0119\u015bci\u0105 tego. Musisz odnale\u017a\u0107 w\u0142asne miejsce i swoj\u0105 rol\u0119. Musisz by\u0107 przygotowany przez Objawienie. Musisz uzyska\u0107 oczy, aby widzie\u0107 i uszy, aby s\u0142ysze\u0107. Je\u015bli jeste\u015b w stanie to uczyni\u0107, twoja indywidualna rola na \u015bwiecie b\u0119dzie z wolna wy\u0142ania\u0107 si\u0119, gdy b\u0119dziesz doprowadza\u0142 swoje \u017cycie do porz\u0105dku, a tak\u017ce gdy pozyskasz wizj\u0119 tego, co odbywa si\u0119 w twoim \u015bwiecie i w twoim \u017cyciu.<\/p>\n<p>Nie szukaj o\u015bwiecenia. Nie szukaj ucieczki, gdy\u017c ona nie istnieje. Jest tylko wnoszenie wk\u0142adu i wsp\u00f3\u0142praca albo pora\u017cka i katastrofa.<\/p>\n<p>Niech to b\u0119dzie twoim rozumieniem.<\/p>\n","protected":false},"excerpt":{"rendered":"<p>Ludzko\u015b\u0107 stoi u progu wielkiej, globalnej przemiany, przemiany \u015bwiata na skal\u0119 nigdy dot\u0105d nie ogl\u0105dan\u0105, spowodowan\u0105 przez niew\u0142a\u015bciwe wykorzystywanie i nadu\u017cywanie \u015bwiata, przez ludzk\u0105 ignorancj\u0119 i ludzk\u0105 chciwo\u015b\u0107. Jest to stan, kt\u00f3ry odmieni teraz \u017cycie ka\u017cdej osoby. Pomimo, \u017ce niewielu jest jeszcze \u015bwiadomych tego faktu, to zagro\u017cenie dotyczy ca\u0142ego \u015bwiata. Zmienili\u015bcie sk\u0142ad chemiczny atmosfery, w\u00f3d\u2026 <a class=\"read-more\" href=\"https:\/\/www.v6.newmessage.org\/pl\/about-recording-shortcode\/\"><span>Read More<\/span><\/a><\/p>\n","protected":false},"author":22,"featured_media":0,"parent":16482,"menu_order":0,"comment_status":"closed","ping_status":"closed","template":"template-leftsidebar.php","meta":{"_monsterinsights_skip_tracking":false,"_monsterinsights_sitenote_active":false,"_monsterinsights_sitenote_note":"","_monsterinsights_sitenote_category":0,"footnotes":""},"categories":[44,76,463,460],"tags":[642],"_links":{"self":[{"href":"https:\/\/www.v6.newmessage.org\/pl\/wp-json\/wp\/v2\/pages\/27874"}],"collection":[{"href":"https:\/\/www.v6.newmessage.org\/pl\/wp-json\/wp\/v2\/pages"}],"about":[{"href":"https:\/\/www.v6.newmessage.org\/pl\/wp-json\/wp\/v2\/types\/page"}],"author":[{"embeddable":true,"href":"https:\/\/www.v6.newmessage.org\/pl\/wp-json\/wp\/v2\/users\/22"}],"replies":[{"embeddable":true,"href":"https:\/\/www.v6.newmessage.org\/pl\/wp-json\/wp\/v2\/comments?post=27874"}],"version-history":[{"count":1,"href":"https:\/\/www.v6.newmessage.org\/pl\/wp-json\/wp\/v2\/pages\/27874\/revisions"}],"predecessor-version":[{"id":27875,"href":"https:\/\/www.v6.newmessage.org\/pl\/wp-json\/wp\/v2\/pages\/27874\/revisions\/27875"}],"up":[{"embeddable":true,"href":"https:\/\/www.v6.newmessage.org\/pl\/wp-json\/wp\/v2\/pages\/16482"}],"wp:attachment":[{"href":"https:\/\/www.v6.newmessage.org\/pl\/wp-json\/wp\/v2\/media?parent=27874"}],"wp:term":[{"taxonomy":"category","embeddable":true,"href":"https:\/\/www.v6.newmessage.org\/pl\/wp-json\/wp\/v2\/categories?post=27874"},{"taxonomy":"post_tag","embeddable":true,"href":"https:\/\/www.v6.newmessage.org\/pl\/wp-json\/wp\/v2\/tags?post=27874"}],"curies":[{"name":"wp","href":"https:\/\/api.w.org\/{rel}","templated":true}]}}