{"id":27844,"date":"2020-10-28T04:44:49","date_gmt":"2020-10-28T04:44:49","guid":{"rendered":"https:\/\/www.newmessage.org\/pl\/?page_id=27844"},"modified":"2020-10-28T04:48:00","modified_gmt":"2020-10-28T04:48:00","slug":"the-community-site","status":"publish","type":"page","link":"https:\/\/www.v6.newmessage.org\/pl\/about-the-worldwide-community\/the-community-site\/","title":{"rendered":"Strona Spo\u0142eczno\u015bci"},"content":{"rendered":"<p><a href=\"https:\/\/www.community.newmessage.org\/\"><img loading=\"lazy\" decoding=\"async\" class=\"imgborder aligncenter wp-image-29399 size-full\" src=\"https:\/\/www.newmessage.org\/fr\/wp-content\/uploads\/sites\/38\/2020\/07\/CS-logo.png\" alt=\"\" width=\"504\" height=\"127\" \/><\/a><\/p>\n<p>Strona Spo\u0142eczno\u015bci jest globalnym domem\u00a0 dla student\u00f3w Nowego Pos\u0142ania na ca\u0142ym \u015bwiecie. Prowadzona przez Stowarzyszenie na rzecz Nowego Pos\u0142ania, ta Strona zapewnia miejsce, w kt\u00f3rym mo\u017cesz gromadzi\u0107 si\u0119 razem z innymi, kt\u00f3rzy s\u0105 poruszeni przez <a href=\"http:\/\/www.newmessage.org\/pl\">Nowe Pos\u0142anie<\/a>, <a href=\"https:\/\/www.sprzymierzency.org\/\">Sprawozdania Sprzymierze\u0144c\u00f3w Ludzko\u015bci<\/a> oraz <a href=\"https:\/\/www.newmessage.org\/pl\/who-is-marshallviansummers\/\">nauczania Marshalla Viana Summersa<\/a> i stworzy\u0107 znacz\u0105ce relacje s\u0142u\u017c\u0105ce \u015bwiatu w potrzebie. Ta strona internetowa zosta\u0142a stworzona jako jedno, wielozadaniowe miejsce dla student\u00f3w Nowego Pos\u0142ania oraz innych os\u00f3b z ca\u0142ego \u015bwiata, aby zaanga\u017cowa\u0107 si\u0119 w nauczania Nowego Pos\u0142ania, nawi\u0105za\u0107 kontakt z Pos\u0142a\u0144cem Marshallem Vianem Summersem, <a href=\"https:\/\/www.newmessage.org\/pl\/about-the-worldwide-community\/society\/\">Stowarzyszeniem na rzecz Nowego Pos\u0142ania<\/a> i innymi studentami na \u015bwiecie. Ta strona internetowa jest r\u00f3wnie\u017c miejscem dla Pos\u0142a\u0144ca i Stowarzyszenia do bezpo\u015bredniego kontaktowania si\u0119 z tob\u0105 oraz innymi w zakresie Nowego Pos\u0142ania, jego misji, jego naucza\u0144 i jego m\u0105dro\u015bci oraz jego ruchu na \u015bwiecie. I jest to miejsce dla ciebie, aby\u015b komunikowa\u0142 si\u0119 bezpo\u015brednio z nami oraz innymi studentami Nowego Pos\u0142ania. Ta wizja obejmuje bezpo\u015brednie wys\u0142uchanie Pos\u0142a\u0144ca. Uczenie si\u0119 bezpo\u015brednio od Patricii i Reed\u2019a Summers\u00f3w oraz innych cz\u0142onk\u00f3w Stowarzyszenia. Ka\u017cdy student jest cz\u0119\u015bci\u0105 \u0142a\u0144cucha rozpowszechniania wa\u017cnych wiadomo\u015bci i wydarze\u0144 w trakcie realizacji misji Nowego Pos\u0142ania&#8230; od nowych Objawie\u0144 otrzymanych przez Pos\u0142a\u0144ca, Relacje udost\u0119pniane w tym procesie, nowych Naucza\u0144, nagra\u0144 wideo oraz informacji, kt\u00f3re s\u0105 publikowane, aby dalej poszerza\u0107 obecno\u015b\u0107 oraz pot\u0119g\u0119 Nowego Pos\u0142ania w naszym \u017cyciu i na \u015bwiecie. I wzajemne anga\u017cowanie si\u0119 w podejmowanie i do\u015bwiadczanie wyzwa\u0144 oraz korzy\u015bci Nowego Pos\u0142ania w naszym \u017cyciu. Ty oraz inni wnosicie energi\u0119 i \u017cywotno\u015b\u0107 do tej strony internetowej, kt\u00f3re umo\u017cliwi\u0105 jej sta\u0107 si\u0119 \u015brodowiskiem relacji, nauki i wnoszenia wk\u0142adu. Im wi\u0119cej uczestniczysz w tej spo\u0142eczno\u015bci, tym wi\u0119cej mo\u017cesz zyska\u0107 na swoich wysi\u0142kach. Gdy stworzysz nazw\u0119 u\u017cytkownika, has\u0142o i ustalisz preferencje zwi\u0105zane z profilem, mo\u017cesz do\u0142\u0105czy\u0107 do grup, kt\u00f3rymi jeste\u015b zainteresowany. W ramach tego b\u0119dziesz m\u00f3g\u0142 bezpo\u015brednio komunikowa\u0107 si\u0119 z innymi w tych grupach, otrzymywa\u0107 powiadomienia o nowinach i aktywno\u015bciach w tej grupie oraz umieszcza\u0107 tam r\u00f3wnie\u017c swoje przemy\u015blenia i komentarze. Mo\u017cesz zapisa\u0107 si\u0119 i uczestniczy\u0107 w Otwartej Szkole on-line Nowego Pos\u0142ania na stronie internetowej, jak i obejrze\u0107 poprzednie sesje Szko\u0142y. Fora Nowego Pos\u0142ania s\u0105 tutaj i b\u0119d\u0105 s\u0142u\u017cy\u0107 jako otwarte miejsce do dzielenia si\u0119 przemy\u015bleniami, spostrze\u017ceniami oraz pomys\u0142ami dotycz\u0105cymi wa\u017cnych temat\u00f3w i dziedzin Nowego Pos\u0142ania, Studiowania i zastosowania ich na \u015bwiecie. Mo\u017cesz dowiedzie\u0107 si\u0119 wi\u0119cej na temat Stowarzyszenia oraz struktury i roli tej organizacji, jak s\u0142u\u017cy i wspiera Nowe Pos\u0142anie oraz Pos\u0142a\u0144ca. Mo\u017cesz przejrze\u0107 materia\u0142y z wydarze\u0144 z przesz\u0142o\u015bci, kt\u00f3re by\u0142y organizowane przez Stowarzyszenie, takie jak Zgromadzenie, Czuwanie Pos\u0142a\u0144ca i Czuwanie ku czi Krokom do Wiedzy.<\/p>\n<p><a href=\"https:\/\/www.community.newmessage.org\/\"><img loading=\"lazy\" decoding=\"async\" class=\"imgborder aligncenter wp-image-29399 size-full\" src=\"https:\/\/www.newmessage.org\/fr\/wp-content\/uploads\/sites\/38\/2020\/07\/CS-logo.png\" alt=\"\" width=\"504\" height=\"127\" \/><\/a><\/p>\n<h2><strong>Cz\u0119sto Zadawane Pytania<\/strong><\/h2>\n<p><strong>Czym jest \u015awiatowa Spo\u0142eczno\u015b\u0107 Nowego Pos\u0142ania?<\/strong><\/p>\n<p>Prosz\u0119 klikn\u0105\u0107 poni\u017cszy link, aby dowiedzie\u0107 si\u0119 wi\u0119cej na temat \u015awiatowej Spo\u0142eczno\u015bci Nowego Pos\u0142ania Boga:<\/p>\n<ul>\n<li><a href=\"https:\/\/www.newmessage.org\/pl\/about-the-worldwide-community\/\">O \u015awiatowej Spo\u0142eczno\u015bci<\/a><\/li>\n<li>Objawienie: <a href=\"https:\/\/www.newmessage.org\/pl\/about-the-worldwide-community\/\">\u015awiatowa Spo\u0142eczno\u015b\u0107 Nowego Pos\u0142ania Bo\u017cego<\/a><\/li>\n<li><a href=\"https:\/\/www.newmessage.org\/pl\/the-message\/\">Wprowadzenie do Nowego Pos\u0142ania<\/a><\/li>\n<li><a href=\"https:\/\/www.newmessage.org\/pl\/who-is-marshallviansummers\/\">Kim jest Marshall Vian Summers<\/a><\/li>\n<\/ul>\n<p><strong>Czym jest Strona \u015awiatowej Spo\u0142eczno\u015bci?\u00a0 (community.newmessage.org)<\/strong><\/p>\n<p>Strona internetowa \u015awiatowej Spo\u0142eczno\u015bci jest miejscem dla student\u00f3w Nowego Pos\u0142ania od Boga oraz innych os\u00f3b na ca\u0142ym \u015bwiecie, aby nawi\u0105za\u0107 kontakt z Pos\u0142a\u0144cem Marshallem Vianem Summersem, Stowarzyszeniem na rzecz Nowego Pos\u0142ania i sob\u0105 nawzajem. Jest to miejsce dla student\u00f3w, aby wys\u0142ucha\u0107 i rozwa\u017cy\u0107 m\u0105dro\u015b\u0107, nauczania i spostrze\u017cenia dotycz\u0105ce Nowego Pos\u0142ania oraz Drogi Wiedzy od samego Pos\u0142a\u0144ca, od nauczycieli Nowego Pos\u0142ania, Patricii i Reed\u2019a Summers\u00f3w, od cz\u0142onk\u00f3w Stowarzyszenia i od siebie nawzajem. Jest to miejsce, aby rozpocz\u0105\u0107 i rozwin\u0105\u0107 znacz\u0105ce relacje w s\u0142u\u017cbie misji Nowego Pos\u0142ania i jego Pos\u0142a\u0144ca we wniesieniu Nowego Objawienia od Boga do \u015bwiata. Jest to miejsce, jakie mo\u017ce zapewni\u0107 \u015brodowisko, w kt\u00f3rym nasz proces studiowania m\u00f3g\u0142 rozwija\u0107 si\u0119 i kwitn\u0105\u0107.<\/p>\n<p><strong>Czy jest to portal spo\u0142eczno\u015bciowy?<\/strong><\/p>\n<p>Podczas gdy podstawowa struktura i funkcje na tej stronie s\u0105 podobne do portali spo\u0142eczno\u015bciowych, ta strona internetowa s\u0142u\u017cy jako platforma do studiowania, uczenia si\u0119, lub wspierania Nowego Pos\u0142ania od Boga. Jest ona dost\u0119pna dla wszystkich, kt\u00f3rzy s\u0105 szczerze zainteresowani w dzieleniu si\u0119 swoimi do\u015bwiadczeniami, pytaniami i spostrze\u017ceniami z innymi, kt\u00f3rzy r\u00f3wnie\u017c s\u0105 zaanga\u017cowani w ten proces. Ta strona internetowa i jej \u015brodowisko koncentruje si\u0119 na wyj\u0105tkowej misji Nowego Pos\u0142ania od Boga, jego relacji z ka\u017cdym z nas i ze \u015bwiatem.<\/p>\n<p><strong>Jaki rodzaj zawarto\u015bci jest dost\u0119pny na tej stronie?<\/strong><\/p>\n<p>Nauczania, modlitwy, spostrze\u017cenia i wiadomo\u015bci od Pos\u0142a\u0144ca Marshalla Viana Summersa. Otwarta Szko\u0142a on-line Nowego Pos\u0142ania oraz czat na \u017cywo s\u0105 tutaj. Naj\u015bwie\u017csze nowiny i wiadomo\u015bci od Pos\u0142a\u0144ca, jego rodziny i Stowarzyszenia. R\u00f3\u017cne fora s\u0142u\u017c\u0105ce Nowemu Pos\u0142aniu i wi\u0119cej&#8230;<\/p>\n<p><strong>Czy Strona \u015awiatowej Spo\u0142eczno\u015bci jest dost\u0119pna w j\u0119zykach innych ni\u017c angielski? <\/strong><\/p>\n<p>Jeszcze nie do ko\u0144ca, ale wkr\u00f3tce. W mi\u0119dzyczasie s\u0105 formowane i rozrastaj\u0105 si\u0119 mi\u0119dzynarodowe Grupy j\u0119zykowe, gdzie mo\u017cesz komunikowa\u0107 si\u0119 z osobami m\u00f3wi\u0105cymi w twoim j\u0119zyku.<\/p>\n<p><strong>Kto mo\u017ce do\u0142\u0105czy\u0107 do Strony Internetowej? <\/strong><\/p>\n<p>Ka\u017cdy, kto odczuwa zainteresowanie uczeniem si\u0119 i \u017cyciem Nowym Pos\u0142aniem od Boga oraz komunikowaniem si\u0119 z rosn\u0105c\u0105 \u015bwiatow\u0105 spo\u0142eczno\u015bci\u0105 student\u00f3w Nowego Pos\u0142ania.<\/p>\n<p><strong>Czy do\u0142\u0105czenie jest p\u0142atne? <\/strong><\/p>\n<p>Do\u0142\u0105czenie jest bezp\u0142atne. Jest darmowe dzi\u0119ki finansowemu wsparciu tych wszystkich, kt\u00f3rzy czuj\u0105 si\u0119 wezwani do finansowego wspierania Nowego Pos\u0142ania od Boga.<\/p>\n<p><strong>W jaki spos\u00f3b mog\u0119 utworzy\u0107 konto?<\/strong><\/p>\n<p>Dokonuj\u0105c rejestracji i loguj\u0105c si\u0119 utworzy\u0142e\u015b konto. Je\u015bli ju\u017c by\u0142e\u015b cz\u0142onkiem Otwartej Szko\u0142y, twoje konto zosta\u0142o tutaj przeniesione wraz z t\u0105 sam\u0105 nazw\u0105 u\u017cytkownika oraz has\u0142em. Zapraszamy ci\u0119 do strony twojego \u201cprofilu\u201d i uzupe\u0142nienia dalszych informacji, kt\u00f3re chcia\u0142by\u015b pokaza\u0107 innym.<\/p>\n<p><strong>Czym s\u0105 Grupy? <\/strong><\/p>\n<p>Grupy pozwalaj\u0105 u\u017cytkownikom na publikowanie, komunikowanie si\u0119 i komentowanie oraz czytanie informacji z w\u0142asnej dziedziny zainteresowa\u0144. Grup\u0119 mo\u017cna uzna\u0107 za mniejsz\u0105 spo\u0142eczno\u015b\u0107 z okre\u015blonymi obszarami zainteresowa\u0144, czy dzia\u0142alno\u015bci, kt\u00f3ra funkcjonuje w ramach tej wi\u0119kszej zbiorowo\u015bci.<\/p>\n<p><strong>Czym jest Pasmo Aktywno\u015bci?<\/strong><\/p>\n<p>Pasmo Aktywno\u015bci jest list\u0105 ostatniej aktywno\u015bci przeprowadzonych przez jedn\u0105 lub wi\u0119cej os\u00f3b na tej stronie internetowej, kt\u00f3re s\u0105 ci pokazywane, kiedy jeste\u015b zalogowany na stronie.<\/p>\n<p><strong>Czy mog\u0119 kopiowa\u0107 tre\u015bci tutaj zawarte do innych stron? (np. Facebook\u2019a, Twitter\u2019a?) <\/strong><\/p>\n<p>Prosimy, aby zawarto\u015b\u0107 tej strony internetowej pozosta\u0142a tutaj i nie by\u0142a udost\u0119pniana na innych stronach i portalach. Zach\u0119camy natomiast do umieszczania odno\u015bnik\u00f3w prowadz\u0105cych do dowolnego miejsca na stronie Spo\u0142eczno\u015bci podczas udost\u0119pniania ich w mediach spo\u0142eczno\u015bciowych lub innych witrynach (uwaga: w celu uzyskania dost\u0119pu do odno\u015bnika wymagana b\u0119dzie rejestracja).<\/p>\n","protected":false},"excerpt":{"rendered":"<p>Strona Spo\u0142eczno\u015bci jest globalnym domem  dla student\u00f3w Nowego Pos\u0142ania na ca\u0142ym \u015bwiecie. Prowadzona przez Stowarzyszenie na rzecz Nowego Pos\u0142ania, ta Strona zapewnia miejsce, w kt\u00f3rym mo\u017cesz gromadzi\u0107 si\u0119 razem z innymi, kt\u00f3rzy s\u0105 poruszeni przez Nowe Pos\u0142anie, Sprawozdania Sprzymierze\u0144c\u00f3w Ludzko\u015bci oraz nauczania Marshalla Viana Summersa i stworzy\u0107 znacz\u0105ce relacje s\u0142u\u017c\u0105ce \u015bwiatu w potrzebie.<\/p>\n","protected":false},"author":62,"featured_media":0,"parent":22398,"menu_order":8,"comment_status":"closed","ping_status":"closed","template":"template-leftsidebar.php","meta":{"_monsterinsights_skip_tracking":false,"_monsterinsights_sitenote_active":false,"_monsterinsights_sitenote_note":"","_monsterinsights_sitenote_category":0,"footnotes":""},"categories":[],"tags":[626,850,849],"_links":{"self":[{"href":"https:\/\/www.v6.newmessage.org\/pl\/wp-json\/wp\/v2\/pages\/27844"}],"collection":[{"href":"https:\/\/www.v6.newmessage.org\/pl\/wp-json\/wp\/v2\/pages"}],"about":[{"href":"https:\/\/www.v6.newmessage.org\/pl\/wp-json\/wp\/v2\/types\/page"}],"author":[{"embeddable":true,"href":"https:\/\/www.v6.newmessage.org\/pl\/wp-json\/wp\/v2\/users\/62"}],"replies":[{"embeddable":true,"href":"https:\/\/www.v6.newmessage.org\/pl\/wp-json\/wp\/v2\/comments?post=27844"}],"version-history":[{"count":5,"href":"https:\/\/www.v6.newmessage.org\/pl\/wp-json\/wp\/v2\/pages\/27844\/revisions"}],"predecessor-version":[{"id":27849,"href":"https:\/\/www.v6.newmessage.org\/pl\/wp-json\/wp\/v2\/pages\/27844\/revisions\/27849"}],"up":[{"embeddable":true,"href":"https:\/\/www.v6.newmessage.org\/pl\/wp-json\/wp\/v2\/pages\/22398"}],"wp:attachment":[{"href":"https:\/\/www.v6.newmessage.org\/pl\/wp-json\/wp\/v2\/media?parent=27844"}],"wp:term":[{"taxonomy":"category","embeddable":true,"href":"https:\/\/www.v6.newmessage.org\/pl\/wp-json\/wp\/v2\/categories?post=27844"},{"taxonomy":"post_tag","embeddable":true,"href":"https:\/\/www.v6.newmessage.org\/pl\/wp-json\/wp\/v2\/tags?post=27844"}],"curies":[{"name":"wp","href":"https:\/\/api.w.org\/{rel}","templated":true}]}}