{"id":27815,"date":"2020-08-12T06:39:27","date_gmt":"2020-08-12T06:39:27","guid":{"rendered":"https:\/\/www.newmessage.org\/pl\/?page_id=27815"},"modified":"2020-08-12T06:44:53","modified_gmt":"2020-08-12T06:44:53","slug":"volume-7","status":"publish","type":"page","link":"https:\/\/www.v6.newmessage.org\/pl\/the-message\/volume-7\/","title":{"rendered":"Tom 7"},"content":{"rendered":"<p><img decoding=\"async\" src=\"https:\/\/www.newmessage.org\/wp-content\/uploads\/2020\/07\/Volume-7-Leather-Cover-228x300.png\" alt=\"Volume 7 Leather cover\" class=\"alignright size-medium wp-image-49448 imgborder\" \/><\/p>\n<h2>About Volume 7<\/h2>\n<p>Volume Seven will contain other books of the New Message from God not included in the first six volumes. Though only one book is currently found in Volume Seven, <a href=\"\/\/www.newmessage.org\/the-message\/volume-7\/secrets-heaven\">Secrets of Heaven<\/a>, it will expand as the Messenger prepares and releases other Books of Revelation to the world.<\/p>\n<p>For a further resource of New Message Wisdom, see the list of\u00a0<a href=\"https:\/\/www.newmessage.org\/the-message\/other-revelations\">Other Revelations<\/a>\u00a0not yet compiled into books and also the New Message\u00a0<a href=\"https:\/\/www.newmessage.org\/wiki\">Wiki<\/a>, an ever-expanding online encyclopedia of quotes from the New Message organized by topic.<\/p>\n<div class=\"toggle toggle-white\">\n<h4 class=\"trigger \"><\/h4>\n<\/div>\n<div class=\"toggle toggle-white\"><h4 class=\"trigger \"><span class=\"t_ico\"><\/span><a href=\"#\">Dowiedz si\u0119 wi\u0119cej o Nowym Pos\u0142aniu Boga<\/a><\/h4><div class=\"toggle_container \"><br \/>\n<div data-post-id='24520' class='insert-page insert-page-24520 '><\/div>\n<p><\/div><\/div>\n<div class=\"clearfix\"><\/div>\n<div class=\"the-message-books-volumes panel-30 background-tile-1 margin-bottom-20\">\n<h2 class=\"text-align-center margin-bottom-20\"><a class=\"text-color-gray-5 not-underlined\" title=\"Volume 7\" href=\"\/pl\/the-message\/volume-6\">Tom 7<\/a><\/h2>\n<div class=\"one_third \" ><\/p>\n<div class=\"message-book-div\"><a class=\"message-book-link-to-post\" href=\"\/the-message\/volume-6\/secrets-heaven\" rel=\"bookmark\">Tajemnice Niebios<\/a><\/div>\n<p><\/div>\n<div class=\"one_third last\" ><\/p>\n<div class=\"message-book-div more\"><a class=\"message-book-link-to-post\" title=\"More to Come\u2026\" href=\"\/pl\/the-message\/the-revelation-continues-to-this-day\" rel=\"bookmark\">Wi\u0119cej w przygotowaniu&#8230;<\/a><\/div>\n<p><\/div>\n<\/div>\n","protected":false},"excerpt":{"rendered":"<p>About Volume 7 Volume Seven will contain other books of the New Message from God not included in the first six volumes. Though only one book is currently found in Volume Seven, Secrets of Heaven, it will expand as the Messenger prepares and releases other Books of Revelation to the world. For a further resource\u2026 <a class=\"read-more\" href=\"https:\/\/www.v6.newmessage.org\/pl\/the-message\/volume-7\/\"><span>Read More<\/span><\/a><\/p>\n","protected":false},"author":62,"featured_media":0,"parent":26942,"menu_order":10,"comment_status":"closed","ping_status":"closed","template":"template-leftsidebar.php","meta":{"_monsterinsights_skip_tracking":false,"_monsterinsights_sitenote_active":false,"_monsterinsights_sitenote_note":"","_monsterinsights_sitenote_category":0,"footnotes":""},"categories":[839],"tags":[838],"_links":{"self":[{"href":"https:\/\/www.v6.newmessage.org\/pl\/wp-json\/wp\/v2\/pages\/27815"}],"collection":[{"href":"https:\/\/www.v6.newmessage.org\/pl\/wp-json\/wp\/v2\/pages"}],"about":[{"href":"https:\/\/www.v6.newmessage.org\/pl\/wp-json\/wp\/v2\/types\/page"}],"author":[{"embeddable":true,"href":"https:\/\/www.v6.newmessage.org\/pl\/wp-json\/wp\/v2\/users\/62"}],"replies":[{"embeddable":true,"href":"https:\/\/www.v6.newmessage.org\/pl\/wp-json\/wp\/v2\/comments?post=27815"}],"version-history":[{"count":3,"href":"https:\/\/www.v6.newmessage.org\/pl\/wp-json\/wp\/v2\/pages\/27815\/revisions"}],"predecessor-version":[{"id":27818,"href":"https:\/\/www.v6.newmessage.org\/pl\/wp-json\/wp\/v2\/pages\/27815\/revisions\/27818"}],"up":[{"embeddable":true,"href":"https:\/\/www.v6.newmessage.org\/pl\/wp-json\/wp\/v2\/pages\/26942"}],"wp:attachment":[{"href":"https:\/\/www.v6.newmessage.org\/pl\/wp-json\/wp\/v2\/media?parent=27815"}],"wp:term":[{"taxonomy":"category","embeddable":true,"href":"https:\/\/www.v6.newmessage.org\/pl\/wp-json\/wp\/v2\/categories?post=27815"},{"taxonomy":"post_tag","embeddable":true,"href":"https:\/\/www.v6.newmessage.org\/pl\/wp-json\/wp\/v2\/tags?post=27815"}],"curies":[{"name":"wp","href":"https:\/\/api.w.org\/{rel}","templated":true}]}}