{"id":27760,"date":"2020-06-30T21:00:28","date_gmt":"2020-06-30T21:00:28","guid":{"rendered":"https:\/\/www.newmessage.org\/pl\/?page_id=27760"},"modified":"2023-07-19T04:50:14","modified_gmt":"2023-07-19T04:50:14","slug":"preparing-for-the-greater-community","status":"publish","type":"page","link":"https:\/\/www.v6.newmessage.org\/pl\/the-message\/volume-2\/preparing-for-the-greater-community\/","title":{"rendered":"Przygotowanie na Wi\u0119ksz\u0105 Spo\u0142eczno\u015b\u0107"},"content":{"rendered":"<p><img decoding=\"async\" class=\"alignright size-large wp-image-47713 imgborder\" src=\"https:\/\/www.newmessage.org\/wp-content\/uploads\/2020\/06\/PGC_NKL_600x900px-400x600.jpg\" alt=\"Preparing for the Greater Community front cover\" \/><\/p>\n<p class=\"Textbody\"><i><span lang=\"PL\">Przygotowanie na Wi\u0119ksz\u0105 Spo\u0142eczno\u015b\u0107<\/span><\/i><span lang=\"PL\">\u00a0 to ksi\u0119ga Objawienia od Stw\u00f3rcy wszystkiego co \u017cyje podarowana, aby przygotowa\u0107 nas na rzeczywisto\u015b\u0107 Kontaktu z pozaziemskim \u017cyciem oraz na wy\u0142onienie si\u0119 ludzko\u015bci do \u201cWi\u0119kszej Spo\u0142eczno\u015bci\u201d \u015bwiat\u00f3w we wszech\u015bwiecie.<\/span><\/p>\n<p class=\"Textbody\"><i><span lang=\"PL\">Przygotowanie na Wi\u0119ksz\u0105 Spo\u0142eczno\u015b\u0107 <\/span><\/i><span lang=\"PL\">zosta\u0142o podarowane, poniewa\u017c ludzko\u015b\u0107 osi\u0105gn\u0119\u0142a ten krytyczny pr\u00f3g w swojej ewolucji, czas konwergencji, gdy rzeczywisto\u015b\u0107 zmieniaj\u0105cego si\u0119 \u015bwiata i rzeczywisto\u015b\u0107 Interwencji z wszech\u015bwiata zderzaj\u0105 si\u0119 ze sob\u0105. Ta ksi\u0119ga jest tutaj, poniewa\u017c Wi\u0119ksza Spo\u0142eczno\u015b\u0107 jest tutaj \u2013 si\u0142y z Wi\u0119kszej Spo\u0142eczno\u015bci s\u0105 teraz w naszym \u015bwiecie. Wi\u0105\u017ce si\u0119 z tym pilna potrzeba przygotowania si\u0119 mentalnie, emocjonalnie i duchowo na realia zaanga\u017cowania si\u0119 w \u017cycie na wi\u0119ksz\u0105 skal\u0119. W celu zaprezentowania tego przygotowania ta ksi\u0119ga jest teraz udost\u0119pniona \u015bwiatu<\/span><\/p>\n<p class=\"Textbody\"><span lang=\"PL\">Objawione w 1997 r., <i>Przygotowanie na Wi\u0119ksz\u0105 Spo\u0142eczno\u015b\u0107 <\/i>by\u0142o pierwszym tekstem Nowego Pos\u0142ania, kt\u00f3ry mia\u0142 na celu ukazanie szerszej rzeczywisto\u015bci Wi\u0119kszej Spo\u0142eczno\u015bci, w kt\u00f3rej \u017cyjemy i przedstawienie kompleksowego przygotowania na \u017cycie w tym nowym i wymagaj\u0105cym \u015brodowisku. Tutaj Stw\u00f3rca wszystkiego co \u017cyje ujawnia to, co czeka ludzko\u015b\u0107 w ca\u0142ym wszech\u015bwiecie, wyzwanie i z\u0142o\u017cono\u015b\u0107 interakcji pomi\u0119dzy \u015bwiatami, a tak\u017ce niezb\u0119dne \u015brodki, jakich ludzko\u015b\u0107 b\u0119dzie potrzebowa\u0142a, aby nawigowa\u0107 zetkni\u0119cie z si\u0142ami spoza naszego \u015bwiata. Tutaj ludzka rodzina ko\u0144czy swoj\u0105 tysi\u0105cletni\u0105 izolacj\u0119 we wszech\u015bwiecie i uczy si\u0119 jak komunikowa\u0107 si\u0119 w spos\u00f3b m\u0105dry z innymi formami inteligentnego \u017cycia. To wzajemne oddzia\u0142ywanie dalece poszerzy to, jak postrzegamy siebie samych, Boga i nasze miejsce we wszech\u015bwiecie.<\/span><\/p>\n<p class=\"Textbody\"><i><span lang=\"PL\">Przygotowanie na Wi\u0119ksz\u0105 Spo\u0142eczno\u015b\u0107 <\/span><\/i><span lang=\"PL\">to ksi\u0119ga <\/span><span lang=\"PL\"><a href=\"https:\/\/www.newmessage.org\/pl\/the-message\/volume-2\/\">Tomu 2<\/a><\/span><span lang=\"PL\"> Nowego Pos\u0142ania od Boga.<\/span><\/p>\n<p class=\"Textbody\"><span lang=\"PL\">Ksi\u0119ga ta zawiera oryginalne s\u0142owne Objawienia otrzymane przez Pos\u0142a\u0144ca <\/span><span lang=\"PL\"><a href=\"https:\/\/www.newmessage.org\/pl\/who-is-marshallviansummers\/\">Marshalla Viana Summersa<\/a><\/span><span lang=\"PL\">. Pos\u0142aniec zosta\u0142 poinstruowany przez \u0179r\u00f3d\u0142o Nowego Pos\u0142ania, aby zebra\u0107 objawienia Nowego Pos\u0142ania w \u015bwi\u0119te ksi\u0119gi Nowego Pos\u0142ania Boga.<\/span><\/p>\n<p><span style=\"color: #525252; line-height: 1.5;\"><div class=\"toggle toggle-white\"><h4 class=\"trigger \"><span class=\"t_ico\"><\/span><a href=\"#\">More about the volumes of the New Message from God<\/a><\/h4><div class=\"toggle_container \"><br \/>\n<div data-post-id='24520' class='insert-page insert-page-24520 '><\/div><\/div><\/div><\/span><\/p>\n<div class=\"background-color-bridesmaid padding-20\">\n<h2 style=\"text-align: left;\"><span style=\"color: #525252;\">Spis Tre\u015bci<\/span><\/h2>\n<p>1 \u2014 Czym jest Wi\u0119ksza Spo\u0142eczno\u015b\u0107<\/p>\n<p>2 \u2014 Obecno\u015b\u0107 Wi\u0119kszej Spo\u0142eczno\u015bci na \u015awiecie<\/p>\n<p>3 \u2014 <a href=\"https:\/\/www.newmessage.org\/pl\/the-message\/volume-2\/preparing-for-the-greater-community\/essential-truths-about-the-greater-community\/\">Zasadnicze prawdy o Wi\u0119kszej Spo\u0142eczno\u015bci<\/a><\/p>\n<p>4 \u2014 Inteligencja Wi\u0119kszej Spo\u0142eczno\u015bci &amp; \u015arodowisko Mentalne<\/p>\n<p>5 \u2014 Zasoby, Handel i Rywalizacja<\/p>\n<p>6 \u2014 Znaczenie Duchowego Rozwoju<\/p>\n<p>7 \u2014 <a href=\"https:\/\/www.newmessage.org\/pl\/the-message\/volume-2\/preparing-for-the-greater-community\/the-great-challenge-awaiting-humanity\/\">Wielkie Wyzwanie Oczekuj\u0105ce Ludzko\u015b\u0107<\/a><\/p>\n<p>8 \u2014 Rozwijanie Perspektywy Wi\u0119kszej Spo\u0142eczno\u015bci<\/p>\n<p>9 \u2014 <a href=\"https:\/\/www.newmessage.org\/pl\/the-message\/volume-2\/preparing-for-the-greater-community\/finding-knowledge\/\">Odnajdywanie Wiedzy<\/a><\/p>\n<p>10 \u2014 Nabieranie Si\u0142y i Wp\u0142ywu w \u015arodowisku Mentalnym<\/p>\n<p>11 \u2014 Rozwijanie Jasno\u015bci Umys\u0142u &amp; Zdolno\u015bci Rozr\u00f3\u017cniania<\/p>\n<p>12 \u2014 Wychodzenie Poza Ograniczenia Ludzkiej Religii &amp; Ludzkiego Przekonania<\/p>\n<p>13 \u2014 Ludzkie Reakcje na Wi\u0119ksz\u0105 Spo\u0142eczno\u015b\u0107<\/p>\n<p>14 \u2014 Rozwijanie Pewno\u015bci, Si\u0142y i M\u0105dro\u015bci<\/p>\n<p>15 \u2014 Rozwijanie Wi\u0119kszej Szczero\u015bci<\/p>\n<p>16 \u2014 Relacje, Przeznaczenie i Powo\u0142anie<\/p>\n<p>17 \u2014 Rozpocz\u0119cie Przygotowania<\/p>\n<p>Wytyczne dotycz\u0105ce Przygotowania na Wi\u0119ksz\u0105 Spo\u0142eczno\u015b\u0107<\/p>\n<\/div>\n","protected":false},"excerpt":{"rendered":"<p>Przygotowanie na Wi\u0119ksz\u0105 Spo\u0142eczno\u015b\u0107\u00a0 to ksi\u0119ga Objawienia od Stw\u00f3rcy wszystkiego co \u017cyje podarowana, aby przygotowa\u0107 nas na rzeczywisto\u015b\u0107 Kontaktu z pozaziemskim \u017cyciem oraz na wy\u0142onienie si\u0119 ludzko\u015bci do \u201cWi\u0119kszej Spo\u0142eczno\u015bci\u201d \u015bwiat\u00f3w we wszech\u015bwiecie. Przygotowanie na Wi\u0119ksz\u0105 Spo\u0142eczno\u015b\u0107 zosta\u0142o podarowane, poniewa\u017c ludzko\u015b\u0107 osi\u0105gn\u0119\u0142a ten krytyczny pr\u00f3g w swojej ewolucji, czas konwergencji, gdy rzeczywisto\u015b\u0107 zmieniaj\u0105cego si\u0119 \u015bwiata\u2026 <a class=\"read-more\" href=\"https:\/\/www.v6.newmessage.org\/pl\/the-message\/volume-2\/preparing-for-the-greater-community\/\"><span>Read More<\/span><\/a><\/p>\n","protected":false},"author":22,"featured_media":0,"parent":16312,"menu_order":0,"comment_status":"closed","ping_status":"closed","template":"template-leftsidebar.php","meta":{"_monsterinsights_skip_tracking":false,"_monsterinsights_sitenote_active":false,"_monsterinsights_sitenote_note":"","_monsterinsights_sitenote_category":0,"footnotes":""},"categories":[467],"tags":[828],"_links":{"self":[{"href":"https:\/\/www.v6.newmessage.org\/pl\/wp-json\/wp\/v2\/pages\/27760"}],"collection":[{"href":"https:\/\/www.v6.newmessage.org\/pl\/wp-json\/wp\/v2\/pages"}],"about":[{"href":"https:\/\/www.v6.newmessage.org\/pl\/wp-json\/wp\/v2\/types\/page"}],"author":[{"embeddable":true,"href":"https:\/\/www.v6.newmessage.org\/pl\/wp-json\/wp\/v2\/users\/22"}],"replies":[{"embeddable":true,"href":"https:\/\/www.v6.newmessage.org\/pl\/wp-json\/wp\/v2\/comments?post=27760"}],"version-history":[{"count":8,"href":"https:\/\/www.v6.newmessage.org\/pl\/wp-json\/wp\/v2\/pages\/27760\/revisions"}],"predecessor-version":[{"id":27898,"href":"https:\/\/www.v6.newmessage.org\/pl\/wp-json\/wp\/v2\/pages\/27760\/revisions\/27898"}],"up":[{"embeddable":true,"href":"https:\/\/www.v6.newmessage.org\/pl\/wp-json\/wp\/v2\/pages\/16312"}],"wp:attachment":[{"href":"https:\/\/www.v6.newmessage.org\/pl\/wp-json\/wp\/v2\/media?parent=27760"}],"wp:term":[{"taxonomy":"category","embeddable":true,"href":"https:\/\/www.v6.newmessage.org\/pl\/wp-json\/wp\/v2\/categories?post=27760"},{"taxonomy":"post_tag","embeddable":true,"href":"https:\/\/www.v6.newmessage.org\/pl\/wp-json\/wp\/v2\/tags?post=27760"}],"curies":[{"name":"wp","href":"https:\/\/api.w.org\/{rel}","templated":true}]}}