{"id":27702,"date":"2019-06-20T03:34:27","date_gmt":"2019-06-20T03:34:27","guid":{"rendered":"http:\/\/www.newmessage.org\/pl\/?page_id=27702"},"modified":"2020-08-10T06:05:40","modified_gmt":"2020-08-10T06:05:40","slug":"power-of-knowledge","status":"publish","type":"page","link":"https:\/\/www.v6.newmessage.org\/pl\/the-message\/volume-1\/power-of-knowledge\/","title":{"rendered":"Pot\u0119ga Wiedzy"},"content":{"rendered":"<p><img loading=\"lazy\" decoding=\"async\" class=\"imgborder alignright wp-image-39719\" src=\"https:\/\/www.newmessage.org\/wp-content\/uploads\/2019\/04\/POK-_cropped_cover_4.30.19-200x300.jpg\" alt=\"The Power of Knowledge - The Greater Intelligence within You\" width=\"400\" height=\"600\" \/><\/p>\n<p><i><span style=\"font-weight: 400;\">Pot\u0119ga Wiedzy <\/span><\/i><span style=\"font-weight: 400;\">ujawnia rzeczywisto\u015b\u0107 \u201cWiedzy\u201d, g\u0142\u0119bszego, duchowego umys\u0142u w tobie, kt\u00f3ry przechowuje klucz do odnalezienia twojego wi\u0119kszego celu i kierunku w \u017cyciu.\u00a0<\/span><\/p>\n<p><span style=\"font-weight: 400;\">Ksi\u0119ga 5 Nowego Pos\u0142ania od Boga zawiera 14 objawie\u0144 podarowanych, aby zaprezentowa\u0107 rzeczywisto\u015b\u0107 twojej duchowej natury, kryzys \u017cycia w oddzieleniu od swojej g\u0142\u0119bszej natury oraz w jaki spos\u00f3b mo\u017cesz uciec od tego kryzysu i rozpocz\u0105\u0107 w\u0119dr\u00f3wk\u0119 leczenia podzia\u0142u pomi\u0119dzy twoim my\u015bl\u0105cym umys\u0142em a umys\u0142em Wiedzy w tobie. Wraz z tym przychodzi mo\u017cliwo\u015b\u0107 pod\u0105\u017cania za Wiedz\u0105 teraz i w przysz\u0142o\u015bci, prowadz\u0105c ci\u0119 do nowego \u017cycia, nowych relacji oraz spe\u0142nienia twojego celu na bycie na \u015bwiecie.\u00a0<\/span><\/p>\n<p><span style=\"font-weight: 400;\">Za pomoc\u0105 tej ksi\u0119gi masz sposobno\u015b\u0107 poj\u0105\u0107, gdzie Wiedza przebywa w twoim do\u015bwiadczeniu i zbudowa\u0107 trwa\u0142e po\u0142\u0105czenie do tego g\u0142\u0119bszego do\u015bwiadczenia, kt\u00f3re zawsze by\u0142o z tob\u0105. Ksi\u0119ga <\/span><a href=\"https:\/\/www.newmessage.org\/pl\/the-message\/volume-3\/steps-knowledge\/\"><i><span style=\"font-weight: 400;\">Kroki do Wiedzy<\/span><\/i><\/a> <span style=\"font-weight: 400;\">zabiera to dalej w formie codziennej praktyki, kt\u00f3r\u0105 mo\u017cesz zacz\u0105\u0107 stosowa\u0107 w swoim \u017cyciu.\u00a0<\/span><\/p>\n<p><span style=\"font-weight: 400;\">W\u0119dr\u00f3wka odnajdywania i pod\u0105\u017cania za Wiedz\u0105 sprowadzi ci\u0119 z powrotem do twojego pierwotnego celu na bycie na \u015bwiecie, pami\u0119ci o tych, kt\u00f3rzy ci\u0119 pos\u0142ali, a tak\u017ce wi\u0119kszego wk\u0142adu, jaki wnie\u015b\u0107 jest ci przeznaczone do \u015bwiata stoj\u0105cego w obliczu ogromnej oraz trudnej przemiany w przysz\u0142o\u015bci. Tutaj rozpoczyna si\u0119 \u015bwi\u0119ty proces, jaki ma moc uwolni\u0107 ci\u0119 od przesz\u0142o\u015bci i przygotowa\u0107 ci\u0119 na nowe i wi\u0119ksze \u017cycie w przysz\u0142o\u015bci.\u00a0<\/span><\/p>\n<p><span style=\"font-weight: 400;\">Ka\u017cdy rozdzia\u0142 <\/span><i><span style=\"font-weight: 400;\">Pot\u0119gi Wiedzy <\/span><\/i><span style=\"font-weight: 400;\">stanowi objawienie przekazane od \u0179r\u00f3d\u0142a, zebrane w niniejszy tekst przez Pos\u0142a\u0144ca <\/span><a href=\"https:\/\/www.newmessage.org\/pl\/who-is-marshallviansummers\/\"><i><span style=\"font-weight: 400;\">Marshalla Viana Summersa<\/span><\/i><\/a><span style=\"font-weight: 400;\">.\u00a0<\/span><\/p>\n<p><span style=\"font-weight: 400;\">Objawienia tutaj zaprezentowane zosta\u0142y zebrane w t\u0119 ksi\u0119g\u0119 przez Pos\u0142a\u0144ca <\/span><a href=\"https:\/\/www.newmessage.org\/pl\/who-is-marshallviansummers\/\"><i><span style=\"font-weight: 400;\">Marshalla Viana Summersa<\/span><\/i><\/a><span style=\"font-weight: 400;\">.\u00a0<\/span><\/p>\n<p><span style=\"font-weight: 400;\">Nowe Pos\u0142anie od Boga przyby\u0142o do na \u015bwiat. Jest to wyraz bezczasowego, czystego po\u0142\u0105czenia z Bogiem, jakie istnia\u0142o poprzez ludzk\u0105 histori\u0119 i od pocz\u0105tk\u00f3w fizycznego wszech\u015bwiata. Ludzko\u015b\u0107 ma teraz bezpo\u015bredni dost\u0119p do tego czystego do\u015bwiadczenia, nieprzes\u0142oni\u0119tego przez ludzkie niezrozumienie, autorytet i zepsucie. Wkroczy\u0142o ono teraz do \u015bwiata na nowo. <\/span><\/p>\n<p style=\"text-align: center;\"><a class='simple_button_link ' style='background-color: #363636' href='\/the-message\/volume-1\/power-of-knowledge\/greater-power'   ><span>Zacznij Czyta\u0107 lub S\u0142ucha\u0107 \u201cPot\u0119gi Wiedzy\u201d teraz za Darmo!<\/span><\/a><\/p>\n<p><i><span style=\"font-weight: 400;\">Pot\u0119ga Wiedzy <\/span><\/i><span style=\"font-weight: 400;\">to pi\u0105ta ksi\u0119ga <\/span><a href=\"https:\/\/www.newmessage.org\/pl\/the-message\/volume-1\/\"><i><span style=\"font-weight: 400;\">Tomu 1<\/span><\/i><\/a><span style=\"font-weight: 400;\"> Nowego Pos\u0142ania od Boga.<\/span><\/p>\n<div style=\"text-align: left;\"><div class=\"toggle toggle-white\"><h4 class=\"trigger \"><span class=\"t_ico\"><\/span><a href=\"#\">Dowiedz si\u0119 wi\u0119cej o Nowym Pos\u0142aniu Boga<\/a><\/h4><div class=\"toggle_container \"><br \/>\n<div data-post-id='24520' class='insert-page insert-page-24520 '><\/div><br \/>\n<\/div><\/div><\/div>\n<div class=\"clearfix\"><\/div>\n<div class=\"background-color-bridesmaid padding-20\">\n<div class=\"background-color-bridesmaid padding-20\">\n<h2 style=\"text-align: left;\"><span style=\"color: #525252;\">Spis tre\u015bci<\/span><\/h2>\n<p><a href=\"\/the-message\/volume-1\/the-power-of-knowledge-introduction\">Introduction<\/a><\/p>\n<p>Chapter 1: <a href=\"\/the-message\/volume-1\/power-of-knowledge\/greater-power\">The Greater Power within You<\/a><\/p>\n<p>Chapter 2: <a href=\"\/the-message\/volume-1\/power-of-knowledge\/power-of-knowledge-other\">The Power of Knowledge<\/a><\/p>\n<p>Chapter 3: <a href=\"\/the-message\/volume-1\/power-of-knowledge\/souls-journey-through-life\">The Soul&#8217;s Journey on Earth<\/a><\/p>\n<p>Chapter 4: <a href=\"\/the-message\/volume-1\/power-of-knowledge\/living-separation-alone-afraid\">Living in Separation<\/a><\/p>\n<p>Chapter 5: <a href=\"\/the-message\/volume-1\/power-of-knowledge\/the-crisis\">The Crisis<\/a><\/p>\n<p>Chapter 6: <a href=\"\/the-message\/volume-1\/power-of-knowledge\/experiencing-presence-god\">The Presence<\/a><\/p>\n<p>Chapter 7: <a href=\"\/the-message\/volume-1\/power-of-knowledge\/the-reconciliation\">The Reconciliation<\/a><\/p>\n<p>Chapter 8: <a href=\"\/the-message\/volume-1\/power-of-knowledge\/you-are-not-your-mind\">Who You Are Is Not Your Mind<\/a><\/p>\n<p>Chapter 9: <a href=\"\/the-message\/volume-1\/power-of-knowledge\/ideas-beliefs-god\">Knowledge and the Limits of Belief<\/a><\/p>\n<p>Chapter 10: <a href=\"\/the-message\/volume-1\/power-of-knowledge\/the-greater-intelligence\">The Greater Intelligence<\/a><\/p>\n<p>Chapter 11: <a href=\"\/the-message\/volume-1\/power-of-knowledge\/bridge-two-minds\">The Bridge<\/a><\/p>\n<p>Chapter 12: <a href=\"\/the-message\/volume-1\/power-of-knowledge\/following-presence-god\">Following the Presence<\/a><\/p>\n<p>Chapter 13: <a href=\"\/the-message\/volume-1\/power-of-knowledge\/the-spiritual-fire\">The Spiritual Fire<\/a><\/p>\n<p>Chapter 14: <a href=\"\/the-message\/volume-1\/power-of-knowledge\/remembrance-eternal-life\">The Remembrance<\/a><\/p>\n<\/div>\n<\/div>\n","protected":false},"excerpt":{"rendered":"<p>Pot\u0119ga Wiedzy ujawnia rzeczywisto\u015b\u0107 \u201cWiedzy\u201d, g\u0142\u0119bszego, duchowego umys\u0142u w tobie, kt\u00f3ry przechowuje klucz do odnalezienia twojego wi\u0119kszego celu i kierunku w \u017cyciu.\u00a0 Ksi\u0119ga 5 Nowego Pos\u0142ania od Boga zawiera 14 objawie\u0144 podarowanych, aby zaprezentowa\u0107 rzeczywisto\u015b\u0107 twojej duchowej natury, kryzys \u017cycia w oddzieleniu od swojej g\u0142\u0119bszej natury oraz w jaki spos\u00f3b mo\u017cesz uciec od tego kryzysu\u2026 <a class=\"read-more\" href=\"https:\/\/www.v6.newmessage.org\/pl\/the-message\/volume-1\/power-of-knowledge\/\"><span>Read More<\/span><\/a><\/p>\n","protected":false},"author":62,"featured_media":0,"parent":16287,"menu_order":3,"comment_status":"closed","ping_status":"closed","template":"template-leftsidebar.php","meta":{"_monsterinsights_skip_tracking":false,"_monsterinsights_sitenote_active":false,"_monsterinsights_sitenote_note":"","_monsterinsights_sitenote_category":0,"footnotes":""},"categories":[813,460],"tags":[815,814],"_links":{"self":[{"href":"https:\/\/www.v6.newmessage.org\/pl\/wp-json\/wp\/v2\/pages\/27702"}],"collection":[{"href":"https:\/\/www.v6.newmessage.org\/pl\/wp-json\/wp\/v2\/pages"}],"about":[{"href":"https:\/\/www.v6.newmessage.org\/pl\/wp-json\/wp\/v2\/types\/page"}],"author":[{"embeddable":true,"href":"https:\/\/www.v6.newmessage.org\/pl\/wp-json\/wp\/v2\/users\/62"}],"replies":[{"embeddable":true,"href":"https:\/\/www.v6.newmessage.org\/pl\/wp-json\/wp\/v2\/comments?post=27702"}],"version-history":[{"count":4,"href":"https:\/\/www.v6.newmessage.org\/pl\/wp-json\/wp\/v2\/pages\/27702\/revisions"}],"predecessor-version":[{"id":27785,"href":"https:\/\/www.v6.newmessage.org\/pl\/wp-json\/wp\/v2\/pages\/27702\/revisions\/27785"}],"up":[{"embeddable":true,"href":"https:\/\/www.v6.newmessage.org\/pl\/wp-json\/wp\/v2\/pages\/16287"}],"wp:attachment":[{"href":"https:\/\/www.v6.newmessage.org\/pl\/wp-json\/wp\/v2\/media?parent=27702"}],"wp:term":[{"taxonomy":"category","embeddable":true,"href":"https:\/\/www.v6.newmessage.org\/pl\/wp-json\/wp\/v2\/categories?post=27702"},{"taxonomy":"post_tag","embeddable":true,"href":"https:\/\/www.v6.newmessage.org\/pl\/wp-json\/wp\/v2\/tags?post=27702"}],"curies":[{"name":"wp","href":"https:\/\/api.w.org\/{rel}","templated":true}]}}