{"id":27681,"date":"2019-03-29T10:33:30","date_gmt":"2019-03-29T10:33:30","guid":{"rendered":"https:\/\/www.newmessage.org\/polish-international\/?page_id=27681"},"modified":"2019-10-18T23:34:36","modified_gmt":"2019-10-18T23:34:36","slug":"the-proclamation","status":"publish","type":"page","link":"https:\/\/www.v6.newmessage.org\/pl\/the-message\/volume-1\/god-spoken-again\/the-proclamation\/","title":{"rendered":"Proklamacja"},"content":{"rendered":"<div><!-- Version 6.0 --><\/div>\n\n<div class=\"tabgroup \"><ul class=\"tabs\"><li><a href=\"#tabs-1\">Pos\u0142ucha\u0107<\/a><\/li>\n<li><a href=\"#tabs-2\">Obejrzyj<\/a><\/li>\n<li><a href=\"#tabs-3\">Nota<\/a><\/li><\/ul>\n <div id=\"tabs-1\"><br \/>\nPos\u0142uchaj oryginalneg objawienia w j\u0119zyku angielskim:<\/p>\n<div id=\"jquery_jplayer_1\" class=\"jp-jplayer\"><\/div>\n\t\t\t\t<div id=\"jp_container_1\" class=\"jp-audio\">\n\t\t\t\t<div class=\"jp-type-single\"><div class=\"jp-control\"><a href=\"javascript:;\" class=\"jp-play\" tabindex=\"1\">play<\/a><a href=\"javascript:;\" class=\"jp-pause\" tabindex=\"1\">pause<\/a><\/div> <div class=\"jp-gui jp-interface\"><div class=\"jp-volume\"><div class=\"jp-volume-bar\"><div class=\"jp-volume-bar-value\"><\/div><\/div><\/div><div class=\"jp-progress\"><div class=\"jp-seek-bar\"><div class=\"jp-play-bar\"><\/div><\/div><\/div><\/div>\t\t\t\t\t<div class=\"jp-no-solution\"><span>Update Required<\/span>To play the media you will need to either update your browser to a recent version or update your <a href=\"http:\/\/get.adobe.com\/flashplayer\/\" target=\"_blank\">Flash plugin<\/a>.<\/div><\/div><\/div>\n\t\t\t<script type='text\/javascript'>\n\t\t\t\tjQuery(document).ready(function() {\n\t\t\t\t\tif (typeof (sermonMedia) == 'function') {\n\t\t\t\t\t\tsermonMedia.addAudio('', \"jquery_jplayer_1\");\n\t\t\t\t\t}\n\t\t\t\t\tjQuery.jPlayer.timeFormat.showHour = true;\n\t\t\t\t\tjQuery(\"#jquery_jplayer_1\").jPlayer({\n\t\t\t\t\t\tready: function(event) {\n\t\t\t\t\t\t\tjQuery(this).jPlayer(\"setMedia\", {mp3: 'https:\/\/newmessage.org\/av\/embed\/the-proclamation.mp3'});\n\t\t\t\t\t\t},\n\t\t\t\t\t\tplay: function() {\n\t\t\t\t\t\t\tjQuery(this).jPlayer(\"pauseOthers\");\n\t\t\t\t\t\t},\n\t\t\t\t\t\tswfPath: ThemeData.directory_uri+\"\/swf\",\n\t\t\t\t\t\tsolution: \"html, flash\",\n\t\t\t\t\t\tpreload: \"metadata\",\n\t\t\t\t\t\twmode: \"window\",\n\t\t\t\t\t\tsupplied: \"mp3\",\n\t\t\t\t\t\tcssSelectorAncestor: '#jp_container_1'\n\t\t\t\t\t});\n\t\t\t\t});\n\t\t\t<\/script><br \/>\n<img loading=\"lazy\" decoding=\"async\" class=\"imgborder aligncenter wp-image-38179 size-full\" src=\"https:\/\/www.newmessage.org\/wp-content\/uploads\/2019\/02\/Proclamation.jpg\" alt=\"\" width=\"1200\" height=\"628\" \/><\/p>\n<p><a title=\"The Proclamation\" href=\"\/\/www.newmessage.org\/av\/embed\/the-proclamation.mp3\">Pobierz<\/a> (kliknij prawym przyciskiem, aby pobra\u0107)<\/p>\n<p class=\"revelation_details\"><em>Otrzyma\u0142 Pos\u0142aniec Boga<br \/>\nMarshall Vian Summers<br \/>\n6 czerwca 2006 r.<br \/>\nw Boulder, w stanie Kolorado, w USA<\/em><\/p>\n<div class=\"toggle toggle-white\"><h4 class=\"trigger \"><span class=\"t_ico\"><\/span><a href=\"#\">O tym nagraniu<\/a><\/h4><div class=\"toggle_container \"><br \/>\n<p>S\u0142uchasz teraz nagrania g\u0142osu <a href=\"https:\/\/www.newmessage.org\/polish-international\/important-terms\/#aa\">Zgromadzenia Anielskiego<\/a>, kt\u00f3re przemawia przez Pos\u0142a\u0144ca <a href=\"https:\/\/www.newmessage.org\/polish-international\/who-is-marshallviansummers\/\">Marshalla Viana Summersa<\/a>.<\/p>\n<p>Tutaj, oryginalny przekaz od Boga, kt\u00f3ry istnieje poza s\u0142owami, jest przet\u0142umaczony na ludzki j\u0119zyk i zrozumienie przez Zgromadzenie Anielskie, kt\u00f3re czuwa nad \u015bwiatem. Nast\u0119pnie Zgromadzenie przekazuje Bo\u017ce Pos\u0142anie przez Pos\u0142a\u0144ca.<\/p>\n<p>W tym niezwyk\u0142ym procesie,<a href=\"https:\/\/www.newmessage.org\/polish-international\/important-terms\/#voice\"> G\u0142os Objawienia<\/a> przemawia na nowo. S\u0142owo oraz D\u017awi\u0119k s\u0105 na \u015bwiecie. Po raz pierwszy w historii, nagranie oryginalnego m\u00f3wionego objawienia jest dost\u0119pne dla Ciebie oraz dla \u015bwiata. <\/p>\n<p>Oby\u015b sta\u0142 si\u0119 odbiorc\u0105 tego daru Objawienia i by\u0142 w stanie otrzyma\u0107 to niezwyk\u0142e Pos\u0142anie dla siebie i dla swojego \u017cycia.<\/p>\n<br \/>\n<\/div><\/div><br \/>\n<\/div>\n<div id=\"tabs-2\"><\/p>\n<p><iframe loading=\"lazy\" title=\"The Time is Now - The Hour is Late | God is igniting a greater power in you | 2016\" width=\"275\" height=\"155\" src=\"https:\/\/www.youtube.com\/embed\/PPYcU9GpgfM?feature=oembed&#038;enablejsapi=1&#038;origin=https:\/\/www.newmessage.org\" frameborder=\"0\" allow=\"accelerometer; autoplay; encrypted-media; gyroscope; picture-in-picture\" allowfullscreen><\/iframe><\/p>\n<p><\/div>\n<div id=\"tabs-3\"><br \/>\nNota do czytelnika:<br \/>\nTo t\u0142umaczenie zosta\u0142o dostarczone do Stowarzyszenia przez studenta Nowego Pos\u0142ania, kt\u00f3ry zg\u0142osi\u0142 si\u0119 do przet\u0142umaczenia oryginalnego tekstu angielskiego. Udost\u0119pniamy \u015bwiatu to t\u0142umaczenie w jego wst\u0119pnej formie, aby ludzie mogli mie\u0107 szasn\u0119 zaznajomienia si\u0119 z cz\u0119\u015bci\u0105 Nowego Pos\u0142ania w ich w\u0142asnym j\u0119zyku.<br \/>\n<\/div>\n\t\t\t\t<div align=\"right\">\n\t\t\t<div class=\"fb-like\" data-href=\"\" data-layout=\"button_count\" data-action=\"like\" data-show-faces=\"false\" data-share=\"false\"><\/div>\n\t\t\t<div class=\"fb-share-button\" data-layout=\"button_count\"> <\/div>\n\t\t\t<div class=\"fb_iframe_widget\"><a href=\"https:\/\/twitter.com\/godsnewmessage?ref_src=twsrc%5Etfw\" class=\"twitter-follow-button\" data-show-count=\"false\">Follow @godsnewmessage<\/a><script async src=\"https:\/\/platform.twitter.com\/widgets.js\" charset=\"utf-8\"><\/script><\/div>\n\t\t\t<\/div> <\/div> \n\n<p>Na \u015awiecie jest Nowe Pos\u0142anie od Boga. Pochodzi od Stw\u00f3rcy wszelkiego \u017cycia.<\/p>\n<p>Zosta\u0142o przet\u0142umaczone na ludzki j\u0119zyk i rozumienie cz\u0142owieka dzi\u0119ki Anielskiej Obecno\u015bci, kt\u00f3ra dogl\u0105da tego \u015bwiata.<\/p>\n<p>Kontynuuje wielk\u0105 seri\u0119 przekaz\u00f3w od Stw\u00f3rcy, kt\u00f3re pojawia\u0142y si\u0119 przez wieki i tysi\u0105clecia.<\/p>\n<p>Jest to Nowe Pos\u0142anie na te czasy i na czasy, kt\u00f3re nadejd\u0105.<\/p>\n<p>Spe\u0142nia poprzednie wielkie Pos\u0142ania, kt\u00f3re zosta\u0142y przekazane ludzko\u015bci, i jednocze\u015bnie odkrywa sprawy, kt\u00f3re nigdy przedtem nie zosta\u0142y jej pokazane. Ludzko\u015b\u0107 bowiem stoi wobec krytycznej i niezwykle niebezpiecznej serii wyzwa\u0144, kt\u00f3re si\u0119 zdarz\u0105 zar\u00f3wno na \u015bwiecie, jak i poza \u015bwiatem.<\/p>\n<p>Nowe Pos\u0142anie od Boga jest tutaj, by zaalarmowa\u0107 rodzin\u0119 ludzk\u0105, przyda\u0107 jej mocy i przygotowa\u0107 \u2013 ludzi wszystkich narod\u00f3w i tradycji religijnych, ludzi wszystkich plemion, grup i orientacji.<\/p>\n<p>Nadesz\u0142o w czasach wielkiej potrzeby, w czasach niezwykle wa\u017cnych. Przygotowuje ludzi na sprawy, o istnieniu kt\u00f3rych nawet jeszcze nie wiedz\u0105.<\/p>\n<p>Nowe Pos\u0142anie jest przepowiedni\u0105 dotycz\u0105c\u0105 nadchodz\u0105cych Wielkich Fal Przemian, pozycji ludzko\u015bci we Wszech\u015bwiecie, jak r\u00f3wnie\u017c kontakt\u00f3w z innymi rasami.<\/p>\n<p>Nowe Pos\u0142anie zwraca si\u0119 do ducha obecnego w ka\u017cdej osobie \u2013 do wielkiego daru Wiedzy, kt\u00f3ry przekazano ca\u0142ej rodzinie ludzkiej i kt\u00f3ry musi by\u0107 teraz rozwijany, wzmacniany i przekazywany dalej \u015bwiatu.<\/p>\n<p>M\u00f3wi o wielkiej duchowej potrzebie cz\u0142owieka \u2013 potrzebie celu, znaczenia i kierunku.<\/p>\n<p>M\u00f3wi o wspania\u0142ych zwi\u0105zkach, kt\u00f3re ludzie mog\u0105 ustanowi\u0107 mi\u0119dzy sob\u0105, zwi\u0105zkach reprezentuj\u0105cych ich wy\u017csze przeznaczenie w \u017cyciu.<\/p>\n<p>Adresuje potrzeby \u015bwiata i potrzeby przysz\u0142o\u015bci. Przynosi w ten spos\u00f3b cel i zrozumienie, jedno\u015b\u0107 i wsp\u00f3\u0142prac\u0119, m\u0105dro\u015b\u0107 i si\u0142\u0119 wszystkim, kt\u00f3rzy mog\u0105 je przyj\u0105\u0107, nauczy\u0107 si\u0119 go, pod\u0105\u017ca\u0107 jego krokami, popiera\u0107 je, nie\u015b\u0107 je innym i dzieli\u0107 si\u0119 jego m\u0105dro\u015bci\u0105 w s\u0142u\u017cbie innym ludziom, rodzinom, spo\u0142eczno\u015bciom, narodom i ca\u0142emu \u015bwiatu.<\/p>\n<p>Poznajcie Nowe Pos\u0142anie od Boga. Zdajcie sobie spraw\u0119, \u017ce potwierdzi to, co jest prawdziwe w istniej\u0105cych tradycjach i b\u0119dzie przemawia\u0107 do posiadanej przez was g\u0142\u0119bszej m\u0105dro\u015bci.<\/p>\n<p>B\u0119dzie przemawia\u0107 bezpo\u015brednio do waszego serca, na poziomie g\u0142\u0119bszym ni\u017c wasze my\u015bli i przekonania, czy my\u015bli i przekonania waszej kultury i waszego narodu.<\/p>\n<p>Przyjmijcie ten dar i uczcie si\u0119 go cierpliwie, pod\u0105\u017c\u0105j\u0105c drog\u0105 ku Wiedzy, ucz\u0105c si\u0119 m\u0105dro\u015bci od Wi\u0119kszej Spo\u0142eczno\u015bci. Uznajcie moc ludzkiej Jedno\u015bci Duchowej, kt\u00f3ra potrafi zjednoczy\u0107, wzmocni\u0107 i przygotowa\u0107 ludzko\u015b\u0107 tak, by rozpozna\u0142a trudno\u015b\u0107 czas\u00f3w, kt\u00f3re s\u0105 przed ni\u0105 i potrafi\u0142a je przetrwa\u0107.<\/p>\n<p>Przyjmijcie Nowe Pos\u0142anie jako wo\u0142anie o zachowanie oraz umocnienie ludzkiej wolno\u015bci, wsp\u00f3\u0142pracy i odpowiedzialno\u015bci.<\/p>\n<p>Bez Nowego Pos\u0142ania ludzko\u015b\u0107 stanie na kraw\u0119dzi upadku.<\/p>\n<p>Ludzko\u015b\u0107 stoi przed obliczem utraty swojej wolno\u015bci i suwerenno\u015bci w tym \u015bwiecie na rzecz interweniuj\u0105cych si\u0142 z Kosmosu.<\/p>\n<p>Bez tego Nowego Pos\u0142ania duch ludzki nie obudzi si\u0119, a ludzie b\u0119d\u0105 \u017cy\u0107 w desperacji, rywalizacji i w konfliktach.<\/p>\n<p>Wol\u0105 Stw\u00f3rcy jest, by ludzko\u015b\u0107 znalaz\u0142a swoje miejsce w Wi\u0119kszej Spo\u0142eczno\u015bci inteligentnego \u017cycia we Wszech\u015bwiecie jako wolna i niepodleg\u0142a rasa \u2013 jako silna rasa, zjednoczona rasa, jako rasa, kt\u00f3ra jest zdolna zachowa\u0107 kulturaln\u0105 r\u00f3\u017cnorodno\u015b\u0107, jednocze\u015bnie uznaj\u0105c g\u0142\u0119bsz\u0105 si\u0142\u0119 i cel, kt\u00f3re dadz\u0105 ludzko\u015bci si\u0142\u0119 do ptrzetrwania, kt\u00f3re utrzymaj\u0105 ludzko\u015b\u0107 \u017cywotn\u0105, aktywn\u0105 i tw\u00f3rcz\u0105.<\/p>\n<p>Nowe Pos\u0142anie od Boga daje now\u0105 sposobno\u015b\u0107 na rozw\u00f3j w przysz\u0142o\u015bci, lecz by si\u0119 rozwin\u0105\u0107, musicie najpierw przetrwa\u0107. Musicie przetrwa\u0107 trudne czasy przed wami i musicie wygra\u0107 z rywalizacj\u0105 spoza Ziemi \u2013 konkurencja ta zdecyduje kto b\u0119dzie kontrolowa\u0107 ten \u015bwiat i jego przeznaczenie.<\/p>\n<p>Ka\u017cdy musi zrozumie\u0107, \u017ce ma wielk\u0105 sposobno\u015b\u0107, by odkry\u0107 g\u0142\u0119bsz\u0105 Wiedz\u0119, kt\u00f3r\u0105 da\u0142 im B\u00f3g \u2013 Wiedz\u0119 o celu, znaczeniu i kierunku ich \u017cycia, jak r\u00f3wnie\u017c Wiedz\u0119 o tym, jakimi kryteriami powinni si\u0119 kierowa\u0107 w wyborze wszystkich najwa\u017cniejszych zwi\u0105zk\u00f3w.<\/p>\n<p>To jest Nowe Pos\u0142anie od Boga dla cz\u0142owieka i jest to Nowe Pos\u0142anie od Boga dla ca\u0142ego \u015bwiata. Jest teraz tutaj.<\/p>\n<p>Poniewa\u017c Pos\u0142anie jest ogromne, potrzeba by\u0142o du\u017co czasu dla Pos\u0142a\u0144ca, aby je odebra\u0107.<\/p>\n<p>Zatem uczcijcie tego, kt\u00f3ry przyby\u0142, by przynie\u015b\u0107 to Nowe Pos\u0142anie \u015bwiatu.<\/p>\n<p>Jest skromnym cz\u0142owiekiem. Osi\u0105gn\u0105\u0142 m\u0105dro\u015b\u0107 niezb\u0119dn\u0105 do wykonania takiego wa\u017cnego zadania i zosta\u0142 przys\u0142any do tego \u015bwiata, by si\u0119 tej roli podj\u0105\u0107.<\/p>\n<p>Przyjmijcie go. Zrozumcie go. Jednak nie wywy\u017cszajcie go. On nie jest bogiem. Jest Pos\u0142a\u0144cem przynosz\u0105cym Nowe Pos\u0142anie od Boga dla \u015bwiata.<\/p>\n<p>Nadszed\u0142 czas. Jest to wielka szansa. To jest odpowied\u017a na modlitwy ludzi na ca\u0142ym \u015bwiecie \u2013 modlitwy ka\u017cdej religii, ka\u017cdego narodu i kultury, modlitwy o m\u0105dro\u015b\u0107, si\u0142\u0119, jedno\u015b\u0107, wolno\u015b\u0107 i wybawienie.<\/p>\n<p>Przyjmijcie to Nowe Pos\u0142anie teraz. Dotar\u0142o tu, dotar\u0142o w najw\u0142a\u015bciwym czasie.<\/p>\n","protected":false},"excerpt":{"rendered":"<p>Na \u015awiecie jest Nowe Pos\u0142anie od Boga. Pochodzi od Stw\u00f3rcy wszelkiego \u017cycia. Zosta\u0142o przet\u0142umaczone na ludzki j\u0119zyk i rozumienie cz\u0142owieka dzi\u0119ki Anielskiej Obecno\u015bci, kt\u00f3ra dogl\u0105da tego \u015bwiata. Kontynuuje wielk\u0105 seri\u0119 przekaz\u00f3w od Stw\u00f3rcy, kt\u00f3re pojawia\u0142y si\u0119 przez wieki i tysi\u0105clecia. Jest to Nowe Pos\u0142anie na te czasy i na czasy, kt\u00f3re nadejd\u0105. Spe\u0142nia poprzednie wielkie\u2026 <a class=\"read-more\" href=\"https:\/\/www.v6.newmessage.org\/pl\/about-recording-shortcode\/\"><span>Read More<\/span><\/a><\/p>\n","protected":false},"author":62,"featured_media":0,"parent":16290,"menu_order":0,"comment_status":"closed","ping_status":"closed","template":"template-leftsidebar.php","meta":{"_monsterinsights_skip_tracking":false,"_monsterinsights_sitenote_active":false,"_monsterinsights_sitenote_note":"","_monsterinsights_sitenote_category":0,"footnotes":""},"categories":[76,118,461,460],"tags":[802,810,803],"_links":{"self":[{"href":"https:\/\/www.v6.newmessage.org\/pl\/wp-json\/wp\/v2\/pages\/27681"}],"collection":[{"href":"https:\/\/www.v6.newmessage.org\/pl\/wp-json\/wp\/v2\/pages"}],"about":[{"href":"https:\/\/www.v6.newmessage.org\/pl\/wp-json\/wp\/v2\/types\/page"}],"author":[{"embeddable":true,"href":"https:\/\/www.v6.newmessage.org\/pl\/wp-json\/wp\/v2\/users\/62"}],"replies":[{"embeddable":true,"href":"https:\/\/www.v6.newmessage.org\/pl\/wp-json\/wp\/v2\/comments?post=27681"}],"version-history":[{"count":3,"href":"https:\/\/www.v6.newmessage.org\/pl\/wp-json\/wp\/v2\/pages\/27681\/revisions"}],"predecessor-version":[{"id":27686,"href":"https:\/\/www.v6.newmessage.org\/pl\/wp-json\/wp\/v2\/pages\/27681\/revisions\/27686"}],"up":[{"embeddable":true,"href":"https:\/\/www.v6.newmessage.org\/pl\/wp-json\/wp\/v2\/pages\/16290"}],"wp:attachment":[{"href":"https:\/\/www.v6.newmessage.org\/pl\/wp-json\/wp\/v2\/media?parent=27681"}],"wp:term":[{"taxonomy":"category","embeddable":true,"href":"https:\/\/www.v6.newmessage.org\/pl\/wp-json\/wp\/v2\/categories?post=27681"},{"taxonomy":"post_tag","embeddable":true,"href":"https:\/\/www.v6.newmessage.org\/pl\/wp-json\/wp\/v2\/tags?post=27681"}],"curies":[{"name":"wp","href":"https:\/\/api.w.org\/{rel}","templated":true}]}}