{"id":27673,"date":"2019-03-29T10:12:42","date_gmt":"2019-03-29T10:12:42","guid":{"rendered":"https:\/\/www.newmessage.org\/polish-international\/?page_id=27673"},"modified":"2019-03-29T10:12:42","modified_gmt":"2019-03-29T10:12:42","slug":"the-engagement","status":"publish","type":"page","link":"https:\/\/www.v6.newmessage.org\/pl\/the-message\/volume-1\/god-spoken-again\/the-engagement\/","title":{"rendered":"Zaanga\u017cowanie"},"content":{"rendered":"<div><!-- Version 6.0 --><\/div>\n<div class=\"tabgroup \"><ul class=\"tabs\"><li><a href=\"#tabs-1\">Pos\u0142ucha\u0107<\/a><\/li>\n<li><a href=\"#tabs-2\">Obejrzyj<\/a><\/li>\n<li><a href=\"#tabs-3\">Nota<\/a><\/li><\/ul>\n <div id=\"tabs-1\"><br \/>\nPos\u0142uchaj oryginalneg objawienia w j\u0119zyku angielskim:<\/p>\n<div id=\"jquery_jplayer_1\" class=\"jp-jplayer\"><\/div>\n\t\t\t\t<div id=\"jp_container_1\" class=\"jp-audio\">\n\t\t\t\t<div class=\"jp-type-single\"><div class=\"jp-control\"><a href=\"javascript:;\" class=\"jp-play\" tabindex=\"1\">play<\/a><a href=\"javascript:;\" class=\"jp-pause\" tabindex=\"1\">pause<\/a><\/div> <div class=\"jp-gui jp-interface\"><div class=\"jp-volume\"><div class=\"jp-volume-bar\"><div class=\"jp-volume-bar-value\"><\/div><\/div><\/div><div class=\"jp-progress\"><div class=\"jp-seek-bar\"><div class=\"jp-play-bar\"><\/div><\/div><\/div><\/div>\t\t\t\t\t<div class=\"jp-no-solution\"><span>Update Required<\/span>To play the media you will need to either update your browser to a recent version or update your <a href=\"http:\/\/get.adobe.com\/flashplayer\/\" target=\"_blank\">Flash plugin<\/a>.<\/div><\/div><\/div>\n\t\t\t<script type='text\/javascript'>\n\t\t\t\tjQuery(document).ready(function() {\n\t\t\t\t\tif (typeof (sermonMedia) == 'function') {\n\t\t\t\t\t\tsermonMedia.addAudio('', \"jquery_jplayer_1\");\n\t\t\t\t\t}\n\t\t\t\t\tjQuery.jPlayer.timeFormat.showHour = true;\n\t\t\t\t\tjQuery(\"#jquery_jplayer_1\").jPlayer({\n\t\t\t\t\t\tready: function(event) {\n\t\t\t\t\t\t\tjQuery(this).jPlayer(\"setMedia\", {mp3: 'https:\/\/newmessage.org\/av\/embed\/the-engagement.mp3'});\n\t\t\t\t\t\t},\n\t\t\t\t\t\tplay: function() {\n\t\t\t\t\t\t\tjQuery(this).jPlayer(\"pauseOthers\");\n\t\t\t\t\t\t},\n\t\t\t\t\t\tswfPath: ThemeData.directory_uri+\"\/swf\",\n\t\t\t\t\t\tsolution: \"html, flash\",\n\t\t\t\t\t\tpreload: \"metadata\",\n\t\t\t\t\t\twmode: \"window\",\n\t\t\t\t\t\tsupplied: \"mp3\",\n\t\t\t\t\t\tcssSelectorAncestor: '#jp_container_1'\n\t\t\t\t\t});\n\t\t\t\t});\n\t\t\t<\/script><br \/>\n<img loading=\"lazy\" decoding=\"async\" class=\"imgborder aligncenter wp-image-37685 size-full\" src=\"https:\/\/www.newmessage.org\/wp-content\/uploads\/2019\/02\/engagement.png\" alt=\"\" width=\"1758\" height=\"916\" \/><\/p>\n<p><a title=\"The Engagement\" href=\"\/\/www.newmessage.org\/av\/embed\/the-engagement.mp3\">Pobierz<\/a> (kliknij prawym przyciskiem, aby pobra\u0107)<\/p>\n<p class=\"revelation_details\"><em>Otrzyma\u0142 Pos\u0142aniec Boga<br \/>\nMarshall Vian Summers<br \/>\n16 kwietnia 2011 r.<br \/>\nw Boulder, w stanie Kolorado, USA<\/em><\/p>\n<div class=\"toggle toggle-white\"><h4 class=\"trigger \"><span class=\"t_ico\"><\/span><a href=\"#\">O tym nagraniu<\/a><\/h4><div class=\"toggle_container \"><br \/>\n<p>S\u0142uchasz teraz nagrania g\u0142osu <a href=\"https:\/\/www.newmessage.org\/polish-international\/important-terms\/#aa\">Zgromadzenia Anielskiego<\/a>, kt\u00f3re przemawia przez Pos\u0142a\u0144ca <a href=\"https:\/\/www.newmessage.org\/polish-international\/who-is-marshallviansummers\/\">Marshalla Viana Summersa<\/a>.<\/p>\n<p>Tutaj, oryginalny przekaz od Boga, kt\u00f3ry istnieje poza s\u0142owami, jest przet\u0142umaczony na ludzki j\u0119zyk i zrozumienie przez Zgromadzenie Anielskie, kt\u00f3re czuwa nad \u015bwiatem. Nast\u0119pnie Zgromadzenie przekazuje Bo\u017ce Pos\u0142anie przez Pos\u0142a\u0144ca.<\/p>\n<p>W tym niezwyk\u0142ym procesie,<a href=\"https:\/\/www.newmessage.org\/polish-international\/important-terms\/#voice\"> G\u0142os Objawienia<\/a> przemawia na nowo. S\u0142owo oraz D\u017awi\u0119k s\u0105 na \u015bwiecie. Po raz pierwszy w historii, nagranie oryginalnego m\u00f3wionego objawienia jest dost\u0119pne dla Ciebie oraz dla \u015bwiata. <\/p>\n<p>Oby\u015b sta\u0142 si\u0119 odbiorc\u0105 tego daru Objawienia i by\u0142 w stanie otrzyma\u0107 to niezwyk\u0142e Pos\u0142anie dla siebie i dla swojego \u017cycia.<\/p>\n<br \/>\n<\/div><\/div><br \/>\n<\/div>\n<div id=\"tabs-2\"><\/p>\n<p><iframe loading=\"lazy\" width=\"275\" height=\"155\" src=\"https:\/\/www.youtube.com\/embed\/p1e-N4JLcqs?feature=oembed&#038;enablejsapi=1&#038;origin=https:\/\/www.newmessage.org\/polish-international\" frameborder=\"0\" allow=\"accelerometer; autoplay; encrypted-media; gyroscope; picture-in-picture\" allowfullscreen><\/iframe><\/p>\n<p><\/div>\n<div id=\"tabs-3\"><br \/>\nNota do czytelnika:<br \/>\nTo t\u0142umaczenie zosta\u0142o dostarczone do Stowarzyszenia przez studenta Nowego Pos\u0142ania, kt\u00f3ry zg\u0142osi\u0142 si\u0119 do przet\u0142umaczenia oryginalnego tekstu angielskiego. Udost\u0119pniamy \u015bwiatu to t\u0142umaczenie w jego wst\u0119pnej formie, aby ludzie mogli mie\u0107 szasn\u0119 zaznajomienia si\u0119 z cz\u0119\u015bci\u0105 Nowego Pos\u0142ania w ich w\u0142asnym j\u0119zyku.<br \/>\n<\/div>\n\t\t\t\t<div align=\"right\">\n\t\t\t<div class=\"fb-like\" data-href=\"\" data-layout=\"button_count\" data-action=\"like\" data-show-faces=\"false\" data-share=\"false\"><\/div>\n\t\t\t<div class=\"fb-share-button\" data-layout=\"button_count\"> <\/div>\n\t\t\t<div class=\"fb_iframe_widget\"><a href=\"https:\/\/twitter.com\/godsnewmessage?ref_src=twsrc%5Etfw\" class=\"twitter-follow-button\" data-show-count=\"false\">Follow @godsnewmessage<\/a><script async src=\"https:\/\/platform.twitter.com\/widgets.js\" charset=\"utf-8\"><\/script><\/div>\n\t\t\t<\/div> <\/div> \n<br \/>\nDzisiaj b\u0119dziemy m\u00f3wi\u0107 o Bogu, o Sile Wy\u017cszej.<\/p>\n<p>Poprzez Anielsk\u0105 Obecno\u015b\u0107 m\u00f3wi do ciebie teraz Si\u0142a Wy\u017csza. M\u00f3wi do tej cz\u0119\u015bci ciebie, kt\u00f3ra znajduje si\u0119 w samym \u015brodku twojej Istoty i u jej \u017ar\u00f3d\u0142a. M\u00f3wi nieuwarunkowana normami spo\u0142ecznymi oraz twoimi ideami i wierzeniami, b\u0119d\u0105ca poza wierzeniami twojej kultury, a nawet twojej religii.<\/p>\n<p>Si\u0142a Wy\u017csza ma Pos\u0142anie dla ca\u0142ego \u015bwiata i dla ka\u017cdej osoby na \u015bwiecie. To Pos\u0142anie to wi\u0119cej ni\u017c idea. To wi\u0119cej nawet ni\u017c zbi\u00f3r idei. Jest to wezwanie i zapewnienie. Wzywa ci\u0119 do odpowiedzenia oraz zapewnia, \u017ce wewn\u0105trz ciebie i we wszystkich ludziach na \u015bwiecie istnieje g\u0142\u0119bsza natura. To zapewnienie jest punktem prze\u0142omowym dla twojej umiej\u0119tno\u015bci zareagowania.<\/p>\n<p>Moc oraz Wszechobecno\u015b\u0107 przewodnicz\u0105 wszech\u015bwiatowi materialnemu, kt\u00f3ry jest miejscem du\u017co wi\u0119kszym i rozleglejszym ni\u017c cokolwiek, co jeste\u015b w stanie sobie wyobrazi\u0107. Moce te stoj\u0105 tak\u017ce na czele wi\u0119kszych sfer Stworzenia si\u0119gaj\u0105cych poza wszech\u015bwiat materialny, co niewielu ludzi na \u015bwiecie uwa\u017ca\u0142o za mo\u017cliwe.<\/p>\n<p>A jednak Si\u0142a Wy\u017csza zwraca si\u0119 do ciebie w twoim najbardziej osobistym miejscu, w samym \u015brodku twojej Istoty, g\u0142\u0119boko pod powierzchni\u0105 umys\u0142u.<\/p>\n<p>To jest tw\u00f3j najwa\u017cniejszy zwi\u0105zek. Jest on \u0179r\u00f3d\u0142em znaczenia oraz celu wszystkich twoich relacji z lud\u017ami, miejscami, a nawet z rzeczami.<\/p>\n<p>Potrzebujesz teraz tej Si\u0142y Wy\u017cszej, \u017ceby przem\u00f3wi\u0142a do g\u0142\u0119bszej cz\u0119\u015bci w tobie po to, aby ci\u0119 z ni\u0105 zaznajomi\u0107 oraz aby przygotowa\u0107 ci\u0119 na \u017cycie w nowym \u015bwiecie i na wej\u015bcie w relacje ze wszech\u015bwiatem pe\u0142nym inteligentnego \u017cycia \u2013 inaczej zwanym Wi\u0119ksz\u0105 Spo\u0142eczno\u015bci\u0105 \u017cycia we wszech\u015bwiecie. Nie wiadomo ci o tych rzeczach, ale s\u0105 one cz\u0119\u015bci\u0105 ciebie.<\/p>\n<p>By\u0107 mo\u017ce do\u015bwiadczy\u0142e\u015b swojej g\u0142\u0119bszej natury w momentach jasnego zrozumienia, momentach, gdy potrafi\u0142e\u015b co\u015b przewidzie\u0107, a nawet<\/p>\n<p>w chwilach rozczarowania, kiedy by\u0142e\u015b w stanie us\u0142ysze\u0107 wi\u0119cej ni\u017c swoje pragnienia i obawy oraz pragnienia i obawy innych.<\/p>\n<p>Si\u0142a Wy\u017csza wzywa ci\u0119 teraz, wo\u0142a ci\u0119 poprzez staro\u017cytne \u015bcie\u017cki twojego umys\u0142u, przywo\u0142uje ci\u0119 bez wzgl\u0119du na twoje wierzenia i to, co ci\u0119 absorbuje.<\/p>\n<p>Poniewa\u017c B\u00f3g przem\u00f3wi\u0142 ponownie i S\u0142owo oraz D\u017awi\u0119k s\u0105 na \u015bwiecie.<\/p>\n<p>Jest to g\u0142\u0119bsza komunikacja, g\u0142\u0119bsza i bardziej znacz\u0105ca ni\u017c potrafi to poj\u0105\u0107 intelekt.<\/p>\n<p>Przekaz ten m\u00f3wi o wi\u0119kszym celu i powa\u017cniejszej odpowiedzialno\u015bci<\/p>\n<p>Oraz o wi\u0119kszym zwi\u0105zku zar\u00f3wno z tym \u015bwiatem, jak i ze \u015bwiatami poza nim. Dzi\u0119ki temu zwi\u0105zkowi stajesz si\u0119 pomostem, pomostem do \u015bwiata, pomostem do swojego Staro\u017cytnego Domu, z kt\u00f3rego tu przyszed\u0142e\u015b i do kt\u00f3rego powr\u00f3cisz.<\/p>\n<p>Ludzie chc\u0105 wielu rzeczy. Ludzie maj\u0105 wiele obaw \u2013 boj\u0105 si\u0119 straty, boj\u0105 si\u0119, \u017ce nie b\u0119d\u0105 posiadali, boj\u0105 si\u0119 pozbawienia, boj\u0105 si\u0119 uci\u015bnienia, boj\u0105 si\u0119 b\u00f3lu i cierpienia oraz b\u00f3lu \u015bmierci.<\/p>\n<p>Ale Si\u0142a Wy\u017csza przemawia ponad wszystkimi tymi rzeczami. To jest Stw\u00f3rca m\u00f3wi\u0105cy do Stworzenia.<\/p>\n<p>Stworzeniem w tobie jest g\u0142\u0119bszy umys\u0142, kt\u00f3ry My nazywamy Wiedzeniem. Jest to nieprzemijaj\u0105ca cz\u0119\u015b\u0107 ciebie. Jest to ta cz\u0119\u015b\u0107 ciebie, kt\u00f3ra istnia\u0142a przed tym \u017cyciem i b\u0119dzie istnie\u0107 po tym \u017cyciu, w\u0119druj\u0105ca przez sfery Separacji, za przewodnika maj\u0105ca jedynie moc G\u0142osu.<\/p>\n<p>Ludzie chc\u0105 wielu rzeczy. Ich obawy s\u0105 ogromne. Wielu ludzi ma swoje g\u0142\u0119bokie przekonania. Lecz Si\u0142a Wy\u017csza przemawia ponad tymi rzeczami do ka\u017cdego, kto potrafi widzie\u0107 i s\u0142ysze\u0107 i odpowiedzie\u0107 na g\u0142\u0119bszym poziomie.<\/p>\n<p>Nie jeste\u015b w stanie tego sprecyzowa\u0107. To jest wi\u0119ksze ni\u017c tw\u00f3j umys\u0142. Debatowanie o tym le\u017cy poza twoimi mo\u017cliwo\u015bciami.<\/p>\n<p>To jest tajemnicze, poniewa\u017c jest wszechobecne. To pochodzi spoza tego \u015bwiata i wszystkich \u015bwiat\u00f3w, dlatego nie jeste\u015b w stanie sobie tego wyobrazi\u0107.<\/p>\n<p>Ale do\u015bwiadczenie to jest tak g\u0142\u0119bokie, \u017ce mo\u017ce zmieni\u0107 kierunek twojego \u017cycia i wybudzi\u0107 ci\u0119 z twojego snu o Separacji, mo\u017ce ci\u0119 wywo\u0142a\u0107 z twoich zaj\u0119\u0107 i zwi\u0105zk\u00f3w i wszystkiego, aby\u015b m\u00f3g\u0142 us\u0142ysze\u0107 ten staro\u017cytny G\u0142os, tak staro\u017cytny, \u017ce m\u00f3wi o \u017cyciu spoza twoich wyobra\u017ce\u0144, lecz o \u017cyciu, kt\u00f3re jest twoim \u017cyciem.<\/p>\n<p>B\u00f3g wie, co nadchodzi. B\u00f3g wie, dlaczego tu jeste\u015b. B\u00f3g wys\u0142a\u0142 ci\u0119 tutaj w okre\u015blonym celu. Twoje plany i cele rzadko s\u0105 tego odbiciem.<\/p>\n<p>Jest to co\u015b wi\u0119kszego. Jest to co\u015b prostszego i mniej majestatycznego. Jest to kluczowe dla twojej Istoty oraz dla twojej natury i tego, jak jeste\u015b skonstruowany.<\/p>\n<p>Jest to tw\u00f3j najpierwotniejszy zwi\u0105zek, najg\u0142\u0119bsza mi\u0142o\u015b\u0107, najwi\u0119ksza przynale\u017cno\u015b\u0107. Jednoczy ci\u0119 to z sob\u0105 samym i nadaje twojemu \u017cyciu cel.<\/p>\n<p>Wywo\u0142uje ci\u0119 z sytuacji, kt\u00f3re s\u0105 dla ciebie szkodliwe lub takich, kt\u00f3re niczego nic ci nie przynios\u0105. Przywo\u0142uje ci\u0119 do wi\u0119kszego zaanga\u017cowania ze \u015bwiatem, a drog\u0119 wskazuje tajemniczy Staro\u017cytny G\u0142os, G\u0142os niepodobny do niczego, co s\u0142ysza\u0142e\u015b do tej pory, g\u0142\u0119bszy ni\u017c cokolwiek, co kiedy\u015b czu\u0142e\u015b, wspanialszy ni\u017c wszystko, co mo\u017cesz zobaczy\u0107 lub dotkn\u0105\u0107.<\/p>\n<p>Ludzie chc\u0105 wielu rzeczy. Kieruje nimi ogromny strach. Nawet przyjemno\u015bci, kt\u00f3rym si\u0119 oddaj\u0105, s\u0105 pe\u0142ne strachu i obaw.<\/p>\n<p>Lecz Staro\u017cytny G\u0142os nie jest kierowany przez strach, i gdy ty odpowiesz, ty jeste\u015b ponad strachem.<\/p>\n<p>Kto mo\u017ce wyja\u015bni\u0107, co to jest? Kto mo\u017ce to sprawdzi\u0107?<\/p>\n<p>Nie b\u0105d\u017a niem\u0105dry i nie my\u015bl w kategoriach wydajno\u015bci. Nie popadaj w analityczno\u015b\u0107. Poniewa\u017c to si\u0119 odbywa na znacznie g\u0142\u0119bszym i wa\u017cniejszym poziomie.<\/p>\n<p>Nie wycofuj si\u0119 przed tym. Poniewa\u017c to jest twoje \u017cycie, tw\u00f3j cel i twoje wo\u0142anie.<\/p>\n<p>Wszechobecno\u015b\u0107 i \u0141aska s\u0105 z tob\u0105. Lecz ty patrzysz si\u0119 na inne rzeczy. Tw\u00f3j umys\u0142 jest gdzie indziej. To, co ci\u0119 zbawi i przywr\u00f3ci ci\u0119 \u017cyciu jest z tob\u0105 teraz. Lecz ty spogl\u0105dasz w innym kierunku.<\/p>\n<p>Objawienie jest na \u015bwiecie. B\u00f3g przyby\u0142 ponownie, i ma dla ludzko\u015bci Wielk\u0105 Wiadomo\u015b\u0107 oraz przygotowanie ludzko\u015bci do trudnej i pe\u0142nej ryzyka przysz\u0142o\u015bci.<\/p>\n<p>Co to jest? Co to znaczy? Dlaczego to si\u0119 dzieje? Jak mo\u017cesz si\u0119 przygotowa\u0107?<\/p>\n<p>Tylko Objawienie mo\u017ce odpowiedzie\u0107 na te pytania. Je\u015bli pozostajesz z boku i od\u0142\u0105czasz si\u0119, nie mo\u017cesz odpowiedzie\u0107 na te pytania.<\/p>\n<p>Ludzie chc\u0105 wielu rzeczy. Ich uwaga jest rozproszona. S\u0105 zaj\u0119ci wieloma sprawami. Ale nie wiedz\u0105 gdzie s\u0105 ani co robi\u0105. Ich cele to g\u0142\u00f3wnie cele wyznaczone przez spo\u0142ecze\u0144stwo. Nie wiedz\u0105 dok\u0105d w \u017cyciu id\u0105 ani dlaczego tutaj si\u0119 znale\u017ali ani kto ich wys\u0142a\u0142. Nie wiedz\u0105 co ich zbawi, co da im spe\u0142nienie, co nada ich \u017cyciu poczucie celu i kierunek.<\/p>\n<p>M\u00f3wi teraz do ciebie Staro\u017cytny G\u0142os. Us\u0142yszysz ten Staro\u017cytny G\u0142os brzmi\u0105cy wewn\u0105trz ciebie, poniewa\u017c po\u0142\u0105czenie z nim jest bardzo g\u0142\u0119bokie. Jest jak podziemne rzeki, kt\u00f3re p\u0142yn\u0105 pod pustyni\u0105, podziemne rzeki najczystszej wody, kt\u00f3rych nie mo\u017cna dostrzec z powierzchni i do kt\u00f3rych mo\u017cna dotrze\u0107 jedynie innymi sposobami.<\/p>\n<p>Podczas gdy \u017cyjesz na powierzchni, g\u0142\u0119boko w \u015brodku jeste\u015b po\u0142\u0105czony z Bogiem. I do\u015bwiadczasz tego po\u0142\u0105czenia s\u0142ysz\u0105c wo\u0142anie oraz odpowiadaj\u0105c na nie, pod\u0105\u017caj\u0105c za tym g\u0142\u0119bokim G\u0142osem i za wi\u0119kszym kierunkiem, kt\u00f3ry on wyznacza.<\/p>\n<p>Ludzie pytaj\u0105 si\u0119 Dlaczego? Dlaczego tak si\u0119 dzieje? Musz\u0105 si\u0119 zatrzyma\u0107 i ws\u0142ucha\u0107 oraz nauczy\u0107 si\u0119 s\u0142ucha\u0107, skupi\u0107 si\u0119 ca\u0142kowicie na bie\u017c\u0105cym momencie, aby mogli us\u0142ysze\u0107, poczu\u0107 i zobaczy\u0107, \u017ce Objawienie budzi ich w \u015brodku.<\/p>\n<p>Zatem Objawienie budzi, Objawienie budzi si\u0119 w ka\u017cdym cz\u0142owieku. Tak w\u0142a\u015bnie B\u00f3g przemawia do \u015bwiata w Czasach Objawienia. Jest to zwi\u0105zek na najg\u0142\u0119bszym i najwa\u017cniejszym poziomie.<\/p>\n<p>Nie mo\u017cesz oderwa\u0107 si\u0119 od Boga. Poniewa\u017c B\u00f3g idzie z Tob\u0105 wsz\u0119dzie. B\u00f3g jest przy Tobie w ka\u017cdym momencie, we wszystkim, co robisz.<\/p>\n<p>Tylko w swoich my\u015blach mo\u017cesz si\u0119 odseparowa\u0107, my\u015bl\u0105c o innych rzeczach, uto\u017csamiaj\u0105c si\u0119 z innymi rzeczami. Ale Staro\u017cytny G\u0142os, kt\u00f3ry jest w tobie wzywa ci\u0119 do odpowiedzi, naprowadza ci\u0119, powstrzymuje ci\u0119.<\/p>\n<p>By zrozumie\u0107 swoje najg\u0142\u0119bsze przeczucia i wo\u0142ania twojego serca, musisz zacz\u0105\u0107 s\u0142ucha\u0107. S\u0142ucha\u0107 siebie w \u015brodku. S\u0142ucha\u0107 \u015bwiata, bez oceniania i pot\u0119piania. Nas\u0142uchiwa\u0107 znak\u00f3w tego, co nadchodzi. S\u0142ucha\u0107 po to, by us\u0142ysze\u0107, jak zareagowa\u0107. S\u0142ucha\u0107, by wiedzie\u0107 z kim by\u0107, a z kim nie by\u0107.<\/p>\n<p>Tutaj nie pod\u0105\u017casz za strachem. Tutaj nie ma pot\u0119pienia. Jest za to wi\u0119ksza umiej\u0119tno\u015b\u0107 zrozumienia i wi\u0119ksze rozpoznanie.<\/p>\n<p>B\u00f3g umie\u015bci\u0142 w tobie Wiedz\u0119, aby by\u0142a twoim przewodnikiem i ci\u0119 chroni\u0142a oraz doprowadzi\u0142a ci\u0119 do wspanialszego \u017cycia i do uczestnictwa w \u015bwiecie. Wiedza znajduje si\u0119 poza zasi\u0119giem intelektu, w innej sferze ni\u017c on. To si\u0119 dzieje na g\u0142ebszym poziomie.<\/p>\n<p>Kiedy zaczniesz tego do\u015bwiadcza\u0107, zyskasz umiej\u0119tno\u015b\u0107 g\u0142\u0119bszego rozumienia. Staniesz si\u0119 ostro\u017cny w tym, co robisz oraz z kim si\u0119 zadajesz. Zaczniesz uwa\u017cnie s\u0142ucha\u0107 innych, by wiedzie\u0107 co chc\u0105 ci przekaza\u0107 i czy powiniene\u015b si\u0119 z nimi spotyka\u0107.<\/p>\n<p>Ludzie wierz\u0105 w wiele rzeczy, ale niewiele wiedz\u0105. \u017byj\u0105 u\u017cywaj\u0105c tylko powierzchni umys\u0142u, kt\u00f3ry jest wzburzony i chaotyczny, zale\u017cny od tego jakie wiatry \u015bwiata go popychaj\u0105 i jakie pasje go poch\u0142aniaj\u0105.<\/p>\n<p>Pogl\u0105dy i wierzenia ludzi s\u0105 substytutem prawdziwych zwi\u0105zk\u00f3w. Bycie zaabsorbowanym jest sposobem na unikanie powa\u017cniejszego zaanga\u017cowania, kt\u00f3re jest im przeznaczone.<\/p>\n<p>Stoj\u0105c obok, nie widz\u0105. Nie s\u0105 w stanie wiedzie\u0107. Nie s\u0105 w stanie odpowiedzie\u0107.<\/p>\n<p>S\u0105 zdominowani przez w\u0142asne my\u015bli, przez ich umys\u0142, przez swoje reakcje. S\u0105 niewolnikami, wiod\u0105c niewolnicz\u0105 egzystencj\u0119.<\/p>\n<p>Lecz Tajemnica jest wewn\u0105trz nich. To jest najwa\u017cniejsza rzecz w \u017cyciu. Nie polega na osi\u0105ganiu cel\u00f3w, zapewnianiu sobie dobrobytu oraz towarzystwa i presti\u017cu w spo\u0142ecze\u0144stwie. Jest najwa\u017cniejsz\u0105 rzecz\u0105, poniewa\u017c dotyczy zaanga\u017cowania w co\u015b wa\u017cniejszego.<\/p>\n<p>Tajemnica jest \u017ar\u00f3d\u0142em wszystkiego, co wa\u017cne. Wszystkie wielkie wynalazki i wk\u0142ad w rozw\u00f3j ludzko\u015bci, wielkie zwi\u0105zki, wielkie do\u015bwiadczenia, wszystkie pochodz\u0105 z Tajemnicy. Kim jeste\u015b, dlaczego tu jeste\u015b, co ci\u0119 wzywa, twoje wi\u0119ksze znajomo\u015bci, twoje przeznaczenie z pewnymi lud\u017ami na \u015bwiecie, twoja zdolno\u015b\u0107 do pod\u0105\u017cania w\u0142a\u015bciw\u0105 drog\u0105, podczas gdy wszyscy wok\u00f3\u0142 ciebie pogr\u0105\u017ceni w marzeniach \u015bpi\u0105, i nie reaguj\u0105. Musisz rozpocz\u0105\u0107 t\u0119 podr\u00f3\u017c, inaczej twoje \u017cycie b\u0119dzie zaledwie niespokojnym snem i niczym wi\u0119cej.<\/p>\n<p>Kiedy powr\u00f3cisz do swojej Duchowej Rodziny po opuszczeniu tego \u015bwiata, spojrz\u0105 na ciebie, by dowiedzie\u0107 si\u0119, czy wykona\u0142e\u015b swoje zadanie, czy zbudowa\u0142e\u015b g\u0142\u0119bsze po\u0142\u0105czenie. I b\u0119dziesz wiedzia\u0142 czy ci si\u0119 uda\u0142o czy nie.<\/p>\n<p>Bez os\u0105d\u00f3w i pot\u0119pienia, zostanie to stwierdzone. Tam, to co wcze\u015bniej by\u0142o tajemnicze stanie si\u0119 rzeczywisto\u015bci\u0105. I twoje priorytety stan\u0105 jasne. Nic ci nie b\u0119dzie przeszkadza\u0142o. Nie b\u0119dzie \u017cadnego oporu.<\/p>\n<p>B\u0119dziesz chcia\u0142 wr\u00f3ci\u0107 m\u00f3wi\u0105c: \u201eTym razem b\u0119d\u0119 pami\u0119ta\u0107. Teraz wiem. Teraz ju\u017c widz\u0119. B\u0119d\u0119 pami\u0119ta\u0107.\u201d<\/p>\n<p>Ale musisz pami\u0119ta\u0107 kiedy jeste\u015b tutaj. W tym jest ca\u0142a r\u00f3\u017cnica. To jest najwa\u017cniejsze. To jest pocz\u0105tek wszystkiego, co najwa\u017cniejsze. To jest punkt zwrotny w twoim \u017cyciu.<\/p>\n<p>To wydaje si\u0119 tajemnicze tylko dlatego, \u017ce zosta\u0142e\u015b od tego oddzielony, wci\u0105gni\u0119ty do \u015bwiata form, zagubiony w \u015bwiecie, dorastaj\u0105cy jako osobna jednostka, dostosowuj\u0105cy si\u0119 do trudnego i zmieniaj\u0105cego si\u0119 \u015bwiata. Wtedy pojawia si\u0119 co\u015b, co ci przypomina i zaczynasz czu\u0107, \u017ce Tajemnica jest z tob\u0105 oraz w tobie i \u017ce ma na ciebie wp\u0142yw.<\/p>\n<p>Jej \u0179r\u00f3d\u0142o le\u017cy poza \u015bwiatem fizycznym, poniewa\u017c ty sam jeste\u015b czym\u015b wi\u0119cej ni\u017c tworem \u015bwiata fizycznego. To, dok\u0105d idziesz, tak\u017ce ostatecznie le\u017cy poza rzeczywisto\u015bci\u0105 fizyczn\u0105. Ale twoje miejsce jest tutaj poniewa\u017c zosta\u0142e\u015b tu wys\u0142any w okre\u015blonym celu. I to jest Tajemnic\u0105.<\/p>\n<p>M\u00f3wimy o tych rzeczach, aby zaanga\u017cowa\u0107 ci\u0119 na g\u0142\u0119bszym poziomie, by wywo\u0142a\u0107 z ciebie to, co autentyczne, by przem\u00f3wi\u0107 do tej cz\u0119\u015bci ciebie, kt\u00f3r\u0105 ledwie znasz, a kt\u00f3ra jest wa\u017cniejsz\u0105 cz\u0119\u015bci\u0105 ciebie. Ta cz\u0119\u015b\u0107 ciebie odpowie, poniewa\u017c dawno temu zaanga\u017cowali\u015bmy si\u0119 w to razem.<\/p>\n<p>Boisz si\u0119 tego, a jednocze\u015bnie tego pragniesz. To jest naturalne pragnienie, bardziej naturalne ni\u017c cokolwiek innego, czym si\u0119 teraz zajmujesz lub co m\u00f3g\u0142by\u015b zrobi\u0107 w \u015bwiecie.<\/p>\n<p>To jest Zaanga\u017cowanie.<\/p>\n","protected":false},"excerpt":{"rendered":"<p>Dzisiaj b\u0119dziemy m\u00f3wi\u0107 o Bogu, o Sile Wy\u017cszej. Poprzez Anielsk\u0105 Obecno\u015b\u0107 m\u00f3wi do ciebie teraz Si\u0142a Wy\u017csza. M\u00f3wi do tej cz\u0119\u015bci ciebie, kt\u00f3ra znajduje si\u0119 w samym \u015brodku twojej Istoty i u jej \u017ar\u00f3d\u0142a. M\u00f3wi nieuwarunkowana normami spo\u0142ecznymi oraz twoimi ideami i wierzeniami, b\u0119d\u0105ca poza wierzeniami twojej kultury, a nawet twojej religii. Si\u0142a Wy\u017csza ma\u2026 <a class=\"read-more\" href=\"https:\/\/www.v6.newmessage.org\/pl\/about-recording-shortcode\/\"><span>Read More<\/span><\/a><\/p>\n","protected":false},"author":62,"featured_media":0,"parent":16290,"menu_order":0,"comment_status":"closed","ping_status":"closed","template":"template-leftsidebar.php","meta":{"_monsterinsights_skip_tracking":false,"_monsterinsights_sitenote_active":false,"_monsterinsights_sitenote_note":"","_monsterinsights_sitenote_category":0,"footnotes":""},"categories":[76,118,461,460],"tags":[802,355,803,807],"_links":{"self":[{"href":"https:\/\/www.v6.newmessage.org\/pl\/wp-json\/wp\/v2\/pages\/27673"}],"collection":[{"href":"https:\/\/www.v6.newmessage.org\/pl\/wp-json\/wp\/v2\/pages"}],"about":[{"href":"https:\/\/www.v6.newmessage.org\/pl\/wp-json\/wp\/v2\/types\/page"}],"author":[{"embeddable":true,"href":"https:\/\/www.v6.newmessage.org\/pl\/wp-json\/wp\/v2\/users\/62"}],"replies":[{"embeddable":true,"href":"https:\/\/www.v6.newmessage.org\/pl\/wp-json\/wp\/v2\/comments?post=27673"}],"version-history":[{"count":1,"href":"https:\/\/www.v6.newmessage.org\/pl\/wp-json\/wp\/v2\/pages\/27673\/revisions"}],"predecessor-version":[{"id":27677,"href":"https:\/\/www.v6.newmessage.org\/pl\/wp-json\/wp\/v2\/pages\/27673\/revisions\/27677"}],"up":[{"embeddable":true,"href":"https:\/\/www.v6.newmessage.org\/pl\/wp-json\/wp\/v2\/pages\/16290"}],"wp:attachment":[{"href":"https:\/\/www.v6.newmessage.org\/pl\/wp-json\/wp\/v2\/media?parent=27673"}],"wp:term":[{"taxonomy":"category","embeddable":true,"href":"https:\/\/www.v6.newmessage.org\/pl\/wp-json\/wp\/v2\/categories?post=27673"},{"taxonomy":"post_tag","embeddable":true,"href":"https:\/\/www.v6.newmessage.org\/pl\/wp-json\/wp\/v2\/tags?post=27673"}],"curies":[{"name":"wp","href":"https:\/\/api.w.org\/{rel}","templated":true}]}}