{"id":27651,"date":"2019-03-29T05:37:56","date_gmt":"2019-03-29T05:37:56","guid":{"rendered":"https:\/\/www.newmessage.org\/polish-international\/?page_id=27651"},"modified":"2021-02-20T18:10:23","modified_gmt":"2021-02-20T18:10:23","slug":"the-fate-of-nations","status":"publish","type":"page","link":"https:\/\/www.v6.newmessage.org\/pl\/the-message\/the-fate-of-nations\/","title":{"rendered":"Los Narod\u00f3w"},"content":{"rendered":"<div><!-- Version 6.0 --><\/div>\n\n<div class=\"tabgroup \"><ul class=\"tabs\"><li><a href=\"#tabs-1\">Pos\u0142ucha\u0107<\/a><\/li>\n<li><a href=\"#tabs-2\">Nota<\/a><\/li><\/ul>\n <div id=\"tabs-1\"><br \/>\nPos\u0142uchaj oryginalneg objawienia w j\u0119zyku angielskim:<\/p>\n<div id=\"jquery_jplayer_1\" class=\"jp-jplayer\"><\/div>\n\t\t\t\t<div id=\"jp_container_1\" class=\"jp-audio\">\n\t\t\t\t<div class=\"jp-type-single\"><div class=\"jp-control\"><a href=\"javascript:;\" class=\"jp-play\" tabindex=\"1\">play<\/a><a href=\"javascript:;\" class=\"jp-pause\" tabindex=\"1\">pause<\/a><\/div> <div class=\"jp-gui jp-interface\"><div class=\"jp-volume\"><div class=\"jp-volume-bar\"><div class=\"jp-volume-bar-value\"><\/div><\/div><\/div><div class=\"jp-progress\"><div class=\"jp-seek-bar\"><div class=\"jp-play-bar\"><\/div><\/div><\/div><\/div>\t\t\t\t\t<div class=\"jp-no-solution\"><span>Update Required<\/span>To play the media you will need to either update your browser to a recent version or update your <a href=\"http:\/\/get.adobe.com\/flashplayer\/\" target=\"_blank\">Flash plugin<\/a>.<\/div><\/div><\/div>\n\t\t\t<script type='text\/javascript'>\n\t\t\t\tjQuery(document).ready(function() {\n\t\t\t\t\tif (typeof (sermonMedia) == 'function') {\n\t\t\t\t\t\tsermonMedia.addAudio('', \"jquery_jplayer_1\");\n\t\t\t\t\t}\n\t\t\t\t\tjQuery.jPlayer.timeFormat.showHour = true;\n\t\t\t\t\tjQuery(\"#jquery_jplayer_1\").jPlayer({\n\t\t\t\t\t\tready: function(event) {\n\t\t\t\t\t\t\tjQuery(this).jPlayer(\"setMedia\", {mp3: 'https:\/\/newmessage.org\/av\/the-fate-of-nations-and-peoples.mp3'});\n\t\t\t\t\t\t},\n\t\t\t\t\t\tplay: function() {\n\t\t\t\t\t\t\tjQuery(this).jPlayer(\"pauseOthers\");\n\t\t\t\t\t\t},\n\t\t\t\t\t\tswfPath: ThemeData.directory_uri+\"\/swf\",\n\t\t\t\t\t\tsolution: \"html, flash\",\n\t\t\t\t\t\tpreload: \"metadata\",\n\t\t\t\t\t\twmode: \"window\",\n\t\t\t\t\t\tsupplied: \"mp3\",\n\t\t\t\t\t\tcssSelectorAncestor: '#jp_container_1'\n\t\t\t\t\t});\n\t\t\t\t});\n\t\t\t<\/script><\/p>\n<p><a title=\"The Fate of Nations\" href=\"https:\/\/www.newmessage.org\/av\/the-fate-of-nations-and-peoples.mp3\">Pobierz<\/a> (kliknij prawym przyciskiem, aby pobra\u0107)<\/p>\n<p class=\"revelation_details\"><em>Otrzyma\u0142 Pos\u0142aniec Boga<br \/>\nMarshall Vian Summers<br \/>\n17 kwietnia 2007 r.<br \/>\nw Stambule, w Turcji<\/em><\/p>\n<div class=\"toggle toggle-white\"><h4 class=\"trigger \"><span class=\"t_ico\"><\/span><a href=\"#\">O tym nagraniu<\/a><\/h4><div class=\"toggle_container \"><br \/>\n<p>S\u0142uchasz teraz nagrania g\u0142osu <a href=\"https:\/\/www.newmessage.org\/polish-international\/important-terms\/#aa\">Zgromadzenia Anielskiego<\/a>, kt\u00f3re przemawia przez Pos\u0142a\u0144ca <a href=\"https:\/\/www.newmessage.org\/polish-international\/who-is-marshallviansummers\/\">Marshalla Viana Summersa<\/a>.<\/p>\n<p>Tutaj, oryginalny przekaz od Boga, kt\u00f3ry istnieje poza s\u0142owami, jest przet\u0142umaczony na ludzki j\u0119zyk i zrozumienie przez Zgromadzenie Anielskie, kt\u00f3re czuwa nad \u015bwiatem. Nast\u0119pnie Zgromadzenie przekazuje Bo\u017ce Pos\u0142anie przez Pos\u0142a\u0144ca.<\/p>\n<p>W tym niezwyk\u0142ym procesie,<a href=\"https:\/\/www.newmessage.org\/polish-international\/important-terms\/#voice\"> G\u0142os Objawienia<\/a> przemawia na nowo. S\u0142owo oraz D\u017awi\u0119k s\u0105 na \u015bwiecie. Po raz pierwszy w historii, nagranie oryginalnego m\u00f3wionego objawienia jest dost\u0119pne dla Ciebie oraz dla \u015bwiata. <\/p>\n<p>Oby\u015b sta\u0142 si\u0119 odbiorc\u0105 tego daru Objawienia i by\u0142 w stanie otrzyma\u0107 to niezwyk\u0142e Pos\u0142anie dla siebie i dla swojego \u017cycia.<\/p>\n<br \/>\n<\/div><\/div><br \/>\n<\/div>\n<div id=\"tabs-2\"><br \/>\nNota do czytelnika:<br \/>\nTo t\u0142umaczenie zosta\u0142o dostarczone do Stowarzyszenia przez studenta Nowego Pos\u0142ania, kt\u00f3ry zg\u0142osi\u0142 si\u0119 do przet\u0142umaczenia oryginalnego tekstu angielskiego. Udost\u0119pniamy \u015bwiatu to t\u0142umaczenie w jego wst\u0119pnej formie, aby ludzie mogli mie\u0107 szasn\u0119 zaznajomienia si\u0119 z cz\u0119\u015bci\u0105 Nowego Pos\u0142ania w ich w\u0142asnym j\u0119zyku.<br \/>\n<\/div>\n\t\t\t\t<div align=\"right\">\n\t\t\t<div class=\"fb-like\" data-href=\"\" data-layout=\"button_count\" data-action=\"like\" data-show-faces=\"false\" data-share=\"false\"><\/div>\n\t\t\t<div class=\"fb-share-button\" data-layout=\"button_count\"> <\/div>\n\t\t\t<div class=\"fb_iframe_widget\"><a href=\"https:\/\/twitter.com\/godsnewmessage?ref_src=twsrc%5Etfw\" class=\"twitter-follow-button\" data-show-count=\"false\">Follow @godsnewmessage<\/a><script async src=\"https:\/\/platform.twitter.com\/widgets.js\" charset=\"utf-8\"><\/script><\/div>\n\t\t\t<\/div> <\/div> \n\n<p>To jest cz\u0119\u015b\u0107 Nowego Przes\u0142ania dla \u015awiata dotycz\u0105ca losu narod\u00f3w i ludzi, a tak\u017ce wielkie wo\u0142anie, kt\u00f3re teraz g\u0142o\u015bno brzmi dla ludzko\u015bci.<\/p>\n<p>Ludzie i narody \u015bwiata wkraczaj\u0105 w czas powa\u017cnych trudno\u015bci i przemian. Zasoby \u015bwiatowe malej\u0105. Populacja ro\u015bnie. A gdy tak si\u0119 dzieje, dalej trwa rywalizacja, istnieje powa\u017cne niebezpiecze\u0144stwo konfliktu i wojny. Obudz\u0105 si\u0119 dawne animozje. Ci, kt\u00f3rzy s\u0105 ambitni, zar\u00f3wno w rz\u0105dach, jak i instytucjach publicznych, b\u0119d\u0105 gra\u0107 na uprzedzeniach ludzkich. B\u0119d\u0105 \u017cerowa\u0107 na ludzkiej s\u0142abo\u015bci, a strach b\u0119dzie si\u0119 szerzy\u0142.<\/p>\n<p>To z powodu tego wielkiego przej\u015bcia B\u00f3g przekaza\u0142 Nowe Przes\u0142anie \u015bwiatu dla ochrony i post\u0119pu ludzko\u015bci. Aby zrozumie\u0107 wielko\u015b\u0107 tego Przes\u0142ania i jego wag\u0119 w tych czasach, musicie zrozumie\u0107 i uzna\u0107 te wielkie przemiany, kt\u00f3re s\u0105 zagro\u017ceniem dla rodziny ludzkiej \u2013zagro\u017cenie upadku, zagro\u017cenie zniszczenia wielkich osi\u0105gni\u0119\u0107 cywilizacji, zagro\u017cenie dla dobrobytu i prze\u017cycia ludzi wsz\u0119dzie.<\/p>\n<p>Tutaj polityka a nawet sama religia b\u0119d\u0105 u\u017cywane jako bro\u0144 w wojnie, jako spos\u00f3b na oddzielenie ludzi i nastawienie ich przeciw sobie w wielkim konflikcie, nie ideologicznie, ale tam, gdzie chodzi o zasoby \u015bwiatowe.<\/p>\n<p>Tutaj konflikt b\u0119dzie ukryty. B\u0119dzie w przebraniu polityki i religii, lecz w istocie jest to rywalizacja o zasoby. Ludzko\u015b\u0107 stoi teraz wobec wielkiego niebezpiecze\u0144stwa, poniewa\u017c \u015bwiat zaczyna upada\u0107 \u2013 \u015bwiat, kt\u00f3rego \u015brodowisko zosta\u0142o zdegradowane, \u015bwiat, kt\u00f3rego klimat si\u0119 zmienia, \u015bwiat, kt\u00f3rego \u017ar\u00f3d\u0142a podtrzymuj\u0105ce \u017cycie s\u0105 na wyczerpaniu, a zosta\u0142y zniszczone przez ludzk\u0105 ignorancj\u0119 i chciwo\u015b\u0107. Oto jest przyczyna, dla kt\u00f3rej Nowe Przes\u0142anie od Boga zosta\u0142o przekazane \u015bwiatu.<\/p>\n<p>Aby przyj\u0105\u0107 Nowe Przes\u0142anie i zrozumie\u0107 jego \u017ar\u00f3d\u0142o oraz jego znaczenie w obecnym czasie, czasie Objawienia, musicie uzna\u0107 trudne po\u0142o\u017cenie, w jakim znajduje si\u0119 ludzko\u015b\u0107, a kt\u00f3re przejawia si\u0119 w tak wielu dziedzinach. Nie b\u0119dziecie w stanie doceni\u0107 Nowego Przes\u0142ania od Boga, zanim nie uznacie fakt\u00f3w, zanim nie uznacie tych uwarunkowa\u0144 i zanim nie zobaczycie, \u017ce bez wielkiego Przes\u0142ania ze \u0179r\u00f3d\u0142a wszelkiego \u017cycia mo\u017cliwo\u015bci ludzko\u015bci radzenia sobie w tych trudnych czasach s\u0105 bardzo ma\u0142e. Mo\u017cliwo\u015b\u0107, by ludzko\u015b\u0107 unikn\u0119\u0142a nadchodz\u0105cej wojny, konfliktu i zniszcze\u0144, jest bardzo ma\u0142a. Przewidywanie wspania\u0142ej przysz\u0142o\u015bci dla ludzko\u015bci, przysz\u0142o\u015bci, kt\u00f3ra nie b\u0119dzie taka jak przesz\u0142o\u015b\u0107, ma bardzo s\u0142abe podstawy. Przeciwno\u015bci, kt\u00f3re stoj\u0105 naprzeciw sukcesowi ludzko\u015bci s\u0105 tak znacz\u0105ce, \u017ce musi by\u0107 Nowe Przes\u0142anie od Boga. Musicie zobaczy\u0107 Nowe Przes\u0142anie w tym kontek\u015bcie, albo nie zrozumiecie czas\u00f3w Objawienia, w kt\u00f3rych \u017cyjecie. Nie zrozumiecie.<\/p>\n<p>Do tych, kt\u00f3rzy b\u0119d\u0105 kuszeni, by chwyci\u0107 miecz w imi\u0119 religii czy korzy\u015bci politycznych: musicie rozpozna\u0107, \u017ce wasze my\u015bli, wasze intencje i wasze dzia\u0142ania s\u0105 wbrew woli Boga dotycz\u0105cej ludzko\u015bci. Nie s\u0105 w zgodzie z tym, co B\u00f3g zamierza da\u0107 ludzko\u015bci. Poniewa\u017c B\u00f3g chce, by ludzko\u015b\u0107 zjednoczy\u0142a si\u0119 i sta\u0142a si\u0119 samo wystarczaj\u0105ca we Wszech\u015bwiecie pe\u0142nym inteligentnego \u017cycia. Nawet obecnie istniej\u0105 inne si\u0142y poza tym \u015bwiatem, kt\u00f3re czekaj\u0105 na b\u0142\u0105d ludzko\u015bci, czekaj\u0105 na okazj\u0119, by interweniowa\u0107, aby wykorzysta\u0107 s\u0142ab\u0105 i skonfliktowan\u0105 ludzko\u015b\u0107.<\/p>\n<p>Je\u015bli nie widzicie tego czy nie mo\u017cecie tego przyj\u0105\u0107, nie rozumienie trudnego po\u0142o\u017cenia, w jakim znajduje si\u0119 obecnie ludzko\u015b\u0107. Nie rozumiecie wielkiego wysi\u0142ku, jakiemu musi sprosta\u0107 rodzina ludzka. I nie zobaczycie wielkiego niebezpiecze\u0144stwa, Wielkiej Ciemno\u015bci, kt\u00f3ra czai si\u0119 obecnie w \u015bwiecie, ciemno\u015bci, kt\u00f3ra wynikn\u0119\u0142a z interwencji z zewn\u0105trz i ciemno\u015bci, kt\u00f3ra powsta\u0142a z ludzkiej ignorancji, chciwo\u015bci, rywalizacji, konfliktu i wojny.<\/p>\n<p>Do tych, kt\u00f3rzy chwyciliby za miecz w imi\u0119 religii czy korzy\u015bci politycznych: musicie zda\u0107 sobie spraw\u0119, \u017ce gwa\u0142cicie wol\u0119 Boga dla ludzko\u015bci. A chocia\u017c Stw\u00f3rca nie ukarze was, oddalicie si\u0119 od Wiedzy Boga w sobie. Rzucicie si\u0119 w ciemno\u015b\u0107 i pomieszanie. I poprowadzicie swoich ludzi i sw\u00f3j nar\u00f3d do konfliktu, spustoszenia i ruiny. Poniewa\u017c sko\u0144czy\u0142 si\u0119 czas, gdy jeden nar\u00f3d m\u00f3g\u0142 po prostu korzysta\u0107 z upadku innego narodu, bo teraz chodzi o ca\u0142y \u015bwiat.<\/p>\n<p>Je\u015bli podniesiecie miecz w imi\u0119 religijnych czy politycznych korzy\u015bci, pogwa\u0142cicie Boski Plan dla ludzko\u015bci. Chocia\u017c B\u00f3g was nie ukarze wprost, oddzielicie si\u0119 i odwr\u00f3cicie od Wiedzy Boga, kt\u00f3ra jest w was, kt\u00f3r\u0105 B\u00f3g umie\u015bci\u0142 w was dla waszej ochrony i zbawienia. A popadniecie si\u0119 w chaos i konflikt, we w\u015bciek\u0142o\u015b\u0107 i niedol\u0119 i przyniesiecie zniszczenie oraz spustoszenie swoim ludziom.<\/p>\n<p>Jest to wielkie ryzyko i pojawi si\u0119 wielkie kuszenie ludzko\u015bci: aby ludzie krzywdzili si\u0119 wzajemnie, aby obudzili swoje dawne animozje, aby narody zacz\u0119\u0142y rywalizowa\u0107 i wchodzi\u0142y w konflikty z innymi narodami, wierz\u0105c, \u017ce to jest dla dobra ich narodu czy zgodnie z wol\u0105 Boga. Ale jeste\u015bcie oszukiwani. Jeste\u015bcie w b\u0142\u0119dzie. Gwa\u0142cicie Bosk\u0105 Wol\u0119 i Plan dla ludzko\u015bci. Chocia\u017c B\u00f3g nie ukarze was wprost, oddzielicie si\u0119 od M\u0105dro\u015bci Boga i Woli Boga. B\u0119dziecie w pomieszaniu i ciemno\u015bci, w \u017calu, a ostatecznie w rozpaczy.<\/p>\n<p>B\u0105d\u017acie zatem ostro\u017cne narody \u015bwiata, przyw\u00f3dcy \u015bwiatowi i obywatele \u015bwiata. Zwr\u00f3\u0107cie uwag\u0119 na te s\u0142owa, poniewa\u017c pochodz\u0105 z Boskiej Woli i Obecno\u015bci i reprezentuj\u0105 Wiedz\u0119, kt\u00f3ra jest w was, kt\u00f3ra ma was prowadzi\u0107 i ochrania\u0107. Jest to ta sama Wiedza, kt\u00f3ra jest tutaj, by prowadzi\u0107 i chroni\u0107 ca\u0142\u0105 ludzko\u015b\u0107.<\/p>\n<p>Oto dlaczego Pos\u0142aniec zosta\u0142 pos\u0142any w \u015bwiat \u2013 by przynie\u015b\u0107 Nowe Przes\u0142anie nadziei, to Przes\u0142anie odrodzenia i dzia\u0142ania dla rodziny ludzkiej w tym czasie wielkiego przedsi\u0119wzi\u0119cia. W\u0142a\u015bnie zaczyna si\u0119 czas, gdy pojawi\u0105 si\u0119 wielkie wojny i wielkie konflikty. Zarzewia tych wojen ju\u017c si\u0119 pojawiaj\u0105. Plany tych wojen ju\u017c \u017cyj\u0105 w umys\u0142ach i sercach wielu ludzi. I uwarunkowania tych konflikt\u00f3w i wojen s\u0105 w was.<\/p>\n<p>Ludzko\u015b\u0107 ma teraz swoj\u0105 wielk\u0105 szans\u0119, by zjednoczy\u0107 si\u0119 w swojej obronie i dla w\u0142asnej ochrony \u2013 zar\u00f3wno w \u015bwiecie, jak i wobec Wi\u0119kszej Spo\u0142eczno\u015bci \u017cycia we Wszech\u015bwiecie, gdzie wolno\u015b\u0107 jest nieznana, a warto\u015b\u0107 ludzko\u015bci nie jest uznawana, zachowana jedynie przez niewielu.<\/p>\n<p>Ci, kt\u00f3rzy podnios\u0105 miecz w imi\u0119 Boga czy dla politycznych korzy\u015bci, przegraj\u0105 swoj\u0105 misj\u0119 a ich wo\u0142anie nie da efektu, a poprowadz\u0105 tak\u017ce innych do przegranej. A z t\u0105 przegran\u0105 nie przyjdzie pok\u00f3j ani dzia\u0142anie, poniewa\u017c zaprzeczyli Wiedzy Boga w sobie. Zaprzeczyli Planowi Stw\u00f3rcy dla ludzko\u015bci. Obr\u00f3cili si\u0119 przeciwko wielkiej m\u0105dro\u015bci, kt\u00f3r\u0105 B\u00f3g da\u0142 im i ich sercom. Z powodu ignorancji i arogancji oraz pr\u00f3\u017cno\u015bci, zniszcz\u0105 wielk\u0105 okazj\u0119, dzi\u0119ki kt\u00f3rej mogliby przyczyni\u0107 si\u0119 do wzrostu ludzi, narodu i \u015bwiata.<\/p>\n<p>Zwa\u017ccie zatem na to ostrze\u017cenie. Niesie w sobie najpowa\u017cniejsze konsekwencje i najwi\u0119ksze znaczenie. Pe\u0142ne znaczenie tego ostrze\u017cenia jest poza waszym rozumieniem, a jednak to, co wam m\u00f3wi, b\u0119dzie jasne, proste i \u0142atwe do zrozumienia przez was.<\/p>\n<p>Strze\u017ccie si\u0119, przyw\u00f3dcy narod\u00f3w i przyw\u00f3dcy religijni. Strze\u017ccie si\u0119, je\u017celi pr\u00f3bujecie skrzywdzi\u0107 czy podbi\u0107 inny nar\u00f3d dla swojej korzy\u015bci czy po to, by wyrazi\u0107 swoj\u0105 pretensj\u0119 czy dawne animozje. B\u0105d\u017acie \u015bwiadomi, \u017ce rzucacie si\u0119 w ciemno\u015b\u0107, pomieszanie i niedol\u0119, \u017ce w efekcie przynosicie spustoszenie, n\u0119dz\u0119 i zniszczenie swojemu ludowi. I b\u0105d\u017a \u015bwiadomy przeci\u0119tny obywatelu, \u017ce ty tak\u017ce ponosisz odpowiedzialno\u015b\u0107 za stosowanie m\u0105dro\u015bci i Wiedzy, jak\u0105 B\u00f3g umie\u015bci\u0142 w tobie, by\u015b odkry\u0142 t\u0119 m\u0105dro\u015b\u0107 i Wiedz\u0119, i by\u015b nie gwa\u0142ci\u0142 jej z powodu gniewu czy zemsty, w\u015bciek\u0142o\u015bci czy chciwo\u015bci. Ty tak\u017ce ponosisz odpowiedzialno\u015b\u0107, poniewa\u017c wynik nie zale\u017cy tylko od lider\u00f3w narod\u00f3w i religii. Ostatecznie zale\u017cy od ka\u017cdego cz\u0142owieka.<\/p>\n<p>Zwa\u017cajcie zatem na to wielkie ostrze\u017cenie. To ostrze\u017cenie narodzi\u0142o si\u0119 z mi\u0142o\u015bci Boga, lecz jest to jednak ostrze\u017cenie. Ostrzega ci\u0119 ono przed wielkim prawdopodobie\u0144stwem b\u0142\u0119du. Radzi ci, by\u015b zwr\u00f3ci\u0142 si\u0119 do Wiedzy Boga, kt\u00f3ry \u017cyje w tobie \u2013 poza twoim my\u015bl\u0105cym umys\u0142em i poza ideami, koncepcjami i przekonaniami, kt\u00f3re powstawa\u0142y historycznie w ludzko\u015bci. Poniewa\u017c jest to moralny i etyczny fundament twojej egzystencji.<\/p>\n<p>Je\u015bli go pogwa\u0142cisz, poniesiesz konsekwencje, nie dlatego, \u017ce B\u00f3g ci\u0119 ukarze, ale poniewa\u017c ukarzesz siebie, gdy\u017c odwr\u00f3ci\u0142e\u015b si\u0119 od tego, co B\u00f3g ci da\u0142 i poniewa\u017c w wyniku arogancji, ignorancji i pr\u00f3\u017cno\u015bci da\u0142e\u015b sobie w\u0142adz\u0119, by spustoszy\u0107 co, co B\u00f3g umie\u015bci\u0142 w tobie.<\/p>\n<p>Strze\u017c si\u0119 wielkiego niebezpiecze\u0144stwa, jakie zagra\u017ca tobie indywidualnie, ludziom, twojemu narodowi i \u015bwiatu, poniewa\u017c nadszed\u0142 powa\u017cny czas pr\u00f3by i udr\u0119ki. Rezultat b\u0119dzie zale\u017ca\u0142 od tego, jak zareaguje ludzko\u015b\u0107, zar\u00f3wno liderzy, jak i obywatele. Moc decyzji jest tutaj w tobie. Wola Boga jest jasna \u2013 B\u00f3g przygotowuje ludzko\u015b\u0107 na spotkanie z \u017cyciem we Wszech\u015bwiecie. Jest to jasne przedstawione w Nowym Przes\u0142aniu.<\/p>\n<p>Jednak aby\u015bcie odebrali nagrod\u0119 Nowego Przes\u0142ania, aby\u015bcie przygotowali si\u0119 na przysz\u0142o\u015b\u0107, kt\u00f3ra nie b\u0119dzie podobna do przesz\u0142o\u015bci, aby\u015bcie unikn\u0119li nieszcz\u0119\u015bcia i katastrofy, musicie przyj\u0105\u0107 ostrze\u017cenie. Musicie si\u0119 zatrzyma\u0107. Musicie okie\u0142zna\u0107 gniew i swoje nami\u0119tno\u015bci. Musicie powstrzyma\u0107 si\u0119 przed os\u0105dzaniem innych. Musicie rozwa\u017cy\u0107 m\u0105dro\u015b\u0107 swoich my\u015bli i dzia\u0142a\u0144 oraz ich konsekwencje na przysz\u0142o\u015b\u0107.<\/p>\n<p>Przygotujcie si\u0119, poniewa\u017c nadchodz\u0105 dla was wspania\u0142e i trudne czasy. S\u0105 efektem ludzkiej ignorancji i wykorzystywania \u015bwiata przez ludzi. S\u0105 produktem ludzkiego braku wizji i jej braku przygotowania do przysz\u0142o\u015bci. Odpowiedzialno\u015b\u0107 spoczywa na wszystkich narodach i liderach, by przygotowali swoich ludzi odpowiednio do czas\u00f3w, kt\u00f3re nadejd\u0105, lecz b\u0119dzie to coraz trudniejsze i wymagaj\u0105ce coraz wi\u0119cej wysi\u0142ku. Bogaci b\u0119d\u0105 musieli zatroszczy\u0107 si\u0119 o biednych. A biedni b\u0119d\u0105 musieli zatroszczy\u0107 si\u0119 o siebie wzajemnie. Trzeba b\u0119dzie jeszcze lepiej s\u0142u\u017cy\u0107 ludzko\u015bci i b\u0119dzie potrzebna wi\u0119ksza bezinteresowno\u015b\u0107 w tych trudnych warunkach. Ludzko\u015b\u0107 obrabowa\u0142a Ziemi\u0119 do takiego stopnia, \u017ce mo\u017ce Ona ledwie utrzymywa\u0107 rodzin\u0119 ludzk\u0105. Warunki i okoliczno\u015bci waszego \u017cycia, czy jeste\u015bcie biedni czy bogaci, niewa\u017cne w jakim narodzie \u017cyjecie, b\u0119d\u0105 teraz coraz trudniejsze.<\/p>\n<p>B\u0105d\u017acie \u015bwiadomi, \u017ce te wielkie trudno\u015bci przywo\u0142a\u0142y to wspania\u0142e Nowe Przes\u0142anie od Boga dla \u015bwiata, a Pos\u0142aniec Boga zosta\u0142 wys\u0142any do \u015bwiata, by przekaza\u0107 to Przes\u0142anie, by to wyja\u015bni\u0107 i by\u0107 jego podstawowym punktem zogniskowania oraz sposobem przejawienia. Nie os\u0105dzajcie i nie pot\u0119piajcie Pos\u0142a\u0144ca, aby nie os\u0105dza\u0107 i nie pot\u0119pia\u0107 tego, co B\u00f3g wam da\u0142. Bo chocia\u017c Pos\u0142aniec jest cz\u0142owiekiem i jest u\u0142omny, przynosi ze sob\u0105 Przes\u0142anie, kt\u00f3re jest poza ludzkim rozumieniem, a kt\u00f3re jest bez b\u0142\u0119du i sprzeczno\u015bci.<\/p>\n<p>Przyjmijcie to Przes\u0142anie od Boga. Rozwa\u017ccie je w \u015bwietle \u015bwiata, kt\u00f3ry widzicie, \u015bwiata, kt\u00f3ry znacie. Pomy\u015blcie o historii ludzko\u015bci i jej wielkich bitwach, jej wielkich podbojach oraz o tym, jak bardzo destrukcyjne to by\u0142o \u2013 \u017ce tak wielu ludzi musia\u0142o si\u0119 po\u015bwi\u0119ci\u0107, aby tak niewielu mog\u0142o si\u0119 wzbogaci\u0107. Rozwa\u017ccie teraz, \u017ce tak dalej nie mo\u017ce by\u0107 w przysz\u0142o\u015bci, aby ca\u0142a ludzka rodzina doprowadzi\u0142a si\u0119 do ca\u0142kowitego upadku, aby\u015bcie byli podatni na interwencj\u0119 i inwazj\u0119 ze strony si\u0142 spoza \u015bwiata, kt\u00f3re nawet obecnie planuj\u0105 wykorzysta\u0107 konflikty i rozpad ludzko\u015bci.<\/p>\n<p>Pozna\u0107 siebie to pozna\u0107 Obecno\u015b\u0107 Boga w swoim \u017cyciu, wiedzie\u0107, \u017ce B\u00f3g umie\u015bci\u0142 w was g\u0142\u0119bsz\u0105 Wiedz\u0119, by prowadzi\u0142a i chroni\u0142a was i aby pokona\u0142a wasze tendencje autodestrukcyjne i wasze samolubne pragnienia. Pozna\u0107 siebie to wiedzie\u0107, co B\u00f3g nam da\u0142 \u2013 nie chodzi o zrozumienie intelektualne, lecz zdawanie sobie sprawy z rzeczywisto\u015bci, do\u015bwiadczanie jego obecno\u015bci i pod\u0105\u017canie w jego kierunku.<\/p>\n<p>Gdy wzrasta niepewno\u015b\u0107, strach i rywalizacja w \u015bwiecie, b\u0119dziecie potrzebowa\u0107 prowadzenia teraz bardziej ni\u017c kiedykolwiek dotychczas. Poniewa\u017c instytucje i wygody, z kt\u00f3rych korzystali\u015bcie mog\u0105 ju\u017c nie istnie\u0107 w przysz\u0142o\u015bci. Ubezpieczenia i bezpiecze\u0144stwo, kt\u00f3re wam zapewniano, do jakiegokolwiek stopnia, mo\u017ce nie istnie\u0107 w przysz\u0142o\u015bci. Zatem sk\u0105d b\u0119dziecie wiedzie\u0107, jak by\u0107 bezpiecznym? Sk\u0105d b\u0119dziecie wiedzie\u0107, co robi\u0107 w obliczu niepewno\u015bci i zmian? Odpowied\u017a Boga jest w was. By wam o tym przypomnie\u0107. B\u00f3g da\u0142 \u015bwiatu Nowe Przes\u0142anie i wys\u0142a\u0142 Pos\u0142a\u0144ca do \u015bwiata.<\/p>\n<p>Nie wiecie jeszcze wystarczaj\u0105co wiele, by kwestionowa\u0107 to lub o tym dyskutowa\u0107, poniewa\u017c by\u0142by to wyraz waszej ignorancji, arogancji i pr\u00f3\u017cno\u015bci. Musicie rozwa\u017cy\u0107 Nowe Przes\u0142anie. Musicie us\u0142ysze\u0107 Pos\u0142a\u0144ca, by wiedzie\u0107, zobaczy\u0107 i zrozumie\u0107. Poniewa\u017c sami, bez wspania\u0142ego daru Wiedzy, nie b\u0119dziecie w stanie zobaczy\u0107, wiedzie\u0107 i zrozumie\u0107. Wasze zachowanie b\u0119dzie zdeterminowane przez innych. B\u0119dzie wami kierowa\u0107 strach, a nie m\u0105dro\u015b\u0107.<\/p>\n<p>Przed wami wielkie niebezpiecze\u0144stwo i wielkie ryzyko, ale prawdopodobnie zaczynacie dostrzega\u0107 \u015bwiat\u0142o, kt\u00f3re zosta\u0142o dane \u015bwiatu w obliczu Wielkiej Ciemno\u015bci, rosn\u0105cej nad horyzontem.<\/p>\n<p>Przyjmijcie zatem to ostrze\u017cenie jako dar mi\u0142o\u015bci. Przyjmijcie jej jako pocieszenie i potwierdzenie, \u017ce to, co odczuwacie najg\u0142\u0119biej, jest prawdziwe, \u017ce ludzko\u015b\u0107 stoi teraz wobec wielkiego niebezpiecze\u0144stwa \u2013 konfliktu wewn\u0119trznego i interwencji z zewn\u0105trz. Miejcie odwag\u0119 stawi\u0107 temu czo\u0142a. Miejcie uczciwo\u015b\u0107, by to uzna\u0107. Rozwa\u017ccie to trze\u017awo, nie pr\u00f3buj\u0105c sprawi\u0107, aby to by\u0142o takie, jakim chcecie, by by\u0142o, lub tym, co my\u015blicie.<\/p>\n<p>To jest wasza odpowiedzialno\u015b\u0107. Jest to wo\u0142anie waszych czas\u00f3w. Jest to czas Objawienia, a Objawienie jest w was.<\/p>\n","protected":false},"excerpt":{"rendered":"<p>To jest cz\u0119\u015b\u0107 Nowego Przes\u0142ania dla \u015awiata dotycz\u0105ca losu narod\u00f3w i ludzi, a tak\u017ce wielkie wo\u0142anie, kt\u00f3re teraz g\u0142o\u015bno brzmi dla ludzko\u015bci. Ludzie i narody \u015bwiata wkraczaj\u0105 w czas powa\u017cnych trudno\u015bci i przemian. Zasoby \u015bwiatowe malej\u0105. Populacja ro\u015bnie. A gdy tak si\u0119 dzieje, dalej trwa rywalizacja, istnieje powa\u017cne niebezpiecze\u0144stwo konfliktu i wojny. Obudz\u0105 si\u0119 dawne\u2026 <a class=\"read-more\" href=\"https:\/\/www.v6.newmessage.org\/pl\/about-recording-shortcode\/\"><span>Read More<\/span><\/a><\/p>\n","protected":false},"author":62,"featured_media":0,"parent":26942,"menu_order":0,"comment_status":"closed","ping_status":"closed","template":"template-leftsidebar.php","meta":{"_monsterinsights_skip_tracking":false,"_monsterinsights_sitenote_active":false,"_monsterinsights_sitenote_note":"","_monsterinsights_sitenote_category":0,"footnotes":""},"categories":[76,501,463,460],"tags":[799,356,639,630],"_links":{"self":[{"href":"https:\/\/www.v6.newmessage.org\/pl\/wp-json\/wp\/v2\/pages\/27651"}],"collection":[{"href":"https:\/\/www.v6.newmessage.org\/pl\/wp-json\/wp\/v2\/pages"}],"about":[{"href":"https:\/\/www.v6.newmessage.org\/pl\/wp-json\/wp\/v2\/types\/page"}],"author":[{"embeddable":true,"href":"https:\/\/www.v6.newmessage.org\/pl\/wp-json\/wp\/v2\/users\/62"}],"replies":[{"embeddable":true,"href":"https:\/\/www.v6.newmessage.org\/pl\/wp-json\/wp\/v2\/comments?post=27651"}],"version-history":[{"count":4,"href":"https:\/\/www.v6.newmessage.org\/pl\/wp-json\/wp\/v2\/pages\/27651\/revisions"}],"predecessor-version":[{"id":27656,"href":"https:\/\/www.v6.newmessage.org\/pl\/wp-json\/wp\/v2\/pages\/27651\/revisions\/27656"}],"up":[{"embeddable":true,"href":"https:\/\/www.v6.newmessage.org\/pl\/wp-json\/wp\/v2\/pages\/26942"}],"wp:attachment":[{"href":"https:\/\/www.v6.newmessage.org\/pl\/wp-json\/wp\/v2\/media?parent=27651"}],"wp:term":[{"taxonomy":"category","embeddable":true,"href":"https:\/\/www.v6.newmessage.org\/pl\/wp-json\/wp\/v2\/categories?post=27651"},{"taxonomy":"post_tag","embeddable":true,"href":"https:\/\/www.v6.newmessage.org\/pl\/wp-json\/wp\/v2\/tags?post=27651"}],"curies":[{"name":"wp","href":"https:\/\/api.w.org\/{rel}","templated":true}]}}