{"id":27588,"date":"2019-03-13T07:43:39","date_gmt":"2019-03-13T07:43:39","guid":{"rendered":"https:\/\/www.newmessage.org\/polish-international\/?page_id=27588"},"modified":"2025-12-14T00:23:26","modified_gmt":"2025-12-14T00:23:26","slug":"pl-the-message-all-revelations","status":"publish","type":"page","link":"https:\/\/www.v6.newmessage.org\/pl\/the-message\/pl-the-message-all-revelations\/","title":{"rendered":"Wszystkie Objawienia"},"content":{"rendered":"<p><a class='simple_button_link ' style='background-color: #4f8fd6' href='\/pl\/the-message\/all-revelations-by-received-date'   ><span>Sort by received date<\/span><\/a> <a class='simple_button_link ' style='background-color: #4f8fd6' href='\/pl\/the-message\/all-revelations-by-published-date'   ><span>Sort by published date<\/span><\/a><\/p>\n<p>&nbsp;<\/p>\n<h3>Revelations sorted by alphabetical order:<\/h3>\n<p>&nbsp;<\/p>\n\n\t\t\t\n\t\t\t\t<article class=\"posts_listing blog_shortcode clearfix post-27661 page type-page status-publish hentry category-objawienia category-messages-for-the-world category-the-proclamation-2 category-volume-1 tag-blogoslawienstwo tag-ghsa tag-the-blessing tag-vol-1\" id=\"post-27661\">\n\t\t\t\t<h2 class=\"entry-title\" style=\"font-weight: normal;\">  <a href=\"https:\/\/www.v6.newmessage.org\/pl\/the-message\/volume-1\/god-spoken-again\/the-blessing\/\" rel=\"bookmark\" title=\"Link do B\u0142ogos\u0142awie\u0144stwo\">B\u0142ogos\u0142awie\u0144stwo<\/a><\/h2>\n\n\t\t\t\t<\/article>\n\n\t\t\t\n\t\t\t\t<article class=\"posts_listing blog_shortcode clearfix post-27747 page type-page status-publish hentry category-objawienia category-messages-for-the-world category-the-pure-religion category-volume-1 tag-the-pure-religion tag-the-pure-religion-chapter-1 tag-volume-1\" id=\"post-27747\">\n\t\t\t\t<h2 class=\"entry-title\" style=\"font-weight: normal;\">  <a href=\"https:\/\/www.v6.newmessage.org\/pl\/the-message\/volume-1\/pure-religion\/the-pure-religion\/\" rel=\"bookmark\" title=\"Link do Czysta Religia\">Czysta Religia<\/a><\/h2>\n\n\t\t\t\t<\/article>\n\n\t\t\t\n\t\t\t\t<article class=\"posts_listing blog_shortcode clearfix post-27651 page type-page status-publish hentry category-objawienia category-other-revelations category-the-new-world-2 category-volume-1 tag-los-narodow tag-the-fate-of-nations tag-the-new-world tag-tnw\" id=\"post-27651\">\n\t\t\t\t<h2 class=\"entry-title\" style=\"font-weight: normal;\">  <a href=\"https:\/\/www.v6.newmessage.org\/pl\/the-message\/the-fate-of-nations\/\" rel=\"bookmark\" title=\"Link do Los Narod\u00f3w\">Los Narod\u00f3w<\/a><\/h2>\n\n\t\t\t\t<\/article>\n\n\t\t\t\n\t\t\t\t<article class=\"posts_listing blog_shortcode clearfix post-27840 page type-page status-publish hentry category-objawienia category-volume-2 tag-finding-knowledge tag-odnajdywanie-wiedzy tag-pgc7\" id=\"post-27840\">\n\t\t\t\t<h2 class=\"entry-title\" style=\"font-weight: normal;\">  <a href=\"https:\/\/www.v6.newmessage.org\/pl\/the-message\/volume-2\/preparing-for-the-greater-community\/finding-knowledge\/\" rel=\"bookmark\" title=\"Link do Odnajdywanie Wiedzy\">Odnajdywanie Wiedzy<\/a><\/h2>\n\n\t\t\t\t<\/article>\n\n\t\t\t\n\t\t\t\t<article class=\"posts_listing blog_shortcode clearfix post-27681 page type-page status-publish hentry category-objawienia category-messages-for-the-world category-the-proclamation-2 category-volume-1 tag-ghsa tag-proklamacja tag-vol-1\" id=\"post-27681\">\n\t\t\t\t<h2 class=\"entry-title\" style=\"font-weight: normal;\">  <a href=\"https:\/\/www.v6.newmessage.org\/pl\/the-message\/volume-1\/god-spoken-again\/the-proclamation\/\" rel=\"bookmark\" title=\"Link do Proklamacja\">Proklamacja<\/a><\/h2>\n\n\t\t\t\t<\/article>\n\n\t\t\t\n\t\t\t\t<article class=\"posts_listing blog_shortcode clearfix post-27685 page type-page status-publish hentry category-objawienia category-messages-for-the-world category-the-proclamation-2 category-volume-1 tag-ghsa tag-recytacja tag-the-recitation tag-vol-1\" id=\"post-27685\">\n\t\t\t\t<h2 class=\"entry-title\" style=\"font-weight: normal;\">  <a href=\"https:\/\/www.v6.newmessage.org\/pl\/the-message\/volume-1\/god-spoken-again\/the-recitation\/\" rel=\"bookmark\" title=\"Link do Recytacja\">Recytacja<\/a><\/h2>\n\n\t\t\t\t<\/article>\n\n\t\t\t\n\t\t\t\t<article class=\"posts_listing blog_shortcode clearfix post-27874 page type-page status-publish hentry category-chapter category-objawienia category-the-new-world-2 category-volume-1 tag-the-global-emergency\" id=\"post-27874\">\n\t\t\t\t<h2 class=\"entry-title\" style=\"font-weight: normal;\">  <a href=\"https:\/\/www.v6.newmessage.org\/pl\/the-message\/volume-1\/new-world\/swiatowe-zagrozenie\/\" rel=\"bookmark\" title=\"Link do \u015awiatowe zagro\u017cenie\">\u015awiatowe zagro\u017cenie<\/a><\/h2>\n\n\t\t\t\t<\/article>\n\n\t\t\t\n\t\t\t\t<article class=\"posts_listing blog_shortcode clearfix post-27665 page type-page status-publish hentry category-objawienia category-other-revelations category-messages-for-the-world tag-to-zakonczy-wojne tag-what-will-end-war\" id=\"post-27665\">\n\t\t\t\t<h2 class=\"entry-title\" style=\"font-weight: normal;\">  <a href=\"https:\/\/www.v6.newmessage.org\/pl\/the-message\/other-revelations\/what-will-end-war\/\" rel=\"bookmark\" title=\"Link do To zako\u0144czy wojn\u0119\">To zako\u0144czy wojn\u0119<\/a><\/h2>\n\n\t\t\t\t<\/article>\n\n\t\t\t\n\t\t\t\t<article class=\"posts_listing blog_shortcode clearfix post-27831 page type-page status-publish hentry category-objawienia category-messages-for-the-world category-the-new-way-forward-for-humanity category-volume-1 tag-nowa-droga-naprzod-dla-ludzkosci tag-the-great-unfolding tag-the-new-way-forward-for-humanity tag-vol-1 tag-wielkie-rozwiniecie\" id=\"post-27831\">\n\t\t\t\t<h2 class=\"entry-title\" style=\"font-weight: normal;\">  <a href=\"https:\/\/www.v6.newmessage.org\/pl\/the-message\/volume-1\/the-new-way-forward-for-humanity\/the-great-unfolding\/\" rel=\"bookmark\" title=\"Link do Wielkie Rozwini\u0119cie\">Wielkie Rozwini\u0119cie<\/a><\/h2>\n\n\t\t\t\t<\/article>\n\n\t\t\t\n\t\t\t\t<article class=\"posts_listing blog_shortcode clearfix post-27765 page type-page status-publish hentry category-objawienia category-volume-2 tag-pgc7 tag-the-great-challenge-awaiting-humanity\" id=\"post-27765\">\n\t\t\t\t<h2 class=\"entry-title\" style=\"font-weight: normal;\">  <a href=\"https:\/\/www.v6.newmessage.org\/pl\/the-message\/volume-2\/preparing-for-the-greater-community\/the-great-challenge-awaiting-humanity\/\" rel=\"bookmark\" title=\"Link do Wielkie Wyzwanie Oczekuj\u0105ce Ludzko\u015b\u0107\">Wielkie Wyzwanie Oczekuj\u0105ce Ludzko\u015b\u0107<\/a><\/h2>\n\n\t\t\t\t<\/article>\n\n\t\t\t\n\t\t\t\t<article class=\"posts_listing blog_shortcode clearfix post-27673 page type-page status-publish hentry category-objawienia category-messages-for-the-world category-the-proclamation-2 category-volume-1 tag-ghsa tag-the-engagement tag-vol-1 tag-zaangazowanie\" id=\"post-27673\">\n\t\t\t\t<h2 class=\"entry-title\" style=\"font-weight: normal;\">  <a href=\"https:\/\/www.v6.newmessage.org\/pl\/the-message\/volume-1\/god-spoken-again\/the-engagement\/\" rel=\"bookmark\" title=\"Link do Zaanga\u017cowanie\">Zaanga\u017cowanie<\/a><\/h2>\n\n\t\t\t\t<\/article>\n\n\t\t\t\n\t\t\t\t<article class=\"posts_listing blog_shortcode clearfix post-27895 page type-page status-publish hentry category-objawienia category-volume-2 tag-ch3 tag-pgc7 tag-volume-2-preparing-for-the-greater-community-essential-truths-about-the-greater-community tag-zasadnicze-prawdy-o-wiekszej-spolecznosci\" id=\"post-27895\">\n\t\t\t\t<h2 class=\"entry-title\" style=\"font-weight: normal;\">  <a href=\"https:\/\/www.v6.newmessage.org\/pl\/the-message\/volume-2\/preparing-for-the-greater-community\/essential-truths-about-the-greater-community\/\" rel=\"bookmark\" title=\"Link do Zasadnicze prawdy o Wi\u0119kszej Spo\u0142eczno\u015bci\">Zasadnicze prawdy o Wi\u0119kszej Spo\u0142eczno\u015bci<\/a><\/h2>\n\n\t\t\t\t<\/article>\n\n\t\t\t\n\t\t\t\t<article class=\"posts_listing blog_shortcode clearfix post-27669 page type-page status-publish hentry category-objawienia category-messages-for-the-world category-the-proclamation-2 category-volume-1 tag-ghsa tag-the-assembly tag-vol-1 tag-zgromadzenie\" id=\"post-27669\">\n\t\t\t\t<h2 class=\"entry-title\" style=\"font-weight: normal;\">  <a href=\"https:\/\/www.v6.newmessage.org\/pl\/the-message\/volume-1\/god-spoken-again\/the-assembly\/\" rel=\"bookmark\" title=\"Link do Zgromadzenie\">Zgromadzenie<\/a><\/h2>\n\n\t\t\t\t<\/article>\n\n\t\t\t\t\t\t\n","protected":false},"excerpt":{"rendered":"<p>&nbsp; Revelations sorted by alphabetical order: &nbsp;<\/p>\n","protected":false},"author":62,"featured_media":0,"parent":26942,"menu_order":0,"comment_status":"closed","ping_status":"closed","template":"template-leftsidebar.php","meta":{"_monsterinsights_skip_tracking":false,"_monsterinsights_sitenote_active":false,"_monsterinsights_sitenote_note":"","_monsterinsights_sitenote_category":0,"footnotes":""},"categories":[],"tags":[643],"_links":{"self":[{"href":"https:\/\/www.v6.newmessage.org\/pl\/wp-json\/wp\/v2\/pages\/27588"}],"collection":[{"href":"https:\/\/www.v6.newmessage.org\/pl\/wp-json\/wp\/v2\/pages"}],"about":[{"href":"https:\/\/www.v6.newmessage.org\/pl\/wp-json\/wp\/v2\/types\/page"}],"author":[{"embeddable":true,"href":"https:\/\/www.v6.newmessage.org\/pl\/wp-json\/wp\/v2\/users\/62"}],"replies":[{"embeddable":true,"href":"https:\/\/www.v6.newmessage.org\/pl\/wp-json\/wp\/v2\/comments?post=27588"}],"version-history":[{"count":4,"href":"https:\/\/www.v6.newmessage.org\/pl\/wp-json\/wp\/v2\/pages\/27588\/revisions"}],"predecessor-version":[{"id":27901,"href":"https:\/\/www.v6.newmessage.org\/pl\/wp-json\/wp\/v2\/pages\/27588\/revisions\/27901"}],"up":[{"embeddable":true,"href":"https:\/\/www.v6.newmessage.org\/pl\/wp-json\/wp\/v2\/pages\/26942"}],"wp:attachment":[{"href":"https:\/\/www.v6.newmessage.org\/pl\/wp-json\/wp\/v2\/media?parent=27588"}],"wp:term":[{"taxonomy":"category","embeddable":true,"href":"https:\/\/www.v6.newmessage.org\/pl\/wp-json\/wp\/v2\/categories?post=27588"},{"taxonomy":"post_tag","embeddable":true,"href":"https:\/\/www.v6.newmessage.org\/pl\/wp-json\/wp\/v2\/tags?post=27588"}],"curies":[{"name":"wp","href":"https:\/\/api.w.org\/{rel}","templated":true}]}}