{"id":27570,"date":"2019-03-13T07:09:45","date_gmt":"2019-03-13T07:09:45","guid":{"rendered":"https:\/\/www.newmessage.org\/polish-international\/?page_id=27570"},"modified":"2020-08-18T06:58:22","modified_gmt":"2020-08-18T06:58:22","slug":"the-worldwide-community-of-gods-new-message","status":"publish","type":"page","link":"https:\/\/www.v6.newmessage.org\/pl\/the-message\/volume-2\/the-worldwide-community-of-gods-new-message\/","title":{"rendered":"\u015awiatowa Spo\u0142eczno\u015b\u0107 Nowego Pos\u0142ania Boga"},"content":{"rendered":"<p><img loading=\"lazy\" decoding=\"async\" class=\"imgborder alignright wp-image-36529\" src=\"https:\/\/www.newmessage.org\/wp-content\/uploads\/2018\/12\/WWCofGsNM_v5-200x300.jpg\" alt=\"Worldwide Community of God's New Message\" width=\"203\" height=\"304\" \/><\/p>\n<p>The revelations presented here have been compiled into this book by the Messenger\u00a0<a href=\"https:\/\/www.newmessage.org\/gods-messenger\/who-is-marshall-vian-summers\">Marshall Vian Summers<\/a>.<\/p>\n<p>A New Message from God has come into the world. It is an expression of the timeless pure connection with God as it has existed throughout human history and since the beginning of the manifest universe. Humanity now has direct access to this pure experience, unobstructed by human misunderstanding, authority and corruption. It has now entered the world anew.<\/p>\n<p><em>The Worldwide Community of God&#8217;s New Message<\/em>\u00a0is a forthcoming book in\u00a0<a href=\"\/the-message\/volume-2\">Volume 2<\/a> of The New Message from God.<\/p>\n<p>&nbsp;<\/p>\n<p style=\"text-align: left;\"><div class=\"toggle toggle-white\"><h4 class=\"trigger \"><span class=\"t_ico\"><\/span><a href=\"#\">More about the volumes of the New Message from God<\/a><\/h4><div class=\"toggle_container \"><br \/>\n<div data-post-id='24520' class='insert-page insert-page-24520 '><\/div><br \/>\n<\/div><\/div>\n<div class=\"background-color-bridesmaid padding-20\">\n<h2 style=\"text-align: left;\"><span style=\"color: #525252;\">Table of Contents<\/span><\/h2>\n<p><a href=\"\/the-message\/volume-2\/the-worldwide-community-of-gods-new-message\/protecting-the-message-and-the-messenger\">Protecting the Message and the Messenger<\/a><\/p>\n<p><a href=\"\/the-message\/volume-2\/the-worldwide-community-of-gods-new-message\/how-to-regard-the-messenger\">How to Regard the Messenger<\/a><\/p>\n<p><a href=\"\/the-message\/volume-2\/the-worldwide-community-of-gods-new-message\/your-relationship-with-the-messenger\">Your Relationship with the Messenger<\/a><\/p>\n<p><a title=\"Supporting God's New Revelation\" href=\"\/the-message\/volume-2\/the-worldwide-community-of-gods-new-message\/supporting-gods-new-revelation\">Supporting God&#8217;s New Revelation<\/a><\/p>\n<p><a title=\"Dealing with Resistance and Hostility to the New Message\" href=\"\/the-message\/volume-2\/the-worldwide-community-of-gods-new-message\/dealing-with-resistance-and-hostility\">Dealing with Resistance and Hostility<\/a><\/p>\n<p><a title=\"The Pilgrimage\" href=\"\/the-message\/volume-2\/the-worldwide-community-of-gods-new-message\/the-pilgrimage\">The Pilgrimage<\/a><\/p>\n<p><a title=\"Being a Person of the New Message\" href=\"\/the-message\/volume-2\/the-worldwide-community-of-gods-new-message\/being-a-person-of-the-new-message\">Being a Person of the New Message<\/a><\/p>\n<p><a title=\"Discerning False Messengers\" href=\"\/the-message\/volume-2\/the-worldwide-community-of-gods-new-message\/discerning-false-messengers\">Discerning False Messengers<\/a><\/p>\n<p><a title=\"The Worldwide Community of God's New Message\" href=\"\/the-message\/volume-2\/the-worldwide-community-of-gods-new-message\/worldwide-community-gods-new-message\">The Worldwide Community of God&#8217;s New Message<\/a><\/p>\n<p><a title=\"Witnessing the Revelation\" href=\"\/the-message\/volume-2\/the-worldwide-community-of-gods-new-message\/witnessing-the-revelation\">Witnessing the Revelation<\/a><\/p>\n<p>&nbsp;<\/p>\n<\/div>\n","protected":false},"excerpt":{"rendered":"<p>The revelations presented here have been compiled into this book by the Messenger\u00a0Marshall Vian Summers. A New Message from God has come into the world. It is an expression of the timeless pure connection with God as it has existed throughout human history and since the beginning of the manifest universe. Humanity now has direct\u2026 <a class=\"read-more\" href=\"https:\/\/www.v6.newmessage.org\/pl\/the-message\/volume-2\/the-worldwide-community-of-gods-new-message\/\"><span>Read More<\/span><\/a><\/p>\n","protected":false},"author":62,"featured_media":0,"parent":16312,"menu_order":0,"comment_status":"closed","ping_status":"closed","template":"template-leftsidebar.php","meta":{"_monsterinsights_skip_tracking":false,"_monsterinsights_sitenote_active":false,"_monsterinsights_sitenote_note":"","_monsterinsights_sitenote_category":0,"footnotes":""},"categories":[784,467],"tags":[840,785],"_links":{"self":[{"href":"https:\/\/www.v6.newmessage.org\/pl\/wp-json\/wp\/v2\/pages\/27570"}],"collection":[{"href":"https:\/\/www.v6.newmessage.org\/pl\/wp-json\/wp\/v2\/pages"}],"about":[{"href":"https:\/\/www.v6.newmessage.org\/pl\/wp-json\/wp\/v2\/types\/page"}],"author":[{"embeddable":true,"href":"https:\/\/www.v6.newmessage.org\/pl\/wp-json\/wp\/v2\/users\/62"}],"replies":[{"embeddable":true,"href":"https:\/\/www.v6.newmessage.org\/pl\/wp-json\/wp\/v2\/comments?post=27570"}],"version-history":[{"count":3,"href":"https:\/\/www.v6.newmessage.org\/pl\/wp-json\/wp\/v2\/pages\/27570\/revisions"}],"predecessor-version":[{"id":27825,"href":"https:\/\/www.v6.newmessage.org\/pl\/wp-json\/wp\/v2\/pages\/27570\/revisions\/27825"}],"up":[{"embeddable":true,"href":"https:\/\/www.v6.newmessage.org\/pl\/wp-json\/wp\/v2\/pages\/16312"}],"wp:attachment":[{"href":"https:\/\/www.v6.newmessage.org\/pl\/wp-json\/wp\/v2\/media?parent=27570"}],"wp:term":[{"taxonomy":"category","embeddable":true,"href":"https:\/\/www.v6.newmessage.org\/pl\/wp-json\/wp\/v2\/categories?post=27570"},{"taxonomy":"post_tag","embeddable":true,"href":"https:\/\/www.v6.newmessage.org\/pl\/wp-json\/wp\/v2\/tags?post=27570"}],"curies":[{"name":"wp","href":"https:\/\/api.w.org\/{rel}","templated":true}]}}