{"id":27511,"date":"2019-01-06T22:40:39","date_gmt":"2019-01-06T22:40:39","guid":{"rendered":"http:\/\/www.newmessage.org\/polish-international\/?page_id=27511"},"modified":"2020-08-18T07:03:15","modified_gmt":"2020-08-18T07:03:15","slug":"preparing-for-the-greater-community","status":"publish","type":"page","link":"https:\/\/www.v6.newmessage.org\/pl\/the-message\/volume-4\/preparing-for-the-greater-community\/","title":{"rendered":"Przygotowanie na Wi\u0119ksz\u0105 Spo\u0142eczno\u015b\u0107"},"content":{"rendered":"<h2><strong><img loading=\"lazy\" decoding=\"async\" class=\"alignright size-medium\" src=\"\/wp-content\/uploads\/2014\/10\/The-New-Message-from-God-Volume-4-215x300.png\" alt=\"\" width=\"215\" height=\"300\" \/><\/strong><\/h2>\n<p><em>Preparing for the Greater Community<\/em> is an upcoming new book to be released by The Society for the New Message. We are including three chapters at this time as part of the current Free School Session. The remainder of the book will be available soon. We will send an announcement to you by email as soon as this book is released, and will update this book web page to include all chapters.<\/p>\n<p>If you haven&#8217;t already subscribed to the New Message Mailing List and would like to receive news and updates about new releases, please do so by <a href=\"#anchor\">scrolling down<\/a> to the <strong>Signup to Mailing List<\/strong> on the left sidebar and enter your email address.<\/p>\n<p><em>Preparing for the Greater Community<\/em> is a book of <a title=\"Volume 4\" href=\"\/the-message\/volume-4\">Volume 4<\/a>\u00a0of the New Message from God.<\/p>\n<p><span style=\"color: #525252; line-height: 1.5;\"><div class=\"toggle toggle-white\"><h4 class=\"trigger \"><span class=\"t_ico\"><\/span><a href=\"#\">More about the volumes of the New Message from God<\/a><\/h4><div class=\"toggle_container \"><br \/>\n<div data-post-id='24520' class='insert-page insert-page-24520 '><\/div><\/div><\/div><\/span><\/p>\n<div class=\"background-color-bridesmaid padding-20\">\n<h2 style=\"text-align: left;\"><span style=\"color: #525252;\">Table of Contents<\/span><\/h2>\n<p>Chapter 3:\u00a0<a href=\"\/the-message\/volume-4\/preparing-for-the-greater-community\/essential-truths-other-forms-life\">The Essential Truths about the Greater Community<\/a><\/p>\n<p>Chapter 7: <a href=\"\/the-message\/volume-4\/preparing-for-the-greater-community\/great-challenge-become-aware\">The Great Challenge Awaiting Humanity<\/a><\/p>\n<p>Chapter 13: <a href=\"\/the-message\/volume-4\/preparing-for-the-greater-community\/responses-definition-intelligence\">Human Responses to the Greater Community<\/a><\/p>\n<\/div>\n","protected":false},"excerpt":{"rendered":"<p>Preparing for the Greater Community is an upcoming new book to be released by The Society for the New Message. We are including three chapters at this time as part of the current Free School Session. The remainder of the book will be available soon. We will send an announcement to you by email as\u2026 <a class=\"read-more\" href=\"https:\/\/www.v6.newmessage.org\/pl\/the-message\/volume-4\/preparing-for-the-greater-community\/\"><span>Read More<\/span><\/a><\/p>\n","protected":false},"author":22,"featured_media":0,"parent":16316,"menu_order":0,"comment_status":"closed","ping_status":"closed","template":"template-leftsidebar.php","meta":{"_monsterinsights_skip_tracking":false,"_monsterinsights_sitenote_active":false,"_monsterinsights_sitenote_note":"","_monsterinsights_sitenote_category":0,"footnotes":""},"categories":[471],"tags":[305,841],"_links":{"self":[{"href":"https:\/\/www.v6.newmessage.org\/pl\/wp-json\/wp\/v2\/pages\/27511"}],"collection":[{"href":"https:\/\/www.v6.newmessage.org\/pl\/wp-json\/wp\/v2\/pages"}],"about":[{"href":"https:\/\/www.v6.newmessage.org\/pl\/wp-json\/wp\/v2\/types\/page"}],"author":[{"embeddable":true,"href":"https:\/\/www.v6.newmessage.org\/pl\/wp-json\/wp\/v2\/users\/22"}],"replies":[{"embeddable":true,"href":"https:\/\/www.v6.newmessage.org\/pl\/wp-json\/wp\/v2\/comments?post=27511"}],"version-history":[{"count":3,"href":"https:\/\/www.v6.newmessage.org\/pl\/wp-json\/wp\/v2\/pages\/27511\/revisions"}],"predecessor-version":[{"id":27826,"href":"https:\/\/www.v6.newmessage.org\/pl\/wp-json\/wp\/v2\/pages\/27511\/revisions\/27826"}],"up":[{"embeddable":true,"href":"https:\/\/www.v6.newmessage.org\/pl\/wp-json\/wp\/v2\/pages\/16316"}],"wp:attachment":[{"href":"https:\/\/www.v6.newmessage.org\/pl\/wp-json\/wp\/v2\/media?parent=27511"}],"wp:term":[{"taxonomy":"category","embeddable":true,"href":"https:\/\/www.v6.newmessage.org\/pl\/wp-json\/wp\/v2\/categories?post=27511"},{"taxonomy":"post_tag","embeddable":true,"href":"https:\/\/www.v6.newmessage.org\/pl\/wp-json\/wp\/v2\/tags?post=27511"}],"curies":[{"name":"wp","href":"https:\/\/api.w.org\/{rel}","templated":true}]}}