{"id":27026,"date":"2017-01-23T17:11:41","date_gmt":"2017-01-23T17:11:41","guid":{"rendered":"http:\/\/www.newmessage.org\/bahasa-international\/?page_id=27026"},"modified":"2020-08-10T05:37:01","modified_gmt":"2020-08-10T05:37:01","slug":"journey-new-life","status":"publish","type":"page","link":"https:\/\/www.v6.newmessage.org\/pl\/the-message\/volume-1\/journey-new-life\/","title":{"rendered":"Podr\u00f3\u017c do Nowego \u017bycia"},"content":{"rendered":"<p><img loading=\"lazy\" decoding=\"async\" class=\"alignright imgborder\" src=\"https:\/\/www.newmessage.org\/wp-content\/uploads\/2019\/04\/JNL_cropped_cover_4.30.19.jpg\" alt=\"Journey to a New Life\" width=\"400\" height=\"600\" \/><\/p>\n<p><em>Podr\u00f3\u017c do Nowego \u017bycia <\/em>otwiera przed tob\u0105 w\u0119dr\u00f3wk\u0119 odkrywania twojego wy\u017cszego celu i wa\u017cniejszych relacji w \u017cyciu. Wraz z tym, <em>Podr\u00f3\u017c do Nowego \u017bycia <\/em>ujawnia prawdziwy pow\u00f3d wewn\u0119trznego zam\u0119tu, izolacji i cierpienia odczuwanych przez ludzi na ca\u0142ym \u015bwiecie, a tak\u017ce \u015bcie\u017ck\u0119 rozwi\u0105zania, kt\u00f3r\u0105 B\u00f3g wszystkiego co \u017cyje dostarcza obecnie.<\/p>\n<p>Tutaj B\u00f3g wzywa ci\u0119 do przebudzenia ze snu i koszmaru Oddzielenia oraz rozpocz\u0119cia nowej w\u0119dr\u00f3wki w \u017cyciu, gdzie odkrywasz i budujesz swoje po\u0142\u0105czenie z Wiedz\u0105, g\u0142\u0119bszym, duchowym umys\u0142em, jaki B\u00f3g umie\u015bci\u0142 w tobie, aby ci\u0119 prowadzi\u0107 i chroni\u0107. Ta w\u0119dr\u00f3wka przebudzenia i powrotu sprowadzi ci\u0119 z powrotem do twojego pierwotnego celu na pojawienie si\u0119 na \u015bwiecie, pami\u0119ci o tych, kt\u00f3rzy ci\u0119 pos\u0142ali, a tak\u017ce wniesienia wi\u0119kszego wk\u0142adu, jaki masz dostarczy\u0107.<\/p>\n<p>Tutaj rozpoczyna si\u0119 \u015bwi\u0119ty proces, kt\u00f3ry ma moc uwolni\u0107 ci\u0119 od przesz\u0142o\u015bci i przygotowa\u0107 ci\u0119 na nowe i donio\u015blejsze \u017cycie w przysz\u0142o\u015bci.<\/p>\n<p>Ka\u017cdy rozdzia\u0142 <em>Podr\u00f3\u017cy do Nowego \u017bycia <\/em>stanowi objawienie przekazane od \u0179r\u00f3d\u0142a, zebrane w niniejszy tekst przez Pos\u0142a\u0144ca <em><a href=\"https:\/\/www.newmessage.org\/pl\/who-is-marshallviansummers\/\">Marshalla Viana Summersa<\/a><\/em>.<\/p>\n<a class='simple_button_link ' style='background-color: #363636' href='\/the-message\/volume-1\/journey-new-life\/the-awakening'   ><span>Zacznij Czyta\u0107 lub S\u0142ucha\u0107 \u201cPodr\u00f3\u017cy do Nowego \u017bycia\u201d teraz za Darmo!<\/span><\/a>\n<p style=\"text-align: left;\"><div class=\"toggle toggle-white\"><h4 class=\"trigger \"><span class=\"t_ico\"><\/span><a href=\"#\">Dowiedz si\u0119 wi\u0119cej o Nowym Pos\u0142aniu Boga<\/a><\/h4><div class=\"toggle_container \"><br \/>\n<div data-post-id='24520' class='insert-page insert-page-24520 '><\/div><br \/>\n<\/div><\/div>\n<div class=\"background-color-bridesmaid padding-20\">\n<h2 style=\"text-align: left;\"><span style=\"color: #525252;\">Spis tre\u015bci<\/span><\/h2>\n<p>Rozdzia\u0142 1: Przebudzenie<\/p>\n<p>Rozdzia\u0142 2: Podr\u00f3\u017c do wolno\u015bci<\/p>\n<p>Rozdzia\u0142 3: Wi\u0119zienie<\/p>\n<p>Rozdzia\u0142 4: Rewolucja<\/p>\n<p>Rozdzia\u0142 5: Punkt zwrotny<\/p>\n<p>Rozdzia\u0142 6: Dar nowego \u017cycia<\/p>\n<p>Rozdzia\u0142 7: Podr\u00f3\u017c do nowego \u017cycia<\/p>\n<p>Rozdzia\u0142 8: Tw\u00f3j cel i przeznaczenie<\/p>\n<p>Rozdzia\u0142 9: Budowanie mostu do nowego \u017cycia<\/p>\n<p>Rozdzia\u0142 10: Odwaga i wola do przygotowania si\u0119<\/p>\n<p>Rozdzia\u0142 11: Budowanie si\u0142y i wytrzyma\u0142o\u015bci<\/p>\n<p>Rozdzia\u0142 12: Przygotowanie si\u0119 do podj\u0119cia wi\u0119kszej roli w \u015bwiecie<\/p>\n<p>Rozdzia\u0142 13: Wielka prawda<\/p>\n<p>Rozdzia\u0142 14: Jeste\u015b tutaj dla Wi\u0119kszego Celu<\/p>\n<\/div>\n","protected":false},"excerpt":{"rendered":"<p>Podr\u00f3\u017c do Nowego \u017bycia otwiera przed tob\u0105 w\u0119dr\u00f3wk\u0119 odkrywania twojego wy\u017cszego celu i wa\u017cniejszych relacji w \u017cyciu. Wraz z tym, Podr\u00f3\u017c do Nowego \u017bycia ujawnia prawdziwy pow\u00f3d wewn\u0119trznego zam\u0119tu, izolacji i cierpienia odczuwanych przez ludzi na ca\u0142ym \u015bwiecie, a tak\u017ce \u015bcie\u017ck\u0119 rozwi\u0105zania, kt\u00f3r\u0105 B\u00f3g wszystkiego co \u017cyje dostarcza obecnie. Tutaj B\u00f3g wzywa ci\u0119 do przebudzenia\u2026 <a class=\"read-more\" href=\"https:\/\/www.v6.newmessage.org\/pl\/the-message\/volume-1\/journey-new-life\/\"><span>Read More<\/span><\/a><\/p>\n","protected":false},"author":22,"featured_media":0,"parent":16287,"menu_order":0,"comment_status":"closed","ping_status":"closed","template":"template-leftsidebar.php","meta":{"_monsterinsights_skip_tracking":false,"_monsterinsights_sitenote_active":false,"_monsterinsights_sitenote_note":"","_monsterinsights_sitenote_category":0,"footnotes":""},"categories":[462,460],"tags":[816,609],"_links":{"self":[{"href":"https:\/\/www.v6.newmessage.org\/pl\/wp-json\/wp\/v2\/pages\/27026"}],"collection":[{"href":"https:\/\/www.v6.newmessage.org\/pl\/wp-json\/wp\/v2\/pages"}],"about":[{"href":"https:\/\/www.v6.newmessage.org\/pl\/wp-json\/wp\/v2\/types\/page"}],"author":[{"embeddable":true,"href":"https:\/\/www.v6.newmessage.org\/pl\/wp-json\/wp\/v2\/users\/22"}],"replies":[{"embeddable":true,"href":"https:\/\/www.v6.newmessage.org\/pl\/wp-json\/wp\/v2\/comments?post=27026"}],"version-history":[{"count":15,"href":"https:\/\/www.v6.newmessage.org\/pl\/wp-json\/wp\/v2\/pages\/27026\/revisions"}],"predecessor-version":[{"id":27779,"href":"https:\/\/www.v6.newmessage.org\/pl\/wp-json\/wp\/v2\/pages\/27026\/revisions\/27779"}],"up":[{"embeddable":true,"href":"https:\/\/www.v6.newmessage.org\/pl\/wp-json\/wp\/v2\/pages\/16287"}],"wp:attachment":[{"href":"https:\/\/www.v6.newmessage.org\/pl\/wp-json\/wp\/v2\/media?parent=27026"}],"wp:term":[{"taxonomy":"category","embeddable":true,"href":"https:\/\/www.v6.newmessage.org\/pl\/wp-json\/wp\/v2\/categories?post=27026"},{"taxonomy":"post_tag","embeddable":true,"href":"https:\/\/www.v6.newmessage.org\/pl\/wp-json\/wp\/v2\/tags?post=27026"}],"curies":[{"name":"wp","href":"https:\/\/api.w.org\/{rel}","templated":true}]}}