{"id":22380,"date":"2015-08-21T04:45:58","date_gmt":"2015-08-21T04:45:58","guid":{"rendered":"http:\/\/www.newmessage.org\/?page_id=22380"},"modified":"2019-10-21T21:48:20","modified_gmt":"2019-10-21T21:48:20","slug":"important-terms","status":"publish","type":"page","link":"https:\/\/www.v6.newmessage.org\/pl\/the-message\/important-terms\/","title":{"rendered":"Istotne poj\u0119cia"},"content":{"rendered":"<p>Nowe Pos\u0142anie od Boga ujawnia, \u017ce nasz \u015bwiat stoi w najwi\u0119kszym punkcie prze\u0142omowym w historii i ewolucji ludzko\u015bci. W tym punkcie zwrotnym przyby\u0142o Nowe Pos\u0142anie od Boga. Informuje ono o wielkiej zmianie zbli\u017caj\u0105cej si\u0119 do \u015bwiata oraz o naszym przeznaczeniu w ramach Wi\u0119kszej Spo\u0142eczno\u015bci \u017cycia poza naszym \u015bwiatem, kt\u00f3rych nie jeste\u015bmy \u015bwiadomi i na kt\u00f3re nie jeste\u015bmy przygotowani.<\/p>\n<p>W tym miejscu Objawienie na nowo okre\u015bla pewne znane poj\u0119cia, ujmuje je w ramy szerszego kontekstu oraz wprowadza inne terminy, kt\u00f3re s\u0105 nieznane ludzkiej rodzinie. Jest istotnym, a\u017ceby rozumie\u0107 owe poj\u0119cia podczas studiowania pism Nowego Pos\u0142ania.<\/p>\n<p><a name=\"god\"><\/a><br \/>\n<strong>B\u00f3g<\/strong> jest ujawniony w Nowym Pos\u0142aniu jako \u0179r\u00f3d\u0142o i Stw\u00f3rca wszelkiego \u017cycia oraz niezliczonych ras we wszech\u015bwiecie. W tym miejscu wi\u0119ksza rzeczywisto\u015b\u0107 Boga zostaje ods\u0142oni\u0119ta w rozszerzonym kontek\u015bcie ca\u0142ego \u017cycia na tym \u015bwiecie, a tak\u017ce wszelkiego \u017cycia we wszech\u015bwiecie. Ten szerszy kontekst okre\u015bla na nowo znaczenie naszego rozumienia Boga oraz Boskiej Mocy i Obecno\u015bci w naszych \u017cyciach. Nowe Pos\u0142ania o\u015bwiadcza, \u017ce aby poj\u0105\u0107 czym B\u00f3g trudzi si\u0119 w naszym \u015bwiecie, musimy uzmys\u0142owi\u0107 sobie jakie dzia\u0142ania prowadzi B\u00f3g w ca\u0142ym wszech\u015bwiecie. Jest to obecnie ujawnione po raz pierwszy w Nowym Pos\u0142aniu od Boga. W Nowym Pos\u0142aniu B\u00f3g nie jest osobisto\u015bci\u0105 ani pojedyncz\u0105 \u015bwiadomo\u015bci\u0105, lecz wszechobecn\u0105 si\u0142\u0105 i rzeczywisto\u015bci\u0105 przenikaj\u0105c\u0105 wszystko co \u017cyje, istniej\u0105 poza ograniczeniami wytyczonymi przez ca\u0142\u0105 teologi\u0119 i religijne rozumienie. B\u00f3g przemawia do najg\u0142\u0119bszej cz\u0105stki ka\u017cdej osoby poprzez moc Wiedzy w nich \u017cyj\u0105cej. <a href=\"https:\/\/www.newmessage.org\/the-message\/volume-2\/greater-community-spirituality\/what-is-god-3\"><u>Dowiedz si\u0119 wi\u0119cej&#8230;<\/u><\/a><br \/>\n<a name=\"separation\"><\/a><br \/>\n<strong>Oddzielenie<\/strong> jest trwaj\u0105cym stanem i form\u0105 bycia odseparowanym od Boga. Oddzielenie zacz\u0119\u0142o si\u0119, gdy cz\u0119\u015b\u0107 Stworzenia zapragn\u0119\u0142a wolno\u015bci od\u0142\u0105czenia si\u0119 od Boga, aby \u017cy\u0107 w stanie Oddzielenia. W efekcie, B\u00f3g stworzy\u0142 nasz ewoluuj\u0105cy \u015bwiat oraz rozszerzaj\u0105cy si\u0119 wszech\u015bwiat jako miejsce dla oddzielonych w celu \u017cycia w niezliczonych formach i miejscach. Przed Oddzieleniem, wszystko co \u017cyje znajdowa\u0142o si\u0119 w bezczasowym stanie czystej jedno\u015bci. Wszyscy \u017cyj\u0105cy w Oddzieleniu s\u0105 wezwani do powrotu do tego pierwotnego stanu zjednoczenia z Bogiem \u2013 poprzez s\u0142u\u017cb\u0119, wnoszenie swojego wk\u0142adu, a tak\u017ce odkrycie Wiedzy. Misj\u0105 Boga w naszym \u015bwiecie oraz w ca\u0142ym wszech\u015bwiecie jest odzyskanie oddzielonych poprzez Wiedz\u0119 \u2013 cz\u0105stk\u0119 ka\u017cdej osoby, kt\u00f3ra wci\u0105\u017c jest po\u0142\u0105czona z Bogiem. <u><a href=\"https:\/\/www.newmessage.org\/pl\/the-message\/volume-1\/one-god\/the-separation\">Dowiedz si\u0119 wi\u0119cej\u2026<\/a><\/u><br \/>\n<a name=\"knowledge\"><\/a><\/p>\n<p><strong>Wiedza<\/strong> jest wnikliwszym, duchowym umys\u0142em i inteligencj\u0105 obecn\u0105 w ka\u017cdej osobie, oczekuj\u0105c\u0105 na ods\u0142oni\u0119cie. Wiedza stanowi wieczn\u0105 cz\u0105stk\u0119 nas, kt\u00f3ra nigdy nie opu\u015bci\u0142a Boga. Nowe Objawienie m\u00f3wi o Wiedzy jako\u00a0 wielkiej nadziei dla ludzko\u015bci, wewn\u0119trznej sile w sercu ka\u017cdej osoby, kt\u00f3r\u0105 Nowe Objawienie Boga ujawni i wydob\u0119dzie na \u015bwiat\u0142o dzienne. Wiedza istnieje poza intelektem. Sama w sobie ma moc, aby prowadzi\u0107 ka\u017cdego z osobna do naszego wy\u017cszego celu i przeznaczonych relacji w \u017cyciu. <u><a href=\"https:\/\/www.newmessage.org\/the-message\/volume-2\/greater-community-spirituality\/what-is-knowledge\">Dowiedz si\u0119 wi\u0119cej\u2026<\/a><\/u><br \/>\n<a name=\"aa\"><\/a><br \/>\n<strong>Zgromadzenie Anielskie <\/strong>to wielka Anielska Obecno\u015b\u0107 czuwaj\u0105ca nad \u015bwiatem. Jest cz\u0119\u015bci\u0105 hierarchii w s\u0142u\u017cbie i relacji ustanowionej przez Boga, aby nadzorowa\u0107 odkupienie i powr\u00f3t ca\u0142ego oddzielonego \u017cycia we wszech\u015bwiecie. W ka\u017cdym \u015bwiecie, w kt\u00f3rym obecne s\u0105 czuj\u0105ce formy \u017cycia, jest roztoczona nad nim opieka Zgromadzenia Anielskiego. Zgromadzenie nadzoruj\u0105ce nasz \u015bwiat przet\u0142umaczy\u0142o Wol\u0119 Boga dla naszego czasu na ludzki j\u0119zyk i rozumienie, kt\u00f3re jest ujawniane poprzez Nowe Pos\u0142anie od Boga. Poj\u0119cie Zgromadzenie Anielskie jest wyra\u017ceniem ekwiwalentnym do termin\u00f3w: Anielska Obecno\u015b\u0107 oraz Zast\u0119py Anielskie. <u><a href=\"https:\/\/www.newmessage.org\/pl\/the-message\/volume-1\/god-spoken-again\/the-assembly\">Dowiedz si\u0119 wi\u0119cej\u2026<\/a><\/u><br \/>\n<a name=\"nmfg\"><\/a><br \/>\n<strong>Nowe Pos\u0142anie od Boga<\/strong> jest oryginalnym Objawieniem oraz komunikatem od Boga dla ludzi tego \u015bwiata, zar\u00f3wno dla naszych czas\u00f3w, jak i dla czas\u00f3w, kt\u00f3re nadejd\u0105. Nowe Pos\u0142anie jest darem od Stw\u00f3rcy wszelkiego \u017cycia dla ludzi wszystkich narod\u00f3w i religii, b\u0119d\u0105cym nast\u0119pnym wielkim wyrazem Woli i Planu Boga dla ludzkiej rodziny. Na Nowe Pos\u0142anie sk\u0142ada si\u0119 ponad 9000 stron i jest najwi\u0119kszym Objawieniem kiedykolwiek podarowanym \u015bwiatu, przekazanym teraz pi\u015bmiennemu \u015bwiatu z globaln\u0105 \u0142\u0105czno\u015bci\u0105 i z rosn\u0105c\u0105 og\u00f3lnoludzk\u0105 \u015bwiadomo\u015bci\u0105. Nowe Pos\u0142anie nie jest odga\u0142\u0119zieniem b\u0105d\u017a reformacj\u0105 jakiejkolwiek zamierzch\u0142ej tradycji. To jest Nowe Pos\u0142anie od Boga dla ludzko\u015bci, kt\u00f3ra stoi teraz w obliczu ogromnej niestabilno\u015bci i wstrz\u0105s\u00f3w na \u015bwiecie oraz wielkiego punktu zwrotnego w postaci wy\u0142onienia si\u0119 do Wi\u0119kszej Spo\u0142eczno\u015bci inteligentnego \u017cycia we wszech\u015bwiecie. <u><a href=\"https:\/\/www.newmessage.org\/pl\/introduction-new-message\">Dowiedz si\u0119 wi\u0119cej\u2026<\/a><\/u><br \/>\n<a name=\"voice\"><\/a><br \/>\n<strong>G\u0142os Objawienia <\/strong>jest zjednoczonym g\u0142osem Zgromadzenia Anielskiego, dostarczaj\u0105cym Pos\u0142anie Boga poprzez przys\u0142anego na \u015bwiat w tej roli Pos\u0142a\u0144ca. W tym miejscu Zgromadzenie przemawia jako jeden G\u0142os, wielu wypowiadaj\u0105cych si\u0119 jako jeden. Po raz pierwszy w historii, masz mo\u017cliwo\u015b\u0107 wys\u0142ucha\u0107 rzeczywistego G\u0142osu Objawienia przejawiaj\u0105cego si\u0119 poprzez Boskiego Pos\u0142a\u0144ca. To w\u0142a\u015bnie ten G\u0142os przemawia\u0142 do wszystkich Pos\u0142a\u0144c\u00f3w Boga w przesz\u0142o\u015bci. S\u0142owo i D\u017awi\u0119k G\u0142osu Objawienia s\u0105 na nowo na \u015bwiecie. <u><a href=\"https:\/\/www.newmessage.org\/pl\/the-message\/volume-1\/pure-religion\/the-voice-of-the-revelation\">Dowiedz si\u0119 wi\u0119cej\u2026<\/a><\/u><br \/>\n<a name=\"messenger\"><\/a><br \/>\n<strong>Pos\u0142aniec <\/strong>jest tym, kt\u00f3ry zosta\u0142 wybrany, przygotowany i przys\u0142any do \u015bwiata przez Zgromadzenie Anielskie w celu otrzymania Nowego Pos\u0142ania od Boga. Tym razem roli Pos\u0142a\u0144ca podj\u0105\u0142 si\u0119 Marshall Vian Summers. Jest on skromnym cz\u0142owiekiem, nie piastuj\u0105cym \u017cadnego stanowiska na \u015bwiecie, kt\u00f3ry odby\u0142 d\u0142ugie i trudne przygotowanie niezb\u0119dne do wype\u0142nienia istotnej roli i pos\u0142annictwa w \u017cyciu. Jest obci\u0105\u017cony wielkim ci\u0119\u017carem, b\u0142ogos\u0142awie\u0144stwem oraz odpowiedzialno\u015bci\u0105 otrzymania Objawienia Boga w czystej formie, jego ochrony i zaprezentowania go. Jest pierwszym spo\u015br\u00f3d Boskich Pos\u0142a\u0144c\u00f3w ujawniaj\u0105cym rzeczywisto\u015b\u0107 Wi\u0119kszej Spo\u0142eczno\u015bci inteligentnego \u017cycia we wszech\u015bwiecie. Pos\u0142aniec jest zaanga\u017cowany w proces Objawienia od ponad 30 lat. Przebywa w\u015br\u00f3d nas w dzisiejszym \u015bwiecie. <u><a href=\"https:\/\/www.newmessage.org\/pl\/who-is-marshallviansummers\/\">Dowiedz si\u0119 wi\u0119cej\u2026<\/a><\/u><br \/>\n<a name=\"seal\"><\/a><br \/>\n<strong>Piecz\u0119\u0107 Prorok\u00f3w <\/strong>jest piecz\u0119ci\u0105 ustanowion\u0105 przez Boga u schy\u0142ku \u017cycia Pos\u0142a\u0144ca. Piecz\u0119tuje ona Objawienie w czysto\u015bci, chroni\u0105c je przed modyfikacjami i wtr\u0105ceniami do komunikatu Boga. Piecz\u0119\u0107 Prorok\u00f3w jest stanowiona przez samego Boga i tylko B\u00f3g mo\u017ce z\u0142ama\u0107 Piecz\u0119\u0107 w tych prze\u0142omowych momentach ludzkiej ewolucji i wynurzenia do Wi\u0119kszej Spo\u0142eczno\u015bci, kiedy B\u00f3g zdecyduje si\u0119 przem\u00f3wi\u0107 ponownie. <u><a href=\"https:\/\/www.newmessage.org\/pl\/the-message\/volume-1\/god-spoken-again\/seal-of-the-prophets\">Dowiedz si\u0119 wi\u0119cej\u2026<\/a><\/u><br \/>\n<a name=\"presence\"><\/a><br \/>\n<strong>Obecno\u015b\u0107<\/strong> mo\u017ce odnosi\u0107 si\u0119 zar\u00f3wno do obecno\u015bci Wiedzy w osobie, Obecno\u015bci Zgromadzenia Anielskiego, b\u0105d\u017a ostatecznie do Obecno\u015bci Boga. Obecno\u015b\u0107 tych trzech rzeczywisto\u015bci ofiarowuj\u0105cych do\u015bwiadczenie zdolne do zmiany \u017cycia obfituj\u0105cego w \u0142ask\u0119 i relacje, kt\u00f3re mog\u0105 by\u0107 odnalezione poprzez pod\u0105\u017canie za misterium \u017cycia, a tak\u017ce poprzez studiowanie i praktykowanie albo jednego z poprzednich Boskich Objawie\u0144, albo te\u017c Nowego Objawienia Boga dla \u015bwiata. Nowe Objawienie proponuje \u015bcie\u017ck\u0119 dla do\u015bwiadczenia mocy tej Obecno\u015bci w twoim \u017cyciu. <a href=\"https:\/\/www.newmessage.org\/the-message\/volume-1\/power-of-knowledge\/following-presence-god\">Dowiedz si\u0119 wi\u0119cej\u2026<\/a><br \/>\n<a name=\"stk\"><\/a><br \/>\n<strong><em>Kroki do Wiedzy<\/em><\/strong> to prawieczna ksi\u0119ga po\u015bwi\u0119cona duchowej praktyce, kt\u00f3r\u0105 obecnie B\u00f3g podarowa\u0142 \u015bwiatu po raz pierwszy. Podejmuj\u0105c t\u0119 tajemnicz\u0105 podr\u00f3\u017c, ka\u017cda osoba jest prowadzona do odkrycia mocy Wiedzy oraz do\u015bwiadczenia wnikliwego, wewn\u0119trznego pojmowania, kt\u00f3re mo\u017ce zaprowadzi\u0107 do wy\u017cszego celu i wezwania w \u017cyciu. <u><a href=\"https:\/\/www.newmessage.org\/pl\/the-message\/volume-3\/steps-knowledge\">Dowiedz si\u0119 wi\u0119cej\u2026<\/a><\/u><br \/>\n<a name=\"gc\"><\/a><br \/>\n<strong>Wi\u0119ksza Spo\u0142eczno\u015b\u0107<\/strong> jest rozleglejszym obszarem inteligentnego \u017cycia, w kt\u00f3rym nasz \u015bwiat istnia\u0142 od zawsze. Ta Wi\u0119ksza Spo\u0142eczno\u015b\u0107 obejmuje wszystkie \u015bwiaty we wszech\u015bwiecie, gdzie egzystuj\u0105 czuj\u0105ce formy \u017cycia we wszystkich stanach ewolucji i rozwoju. Nowe Pos\u0142anie ujawnia, \u017ce ludzko\u015b\u0107 znajduje si\u0119 we wczesnym, m\u0142odzie\u0144czym stadium rozwoju i \u017ce nadszed\u0142 teraz czas, a\u017ceby ludzko\u015b\u0107 przygotowa\u0142a si\u0119 na wy\u0142onienie si\u0119 do Wi\u0119kszej Spo\u0142eczno\u015bci. To w\u0142a\u015bnie tutaj, stoj\u0105c u progu przestrzeni kosmicznej ludzko\u015b\u0107 odkryje, \u017ce nie jest sama we wszech\u015bwiecie, a nawet w granicach w\u0142asnego \u015bwiata. <u><a href=\"https:\/\/www.newmessage.org\/pl\/the-message\/volume-1\/greater-community\">Dowiedz si\u0119 wi\u0119cej\u2026<\/a><\/u><br \/>\n<a name=\"darkness\"><\/a><br \/>\n<strong>G\u0142\u0119boki Mrok<\/strong> to b\u0119d\u0105ca w toku Interwencja niekt\u00f3rych ras z Wi\u0119kszej Spo\u0142eczno\u015bci, kt\u00f3re s\u0105 tutaj, aby wykorzysta\u0107 s\u0142ab\u0105 i sk\u0142\u00f3con\u0105 ludzko\u015b\u0107. Odbywa si\u0119 to w czasie, gdy ludzka rodzina wkracza w okres narastaj\u0105cego upadku i destabilizacji, stoj\u0105c w obliczu Wielkich Fal przemian. Interwencja ukazuje si\u0119 jako \u017cyczliwa i odkupicielska si\u0142a, podczas gdy w rzeczywisto\u015bci jej ostatecznym celem jest podkopanie ludzkiej wolno\u015bci oraz zdolno\u015bci do samostanowienia, a tak\u017ce przej\u0119cie kontroli nad \u015bwiatem i jego zasobami. Nowe Pos\u0142anie ujawnia, \u017ce Interwencja stara si\u0119 tutaj ustanowi\u0107 skrycie swoje wp\u0142ywy w umys\u0142ach i sercach ludzi w czasie rosn\u0105cego zam\u0119tu, konfliktu oraz s\u0142abo\u015bci. Jako rodzimi ludzi tego \u015bwiata jeste\u015bmy wezwani do odparcia tej Interwencji, a tak\u017ce do ostrzegania i edukowania innych, jednocz\u0105c w ten spos\u00f3b ludzk\u0105 rodzin\u0119 w wi\u0119kszym, wsp\u00f3lnym celu i przygotowuj\u0105c nasz \u015bwiat na wyzwania i sposobno\u015bci \u017cycia w Wi\u0119kszej Spo\u0142eczno\u015bci. <u><a href=\"https:\/\/www.newmessage.org\/development-in-the-mental-environment\">Dowiedz si\u0119 wi\u0119cej\u2026<\/a><\/u><br \/>\n<a name=\"gwoc\"><\/a><br \/>\n<strong>Wielkie Fale Przemian<\/strong> s\u0105 zestawem pot\u0119\u017cnych si\u0142 \u015brodowiskowych, gospodarczych oraz spo\u0142ecznych, kt\u00f3re gromadz\u0105 si\u0119 obecnie na ca\u0142ym \u015bwiecie. Wielkie Fale s\u0105 rezultatem niew\u0142a\u015bciwego u\u017cytkowania i nadu\u017cywania \u015bwiata \u2013 jego zasob\u00f3w i jego \u015brodowiska naturalnego. Wielkie Fale maj\u0105 moc, by drastycznie odmieni\u0107 oblicze tego \u015bwiata powoduj\u0105c niestabilno\u015b\u0107 gospodarcz\u0105, niekontrolowane zmiany klimatyczne, gwa\u0142towne zmiany pogody, a tak\u017ce utrat\u0119 grunt\u00f3w ornych i zasob\u00f3w s\u0142odkiej wody, gro\u017c\u0105c wykreowaniem \u015bwiata z ogromnymi trudno\u015bciami i ludzkim cierpieniem. Wielkie Fale nie s\u0105 zjawiskiem ko\u0144ca czas\u00f3w ani wydarzeniem apokaliptycznym, lecz okresem przej\u015bciowym do nowego stanu \u015bwiata. Nowe Pos\u0142anie ujawnia to, co zbli\u017ca si\u0119 do \u015bwiata, a tak\u017ce wi\u0119ksze przygotowanie, kt\u00f3re musi zosta\u0107 podj\u0119te przez wystarczaj\u0105co wielu ludzi. Jest to wezwanie do ludzkiej jedno\u015bci i wsp\u00f3\u0142pracy zrodzonej teraz z czystej konieczno\u015bci zachowania oraz ochrony ludzkiej cywilizacji. <u><a href=\"https:\/\/www.newmessage.org\/pl\/the-message\/volume-4\/great-waves-change\/\">Dowiedz si\u0119 wi\u0119cej\u2026<\/a><\/u><br \/>\n<a name=\"me\"><\/a><br \/>\n<strong>\u015arodowisko Mentalne<\/strong> jest \u015brodowiskiem my\u015bli i emocji, istniej\u0105ce r\u00f3wnolegle do \u015bwiata fizycznego. \u015arodowisko mentalne uobecnia potencja\u0142y kszta\u0142tuj\u0105ce nasze my\u015blenie oraz stany emocjonalne zdolne do zdominowania nas, dop\u00f3ki nie zostaniemy silni w Wiedzy. <u><a href=\"https:\/\/www.newmessage.org\/development-in-the-mental-environment\">Dowiedz si\u0119 wi\u0119cej&#8230;<\/a><\/u><br \/>\n<a name=\"purpose\"><\/a><br \/>\n<strong>Wy\u017cszy Cel<\/strong> odnosi si\u0119 do wniesienia niepowtarzalnego wk\u0142adu przez ka\u017cd\u0105 osob\u0119 pos\u0142an\u0105 na \u015bwiat i do wyj\u0105tkowych wi\u0119zi, kt\u00f3re umo\u017cliwi\u0105 wype\u0142nienie tego przeznaczenia. Wiedza wewn\u0105trz osoby utrzymuje dla nich ten wy\u017cszy cel i przeznaczenie. Nie spos\u00f3b ustali\u0107 tego moc\u0105 samego intelektu. Musi to zosta\u0107 odkryte, \u015bledzone i wyra\u017cone w s\u0142u\u017cbie innym, aby mog\u0142o zosta\u0107 w pe\u0142ni zrealizowane. Jak nigdy dot\u0105d \u015bwiat potrzebuje manifestacji tego wy\u017cszego celu od wielu ludzi. <u><a href=\"https:\/\/www.newmessage.org\/pl\/the-message\/volume-2\/relationships-higher-purpose\/\">Dowiedz si\u0119 wi\u0119cej\u2026<\/a><\/u><br \/>\n<a name=\"family\"><\/a><br \/>\n<strong>Duchowa Rodzina <\/strong>odnosi si\u0119 do niewielkich grup roboczych sformowanych po Oddzieleniu, aby umo\u017cliwi\u0107 wszystkim jednostkom dzia\u0142anie na rzecz wi\u0119kszych form zjednoczenia oraz wi\u0119zi realizowanych w d\u0142u\u017cszym okresie czasowym, czego apogeum jest ostateczny powr\u00f3t do Boga. Twoja Duchowa Rodzina stanowi relacje, kt\u00f3re odzyska\u0142e\u015b poprzez Wiedz\u0119 podczas twojej d\u0142ugiej w\u0119dr\u00f3wki przez Oddzielenie. Niekt\u00f3rzy cz\u0142onkowie twojej Duchowej Rodziny s\u0105 na \u015bwiecie, a inni poza \u015bwiatem. Duchowe Rodziny stanowi\u0105 cz\u0119\u015b\u0107 misternego Planu Boga, kt\u00f3rego zwie\u0144czeniem jest uwolnienie i ponowne zjednoczenie wszystkich \u017cyj\u0105cych w Oddzieleniu. <u><a href=\"https:\/\/www.newmessage.org\/pl\/the-message\/volume-2\/relationships-higher-purpose\/\">Dowiedz si\u0119 wi\u0119cej\u2026 <\/a><\/u><br \/>\n<a name=\"home\"><\/a><br \/>\n<strong>Staro\u017cytny dom <\/strong>odwo\u0142uje si\u0119 do rzeczywisto\u015bci \u017cycia i stanu \u015bwiadomo\u015bci oraz wi\u0119zi, kt\u00f3re mia\u0142e\u015b przed przybyciem na \u015bwiat i do kt\u00f3rych powr\u00f3cisz po tym \u017cyciu. Tw\u00f3j Staro\u017cytny dom jest stanem zwi\u0105zku i relacji z twoj\u0105 Duchow\u0105 Rodzin\u0105, Zgromadzeniem oraz Bogiem. <u><a href=\"https:\/\/www.newmessage.org\/the-message\/volume-1\/one-god\/the-separation\">Dowiedz si\u0119 wi\u0119cej\u2026 <\/a><\/u><\/p>\n","protected":false},"excerpt":{"rendered":"<p>Nowe Pos\u0142anie od Boga ujawnia, \u017ce nasz \u015bwiat stoi w najwi\u0119kszym punkcie prze\u0142omowym w historii i ewolucji ludzko\u015bci. W tym punkcie zwrotnym przyby\u0142o Nowe Pos\u0142anie od Boga. Informuje ono o wielkiej zmianie zbli\u017caj\u0105cej si\u0119 do \u015bwiata oraz o naszym przeznaczeniu w ramach Wi\u0119kszej Spo\u0142eczno\u015bci \u017cycia poza naszym \u015bwiatem, kt\u00f3rych nie jeste\u015bmy \u015bwiadomi i na kt\u00f3re nie jeste\u015bmy przygotowani.<\/p>\n<p>W tym miejscu Objawienie na nowo okre\u015bla pewne znane poj\u0119cia, ujmuje je w ramy szerszego kontekstu oraz wprowadza inne terminy, kt\u00f3re s\u0105 nieznane ludzkiej rodzinie. Jest istotnym, a\u017ceby rozumie\u0107 owe poj\u0119cia podczas studiowania pism Nowego Pos\u0142ania.<\/p>\n","protected":false},"author":32,"featured_media":0,"parent":26942,"menu_order":12,"comment_status":"closed","ping_status":"closed","template":"template-leftsidebar.php","meta":{"_monsterinsights_skip_tracking":false,"_monsterinsights_sitenote_active":false,"_monsterinsights_sitenote_note":"","_monsterinsights_sitenote_category":0,"footnotes":""},"categories":[],"tags":[254,787],"_links":{"self":[{"href":"https:\/\/www.v6.newmessage.org\/pl\/wp-json\/wp\/v2\/pages\/22380"}],"collection":[{"href":"https:\/\/www.v6.newmessage.org\/pl\/wp-json\/wp\/v2\/pages"}],"about":[{"href":"https:\/\/www.v6.newmessage.org\/pl\/wp-json\/wp\/v2\/types\/page"}],"author":[{"embeddable":true,"href":"https:\/\/www.v6.newmessage.org\/pl\/wp-json\/wp\/v2\/users\/32"}],"replies":[{"embeddable":true,"href":"https:\/\/www.v6.newmessage.org\/pl\/wp-json\/wp\/v2\/comments?post=22380"}],"version-history":[{"count":22,"href":"https:\/\/www.v6.newmessage.org\/pl\/wp-json\/wp\/v2\/pages\/22380\/revisions"}],"predecessor-version":[{"id":27740,"href":"https:\/\/www.v6.newmessage.org\/pl\/wp-json\/wp\/v2\/pages\/22380\/revisions\/27740"}],"up":[{"embeddable":true,"href":"https:\/\/www.v6.newmessage.org\/pl\/wp-json\/wp\/v2\/pages\/26942"}],"wp:attachment":[{"href":"https:\/\/www.v6.newmessage.org\/pl\/wp-json\/wp\/v2\/media?parent=22380"}],"wp:term":[{"taxonomy":"category","embeddable":true,"href":"https:\/\/www.v6.newmessage.org\/pl\/wp-json\/wp\/v2\/categories?post=22380"},{"taxonomy":"post_tag","embeddable":true,"href":"https:\/\/www.v6.newmessage.org\/pl\/wp-json\/wp\/v2\/tags?post=22380"}],"curies":[{"name":"wp","href":"https:\/\/api.w.org\/{rel}","templated":true}]}}