{"id":16502,"date":"2014-10-30T00:02:32","date_gmt":"2014-10-30T00:02:32","guid":{"rendered":"http:\/\/www.newmessage.org\/?page_id=16502"},"modified":"2020-08-10T06:40:58","modified_gmt":"2020-08-10T06:40:58","slug":"steps-knowledge-continuation-training","status":"publish","type":"page","link":"https:\/\/www.v6.newmessage.org\/pl\/the-message\/volume-3\/steps-knowledge-continuation-training\/","title":{"rendered":"Kroki do Wiedzy Trening Kontynuacyjny"},"content":{"rendered":"<p><img loading=\"lazy\" decoding=\"async\" class=\"imgborder alignright wp-image-17556\" src=\"https:\/\/www.newmessage.org\/pl\/wp-content\/uploads\/sites\/73\/2020\/08\/polish-STK-Continuation.jpg\" alt=\"Steps to Knowledge - Continuation Training\" width=\"400\" height=\"518\" \/><\/p>\n<p><i><span style=\"font-weight: 400;\">Kroki Trening Kontynuacyjny <\/span><\/i><span style=\"font-weight: 400;\">kontynuuj\u0105 zmieniaj\u0105c\u0105 \u017cycie podr\u00f3\u017c rozpocz\u0119t\u0105 w <\/span><i><span style=\"font-weight: 400;\">Krokach do Wiedzy<\/span><\/i><span style=\"font-weight: 400;\">. Zawieraj\u0105cy 84 Kroki albo praktyki, <\/span><i><span style=\"font-weight: 400;\">Trening Kontynuacyjny <\/span><\/i><span style=\"font-weight: 400;\">zabiera ci\u0119 dalej w kierunku realizacji twojego prawdziwego celu i przeznaczenia w \u017cyciu.\u00a0<\/span><\/p>\n<p><span style=\"font-weight: 400;\">Je\u017celi dwukrotnie uko\u0144czy\u0142e\u015b podr\u00f3\u017c w <\/span><i><span style=\"font-weight: 400;\">Krokach do Wiedzy<\/span><\/i><span style=\"font-weight: 400;\"> i post\u0119powa\u0142e\u015b zgodnie z instrukcjami tak, jak by\u0142y przekazane, nie zmieniaj\u0105c programu nauczania, to jeste\u015b teraz gotowy, aby rozpocz\u0105\u0107 bardziej zaawansowane studium.\u00a0<\/span><\/p>\n<p><i><span style=\"font-weight: 400;\">Kroki Trening Kontynuacyjny <\/span><\/i><span style=\"font-weight: 400;\">jest udost\u0119pniony studentom Nowego Pos\u0142ania w sklepie <\/span><a href=\"https:\/\/newknowledgelibrary.org\/\"><span style=\"font-weight: 400;\">Biblioteki Nowej Wiedzy<\/span><\/a><span style=\"font-weight: 400;\">.\u00a0<\/span><\/p>\n<p><i><span style=\"font-weight: 400;\">Kroki Trening Kontynuacyjny <\/span><\/i><span style=\"font-weight: 400;\">to druga ksi\u0119ga <\/span><a href=\"https:\/\/www.newmessage.org\/pl\/the-message\/volume-3\/\"><span style=\"font-weight: 400;\">Tomu 3<\/span><\/a><span style=\"font-weight: 400;\"> Nowego Pos\u0142ania od Boga.<\/span><\/p>\n<p style=\"text-align: left;\"><div class=\"toggle toggle-white\"><h4 class=\"trigger \"><span class=\"t_ico\"><\/span><a href=\"#\">Dowiedz si\u0119 wi\u0119cej o Nowym Pos\u0142aniu Boga<\/a><\/h4><div class=\"toggle_container \"><br \/>\n<div data-post-id='24520' class='insert-page insert-page-24520 '><\/div><br \/>\n<\/div><\/div>\n","protected":false},"excerpt":{"rendered":"<p>Kroki Trening Kontynuacyjny kontynuuj\u0105 zmieniaj\u0105c\u0105 \u017cycie podr\u00f3\u017c rozpocz\u0119t\u0105 w Krokach do Wiedzy. Zawieraj\u0105cy 84 Kroki albo praktyki, Trening Kontynuacyjny zabiera ci\u0119 dalej w kierunku realizacji twojego prawdziwego celu i przeznaczenia w \u017cyciu.\u00a0 Je\u017celi dwukrotnie uko\u0144czy\u0142e\u015b podr\u00f3\u017c w Krokach do Wiedzy i post\u0119powa\u0142e\u015b zgodnie z instrukcjami tak, jak by\u0142y przekazane, nie zmieniaj\u0105c programu nauczania, to jeste\u015b\u2026 <a class=\"read-more\" href=\"https:\/\/www.v6.newmessage.org\/pl\/the-message\/volume-3\/steps-knowledge-continuation-training\/\"><span>Read More<\/span><\/a><\/p>\n","protected":false},"author":1,"featured_media":0,"parent":16314,"menu_order":0,"comment_status":"closed","ping_status":"closed","template":"template-leftsidebar.php","meta":{"_monsterinsights_skip_tracking":false,"_monsterinsights_sitenote_active":false,"_monsterinsights_sitenote_note":"","_monsterinsights_sitenote_category":0,"footnotes":""},"categories":[343,470],"tags":[831,776],"_links":{"self":[{"href":"https:\/\/www.v6.newmessage.org\/pl\/wp-json\/wp\/v2\/pages\/16502"}],"collection":[{"href":"https:\/\/www.v6.newmessage.org\/pl\/wp-json\/wp\/v2\/pages"}],"about":[{"href":"https:\/\/www.v6.newmessage.org\/pl\/wp-json\/wp\/v2\/types\/page"}],"author":[{"embeddable":true,"href":"https:\/\/www.v6.newmessage.org\/pl\/wp-json\/wp\/v2\/users\/1"}],"replies":[{"embeddable":true,"href":"https:\/\/www.v6.newmessage.org\/pl\/wp-json\/wp\/v2\/comments?post=16502"}],"version-history":[{"count":15,"href":"https:\/\/www.v6.newmessage.org\/pl\/wp-json\/wp\/v2\/pages\/16502\/revisions"}],"predecessor-version":[{"id":27789,"href":"https:\/\/www.v6.newmessage.org\/pl\/wp-json\/wp\/v2\/pages\/16502\/revisions\/27789"}],"up":[{"embeddable":true,"href":"https:\/\/www.v6.newmessage.org\/pl\/wp-json\/wp\/v2\/pages\/16314"}],"wp:attachment":[{"href":"https:\/\/www.v6.newmessage.org\/pl\/wp-json\/wp\/v2\/media?parent=16502"}],"wp:term":[{"taxonomy":"category","embeddable":true,"href":"https:\/\/www.v6.newmessage.org\/pl\/wp-json\/wp\/v2\/categories?post=16502"},{"taxonomy":"post_tag","embeddable":true,"href":"https:\/\/www.v6.newmessage.org\/pl\/wp-json\/wp\/v2\/tags?post=16502"}],"curies":[{"name":"wp","href":"https:\/\/api.w.org\/{rel}","templated":true}]}}