{"id":16492,"date":"2014-10-29T23:53:02","date_gmt":"2014-10-29T23:53:02","guid":{"rendered":"http:\/\/www.newmessage.org\/?page_id=16492"},"modified":"2020-08-10T05:28:20","modified_gmt":"2020-08-10T05:28:20","slug":"pure-religion","status":"publish","type":"page","link":"https:\/\/www.v6.newmessage.org\/pl\/the-message\/volume-1\/pure-religion\/","title":{"rendered":"Czysta Religia"},"content":{"rendered":"<p><img decoding=\"async\" class=\"alignright size-large wp-image-43970 imgborder\" src=\"https:\/\/www.newmessage.org\/wp-content\/uploads\/2019\/12\/tpr_cover_online-400x600.jpg\" alt=\"The Pure Religion\" \/><\/p>\n<p><em>Czysta Religia<\/em> to ksi\u0119ga objawienia podarowana od Boga, aby ujawni\u0107 na nowo g\u0142\u0119bsz\u0105 istot\u0119 oraz znaczenie \u015bwiatowych religii, a tak\u017ce Moc i Obecno\u015b\u0107 Boga, kt\u00f3ry pragnie przem\u00f3wi\u0107 do wszystkich ludzi ze wszystkich tradycji religijnych na \u015bwiecie w tym czasie.<\/p>\n<p><em>Czysta Religia<\/em> jest bezczasow\u0105 \u015bcie\u017ck\u0105 przebudzenia, odkupienia i powrotu do Stw\u00f3rcy, zapocz\u0105tkowan\u0105 przez Boga na pocz\u0105tku Oddzielenia, a nast\u0119pnie wprowadzon\u0105 do wszystkich \u015bwiat\u00f3w we wszech\u015bwiecie, gdzie istnieje inteligentne \u017cycie. <em>Czysta Religia<\/em> jest odpowiedzi\u0105 Boga na tragedi\u0119 i cierpienie, kt\u00f3re zosta\u0142y wytworzone poprzez \u017cycie w stanie Oddzielenia od Boga w historii religii na tym \u015bwiecie. Jest to \u017cyj\u0105ca komunikacja od Boga do wszystkiego co \u017cyje, wzywaj\u0105ca tych wszystkich \u017cyj\u0105cych w Oddzieleniu do powrotu do jedno\u015bci Boga i oferuj\u0105ca \u015bcie\u017ck\u0119 powrotu.<\/p>\n<p>B\u00f3g przem\u00f3wi\u0142 ponownie, dostarczaj\u0105c nowe Objawienie ludzko\u015bci. To Objawienie jest bezpo\u015brednim odzwierciedleniem czystej duchowo\u015bci, kt\u00f3ra le\u017cy w sercu wszystkich \u015bwiatowych religii.<\/p>\n<p>Nowe Pos\u0142anie g\u0142osi, i\u017c nikt nie mo\u017ce twierdzi\u0107, \u017ce jego religia jest jedyn\u0105 prawdziw\u0105 religi\u0105. Zamiast tego, istnieje czyste i tajemnicze powo\u0142anie Boga do ka\u017cdej osoby na \u015bwiecie. To powo\u0142anie rozbrzmiewa do wszystkich ludzi, niezale\u017cnie od tego, czy s\u0105 chrze\u015bcijanami, muzu\u0142manami, \u017cydami, buddystami, osob\u0105 innej wiary, b\u0105d\u017a osob\u0105 nieposiadaj\u0105c\u0105 \u017cadnego konkretnego wyznania. Jest to wewn\u0119trzne powo\u0142anie, powo\u0142anie dla ka\u017cdego, aby wyj\u015b\u0107 poza ograniczenia wiary i wej\u015b\u0107 w \u017cycie g\u0142\u0119bszego do\u015bwiadczenia, wa\u017cniejszych relacji i wy\u017cszego celu na \u015bwiecie.<\/p>\n<p>Nowe Pos\u0142anie od Boga przyby\u0142o na \u015bwiat. Jest ono wyrazem bezczasowego, czystego po\u0142\u0105czenia z Bogiem, jakie istnia\u0142o poprzez ludzk\u0105 histori\u0119 i od pocz\u0105tku fizycznego wszech\u015bwiata. Ludzko\u015b\u0107 ma teraz bezpo\u015bredni dost\u0119p do tego czystego do\u015bwiadczenia, nieprzes\u0142oni\u0119tego przez ludzkie niezrozumienie, autorytet i zepsucie. Wkroczy\u0142o ono teraz do \u015bwiata na nowo.<\/p>\n<p style=\"text-align: center;\"><a class='simple_button_link ' style='background-color: #363636' href='https:\/\/www.newmessage.org\/pl\/the-message\/volume-1\/pure-religion\/the-pure-religion'   ><span>Zacznij Czyta\u0107 lub S\u0142ucha\u0107 \u201cCzystej Religii\u201d teraz za Darmo!<\/span><\/a><\/p>\n<p><em>Czysta Religia <\/em><em>to \u00f3sma ksi\u0119ga <a href=\"https:\/\/www.newmessage.org\/pl\/the-message\/volume-1\/\">Tomu 1<\/a> Nowego Pos\u0142ania od Boga.<\/em><\/p>\n<p>Obejrzyj t\u0119 wa\u017cn\u0105 audycj\u0119, kt\u00f3ra mia\u0142a miejsce w 2016 r., gdzie Pos\u0142aniec Marshall Van Summers oraz Reed Summers zaprezentowali oryginalne objawienie od Stw\u00f3rcy wszystkiego co \u017cyje, <em>Czyst\u0105 Religi\u0119<\/em><em>.<\/em><\/p>\n<p><iframe loading=\"lazy\" title=\"Marshall Vian Summers on The Pure Religion: The Pathway to God\" width=\"912\" height=\"513\" src=\"https:\/\/www.youtube.com\/embed\/lnSAhaQHjcw?feature=oembed&#038;enablejsapi=1&#038;origin=https:\/\/www.newmessage.org\" frameborder=\"0\" allow=\"accelerometer; autoplay; encrypted-media; gyroscope; picture-in-picture\" allowfullscreen><\/iframe><\/p>\n<div class=\"clearfix\"><\/div>\n<p style=\"text-align: left;\"><div class=\"toggle toggle-white\"><h4 class=\"trigger \"><span class=\"t_ico\"><\/span><a href=\"#\">Dowiedz si\u0119 wi\u0119cej o Nowym Pos\u0142aniu Boga<\/a><\/h4><div class=\"toggle_container \"><br \/>\n<div data-post-id='24520' class='insert-page insert-page-24520 '><\/div><br \/>\n<\/div><\/div>\n<div class=\"background-color-bridesmaid padding-20\">\n<h2 style=\"text-align: left;\"><span style=\"color: #525252;\">Spis tre\u015bci<\/span><\/h2>\n<p><a href=\"\/the-message\/volume-1\/pure-religion\/the-pure-religion-intro\">Wprowadzenie<\/a><\/p>\n<p>Rozdzia\u0142 1: <a href=\"https:\/\/www.newmessage.org\/pl\/the-message\/volume-1\/pure-religion\/the-pure-religion\">Czysta Religia<\/a><\/p>\n<p>Chapter 2: <a href=\"\/the-message\/volume-1\/pure-religion\/the-great-faith\">The Great Faith<\/a><\/p>\n<p>Chapter 3: <a href=\"\/the-message\/volume-1\/pure-religion\/the-sacred\">The Sacred<\/a><\/p>\n<p>Chapter 4: <a href=\"\/the-message\/volume-1\/pure-religion\/gods-ancient-covenant-with-humanity\">God&#8217;s Ancient Covenant with Humanity<\/a><\/p>\n<p>Chapter 5: <a href=\"\/the-message\/volume-1\/pure-religion\/the-purpose-of-religion\">The Purpose of Religion<\/a><\/p>\n<p>Chapter 6: <a href=\"\/the-message\/volume-1\/pure-religion\/gods-new-message-for-the-worlds-religions\">God&#8217;s New Message for the World&#8217;s Religions<\/a><\/p>\n<p>Chapter 7: <a href=\"\/the-message\/volume-1\/pure-religion\/religious-fundamentalism\">Religious Fundamentalism<\/a><\/p>\n<p>Chapter 8: <a href=\"\/the-message\/volume-1\/pure-religion\/religious-violence\">Religious Violence<\/a><\/p>\n<p>Chapter 9: <a href=\"\/the-message\/volume-1\/pure-religion\/heaven-and-hell\">Heaven and Hell<\/a><\/p>\n<p>Chapter 10: <a href=\"\/the-message\/volume-1\/pure-religion\/problem-sin-power-redemption\">Sin, Error and Redemption<\/a><\/p>\n<p>Chapter 11: <a href=\"\/the-message\/volume-1\/pure-religion\/the-miracle\">The Miracle<\/a><\/p>\n<p>Chapter 12: <a href=\"\/the-message\/volume-1\/pure-religion\/spiritual-families\">The Spiritual Families and the Plan of God<\/a><\/p>\n<p>Chapter 13: <a href=\"\/the-message\/volume-1\/pure-religion\/the-redeemer\">The Redeemer<\/a><\/p>\n<\/div>\n","protected":false},"excerpt":{"rendered":"<p>Czysta Religia to ksi\u0119ga objawienia podarowana od Boga, aby ujawni\u0107 na nowo g\u0142\u0119bsz\u0105 istot\u0119 oraz znaczenie \u015bwiatowych religii, a tak\u017ce Moc i Obecno\u015b\u0107 Boga, kt\u00f3ry pragnie przem\u00f3wi\u0107 do wszystkich ludzi ze wszystkich tradycji religijnych na \u015bwiecie w tym czasie. Czysta Religia jest bezczasow\u0105 \u015bcie\u017ck\u0105 przebudzenia, odkupienia i powrotu do Stw\u00f3rcy, zapocz\u0105tkowan\u0105 przez Boga na pocz\u0105tku\u2026 <a class=\"read-more\" href=\"https:\/\/www.v6.newmessage.org\/pl\/the-message\/volume-1\/pure-religion\/\"><span>Read More<\/span><\/a><\/p>\n","protected":false},"author":1,"featured_media":0,"parent":16287,"menu_order":1,"comment_status":"closed","ping_status":"closed","template":"template-leftsidebar.php","meta":{"_monsterinsights_skip_tracking":false,"_monsterinsights_sitenote_active":false,"_monsterinsights_sitenote_note":"","_monsterinsights_sitenote_category":0,"footnotes":""},"categories":[466,460],"tags":[641,632],"_links":{"self":[{"href":"https:\/\/www.v6.newmessage.org\/pl\/wp-json\/wp\/v2\/pages\/16492"}],"collection":[{"href":"https:\/\/www.v6.newmessage.org\/pl\/wp-json\/wp\/v2\/pages"}],"about":[{"href":"https:\/\/www.v6.newmessage.org\/pl\/wp-json\/wp\/v2\/types\/page"}],"author":[{"embeddable":true,"href":"https:\/\/www.v6.newmessage.org\/pl\/wp-json\/wp\/v2\/users\/1"}],"replies":[{"embeddable":true,"href":"https:\/\/www.v6.newmessage.org\/pl\/wp-json\/wp\/v2\/comments?post=16492"}],"version-history":[{"count":50,"href":"https:\/\/www.v6.newmessage.org\/pl\/wp-json\/wp\/v2\/pages\/16492\/revisions"}],"predecessor-version":[{"id":27778,"href":"https:\/\/www.v6.newmessage.org\/pl\/wp-json\/wp\/v2\/pages\/16492\/revisions\/27778"}],"up":[{"embeddable":true,"href":"https:\/\/www.v6.newmessage.org\/pl\/wp-json\/wp\/v2\/pages\/16287"}],"wp:attachment":[{"href":"https:\/\/www.v6.newmessage.org\/pl\/wp-json\/wp\/v2\/media?parent=16492"}],"wp:term":[{"taxonomy":"category","embeddable":true,"href":"https:\/\/www.v6.newmessage.org\/pl\/wp-json\/wp\/v2\/categories?post=16492"},{"taxonomy":"post_tag","embeddable":true,"href":"https:\/\/www.v6.newmessage.org\/pl\/wp-json\/wp\/v2\/tags?post=16492"}],"curies":[{"name":"wp","href":"https:\/\/api.w.org\/{rel}","templated":true}]}}