{"id":16482,"date":"2014-10-29T23:47:55","date_gmt":"2014-10-29T23:47:55","guid":{"rendered":"http:\/\/www.newmessage.org\/?page_id=16482"},"modified":"2021-02-20T18:25:31","modified_gmt":"2021-02-20T18:25:31","slug":"new-world","status":"publish","type":"page","link":"https:\/\/www.v6.newmessage.org\/pl\/the-message\/volume-1\/new-world\/","title":{"rendered":"Nowy \u015awiat"},"content":{"rendered":"<p><em><img decoding=\"async\" class=\"alignright size-large wp-image-41222 imgborder\" src=\"https:\/\/www.newmessage.org\/wp-content\/uploads\/2019\/06\/TNW-NKL-cover-400x600.jpg\" alt=\"The New World Book\" \/><\/em><\/p>\n<p><em>Nowy \u015awiat <\/em>ujawnia ostrze\u017cenie o wielkiej przemianie zbli\u017caj\u0105cej si\u0119 do \u015bwiata, a tak\u017ce o profetycznej wizji przysz\u0142ego \u015bwiata, na kt\u00f3ry musimy si\u0119 przygotowa\u0107.<\/p>\n<p><em>Nowy \u015awiat <\/em>jest ostrze\u017ceniem od Boga odnosz\u0105cym si\u0119 do szybkiego wyczerpania i degradacji Ziemi, jej klimatu i \u015brodowiska, a tak\u017ce pilnych dzia\u0142a\u0144, jakie musimy podj\u0105\u0107 indywidualnie oraz zbiorowo, aby zar\u00f3wno odnowi\u0107 nasz\u0105 planet\u0119, jak i przygotowa\u0107 si\u0119 na kondycj\u0119 nowego \u015bwiata w przysz\u0142o\u015bci.<\/p>\n<p>Ta ksi\u0119ga ujawnia ci\u0119\u017ckie po\u0142o\u017cenie ludzko\u015bci, a tak\u017ce bardziej dog\u0142\u0119bne powody globalnej tragedii konfliktu, ub\u00f3stwa i ucisku szerz\u0105cych si\u0119 teraz na ca\u0142ym \u015bwiecie. Wraz z tym, prezentuje ona Plan Boga dla \u015bwiata, a tak\u017ce to, co mo\u017ce ocali\u0107 ludzko\u015b\u0107, podczas gdy mierzy si\u0119 ona ze swoimi najci\u0119\u017cszymi pr\u00f3bami w przysz\u0142o\u015bci.<\/p>\n<p><em>Nowy \u015awiat<\/em> to profetyczne preludium do Wielkich Fal Przemian, co bardziej szczeg\u00f3\u0142owo przedstawia wyzwania, przed kt\u00f3rymi staniemy indywidualnie oraz \u015bcie\u017ck\u0119 wewn\u0119trznego i zewn\u0119trznego przygotowania udost\u0119pnionego teraz ka\u017cdej osobie za spraw\u0105 Nowego Pos\u0142ania.<\/p>\n<p>Ka\u017cdy rozdzia\u0142 <em>Nowego \u015awiata <\/em>jest objawieniem podarowanym przez \u0179r\u00f3d\u0142o, zebrane w niniejszy tekst przez Pos\u0142a\u0144ca <a href=\"https:\/\/www.newmessage.org\/pl\/who-is-marshallviansummers\/\">Marshalla Viana Summersa<\/a>. Kilka rozdzia\u0142\u00f3w <em>Nowego \u015awiata <\/em>zosta\u0142o otrzymanych w miejscach rosn\u0105cego konfliktu i niestabilno\u015bci, w\u0142\u0105czaj\u0105c w to Bejrut, Aleppo oraz Teheran.<\/p>\n<p style=\"text-align: center;\"><a class='simple_button_link ' style='background-color: #363636' href='\/the-message\/volume-1\/new-world\/new-world'   ><span>Zacznij Czyta\u0107 lub S\u0142ucha\u0107 \u201cNowego \u015awiata\u201d teraz za Darmo!<\/span><\/a><\/p>\n<p><em>Nowy \u015awiat <\/em>to si\u00f3dma ksi\u0119ga <a href=\"https:\/\/www.newmessage.org\/pl\/the-message\/volume-1\/new-world\/\">Tomu 1<\/a> Nowego Pos\u0142ania od Boga.<\/p>\n<div style=\"text-align: left;\"><div class=\"toggle toggle-white\"><h4 class=\"trigger \"><span class=\"t_ico\"><\/span><a href=\"#\">Dowiedz si\u0119 wi\u0119cej o Nowym Pos\u0142aniu Boga<\/a><\/h4><div class=\"toggle_container \"><br \/>\n<div data-post-id='24520' class='insert-page insert-page-24520 '><\/div><br \/>\n<\/div><\/div><\/div>\n<h3 style=\"text-align: left;\"><span style=\"color: #525252; line-height: 1.5;\">Spis tre\u015bci<\/span><\/h3>\n<div class=\"background-color-bridesmaid padding-20\">\n<p>&nbsp;<\/p>\n<p><span style=\"font-weight: 400;\">Rozdzia\u0142 1: Wkraczanie w Nowy \u015awiat<\/span><\/p>\n<p><span style=\"font-weight: 400;\">Rozdzia\u0142 2: Wielkie Ostrze\u017cenie<\/span><\/p>\n<p>Rozdzia\u0142 3: <a href=\"https:\/\/www.newmessage.org\/pl\/the-message\/volume-1\/new-world\/swiatowe-zagrozenie\/\">\u015awiatowe zagro\u017cenie<\/a><\/p>\n<p><span style=\"font-weight: 400;\">Rozdzia\u0142 4: Losy ludzko\u015bci<\/span><\/p>\n<p><span style=\"font-weight: 400;\">Rozdzia\u0142 5: Wy\u015bcig ku ocaleniu ludzkiej cywilizacji<\/span><\/p>\n<p><span style=\"font-weight: 400;\">Rozdzia\u0142 6: Stoj\u0105c nad przepa\u015bci\u0105<\/span><\/p>\n<p><span style=\"font-weight: 400;\">Rozdzia\u0142 7: W obliczu niestabilno\u015bci planetarnej<\/span><\/p>\n<p><span style=\"font-weight: 400;\">Rozdzia\u0142 8: Pole bitwy<\/span><\/p>\n<p><span style=\"font-weight: 400;\">Rozdzia\u0142 9: Budowanie globalnego bezpiecze\u0144stwa<\/span><\/p>\n<p><span style=\"font-weight: 400;\">Rozdzia\u0142 10: Zapobieganie upadkowi i wojnom desperacji<\/span><\/p>\n<p><span style=\"font-weight: 400;\">Rozdzia\u0142 11: Wielkie przej\u015bcie<\/span><\/p>\n<p><span style=\"font-weight: 400;\">Rozdzia\u0142 12: Szok przysz\u0142o\u015bci<\/span><\/p>\n<p><span style=\"font-weight: 400;\">Rozdzia\u0142 13: Zachowanie stabilno\u015bci w rozpadaj\u0105cym si\u0119 \u015bwiecie<\/span><\/p>\n<p><span style=\"font-weight: 400;\">Rozdzia\u0142 14: Odporno\u015b\u0107<\/span><\/p>\n<p><span style=\"font-weight: 400;\">Rozdzia\u0142 15: Wizja<\/span><\/p>\n<p><span style=\"font-weight: 400;\">Rozdzia\u0142 16: Przysz\u0142o\u015b\u0107 ludzko\u015bci<\/span><\/p>\n<p><a title=\"The New World\" href=\"\/the-message\/volume-1\/new-world\/new-world\"><\/p>\n<p><\/a><\/p>\n<p>&nbsp;<\/p>\n<\/div>\n<p>&nbsp;<\/p>\n","protected":false},"excerpt":{"rendered":"<p>Nowy \u015awiat ujawnia ostrze\u017cenie o wielkiej przemianie zbli\u017caj\u0105cej si\u0119 do \u015bwiata, a tak\u017ce o profetycznej wizji przysz\u0142ego \u015bwiata, na kt\u00f3ry musimy si\u0119 przygotowa\u0107. Nowy \u015awiat jest ostrze\u017ceniem od Boga odnosz\u0105cym si\u0119 do szybkiego wyczerpania i degradacji Ziemi, jej klimatu i \u015brodowiska, a tak\u017ce pilnych dzia\u0142a\u0144, jakie musimy podj\u0105\u0107 indywidualnie oraz zbiorowo, aby zar\u00f3wno odnowi\u0107 nasz\u0105\u2026 <a class=\"read-more\" href=\"https:\/\/www.v6.newmessage.org\/pl\/the-message\/volume-1\/new-world\/\"><span>Read More<\/span><\/a><\/p>\n","protected":false},"author":1,"featured_media":0,"parent":16287,"menu_order":5,"comment_status":"closed","ping_status":"closed","template":"template-leftsidebar.php","meta":{"_monsterinsights_skip_tracking":false,"_monsterinsights_sitenote_active":false,"_monsterinsights_sitenote_note":"","_monsterinsights_sitenote_category":0,"footnotes":""},"categories":[463,460],"tags":[825,639,630],"_links":{"self":[{"href":"https:\/\/www.v6.newmessage.org\/pl\/wp-json\/wp\/v2\/pages\/16482"}],"collection":[{"href":"https:\/\/www.v6.newmessage.org\/pl\/wp-json\/wp\/v2\/pages"}],"about":[{"href":"https:\/\/www.v6.newmessage.org\/pl\/wp-json\/wp\/v2\/types\/page"}],"author":[{"embeddable":true,"href":"https:\/\/www.v6.newmessage.org\/pl\/wp-json\/wp\/v2\/users\/1"}],"replies":[{"embeddable":true,"href":"https:\/\/www.v6.newmessage.org\/pl\/wp-json\/wp\/v2\/comments?post=16482"}],"version-history":[{"count":44,"href":"https:\/\/www.v6.newmessage.org\/pl\/wp-json\/wp\/v2\/pages\/16482\/revisions"}],"predecessor-version":[{"id":27876,"href":"https:\/\/www.v6.newmessage.org\/pl\/wp-json\/wp\/v2\/pages\/16482\/revisions\/27876"}],"up":[{"embeddable":true,"href":"https:\/\/www.v6.newmessage.org\/pl\/wp-json\/wp\/v2\/pages\/16287"}],"wp:attachment":[{"href":"https:\/\/www.v6.newmessage.org\/pl\/wp-json\/wp\/v2\/media?parent=16482"}],"wp:term":[{"taxonomy":"category","embeddable":true,"href":"https:\/\/www.v6.newmessage.org\/pl\/wp-json\/wp\/v2\/categories?post=16482"},{"taxonomy":"post_tag","embeddable":true,"href":"https:\/\/www.v6.newmessage.org\/pl\/wp-json\/wp\/v2\/tags?post=16482"}],"curies":[{"name":"wp","href":"https:\/\/api.w.org\/{rel}","templated":true}]}}