{"id":16358,"date":"2014-10-26T00:24:45","date_gmt":"2014-10-26T00:24:45","guid":{"rendered":"http:\/\/www.newmessage.org\/?page_id=16358"},"modified":"2019-03-29T02:39:14","modified_gmt":"2019-03-29T02:39:14","slug":"other-revelations","status":"publish","type":"page","link":"https:\/\/www.v6.newmessage.org\/pl\/the-message\/other-revelations\/","title":{"rendered":"Pozosta\u0142e Objawienia"},"content":{"rendered":"<h2>Pozosta\u0142e Objawienia Nowego Pos\u0142ania od Boga:<\/h2>\n<p>Tutaj s\u0105 dost\u0119pne Objawienia, kt\u00f3rych Pos\u0142aniec Marshall Vian Summers do tej pory nie skompilowa\u0142 w tomy i ksi\u0105\u017cki. <a title=\"Dowiedz si\u0119 wi\u0119cej...\" href=\"\/polish-international\/the-message\/the-revelation-continues-to-this-day\">Dowiedz si\u0119 wi\u0119cej&#8230;<\/a><br \/>\n\n\t    \n\t<article class=\"posts_listing blog_shortcode clearfix post-27665 page type-page status-publish hentry category-objawienia category-other-revelations category-messages-for-the-world tag-to-zakonczy-wojne tag-what-will-end-war\" id=\"post-27665\">\n\n\t\t\t\t\n\t<h2 class=\"entry-title\"><a href=\"https:\/\/www.v6.newmessage.org\/pl\/the-message\/other-revelations\/what-will-end-war\/\" rel=\"bookmark\" title=\"Link do To zako\u0144czy wojn\u0119\">To zako\u0144czy wojn\u0119<\/a><\/h2>\n\n\t\t\t\n\t\t<\/article>\n\t    \n\t<article class=\"posts_listing blog_shortcode clearfix post-27651 page type-page status-publish hentry category-objawienia category-other-revelations category-the-new-world-2 category-volume-1 tag-los-narodow tag-the-fate-of-nations tag-the-new-world tag-tnw\" id=\"post-27651\">\n\n\t\t\t\t\n\t<h2 class=\"entry-title\"><a href=\"https:\/\/www.v6.newmessage.org\/pl\/the-message\/the-fate-of-nations\/\" rel=\"bookmark\" title=\"Link do Los Narod\u00f3w\">Los Narod\u00f3w<\/a><\/h2>\n\n\t\t\t\n\t\t<\/article>\n\t    \t    <br \/>\n<a name=\"audiodownloads\"><\/a><\/p>\n<h2>Audio Downloads Available at\u00a0New Knowledge Library:<\/h2>\n<style>\nh3.hungryfeed_feed_title {}\r\ndiv.hungryfeed_feed_description {}\r\ndiv.hungryfeed_feed_content {}\r\ndiv.hungryfeed_items {}\r\ndiv.hungryfeed_item {margin-bottom: 10px;}\r\ndiv.hungryfeed_item_title {font-weight: bold;}\r\ndiv.hungryfeed_item_description {}\r\ndiv.hungryfeed_item_author {}\r\ndiv.hungryfeed_item_date {}\n<\/style>\n<script type=\"text\/javascript\">\r\n\/\/ Custom Javascript here...\r\n<\/script>\n<div class=\"hungryfeed_items\">\n<div class=\"hungryfeed_item\">\n<div class=\"hungryfeed_item_title\"><a href=\"https:\/\/newknowledgelibrary.org\/audio-mp3-free\/expanding-your-steps-practice-mp3-audio-file\/\" >Expanding Your Steps Practice (MP3 audio file)<\/a><\/div>\n<\/div>\n<\/div>\n\n<h2>Latest Available Audio Download:<\/h2>\n<style>\nh3.hungryfeed_feed_title {}\r\ndiv.hungryfeed_feed_description {}\r\ndiv.hungryfeed_feed_content {}\r\ndiv.hungryfeed_items {}\r\ndiv.hungryfeed_item {margin-bottom: 10px;}\r\ndiv.hungryfeed_item_title {font-weight: bold;}\r\ndiv.hungryfeed_item_description {}\r\ndiv.hungryfeed_item_author {}\r\ndiv.hungryfeed_item_date {}\n<\/style>\n<script type=\"text\/javascript\">\r\n\/\/ Custom Javascript here...\r\n<\/script>\n<div class=\"hungryfeed_items\">\n<div class=\"hungryfeed_item\">\n<div class=\"hungryfeed_item_title\"><a href=\"https:\/\/newknowledgelibrary.org\/audio-mp3-free\/expanding-your-steps-practice-mp3-audio-file\/\" target='_blank'>Expanding Your Steps Practice (MP3 audio file)<\/a><\/div>\n<div class=\"hungryfeed_item_description\"><div><a target='_blank' href=\"https:\/\/newknowledgelibrary.org\/audio-mp3-free\/expanding-your-steps-practice-mp3-audio-file\/\"><img decoding=\"async\" src=\"https:\/\/cdn11.bigcommerce.com\/s-932c8\/products\/609\/images\/1301\/unnamed__20951.1769282612.215.215.png?c=2\" alt=\"Expanding Your Steps Practice (MP3 audio file)\"><\/a><\/div><p><span>43 minute MP3 audio file<br>\"Expanding Your Steps Practice\"\u00a0<br>by Marshall Vian Summers<br>recorded on February 3, 2000\u00a0<\/span><\/p>\r\n<div><span><\/span><\/div><\/div>\n<\/div>\n<\/div>\n\n","protected":false},"excerpt":{"rendered":"<p>Pozosta\u0142e Objawienia Nowego Pos\u0142ania od Boga: Tutaj s\u0105 dost\u0119pne Objawienia, kt\u00f3rych Pos\u0142aniec Marshall Vian Summers do tej pory nie skompilowa\u0142 w tomy i ksi\u0105\u017cki. Dowiedz si\u0119 wi\u0119cej&#8230; Audio Downloads Available at\u00a0New Knowledge Library: Latest Available Audio Download:<\/p>\n","protected":false},"author":1,"featured_media":0,"parent":26942,"menu_order":11,"comment_status":"closed","ping_status":"closed","template":"template-leftsidebar.php","meta":{"_monsterinsights_skip_tracking":false,"_monsterinsights_sitenote_active":false,"_monsterinsights_sitenote_note":"","_monsterinsights_sitenote_category":0,"footnotes":""},"categories":[],"tags":[772],"_links":{"self":[{"href":"https:\/\/www.v6.newmessage.org\/pl\/wp-json\/wp\/v2\/pages\/16358"}],"collection":[{"href":"https:\/\/www.v6.newmessage.org\/pl\/wp-json\/wp\/v2\/pages"}],"about":[{"href":"https:\/\/www.v6.newmessage.org\/pl\/wp-json\/wp\/v2\/types\/page"}],"author":[{"embeddable":true,"href":"https:\/\/www.v6.newmessage.org\/pl\/wp-json\/wp\/v2\/users\/1"}],"replies":[{"embeddable":true,"href":"https:\/\/www.v6.newmessage.org\/pl\/wp-json\/wp\/v2\/comments?post=16358"}],"version-history":[{"count":24,"href":"https:\/\/www.v6.newmessage.org\/pl\/wp-json\/wp\/v2\/pages\/16358\/revisions"}],"predecessor-version":[{"id":27633,"href":"https:\/\/www.v6.newmessage.org\/pl\/wp-json\/wp\/v2\/pages\/16358\/revisions\/27633"}],"up":[{"embeddable":true,"href":"https:\/\/www.v6.newmessage.org\/pl\/wp-json\/wp\/v2\/pages\/26942"}],"wp:attachment":[{"href":"https:\/\/www.v6.newmessage.org\/pl\/wp-json\/wp\/v2\/media?parent=16358"}],"wp:term":[{"taxonomy":"category","embeddable":true,"href":"https:\/\/www.v6.newmessage.org\/pl\/wp-json\/wp\/v2\/categories?post=16358"},{"taxonomy":"post_tag","embeddable":true,"href":"https:\/\/www.v6.newmessage.org\/pl\/wp-json\/wp\/v2\/tags?post=16358"}],"curies":[{"name":"wp","href":"https:\/\/api.w.org\/{rel}","templated":true}]}}