{"id":16297,"date":"2014-10-25T22:08:36","date_gmt":"2014-10-25T22:08:36","guid":{"rendered":"http:\/\/www.newmessage.org\/?page_id=16297"},"modified":"2020-08-10T05:51:06","modified_gmt":"2020-08-10T05:51:06","slug":"one-god","status":"publish","type":"page","link":"https:\/\/www.v6.newmessage.org\/pl\/the-message\/volume-1\/one-god\/","title":{"rendered":"Jeden B\u00f3g"},"content":{"rendered":"<p><em><img decoding=\"async\" class=\"alignright size-large wp-image-28781 imgborder\" src=\"https:\/\/www.newmessage.org\/wp-content\/uploads\/2016\/07\/TOG_v.7.0_ebook-cover-400x600.jpg\" alt=\"The One God Book Cover\" \/><\/em><\/p>\n<p><em>Jeden B\u00f3g<\/em> to ksi\u0119ga objawienia, kt\u00f3ra dostarcza nowe rozumienie natury i rzeczywisto\u015bci Boga oraz Boskiego Planu i Celu na \u015bwiecie, a tak\u017ce w Wi\u0119kszej Spo\u0142eczno\u015bci \u017cycia we wszech\u015bwiecie. Tutaj rozpoczyna si\u0119 nast\u0119pny rozdzia\u0142 w post\u0119puj\u0105cym Objawieniu Boskiej Obecno\u015bci i Woli dla ludzko\u015bci.<\/p>\n<p>Poprzez wielkich Pos\u0142a\u0144c\u00f3w i Nauczania przesz\u0142o\u015bci to trwaj\u0105ce Objawienie p\u0142yn\u0119\u0142o w czasie, rozwijaj\u0105c nasze rozumienie Jedynego Boga i rozbudzaj\u0105c na nowo nasz\u0105 relacj\u0119 z Bosk\u0105 Obecno\u015bci\u0105 w naszym \u017cyciu. Obecnie to post\u0119puj\u0105ce Objawienie jest wznawiane na nowo poprzez Nowe Pos\u0142anie od Boga.<\/p>\n<p>S\u0142owo i D\u017awi\u0119k s\u0105 teraz na \u015bwiecie. Ka\u017cdy rozdzia\u0142 <em>Jednego Boga <\/em>stanowi objawienie podarowane, aby dostarczy\u0107 nowe nauczanie o \u0179r\u00f3dle naszego \u017cycia i naszego celu na bycie na \u015bwiecie w tym czasie. Ka\u017cdy rozdzia\u0142 otwiera przed tob\u0105 nowy punkt widzenia, z kt\u00f3rego mo\u017cesz zajrze\u0107 do serca Boga, z powrotem do pocz\u0105tk\u00f3w wszech\u015bwiata i w przysz\u0142o\u015b\u0107 do rozwijaj\u0105cego si\u0119 Planu Boga na ten czas i na czasy, kt\u00f3re nadejd\u0105.<\/p>\n<p>Ka\u017cdy rozdzia\u0142 <em>Jednego Boga <\/em>stanowi objawienie podarowane od \u0179r\u00f3d\u0142a, zebrane w niniejszy tekst przez Pos\u0142a\u0144ca Marshalla Viana Summersa.<\/p>\n<p><em>Jeden B\u00f3g <\/em>to druga ksi\u0119ga <a href=\"https:\/\/www.newmessage.org\/pl\/the-message\/volume-1\/\">Tomu 1<\/a> Nowego Pos\u0142ania od Boga.<\/p>\n<p>Obejrzyj t\u0119 istotn\u0105 transmisj\u0119, kt\u00f3ra mia\u0142a miejsce w 2016 r., gdzie Pos\u0142aniec Marshall Vian Summers, Patricia Summers i Reed Summers prezentuj\u0105 oryginalne objawienie od Stw\u00f3rcy wszystkiego co \u017byje, <em>Jedynego Boga<\/em>.<\/p>\n<p><iframe loading=\"lazy\" title=\"&quot;The One God&quot; Release Broadcast | July 30, 2016\" width=\"912\" height=\"513\" src=\"https:\/\/www.youtube.com\/embed\/oPSkB1uvuX0?feature=oembed&#038;enablejsapi=1&#038;origin=https:\/\/www.newmessage.org\" frameborder=\"0\" allow=\"accelerometer; autoplay; encrypted-media; gyroscope; picture-in-picture\" allowfullscreen><\/iframe><\/p>\n<div class=\"toggle toggle-white\"><h4 class=\"trigger \"><span class=\"t_ico\"><\/span><a href=\"#\">Dowiedz si\u0119 wi\u0119cej o Nowym Pos\u0142aniu Boga<\/a><\/h4><div class=\"toggle_container \"><br \/>\n<div data-post-id='24520' class='insert-page insert-page-24520 '><\/div><br \/>\n<\/div><\/div>\n<div class=\"background-color-bridesmaid padding-20\">\n<h2 style=\"text-align: left;\"><span style=\"color: #525252;\">Spis tre\u015bci<\/span><\/h2>\n<p><a href=\"\/the-message\/volume-1\/one-god\/the-one-god-book-intro\">Introduction<\/a><\/p>\n<p>Chapter 1: <a href=\"\/the-message\/volume-1\/one-god\/comprehending-god\">Comprehending God<\/a><\/p>\n<p>Chapter 2: <a href=\"\/the-message\/volume-1\/one-god\/new-god-revelation\">The New God Revelation<\/a><\/p>\n<p>Chapter 3: <a href=\"\/the-message\/volume-1\/one-god\/the-origin\">The Origin<\/a><\/p>\n<p>Chapter 4: <a href=\"\/the-message\/volume-1\/one-god\/the-separation\">The Separation<\/a><\/p>\n<p>Chapter 5: <a href=\"\/the-message\/volume-1\/one-god\/what-is-creation\">What is Creation?<\/a><\/p>\n<p>Chapter 6: <a href=\"\/the-message\/volume-1\/one-god\/the-soul\">The Soul<\/a><\/p>\n<p>Chapter 7: <a href=\"\/the-message\/volume-1\/one-god\/what-creates-evil\">What Creates Evil?<\/a><\/p>\n<p>Chapter 8: <a href=\"\/the-message\/volume-1\/one-god\/what-is-redemption\">The Redemption<\/a><\/p>\n<p>Chapter 9: <a href=\"\/the-message\/volume-1\/one-god\/god-knowledge-and-the-angelic-presence\">God, Knowledge and the Angelic Presence<\/a><\/p>\n<p>Chapter 10: <a href=\"\/the-message\/volume-1\/one-god\/how-god-speaks-to-the-world\">How God Speaks to the World<\/a><\/p>\n<p>Chapter 11: <a href=\"\/the-message\/volume-1\/one-god\/gods-plan-save-everyone\">God\u2019s Plan Is to Save Everyone<\/a><\/p>\n<p>Chapter 12: <a href=\"\/the-message\/volume-1\/one-god\/the-heart-of-god\">The Heart of God<\/a><\/p>\n<\/div>\n","protected":false},"excerpt":{"rendered":"<p>Jeden B\u00f3g to ksi\u0119ga objawienia, kt\u00f3ra dostarcza nowe rozumienie natury i rzeczywisto\u015bci Boga oraz Boskiego Planu i Celu na \u015bwiecie, a tak\u017ce w Wi\u0119kszej Spo\u0142eczno\u015bci \u017cycia we wszech\u015bwiecie. Tutaj rozpoczyna si\u0119 nast\u0119pny rozdzia\u0142 w post\u0119puj\u0105cym Objawieniu Boskiej Obecno\u015bci i Woli dla ludzko\u015bci. Poprzez wielkich Pos\u0142a\u0144c\u00f3w i Nauczania przesz\u0142o\u015bci to trwaj\u0105ce Objawienie p\u0142yn\u0119\u0142o w czasie, rozwijaj\u0105c\u2026 <a class=\"read-more\" href=\"https:\/\/www.v6.newmessage.org\/pl\/the-message\/volume-1\/one-god\/\"><span>Read More<\/span><\/a><\/p>\n","protected":false},"author":1,"featured_media":0,"parent":16287,"menu_order":2,"comment_status":"closed","ping_status":"closed","template":"template-leftsidebar.php","meta":{"_monsterinsights_skip_tracking":false,"_monsterinsights_sitenote_active":false,"_monsterinsights_sitenote_note":"","_monsterinsights_sitenote_category":0,"footnotes":""},"categories":[379,460],"tags":[824,605],"_links":{"self":[{"href":"https:\/\/www.v6.newmessage.org\/pl\/wp-json\/wp\/v2\/pages\/16297"}],"collection":[{"href":"https:\/\/www.v6.newmessage.org\/pl\/wp-json\/wp\/v2\/pages"}],"about":[{"href":"https:\/\/www.v6.newmessage.org\/pl\/wp-json\/wp\/v2\/types\/page"}],"author":[{"embeddable":true,"href":"https:\/\/www.v6.newmessage.org\/pl\/wp-json\/wp\/v2\/users\/1"}],"replies":[{"embeddable":true,"href":"https:\/\/www.v6.newmessage.org\/pl\/wp-json\/wp\/v2\/comments?post=16297"}],"version-history":[{"count":78,"href":"https:\/\/www.v6.newmessage.org\/pl\/wp-json\/wp\/v2\/pages\/16297\/revisions"}],"predecessor-version":[{"id":27781,"href":"https:\/\/www.v6.newmessage.org\/pl\/wp-json\/wp\/v2\/pages\/16297\/revisions\/27781"}],"up":[{"embeddable":true,"href":"https:\/\/www.v6.newmessage.org\/pl\/wp-json\/wp\/v2\/pages\/16287"}],"wp:attachment":[{"href":"https:\/\/www.v6.newmessage.org\/pl\/wp-json\/wp\/v2\/media?parent=16297"}],"wp:term":[{"taxonomy":"category","embeddable":true,"href":"https:\/\/www.v6.newmessage.org\/pl\/wp-json\/wp\/v2\/categories?post=16297"},{"taxonomy":"post_tag","embeddable":true,"href":"https:\/\/www.v6.newmessage.org\/pl\/wp-json\/wp\/v2\/tags?post=16297"}],"curies":[{"name":"wp","href":"https:\/\/api.w.org\/{rel}","templated":true}]}}