{"id":16287,"date":"2014-10-25T01:14:16","date_gmt":"2014-10-25T01:14:16","guid":{"rendered":"http:\/\/www.newmessage.org\/?page_id=16287"},"modified":"2020-02-27T06:02:54","modified_gmt":"2020-02-27T06:02:54","slug":"volume-1","status":"publish","type":"page","link":"https:\/\/www.v6.newmessage.org\/pl\/the-message\/volume-1\/","title":{"rendered":"Tom 1"},"content":{"rendered":"<h3><strong>About Volume 1<\/strong><\/h3>\n<p><img loading=\"lazy\" decoding=\"async\" class=\"imgborder alignright size-medium\" src=\"\/\/www.newmessage.org\/wp-content\/uploads\/2014\/10\/The-New-Message-from-God-Volume-1-214x300.png\" alt=\"\" width=\"214\" height=\"300\" \/><\/p>\n<p>Volume One of the New Message from God contains God\u2019s essential Revelation for the world at this time. Here begins a new communication from the heart of God to the world of humanity.<br \/>\nIn the seven books of Volume One, God proclaims God\u2019s New Revelation for the world and the great need for God\u2019s Revelation at this time and in the times to come.<\/p>\n<p>The books of Volume One reveal the greater reality of life, of the world and of the Greater Community of life in the universe. This greater reality is being revealed in the world for the first time in human history. Volume One warns us of the great dangers and pressing needs facing the world now and in the future. With this, it calls each of us to reclaim and express the undiscovered spiritual power which lives at the heart of humanity.<\/p>\n<p>Volume One first presents <em><a href=\"\/\/www.newmessage.org\/the-message\/volume-1\/god-spoken-again\">God Has Spoken Again<\/a><\/em>, which opens the door to the New Message from God for all people in the world. Following <em>God Has Spoken Again<\/em>, Volume One presents the books of <em><a title=\"The New God\" href=\"\/the-message\/volume-1\/one-god\">The One God<\/a><\/em> and <em><a title=\"The New Messenger\" href=\"\/the-message\/volume-1\/new-messenger\">The New Messenger<\/a><\/em>, further revealing the nature of God, God\u2019s Plan to end the Separation and the presence of the Angelic Assembly and its Messengers. Volume One then presents the books <em><a title=\"The Greater Community\" href=\"\/the-message\/volume-1\/greater-community\">The Greater Community<\/a>, <\/em><a title=\"The New Life\" href=\"\/the-message\/volume-1\/new-life\"><em>The New Life <\/em><\/a>and <em><a title=\"The New World\" href=\"\/the-message\/volume-1\/new-world\">The New World<\/a><\/em> which open before us a new reality of life in our world and our destiny in the universe beyond. Volume One ends with the book <em><a href=\"\/\/www.newmessage.org\/the-message\/volume-1\/pure-religion\">The Pure Religion<\/a><\/em>, which calls each person to the living presence of God in their lives.<\/p>\n<p>The books of Volume One contain the original spoken Revelations received by the Messenger Marshall Vian Summers. The Messenger has been directed by the Source of the New Message to gather the revelations of the New Message into the sacred books of Volume 1 of God\u2019s New Message.<br \/>\n<div class=\"toggle toggle-white\"><h4 class=\"trigger \"><span class=\"t_ico\"><\/span><a href=\"#\">More about the volumes of the New Message from God<\/a><\/h4><div class=\"toggle_container \"><br \/>\n<\/p>\n<p><\/div><\/div>\n<div class=\"clearfix\"><\/div>\n<h2 style=\"text-align: center;\">Biblioteka Nowego Pos\u0142ania<\/h2>\n<div class=\"the-message-books-volumes background-tile-1\">\n<h2 class=\"text-align-center margin-bottom-20 margin-top-20\"><a class=\"text-color-gray-5 not-underlined\" title=\"Volume 1\" href=\"\/pl\/the-message\/volume-1\">Tom 1<\/a><\/h2>\n<div class=\"one_third \" ><\/p>\n<div class=\"message-book-div\"><a class=\"message-book-link-to-post\" href=\"\/pl\/the-message\/volume-1\/god-spoken-again\" rel=\"bookmark\"> B\u00f3g Przem\u00f3wi\u0142 Ponownie <\/a><\/div>\n<div class=\"toggle toggle-gray\"><h4 class=\"trigger \"><span class=\"t_ico\"><\/span><a href=\"#\">Spis tre\u015bci<\/a><\/h4><div class=\"toggle_container \"><br \/>\n<a href=\"\/pl\/the-message\/volume-1\/god-spoken-again\/the-proclamation\">The Proclamation<\/a><br \/>\n<a href=\"\/pl\/the-message\/volume-1\/god-spoken-again\/the-recitation\">The Recitation<\/a><br \/>\n<a href=\"\/pl\/the-message\/volume-1\/god-spoken-again\/the-engagement\">The Engagement<\/a><br \/>\n<a href=\"\/pl\/the-message\/volume-1\/god-spoken-again\/god-has-spoken\">God Has Spoken Again<\/a><br \/>\n<a href=\"\/pl\/the-message\/volume-1\/god-spoken-again\/seal-of-the-prophets\">The Seal of the Prophets<\/a><br \/>\n<a href=\"\/pl\/the-message\/volume-1\/god-spoken-again\/mission-of-the-messenger\">The Mission of the Messenger<\/a><br \/>\n<a href=\"\/pl\/the-message\/volume-1\/god-spoken-again\/the-initiation\">The Initiation<\/a><br \/>\n<a href=\"\/pl\/the-message\/volume-1\/god-spoken-again\/the-blessing\">The Blessing<\/a><br \/>\n<a href=\"\/pl\/the-message\/volume-1\/god-spoken-again\/living-at-a-time-of-revelation\">Living at a Time of Revelation<\/a><br \/>\n<a href=\"\/pl\/the-message\/volume-1\/god-spoken-again\/the-assembly\">The Assembly<\/a><br \/>\n<a href=\"\/pl\/the-message\/volume-1\/god-spoken-again\/gods-new-message-for-the-world\">God\u2019s New Message for the World<\/a><br \/>\n<a href=\"\/pl\/the-message\/volume-1\/god-spoken-again\/god-is-moving-humanity-in-a-new-direction\">God Is Moving Humanity in a New Direction<\/a><br \/>\n<a href=\"\/pl\/the-message\/volume-1\/god-spoken-again\/the-world-must-receive-gods-new-message\">The World Must Receive God\u2019s New Message<\/a><br \/>\n<a href=\"\/pl\/the-message\/volume-1\/god-spoken-again\/the-calling\">The Calling<\/a><br \/>\n<\/div><\/div><br \/>\n<\/div>\n<div class=\"one_third \" ><\/p>\n<div class=\"message-book-div\"><a class=\"message-book-link-to-post\" title=\"The One God\" href=\"\/pl\/the-message\/volume-1\/one-god\" rel=\"bookmark\"> Jeden B\u00f3g <\/a><\/div>\n<div class=\"toggle toggle-gray\"><h4 class=\"trigger \"><span class=\"t_ico\"><\/span><a href=\"#\">Spis tre\u015bci<\/a><\/h4><div class=\"toggle_container \"><br \/>\n<a href=\"\/pl\/the-message\/volume-1\/one-god\/comprehending-god\">Comprehending God<\/a><br \/>\n<a href=\"\/pl\/the-message\/volume-1\/one-god\/new-god-revelation\">The New God Revelation<\/a><br \/>\n<a href=\"\/pl\/the-message\/volume-1\/one-god\/the-origin\">The Origin<\/a><br \/>\n<a href=\"\/pl\/the-message\/volume-1\/one-god\/the-separation\">The Separation<\/a><br \/>\n<a href=\"\/pl\/the-message\/volume-1\/one-god\/what-is-creation\">What is Creation?<\/a><br \/>\n<a href=\"\/pl\/the-message\/volume-1\/one-god\/the-soul\">The Soul<\/a><br \/>\n<a href=\"\/pl\/the-message\/volume-1\/one-god\/what-creates-evil\">What Creates Evil?<\/a><br \/>\n<a href=\"\/pl\/the-message\/volume-1\/one-god\/what-is-redemption\">The Redemption<\/a><br \/>\n<a href=\"\/pl\/the-message\/volume-1\/one-god\/god-knowledge-and-the-angelic-presence\">God, Knowledge and the Angelic Presence<\/a><br \/>\n<a href=\"\/pl\/the-message\/volume-1\/one-god\/how-god-speaks-to-the-world\">How God Speaks to the World<\/a><br \/>\n<a href=\"\/pl\/the-message\/volume-1\/one-god\/gods-plan-save-everyone\">God\u2019s Plan Is to Save Everyone<\/a><br \/>\n<a href=\"\/pl\/the-message\/volume-1\/one-god\/the-heart-of-god\">The Heart of God<\/a><br \/>\n<\/div><\/div><br \/>\n<\/div>\n<div class=\"one_third last\" ><\/p>\n<div class=\"message-book-div\"><a class=\"message-book-link-to-post\" title=\"The New Messenger book\" href=\"\/pl\/the-message\/volume-1\/new-messenger\" rel=\"bookmark\"> Nowy Pos\u0142aniec <\/a><\/div>\n<div class=\"toggle toggle-gray\"><h4 class=\"trigger \"><span class=\"t_ico\"><\/span><a href=\"#\">Spis tre\u015bci<\/a><\/h4><div class=\"toggle_container \"><br \/>\n<a href=\"\/pl\/the-message\/volume-1\/new-messenger\/the-will-of-heaven\">The Will of Heaven<\/a><br \/>\n<a href=\"\/pl\/the-message\/volume-1\/new-messenger\/origin-messenger\">The Origin of The Messenger<\/a><br \/>\n<a href=\"\/pl\/the-message\/volume-1\/new-messenger\/lineage-messenger\">The Lineage of The Messenger<\/a><br \/>\n<a href=\"\/pl\/the-message\/volume-1\/new-messenger\/the-story-of-the-messenger\">The Story of The Messenger<\/a><br \/>\n<a href=\"\/pl\/the-message\/volume-1\/new-messenger\/the-requirements-of-the-messenger\">The Requirements of the Messenger<\/a><br \/>\n<a href=\"\/pl\/the-message\/volume-1\/new-messenger\/the-veil-of-the-messenger\">The Veil of the Messenger<\/a><br \/>\n<a href=\"\/pl\/the-message\/volume-1\/new-messenger\/understanding-the-new-messenger\">Understanding the New Messenger<\/a><br \/>\n<a href=\"\/pl\/the-message\/volume-1\/new-messenger\/facing-light-revelation\">Facing the Light of Revelation<\/a><br \/>\n<a href=\"\/pl\/the-message\/volume-1\/new-messenger\/the-journey-of-the-messenger\">The Journey of the Messenger<\/a><br \/>\n<a href=\"\/pl\/the-message\/volume-1\/new-messenger\/the-prophet\">The Prophet<\/a><br \/>\n<a href=\"\/pl\/the-message\/volume-1\/new-messenger\/the-consequence-of-revelation\">The Consequence of Revelation<\/a><br \/>\n<a href=\"\/pl\/the-message\/volume-1\/new-messenger\/the-messengers-calling\">The Messenger&#8217;s Calling<\/a><br \/>\n<a href=\"\/pl\/the-message\/volume-1\/new-messenger\/walking-with-the-messenger\">Walking with the Messenger<\/a><br \/>\n<\/div><\/div><br \/>\n<\/div>\n<div class=\"clearfix\"><\/div>\n<div class=\"one_third \" ><\/p>\n<div class=\"message-book-div\"><a class=\"message-book-link-to-post\" title=\"The Greater Community\" href=\"\/pl\/the-message\/volume-1\/greater-community\" rel=\"bookmark\"> Wi\u0119ksza Spo\u0142eczno\u015b\u0107 <\/a><\/div>\n<div class=\"toggle toggle-gray\"><h4 class=\"trigger \"><span class=\"t_ico\"><\/span><a href=\"#\">Spis tre\u015bci<\/a><\/h4><div class=\"toggle_container \"><\/p>\n<p><a href=\"\/pl\/the-message\/volume-1\/greater-community\/humanitys-emergence-into-the-greater-community\">Humanity&#8217;s Emergence into the Greater Community<\/a><br \/>\n<a href=\"\/pl\/the-message\/volume-1\/greater-community\/intelligent-life-in-the-universe\">Contact with Intelligent Life in the Universe<\/a><br \/>\n<a href=\"\/pl\/the-message\/volume-1\/greater-community\/free-energy-alien-technologies\">Facing the Greater Community<\/a><br \/>\n<a href=\"\/pl\/the-message\/volume-1\/greater-community\/human-unity\">Entering the Greater Community<\/a><br \/>\n<a href=\"\/pl\/the-message\/volume-1\/greater-community\/who-are-the-allies-of-humanity\">Who Are the Allies of Humanity?<\/a><br \/>\n<a href=\"\/pl\/the-message\/volume-1\/greater-community\/enemies-human-family\">The Enemies of Humanity<\/a><br \/>\n<a href=\"\/pl\/the-message\/volume-1\/greater-community\/humanitys-destiny-in-the-greater-community\">Humanity&#8217;s Destiny in the Greater Community<\/a><br \/>\n<a href=\"\/pl\/the-message\/volume-1\/greater-community\/preparing-for-the-greater-community\">Preparing for the Greater Community<\/a><br \/>\n<a href=\"\/pl\/the-message\/volume-1\/greater-community\/protecting-the-world\">Protecting the World<\/a><br \/>\n<a href=\"\/pl\/the-message\/volume-1\/greater-community\/importance-greater-community\">The Importance of the Greater Community<\/a><br \/>\n<a href=\"\/pl\/the-message\/volume-1\/greater-community\/uncertain-future\">The New Revelation<\/a><\/p>\n<p><\/div><\/div>\n<p><\/div>\n<div class=\"one_third \" ><\/p>\n<div class=\"message-book-div\"><a class=\"message-book-link-to-post\" title=\"The Power of Knowledge\" href=\"\/pl\/the-message\/volume-1\/power-of-knowledge\" rel=\"bookmark\">Pot\u0119ga Wiedzy<\/a><\/div>\n<div class=\"toggle toggle-gray\"><h4 class=\"trigger \"><span class=\"t_ico\"><\/span><a href=\"#\">Spis tre\u015bci<\/a><\/h4><div class=\"toggle_container \"><br \/>\n<a href=\"\/pl\/the-message\/volume-1\/power-of-knowledge\/greater-power\">The Greater Power within You<\/a><br \/>\n<a href=\"\/pl\/the-message\/volume-1\/power-of-knowledge\/power-of-knowledge-other\">The Power of Knowledge<\/a><br \/>\n<a href=\"\/pl\/the-message\/volume-1\/power-of-knowledge\/souls-journey-through-life\">The Soul&#8217;s Journey on Earth<\/a><br \/>\n<a href=\"\/pl\/the-message\/volume-1\/power-of-knowledge\/living-separation-alone-afraid\">Living in Separation<\/a><br \/>\n<a href=\"\/pl\/the-message\/volume-1\/power-of-knowledge\/the-crisis\">The Crisis<\/a><br \/>\n<a href=\"\/pl\/the-message\/volume-1\/power-of-knowledge\/experiencing-presence-god\">The Presence<\/a><br \/>\n<a href=\"\/pl\/the-message\/volume-1\/power-of-knowledge\/the-reconciliation\">The Reconciliation<\/a><br \/>\n<a href=\"\/pl\/the-message\/volume-1\/power-of-knowledge\/you-are-not-your-mind\">Who You Are Is Not Your Mind<\/a><br \/>\n<a href=\"\/pl\/the-message\/volume-1\/power-of-knowledge\/ideas-beliefs-god\">Knowledge and the Limits of Belief<\/a><br \/>\n<a href=\"\/pl\/the-message\/volume-1\/power-of-knowledge\/the-greater-intelligence\">The Greater Intelligence<\/a><br \/>\n<a href=\"\/pl\/the-message\/volume-1\/power-of-knowledge\/bridge-two-minds\">The Bridge<\/a><br \/>\n<a href=\"\/pl\/the-message\/volume-1\/power-of-knowledge\/following-presence-god\">Following the Presence<\/a><br \/>\n<a href=\"\/pl\/the-message\/volume-1\/power-of-knowledge\/the-spiritual-fire\">The Spiritual Fire<\/a><br \/>\n<a href=\"\/pl\/the-message\/volume-1\/power-of-knowledge\/remembrance-eternal-life\">The Remembrance<\/a><\/p>\n<p><\/div><\/div><br \/>\n<\/div>\n<div class=\"one_third last\" ><\/p>\n<div class=\"message-book-div\"><a class=\"message-book-link-to-post\" title=\"The Journey to a New Life\" href=\"\/pl\/the-message\/volume-1\/journey-new-life\" rel=\"bookmark\"> Podr\u00f3\u017c do Nowego \u017bycia <\/a><\/div>\n<div class=\"toggle toggle-gray\"><h4 class=\"trigger \"><span class=\"t_ico\"><\/span><a href=\"#\">Spis tre\u015bci<\/a><\/h4><div class=\"toggle_container \"><\/p>\n<p>Rozdzia\u0142 1: Przebudzenie<\/p>\n<p>Rozdzia\u0142 2: Podr\u00f3\u017c do wolno\u015bci<\/p>\n<p>Rozdzia\u0142 3: Wi\u0119zienie<\/p>\n<p>Rozdzia\u0142 4: Rewolucja<\/p>\n<p>Rozdzia\u0142 5: Punkt zwrotny<\/p>\n<p>Rozdzia\u0142 6: Dar nowego \u017cycia<\/p>\n<p>Rozdzia\u0142 7: Podr\u00f3\u017c do nowego \u017cycia<\/p>\n<p>Rozdzia\u0142 8: Tw\u00f3j cel i przeznaczenie<\/p>\n<p>Rozdzia\u0142 9: Budowanie mostu do nowego \u017cycia<\/p>\n<p>Rozdzia\u0142 10: Odwaga i wola do przygotowania si\u0119<\/p>\n<p>Rozdzia\u0142 11: Budowanie si\u0142y i wytrzyma\u0142o\u015bci<\/p>\n<p>Rozdzia\u0142 12: Przygotowanie si\u0119 do podj\u0119cia wi\u0119kszej roli w \u015bwiecie<\/p>\n<p>Rozdzia\u0142 13: Wielka prawda<\/p>\n<p>Rozdzia\u0142 14: Jeste\u015b tutaj dla Wi\u0119kszego Celu<\/p>\n<p><\/div><\/div><br \/>\n<\/div>\n<div class=\"clearfix\"><\/div>\n<div class=\"one_third \" ><\/p>\n<div class=\"message-book-div\"><a class=\"message-book-link-to-post\" title=\"The New World\" href=\"\/pl\/the-message\/volume-1\/new-world\" rel=\"bookmark\"> Nowy \u015awiat <\/a><\/div>\n<div class=\"toggle toggle-gray\"><h4 class=\"trigger \"><span class=\"t_ico\"><\/span><a href=\"#\">Spis tre\u015bci<\/a><\/h4><div class=\"toggle_container \"><br \/>\n<span class=\"text-align-center font-size-13 text-color-gray-9\">(<em>The New World<\/em> book is forthcoming. Prior to release, several chapters are being made available to the world.)<\/span><br \/>\n<a href=\"\/pl\/the-message\/volume-1\/new-world\/new-world\">Entering the New World<\/a><br \/>\n<a href=\"\/pl\/the-message\/volume-1\/new-world\/the-great-warning\">The Great Warning<\/a><br \/>\n<a href=\"\/pl\/the-message\/volume-1\/new-world\/the-global-emergency\">The Global Emergency<\/a><br \/>\n<a href=\"\/pl\/the-message\/volume-1\/new-world\/the-race-to-save-human-civilization\">The Race To Save Human Civilization<\/a><br \/>\n<a href=\"\/pl\/the-message\/volume-1\/new-world\/planetary-instability\">Facing Planetary Instability<\/a><br \/>\n<a href=\"\/pl\/the-message\/volume-1\/new-world\/the-fate-of-nations\">The Fate of Nations<\/a><br \/>\n<a href=\"\/pl\/the-message\/volume-1\/new-world\/the-shock-of-the-future\">The Shock of The Future<\/a><br \/>\n<\/div><\/div>\n<p class=\"message-book-link-to-post\" title=\"Czysta Religia\"><\/div>\n<div class=\"one_third \" ><\/p>\n<div class=\"message-book-div\"><a class=\"message-book-link-to-post\" title=\"The Pure Religion\" href=\"https:\/\/www.newmessage.org\/pl\/the-message\/volume-1\/pure-religion\" rel=\"bookmark\"> Czysta Religia <\/a><\/div>\n<div class=\"toggle toggle-gray\"><h4 class=\"trigger \"><span class=\"t_ico\"><\/span><a href=\"#\">Spis tre\u015bci<\/a><\/h4><div class=\"toggle_container \"><br \/>\n<a href=\"\/the-message\/volume-1\/pure-religion\/the-pure-religion-intro\">Wprowadzenie<\/a><br \/>\nRozdzia\u0142 1: <a href=\"https:\/\/www.newmessage.org\/pl\/the-message\/volume-1\/pure-religion\/the-pure-religion\">Czysta Religia<\/a><br \/>\nChapter 2: <a href=\"\/the-message\/volume-1\/pure-religion\/the-great-faith\">The Great Faith<\/a><br \/>\nChapter 3: <a href=\"\/the-message\/volume-1\/pure-religion\/the-sacred\">The Sacred<\/a><br \/>\nChapter 4: <a href=\"\/the-message\/volume-1\/pure-religion\/gods-ancient-covenant-with-humanity\">God&#8217;s Ancient Covenant with Humanity<\/a><br \/>\nChapter 5: <a href=\"\/the-message\/volume-1\/pure-religion\/the-purpose-of-religion\">The Purpose of Religion<\/a><br \/>\nChapter 6: <a href=\"\/the-message\/volume-1\/pure-religion\/gods-new-message-for-the-worlds-religions\">God&#8217;s New Message for the World&#8217;s Religions<\/a><br \/>\nChapter 7: <a href=\"\/the-message\/volume-1\/pure-religion\/religious-fundamentalism\">Religious Fundamentalism<\/a><br \/>\nChapter 8: <a href=\"\/the-message\/volume-1\/pure-religion\/religious-violence\">Religious Violence<\/a><br \/>\nChapter 9: <a href=\"\/the-message\/volume-1\/pure-religion\/heaven-and-hell\">Heaven and Hell<\/a><br \/>\nChapter 10: <a href=\"\/the-message\/volume-1\/pure-religion\/problem-sin-power-redemption\">Sin, Error and Redemption<\/a><br \/>\nChapter 11: <a href=\"\/the-message\/volume-1\/pure-religion\/the-miracle\">The Miracle<\/a><br \/>\nChapter 12: <a href=\"\/the-message\/volume-1\/pure-religion\/spiritual-families\">The Spiritual Families and the Plan of God<\/a><br \/>\nChapter 13: <a href=\"\/the-message\/volume-1\/pure-religion\/the-redeemer\">The Redeemer<\/a><\/p>\n<p><\/div><\/div><br \/>\n<\/div>\n<div class=\"one_third last\" ><\/p>\n<div class=\"message-book-div more\"><a class=\"message-book-link-to-post\" title=\"Wi\u0119cej w przygotowaniu\u2026\" href=\"\/pl\/the-message\/the-revelation-continues-to-this-day\" rel=\"bookmark\">Wi\u0119cej w przygotowaniu\u2026<\/a><\/div>\n<p><\/div>\n<\/div>\n","protected":false},"excerpt":{"rendered":"<p>About Volume 1 Volume One of the New Message from God contains God\u2019s essential Revelation for the world at this time. Here begins a new communication from the heart of God to the world of humanity. In the seven books of Volume One, God proclaims God\u2019s New Revelation for the world and the great need\u2026 <a class=\"read-more\" href=\"https:\/\/www.v6.newmessage.org\/pl\/the-message\/volume-1\/\"><span>Read More<\/span><\/a><\/p>\n","protected":false},"author":1,"featured_media":0,"parent":26942,"menu_order":15,"comment_status":"closed","ping_status":"closed","template":"template-leftsidebar.php","meta":{"_monsterinsights_skip_tracking":false,"_monsterinsights_sitenote_active":false,"_monsterinsights_sitenote_note":"","_monsterinsights_sitenote_category":0,"footnotes":""},"categories":[460],"tags":[599],"_links":{"self":[{"href":"https:\/\/www.v6.newmessage.org\/pl\/wp-json\/wp\/v2\/pages\/16287"}],"collection":[{"href":"https:\/\/www.v6.newmessage.org\/pl\/wp-json\/wp\/v2\/pages"}],"about":[{"href":"https:\/\/www.v6.newmessage.org\/pl\/wp-json\/wp\/v2\/types\/page"}],"author":[{"embeddable":true,"href":"https:\/\/www.v6.newmessage.org\/pl\/wp-json\/wp\/v2\/users\/1"}],"replies":[{"embeddable":true,"href":"https:\/\/www.v6.newmessage.org\/pl\/wp-json\/wp\/v2\/comments?post=16287"}],"version-history":[{"count":63,"href":"https:\/\/www.v6.newmessage.org\/pl\/wp-json\/wp\/v2\/pages\/16287\/revisions"}],"predecessor-version":[{"id":27755,"href":"https:\/\/www.v6.newmessage.org\/pl\/wp-json\/wp\/v2\/pages\/16287\/revisions\/27755"}],"up":[{"embeddable":true,"href":"https:\/\/www.v6.newmessage.org\/pl\/wp-json\/wp\/v2\/pages\/26942"}],"wp:attachment":[{"href":"https:\/\/www.v6.newmessage.org\/pl\/wp-json\/wp\/v2\/media?parent=16287"}],"wp:term":[{"taxonomy":"category","embeddable":true,"href":"https:\/\/www.v6.newmessage.org\/pl\/wp-json\/wp\/v2\/categories?post=16287"},{"taxonomy":"post_tag","embeddable":true,"href":"https:\/\/www.v6.newmessage.org\/pl\/wp-json\/wp\/v2\/tags?post=16287"}],"curies":[{"name":"wp","href":"https:\/\/api.w.org\/{rel}","templated":true}]}}