{"id":13223,"date":"2014-07-25T17:41:39","date_gmt":"2014-07-25T17:41:39","guid":{"rendered":"http:\/\/www.newmessage.org\/?page_id=13223"},"modified":"2020-08-12T05:56:47","modified_gmt":"2020-08-12T05:56:47","slug":"wisdom-greater-community-volume-ii","status":"publish","type":"page","link":"https:\/\/www.v6.newmessage.org\/pl\/the-message\/volume-6\/wisdom-greater-community-volume-ii\/","title":{"rendered":"M\u0105dro\u015b\u0107 z Wi\u0119kszej Spo\u0142eczno\u015bci Ksi\u0119ga 2"},"content":{"rendered":"<div id=\"attachment_19364\" style=\"width: 221px\" class=\"wp-caption alignright\"><a href=\"\/\/www.newmessage.org\/wp-content\/uploads\/2015\/07\/volume5_book2.jpg\"><img loading=\"lazy\" decoding=\"async\" aria-describedby=\"caption-attachment-19364\" class=\" size-medium\" src=\"\/\/www.newmessage.org\/wp-content\/uploads\/2015\/07\/volume5_book2-211x300.jpg\" alt=\"\" width=\"211\" height=\"300\" \/><\/a><p id=\"caption-attachment-19364\" class=\"wp-caption-text\"><\/p>\n<p><\/p><\/div>\n<p><i><span style=\"font-weight: 400;\">M\u0105dro\u015b\u0107 z Wi\u0119kszej Spo\u0142eczno\u015bci Ksi\u0119ga Druga <\/span><\/i><span style=\"font-weight: 400;\">koncentruje si\u0119 na potrzebach \u015bwiata w okresie przej\u015bciowym jako wi\u0119kszy kontekst na odnalezienie twojego wy\u017cszego celu w \u017cyciu i rozwi\u0105zaniu osobistych dylemat\u00f3w. M\u00f3wi ona o wi\u0119kszej arenie inteligentnego \u017cycia zwanego Wi\u0119ksz\u0105 Spo\u0142eczno\u015bci\u0105 (Czym jest Wi\u0119ksza Spo\u0142eczno\u015b\u0107?)<\/span> <span style=\"font-weight: 400;\">oraz dostarcza wgl\u0105d i perspektyw\u0119 niezb\u0119dne do przygotowania si\u0119 na przysz\u0142o\u015b\u0107, kt\u00f3ra b\u0119dzie niepodobna do niczego, co kiedykolwiek znali\u015bmy.\u00a0<\/span><\/p>\n<p class=\"style=\">\n<p><span style=\"font-weight: 400;\">W Nauczaniu Nowego Pos\u0142ania na tematy od \u201cZdolno\u015bci Rozr\u00f3\u017cniania\u201d i \u201cReali\u00f3w Wi\u0119kszej Spo\u0142eczno\u015bci\u201d do \u201cOdwagi\u201d i \u201cReligii jako Tajemnicy\u201d <\/span><i><span style=\"font-weight: 400;\">M\u0105dro\u015b\u0107 Druga <\/span><\/i><span style=\"font-weight: 400;\">otwiera drog\u0119 do prowadzenia wi\u0119kszego \u017cycia na \u015bwiecie. Obie ksi\u0119gi <\/span><i><span style=\"font-weight: 400;\">M\u0105dro\u015bci z Wi\u0119kszej Spo\u0142eczno\u015bci <\/span><\/i><span style=\"font-weight: 400;\">s\u0105 pot\u0119\u017cnym uzupe\u0142nieniem w podr\u00f3\u017cy po <\/span><a href=\"https:\/\/www.newmessage.org\/pl\/the-message\/volume-3\/steps-knowledge\/\"><i><span style=\"font-weight: 400;\">Krokach do Wiedzy<\/span><\/i><\/a><span style=\"font-weight: 400;\">.\u00a0<\/span><\/p>\n<p class=\"style=\">\n<p><span style=\"font-weight: 400;\">Przedstawiana jest tutaj seria naucza\u0144 o Drodze Wiedzy Wi\u0119kszej Spo\u0142eczno\u015bci, kt\u00f3ra jest wewn\u0119trzn\u0105 \u015bcie\u017ck\u0105 duchowego przygotowania zawartego w Nowym Pos\u0142aniu od Boga. Jest to uniwersalne duchowe przygotowanie, kt\u00f3re po raz pierwszy zosta\u0142o przedstawione \u015bwiatu.\u00a0<\/span><\/p>\n<p class=\"style=\">\n<i><span style=\"font-weight: 400;\">M\u0105dro\u015b\u0107 z Wi\u0119kszej Spo\u0142eczno\u015bci Ksi\u0119ga Druga <\/span><\/i><span style=\"font-weight: 400;\">to druga ksi\u0119ga <\/span><a href=\"https:\/\/www.newmessage.org\/pl\/the-message\/volume-6\/\"><span style=\"font-weight: 400;\">Tomu 6<\/span><\/a><span style=\"font-weight: 400;\"> Nowego Pos\u0142ania od Boga. <\/span><\/p>\n<div class=\"toggle toggle-white\"><h4 class=\"trigger \"><span class=\"t_ico\"><\/span><a href=\"#\">Dowiedz si\u0119 wi\u0119cej o Nowym Pos\u0142aniu Boga<\/a><\/h4><div class=\"toggle_container \"><br \/>\n<div data-post-id='24520' class='insert-page insert-page-24520 '><\/div><br \/>\n<\/div><\/div>\n<div class=\"background-color-bridesmaid padding-20\">\n<h2 style=\"text-align: left;\"><span style=\"color: #525252;\">Spis tre\u015bci<\/span><\/h2>\n<p>Chapter 1:\u00a0<a title=\"Wisdom from the Greater Community volume 2\" href=\"\/the-message\/volume-5\/wisdom-greater-community-volume-2\/ambition-personal-true-way\" target=\"_self\" rel=\"noopener noreferrer\">Ambition<\/a><\/p>\n<p>Chapter 2: <a title=\"Wisdom from the Greater Community volume 2\" href=\"\/the-message\/volume-5\/wisdom-greater-community-volume-2\/possessions\" target=\"_self\" rel=\"noopener noreferrer\">Possessions<\/a><\/p>\n<p>Chapter 3: Pleasure<\/p>\n<p>Chapter 4: Serving Others<\/p>\n<p>Chapter 5: <a href=\"\/the-message\/volume-5\/wisdom-greater-community-volume-2\/working-with-the-mind\">Working with the Mind<\/a><\/p>\n<p>Chapter 6: <a title=\"Wisdom from the Greater Community volume 2\" href=\"\/the-message\/volume-5\/wisdom-greater-community-volume-2\/what-is-discernment\" target=\"_self\" rel=\"noopener noreferrer\">Discernment<\/a><\/p>\n<p>Chapter 7: <a title=\"Wisdom from the Greater Community volume 2\" href=\"\/the-message\/volume-5\/wisdom-greater-community-volume-2\/what-does-discretion-mean\" target=\"_self\" rel=\"noopener noreferrer\">Discretion<\/a><\/p>\n<p>Chapter 8: <a title=\"Wisdom from the Greater Community volume 2\" href=\"\/the-message\/volume-5\/wisdom-greater-community-volume-2\/solving-problems\" target=\"_self\" rel=\"noopener noreferrer\">Solving Problems<\/a><\/p>\n<p>Chapter 9: <a title=\"Wisdom from the Greater Community volume 2\" href=\"\/the-message\/volume-5\/wisdom-greater-community-volume-2\/honesty-present-mind\" target=\"_self\" rel=\"noopener noreferrer\">Honesty<\/a><\/p>\n<p>Chapter 10: Greater Community Visitations<\/p>\n<p>Chapter 11: <a title=\"Wisdom from The Greater Community Volume 2\" href=\"\/the-message\/volume-5\/wisdom-greater-community-volume-2\/spiritual-practice-find-purpose\" target=\"_self\" rel=\"noopener noreferrer\">Spiritual Practice<\/a><\/p>\n<p>Chapter 12: <a title=\"Wisdom from the Greater Community volume 2\" href=\"\/the-message\/volume-5\/wisdom-greater-community-volume-2\/self-expression-the-mental-environment\" target=\"_self\" rel=\"noopener noreferrer\">Self-Expression &amp; the mental Environment<\/a><\/p>\n<p>Chapter 13: <a title=\"Wisdom from the Greater Community volume 2\" href=\"\/the-message\/volume-5\/wisdom-greater-community-volume-2\/religion-as-mystery\" target=\"_self\" rel=\"noopener noreferrer\">Religion as Mystery<\/a><\/p>\n<p>Chapter 14: Intelligence<\/p>\n<p>Chapter 15: Responding to the Greater Community<\/p>\n<p>Chapter 16: <a href=\"\/the-message\/volume-5\/wisdom-greater-community-volume-2\/three-stages-development\">Thresholds<\/a><\/p>\n<p>Chapter 17: Visitors\u2019 Perception of Humanity<\/p>\n<p>Chapter 18: <a title=\"Wisdom from the Greater Community volume 2\" href=\"\/the-message\/volume-5\/wisdom-greater-community-volume-2\/compassion-means\" target=\"_self\" rel=\"noopener noreferrer\">Compassion<\/a><\/p>\n<p>Chapter 19: Courage<\/p>\n<p>Chapter 20: <a title=\"Learning from Others\" href=\"\/the-message\/volume-5\/wisdom-greater-community-volume-2\/learn-others-want-learn\">Learning from Others<\/a><\/p>\n<p>Chapter 21: <a title=\"Wisdom from the Greater Community volume 2\" href=\"\/the-message\/volume-5\/wisdom-greater-community-volume-2\/spiritual-family\">Devotion &amp; Commitment<\/a><\/p>\n<p>Chapter 22: <a title=\"Money\" href=\"\/the-message\/volume-5\/wisdom-greater-community-volume-2\/money-resource-relationship\">Money<\/a><\/p>\n<p>Chapter 23: Becoming Wise<\/p>\n<p>Chapter 24: Work<\/p>\n<p>Chapter 25: Environments<\/p>\n<p>Chapter 26: Conflict<\/p>\n<p>Chapter 27: Self-Doubt<\/p>\n<p>Chapter 28: Greater Community Realities<\/p>\n<p>Chapter 29: Inspiration<\/p>\n<p>Chapter 30: <a href=\"\/the-message\/volume-5\/wisdom-greater-community-volume-2\/kindness-is-acceptance-understanding\">Kindness<\/a><\/p>\n<p>Chapter 31: Concentration<\/p>\n<p>Chapter 32: Pride<\/p>\n<p>Chapter 33: Perseverance<\/p>\n<p>Chapter 34: Walking The Way of Knowledge<\/p>\n<\/div>\n","protected":false},"excerpt":{"rendered":"<p>M\u0105dro\u015b\u0107 z Wi\u0119kszej Spo\u0142eczno\u015bci Ksi\u0119ga Druga koncentruje si\u0119 na potrzebach \u015bwiata w okresie przej\u015bciowym jako wi\u0119kszy kontekst na odnalezienie twojego wy\u017cszego celu w \u017cyciu i rozwi\u0105zaniu osobistych dylemat\u00f3w. M\u00f3wi ona o wi\u0119kszej arenie inteligentnego \u017cycia zwanego Wi\u0119ksz\u0105 Spo\u0142eczno\u015bci\u0105 (Czym jest Wi\u0119ksza Spo\u0142eczno\u015b\u0107?) oraz dostarcza wgl\u0105d i perspektyw\u0119 niezb\u0119dne do przygotowania si\u0119 na przysz\u0142o\u015b\u0107, kt\u00f3ra b\u0119dzie\u2026 <a class=\"read-more\" href=\"https:\/\/www.v6.newmessage.org\/pl\/the-message\/volume-6\/wisdom-greater-community-volume-ii\/\"><span>Read More<\/span><\/a><\/p>\n","protected":false},"author":1,"featured_media":0,"parent":16323,"menu_order":1,"comment_status":"closed","ping_status":"closed","template":"template-leftsidebar.php","meta":{"_monsterinsights_skip_tracking":false,"_monsterinsights_sitenote_active":false,"_monsterinsights_sitenote_note":"","_monsterinsights_sitenote_category":0,"footnotes":""},"categories":[499,484],"tags":[836,781],"_links":{"self":[{"href":"https:\/\/www.v6.newmessage.org\/pl\/wp-json\/wp\/v2\/pages\/13223"}],"collection":[{"href":"https:\/\/www.v6.newmessage.org\/pl\/wp-json\/wp\/v2\/pages"}],"about":[{"href":"https:\/\/www.v6.newmessage.org\/pl\/wp-json\/wp\/v2\/types\/page"}],"author":[{"embeddable":true,"href":"https:\/\/www.v6.newmessage.org\/pl\/wp-json\/wp\/v2\/users\/1"}],"replies":[{"embeddable":true,"href":"https:\/\/www.v6.newmessage.org\/pl\/wp-json\/wp\/v2\/comments?post=13223"}],"version-history":[{"count":49,"href":"https:\/\/www.v6.newmessage.org\/pl\/wp-json\/wp\/v2\/pages\/13223\/revisions"}],"predecessor-version":[{"id":27802,"href":"https:\/\/www.v6.newmessage.org\/pl\/wp-json\/wp\/v2\/pages\/13223\/revisions\/27802"}],"up":[{"embeddable":true,"href":"https:\/\/www.v6.newmessage.org\/pl\/wp-json\/wp\/v2\/pages\/16323"}],"wp:attachment":[{"href":"https:\/\/www.v6.newmessage.org\/pl\/wp-json\/wp\/v2\/media?parent=13223"}],"wp:term":[{"taxonomy":"category","embeddable":true,"href":"https:\/\/www.v6.newmessage.org\/pl\/wp-json\/wp\/v2\/categories?post=13223"},{"taxonomy":"post_tag","embeddable":true,"href":"https:\/\/www.v6.newmessage.org\/pl\/wp-json\/wp\/v2\/tags?post=13223"}],"curies":[{"name":"wp","href":"https:\/\/api.w.org\/{rel}","templated":true}]}}