{"id":13099,"date":"2014-07-24T22:13:19","date_gmt":"2014-07-24T22:13:19","guid":{"rendered":"http:\/\/www.newmessage.org\/?page_id=13099"},"modified":"2020-08-12T05:29:28","modified_gmt":"2020-08-12T05:29:28","slug":"great-waves-change","status":"publish","type":"page","link":"https:\/\/www.v6.newmessage.org\/pl\/volume-5\/great-waves-change\/","title":{"rendered":"Wielkie Fale Przemian"},"content":{"rendered":"<div id=\"attachment_20957\" style=\"width: 244px\" class=\"wp-caption alignright\"><a href=\"\/\/www.newmessage.org\/wp-content\/uploads\/2014\/07\/GWC-cover.jpg\"><img loading=\"lazy\" decoding=\"async\" aria-describedby=\"caption-attachment-20957\" src=\"\/\/www.newmessage.org\/wp-content\/uploads\/2014\/07\/GWC-cover-200x300.jpg\" alt=\"Great Waves of Change book\" width=\"234\" height=\"344\" \/><\/a><p id=\"caption-attachment-20957\" class=\"wp-caption-text\"><\/p>\n<p><\/p><\/div>\n<p><i><span style=\"font-weight: 400;\">Wielkie Fale Przemian <\/span><\/i><span style=\"font-weight: 400;\">przedstawiaj\u0105 proroctwo odnosz\u0105ce si\u0119 do trudnych czas\u00f3w, kt\u00f3re nadejd\u0105, a tak\u017ce kroki, jakie mo\u017cesz podj\u0105\u0107, aby nawigowa\u0107 przez coraz bardziej niespokojn\u0105 i niepewn\u0105 przysz\u0142o\u015b\u0107.\u00a0<\/span><\/p>\n<p><span style=\"font-weight: 400;\">W obliczu takiej niepewno\u015bci <\/span><i><span style=\"font-weight: 400;\">Wielkie Fale Przemian <\/span><\/i><span style=\"font-weight: 400;\">przedstawiaj\u0105 now\u0105 rewolucyjn\u0105 drog\u0119 pozyskiwania pewno\u015bci oraz \u017cyciowego kierunku, unikalnego procesu, kt\u00f3ry mo\u017ce by\u0107 zastosowany przez ludzi wsz\u0119dzie. Poprzez zrozumienie Wielkich Fal i poprzez po\u0142\u0105czenie z Wiedz\u0105, dog\u0142\u0119bniejszy autorytet w sobie, mo\u017cesz odnale\u017a\u0107 si\u0142\u0119, odwag\u0119 i wewn\u0119trzn\u0105 pewno\u015b\u0107, aby przystosowa\u0107 si\u0119 i zosta\u0107 ofiarodawc\u0105, a nie ofiar\u0105 gwa\u0142townie zmieniaj\u0105cego si\u0119 \u015bwiata.\u00a0<\/span><\/p>\n<p><i><span style=\"font-weight: 400;\">Wielkie Fale <\/span><\/i><span style=\"font-weight: 400;\">to kluczowy zas\u00f3b, jaki jest potrzebny ka\u017cdej osobie, aby przygotowa\u0107 si\u0119 mentalnie, emocjonalnie i praktycznie na wielk\u0105 przemian\u0119, kt\u00f3ra nadchodzi. Je\u015bli wystarczaj\u0105ca liczba ludzi mo\u017ce podj\u0105\u0107 si\u0119 tego przygotowania, ludzko\u015b\u0107 b\u0119dzie mia\u0142a si\u0142\u0119, wsp\u00f3\u0142czucie i wytrzyma\u0142o\u015b\u0107, aby przej\u015b\u0107 przez ten trudny okres, kt\u00f3ry si\u0119 zbli\u017ca, wprost do rzeczywisto\u015bci Nowego \u015awiata.\u00a0<\/span><\/p>\n<p><i><span style=\"font-weight: 400;\">Wielkie Fale Przemian <\/span><\/i><span style=\"font-weight: 400;\">to pierwsza ksi\u0119ga <\/span><a href=\"https:\/\/www.newmessage.org\/pl\/volume-5\/\"><span style=\"font-weight: 400;\">Tomu 5<\/span><\/a><span style=\"font-weight: 400;\"> Nowego Pos\u0142ania od Boga.\u00a0 <\/span><\/p>\n<p style=\"text-align: left;\"><span style=\"color: #525252; line-height: 1.5;\"><div class=\"toggle toggle-white\"><h4 class=\"trigger \"><span class=\"t_ico\"><\/span><a href=\"#\">More about the volumes of the New Message from God<\/a><\/h4><div class=\"toggle_container \"><br \/>\n<div data-post-id='24520' class='insert-page insert-page-24520 '><\/div><br \/>\n<\/div><\/div>Table of Contents<\/span><\/p>\n<div class=\"background-color-bridesmaid padding-20\">\n<p><a href=\"\/the-message\/volume-4\/great-waves-change\/the-great-waves-of-change-introduction\">Introduction<\/a><\/p>\n<p>Chapter 1: <a href=\"\/the-message\/volume-4\/great-waves-change\/the-great-waves-of-change\">The Great Waves of Change<\/a><\/p>\n<p>Chapter 2: <a href=\"\/the-message\/volume-4\/great-waves-change\/the-great-waves-and-your-life\">The Great Waves and Your Life<\/a><\/p>\n<p>Chapter 3: <a href=\"\/the-message\/volume-4\/great-waves-change\/escaping-the-past\">Escaping the Past<\/a><\/p>\n<p>Chapter 4: <a href=\"\/the-message\/volume-4\/great-waves-change\/the-freedom-to-move-with-knowledge\">The Freedom to Move with Knowledge<\/a><\/p>\n<p>Chapter 5: <a href=\"\/the-message\/volume-4\/great-waves-change\/the-deep-evaluation\">The Deep Evaluation<\/a><\/p>\n<p>Chapter 6: <a href=\"\/the-message\/volume-4\/great-waves-change\/relationships-and-the-great-waves\">Relationships and the Great Waves<\/a><\/p>\n<p>Chapter 7: <a href=\"\/the-message\/volume-4\/great-waves-change\/preparing-your-family\">Preparing Your Family<\/a><\/p>\n<p>Chapter 8: <a href=\"\/the-message\/volume-4\/great-waves-change\/the-danger-of-isolation\">The Danger of Isolation<\/a><\/p>\n<p>Chapter 9:\u00a0<a href=\"\/the-message\/volume-4\/great-waves-change\/the-great-waves-prophecy\">The Great Waves Prophecy<\/a><\/p>\n<p>Chapter 10: <a href=\"\/the-message\/volume-4\/great-waves-change\/the-great-waves-and-the-hidden-reality-of-contact\">The Great Waves and the Hidden Reality of Contact<\/a><\/p>\n<p>Chapter 11: <a href=\"\/the-message\/volume-4\/great-waves-change\/where-will-you-place-your-faith\">Where Will You Place Your Faith?<\/a><\/p>\n<p>Chapter 12: <a href=\"\/the-message\/volume-4\/great-waves-change\/your-purpose-and-destiny-in-a-changing-world\">Your Purpose and Destiny in a Changing World<\/a><\/p>\n<p>Chapter 13: <a href=\"\/\/www.newmessage.org\/the-message\/volume-4\/great-waves-change\/a-new-message-of-hope\">A New Message of Hope<\/a><\/p>\n<p>Chapter 14:\u00a0<a href=\"\/the-message\/volume-4\/great-waves-change\/seeing-knowing-and-taking-action\">Seeing, Knowing and Taking Action<\/a><\/p>\n<\/div>\n","protected":false},"excerpt":{"rendered":"<p>Wielkie Fale Przemian przedstawiaj\u0105 proroctwo odnosz\u0105ce si\u0119 do trudnych czas\u00f3w, kt\u00f3re nadejd\u0105, a tak\u017ce kroki, jakie mo\u017cesz podj\u0105\u0107, aby nawigowa\u0107 przez coraz bardziej niespokojn\u0105 i niepewn\u0105 przysz\u0142o\u015b\u0107.\u00a0 W obliczu takiej niepewno\u015bci Wielkie Fale Przemian przedstawiaj\u0105 now\u0105 rewolucyjn\u0105 drog\u0119 pozyskiwania pewno\u015bci oraz \u017cyciowego kierunku, unikalnego procesu, kt\u00f3ry mo\u017ce by\u0107 zastosowany przez ludzi wsz\u0119dzie. Poprzez zrozumienie Wielkich\u2026 <a class=\"read-more\" href=\"https:\/\/www.v6.newmessage.org\/pl\/volume-5\/great-waves-change\/\"><span>Read More<\/span><\/a><\/p>\n","protected":false},"author":1,"featured_media":0,"parent":16320,"menu_order":0,"comment_status":"closed","ping_status":"closed","template":"template-leftsidebar.php","meta":{"_monsterinsights_skip_tracking":false,"_monsterinsights_sitenote_active":false,"_monsterinsights_sitenote_note":"","_monsterinsights_sitenote_category":0,"footnotes":""},"categories":[473,498],"tags":[572,834],"_links":{"self":[{"href":"https:\/\/www.v6.newmessage.org\/pl\/wp-json\/wp\/v2\/pages\/13099"}],"collection":[{"href":"https:\/\/www.v6.newmessage.org\/pl\/wp-json\/wp\/v2\/pages"}],"about":[{"href":"https:\/\/www.v6.newmessage.org\/pl\/wp-json\/wp\/v2\/types\/page"}],"author":[{"embeddable":true,"href":"https:\/\/www.v6.newmessage.org\/pl\/wp-json\/wp\/v2\/users\/1"}],"replies":[{"embeddable":true,"href":"https:\/\/www.v6.newmessage.org\/pl\/wp-json\/wp\/v2\/comments?post=13099"}],"version-history":[{"count":20,"href":"https:\/\/www.v6.newmessage.org\/pl\/wp-json\/wp\/v2\/pages\/13099\/revisions"}],"predecessor-version":[{"id":27797,"href":"https:\/\/www.v6.newmessage.org\/pl\/wp-json\/wp\/v2\/pages\/13099\/revisions\/27797"}],"up":[{"embeddable":true,"href":"https:\/\/www.v6.newmessage.org\/pl\/wp-json\/wp\/v2\/pages\/16320"}],"wp:attachment":[{"href":"https:\/\/www.v6.newmessage.org\/pl\/wp-json\/wp\/v2\/media?parent=13099"}],"wp:term":[{"taxonomy":"category","embeddable":true,"href":"https:\/\/www.v6.newmessage.org\/pl\/wp-json\/wp\/v2\/categories?post=13099"},{"taxonomy":"post_tag","embeddable":true,"href":"https:\/\/www.v6.newmessage.org\/pl\/wp-json\/wp\/v2\/tags?post=13099"}],"curies":[{"name":"wp","href":"https:\/\/api.w.org\/{rel}","templated":true}]}}