{"id":13087,"date":"2014-07-24T22:00:49","date_gmt":"2014-07-24T22:00:49","guid":{"rendered":"http:\/\/www.newmessage.org\/?page_id=13087"},"modified":"2020-08-11T06:16:00","modified_gmt":"2020-08-11T06:16:00","slug":"living-way-knowledge","status":"publish","type":"page","link":"https:\/\/www.v6.newmessage.org\/pl\/the-message\/volume-3\/living-way-knowledge\/","title":{"rendered":"\u017bycie zgodne z Drog\u0105 Wiedzy"},"content":{"rendered":"<p><img loading=\"lazy\" decoding=\"async\" class=\"alignright\" src=\"\/\/www.newmessage.org\/wp-content\/uploads\/2014\/07\/LTW-book-cover.jpg\" alt=\"Living The Way of Knowledge\" width=\"234\" height=\"360\" \/><\/p>\n<p><i><span style=\"font-weight: 400;\">\u017bycie zgodne z Drog\u0105 Wiedzy<\/span><\/i><span style=\"font-weight: 400;\"> to Nauczanie Nowego Pos\u0142ania dotycz\u0105ce tego, w jaki spos\u00f3b wnie\u015b\u0107 \u0142ask\u0119, przewodnictwo i pot\u0119g\u0119 Wiedzy do Czterech Filar\u00f3w twojego \u017cycia: Filaru Relacji, Filaru Dzia\u0142alno\u015bci, Filaru Zdrowia i Filaru Duchowego Rozwoju. Tak jak cztery nogi od sto\u0142u, Cztery Filary zapewniaj\u0105 stabiln\u0105 podstaw\u0119 do zbudowania wi\u0119kszego \u017cycia w niestabilnym i niepewnym \u015bwiecie.\u00a0<\/span><\/p>\n<p><i><span style=\"font-weight: 400;\">\u017bycie zgodne z Drog\u0105 Wiedzy <\/span><\/i><span style=\"font-weight: 400;\">przedstawia jedn\u0105 z wielkich praktyk w uczeniu si\u0119 i \u017cyciu Nowym Pos\u0142aniem od Boga. Poprzez budowanie Czterech Filar\u00f3w twojego \u017cycia, rozwijasz prawdziwy fundament oraz wi\u0119ksz\u0105 pewno\u015b\u0107, stabilno\u015b\u0107 i kierunek w twoim do\u015bwiadczeniu.\u00a0<\/span><\/p>\n<p><span style=\"font-weight: 400;\">Wielka m\u0105dro\u015b\u0107 zawarta w ksi\u0119dze <\/span><i><span style=\"font-weight: 400;\">\u017bycie zgodne z Drog\u0105 Wiedzy <\/span><\/i><span style=\"font-weight: 400;\">zapewni ci codzienny wgl\u0105d potrzebny, gdy przekraczasz przez wielkie progi w w\u0119dr\u00f3wce odkrywania i pod\u0105\u017cania za Wiedz\u0105.\u00a0<\/span><\/p>\n<p><i><span style=\"font-weight: 400;\">\u017bycie zgodne z Drog\u0105 Wiedzy <\/span><\/i><span style=\"font-weight: 400;\">to trzecia ksi\u0119ga <\/span><a href=\"https:\/\/www.newmessage.org\/pl\/the-message\/volume-3\/\"><span style=\"font-weight: 400;\">Tomu 3<\/span><\/a><span style=\"font-weight: 400;\"> Nowego Pos\u0142ania od Boga.<\/span><\/p>\n<div class=\"toggle toggle-white\"><h4 class=\"trigger \"><span class=\"t_ico\"><\/span><a href=\"#\">Dowiedz si\u0119 wi\u0119cej o Nowym Pos\u0142aniu Boga<\/a><\/h4><div class=\"toggle_container \"><br \/>\n<div data-post-id='24520' class='insert-page insert-page-24520 '><\/div><br \/>\n<\/div><\/div>\n<div class=\"background-color-bridesmaid padding-20\">\n<h2>Spis tre\u015bci<\/h2>\n<p>Chapter 1: <a href=\"\/the-message\/volume-3\/living-way-knowledge\/living-in-an-emerging-world\">Living in an Emerging World<\/a><\/p>\n<p>Chapter 2: <a href=\"\/the-message\/volume-3\/living-way-knowledge\/the-four-pillars-of-life\">The Four Pillars of Life<\/a><\/p>\n<p>Chapter 3: The Pillar of Relationship<\/p>\n<p>Chapter 4: The Pillar of Health<\/p>\n<p>Chapter 5: The Pillar of Work<\/p>\n<p>Chapter 6: The Pillar of Spiritual Development<\/p>\n<p>Chapter 7: <a href=\"\/the-message\/volume-3\/living-way-knowledge\/your-relationship-with-your-spiritual-family\">Your Relationship with Your Spiritual Family<\/a><\/p>\n<p>Chapter 8: <a href=\"\/the-message\/volume-3\/living-way-knowledge\/building-spiritual-community\">Building Spiritual Community<\/a><\/p>\n<p>Chapter 9: <a href=\"\/the-message\/volume-3\/living-way-knowledge\/sharing-the-way-of-knowledge-with-others\">Sharing The Way of Knowledge with Others<\/a><\/p>\n<p>Chapter 10: Being Present in the World<\/p>\n<p>Chapter 11: <a href=\"\/the-message\/volume-3\/living-way-knowledge\/preparing-for-the-future\">Preparing for the Future<\/a><\/p>\n<a class='simple_button_link ' style='background-color: #4f8fd6' href='http:\/\/newknowledgelibrary.org\/books\/living-the-way-of-knowledge-pre-pub-edition\/'   ><span>Order the print book<\/span><\/a>\n<\/div>\n","protected":false},"excerpt":{"rendered":"<p>\u017bycie zgodne z Drog\u0105 Wiedzy to Nauczanie Nowego Pos\u0142ania dotycz\u0105ce tego, w jaki spos\u00f3b wnie\u015b\u0107 \u0142ask\u0119, przewodnictwo i pot\u0119g\u0119 Wiedzy do Czterech Filar\u00f3w twojego \u017cycia: Filaru Relacji, Filaru Dzia\u0142alno\u015bci, Filaru Zdrowia i Filaru Duchowego Rozwoju. Tak jak cztery nogi od sto\u0142u, Cztery Filary zapewniaj\u0105 stabiln\u0105 podstaw\u0119 do zbudowania wi\u0119kszego \u017cycia w niestabilnym i niepewnym \u015bwiecie.\u00a0\u2026 <a class=\"read-more\" href=\"https:\/\/www.v6.newmessage.org\/pl\/the-message\/volume-3\/living-way-knowledge\/\"><span>Read More<\/span><\/a><\/p>\n","protected":false},"author":1,"featured_media":0,"parent":16314,"menu_order":2,"comment_status":"closed","ping_status":"closed","template":"template-leftsidebar.php","meta":{"_monsterinsights_skip_tracking":false,"_monsterinsights_sitenote_active":false,"_monsterinsights_sitenote_note":"","_monsterinsights_sitenote_category":0,"footnotes":""},"categories":[289,470],"tags":[569,832],"_links":{"self":[{"href":"https:\/\/www.v6.newmessage.org\/pl\/wp-json\/wp\/v2\/pages\/13087"}],"collection":[{"href":"https:\/\/www.v6.newmessage.org\/pl\/wp-json\/wp\/v2\/pages"}],"about":[{"href":"https:\/\/www.v6.newmessage.org\/pl\/wp-json\/wp\/v2\/types\/page"}],"author":[{"embeddable":true,"href":"https:\/\/www.v6.newmessage.org\/pl\/wp-json\/wp\/v2\/users\/1"}],"replies":[{"embeddable":true,"href":"https:\/\/www.v6.newmessage.org\/pl\/wp-json\/wp\/v2\/comments?post=13087"}],"version-history":[{"count":53,"href":"https:\/\/www.v6.newmessage.org\/pl\/wp-json\/wp\/v2\/pages\/13087\/revisions"}],"predecessor-version":[{"id":27792,"href":"https:\/\/www.v6.newmessage.org\/pl\/wp-json\/wp\/v2\/pages\/13087\/revisions\/27792"}],"up":[{"embeddable":true,"href":"https:\/\/www.v6.newmessage.org\/pl\/wp-json\/wp\/v2\/pages\/16314"}],"wp:attachment":[{"href":"https:\/\/www.v6.newmessage.org\/pl\/wp-json\/wp\/v2\/media?parent=13087"}],"wp:term":[{"taxonomy":"category","embeddable":true,"href":"https:\/\/www.v6.newmessage.org\/pl\/wp-json\/wp\/v2\/categories?post=13087"},{"taxonomy":"post_tag","embeddable":true,"href":"https:\/\/www.v6.newmessage.org\/pl\/wp-json\/wp\/v2\/tags?post=13087"}],"curies":[{"name":"wp","href":"https:\/\/api.w.org\/{rel}","templated":true}]}}