{"id":13081,"date":"2014-07-24T21:54:49","date_gmt":"2014-07-24T21:54:49","guid":{"rendered":"http:\/\/www.newmessage.org\/?page_id=13081"},"modified":"2020-08-11T06:22:53","modified_gmt":"2020-08-11T06:22:53","slug":"greater-community-spirituality","status":"publish","type":"page","link":"https:\/\/www.v6.newmessage.org\/pl\/the-message\/volume-2\/greater-community-spirituality\/","title":{"rendered":"Duchowo\u015b\u0107 Wi\u0119kszej Spo\u0142eczno\u015bci"},"content":{"rendered":"<p><img loading=\"lazy\" decoding=\"async\" class=\"alignright\" src=\"\/wp-content\/uploads\/2015\/07\/volum2_book1-200x300.jpg\" alt=\"\" width=\"234\" height=\"351\" \/><\/p>\n<p><i><span style=\"font-weight: 400;\">Duchowo\u015b\u0107 Wi\u0119kszej Spo\u0142eczno\u015bci <\/span><\/i><span style=\"font-weight: 400;\">przedstawia nowe rozumienie i wi\u0119ksze do\u015bwiadczenie Boga oraz ludzkiej duchowo\u015bci w obr\u0119bie wi\u0119kszej areny inteligentnego \u017cycia. Jest to duchowo\u015b\u0107, kt\u00f3ra przekracza wszelkie granice rasy, kultury, religii i j\u0119zyka, zapewniaj\u0105c podstaw\u0119 do rozpoznania i relacji pomi\u0119dzy ludami, narodami i \u015bwiatami.\u00a0<\/span><\/p>\n<p><i><span style=\"font-weight: 400;\">Duchowo\u015b\u0107 Wi\u0119kszej Spo\u0142eczno\u015bci <\/span><\/i><span style=\"font-weight: 400;\">prezentuje cz\u0119\u015b\u0107 teologii i kosmologii Nowego Pos\u0142ania od Boga. Otwiera ona drog\u0119 do wi\u0119kszego do\u015bwiadczenia Boga. Jest ona dla tych, kt\u00f3rzy nie odnale\u017ali swojego duchowego domu w tradycjach religijnych tego \u015bwiata i poszukuj\u0105 duchowego przygotowania oraz kierunku w tym czasie wielkiej przemiany i niepewno\u015bci w naszym \u015bwiecie.\u00a0<\/span><\/p>\n<p><i><span style=\"font-weight: 400;\">Duchowo\u015b\u0107 Wi\u0119kszej Spo\u0142eczno\u015bci <\/span><\/i><span style=\"font-weight: 400;\">zawiera 27 rozdzia\u0142\u00f3w, z kt\u00f3rych ka\u017cdy odpowiada na\u00a0 zasadnicze pytania odnosz\u0105ce si\u0119 do znaczenia \u017cycia, naszej relacji z Bogiem, a tak\u017ce naszego przeznaczenia w Wi\u0119kszej Spo\u0142eczno\u015bci \u017cycia we wszech\u015bwiecie. Prezentowana jest tutaj r\u00f3wnie\u017c rzeczywisto\u015b\u0107 Drogi Wiedzy Wi\u0119kszej Spo\u0142eczno\u015bci, kt\u00f3ra jest wewn\u0119trzn\u0105 \u015bcie\u017ck\u0105 duchowego przygotowania i rozwoju zawart\u0105 w Nowym Pos\u0142aniu od Boga. Jest to uniwersalne duchowe przygotowanie, kt\u00f3re po raz pierwszy zosta\u0142o przedstawione \u015bwiatu.\u00a0<\/span><\/p>\n<p><i><span style=\"font-weight: 400;\">Duchowo\u015b\u0107 Wi\u0119kszej Spo\u0142eczno\u015bci <\/span><\/i><span style=\"font-weight: 400;\">\u00a0to pierwsza ksi\u0119ga <\/span><a href=\"https:\/\/www.newmessage.org\/pl\/the-message\/volume-4\/\"><span style=\"font-weight: 400;\">Tomu 4<\/span><\/a><span style=\"font-weight: 400;\"> Nowego Pos\u0142ania od Boga. <\/span><\/p>\n<div class=\"toggle toggle-white\"><h4 class=\"trigger \"><span class=\"t_ico\"><\/span><a href=\"#\">Dowiedz si\u0119 wi\u0119cej o Nowym Pos\u0142aniu Boga<\/a><\/h4><div class=\"toggle_container \"><br \/>\n<div data-post-id='24520' class='insert-page insert-page-24520 '><\/div><br \/>\n<\/div><\/div>\n<div class=\"background-color-bridesmaid padding-20\">\n<h2 style=\"text-align: left;\"><span style=\"color: #525252;\">Spis tre\u015bci<\/span><\/h2>\n<p><a href=\"\/the-message\/volume-2\/greater-community-spirituality\/introduction-gcs\">Introduction<\/a><\/p>\n<p><span style=\"line-height: 1.5;\">Chapter 1: <\/span><a style=\"line-height: 1.5;\" href=\"\/the-message\/volume-2\/greater-community-spirituality\/what-is-god-3\">What is God?<\/a><\/p>\n<p>Chapter 2: <a href=\"\/the-message\/volume-2\/greater-community-spirituality\/what-is-the-world\">What is the World?<\/a><\/p>\n<p>Chapter 3: <a href=\"\/the-message\/volume-2\/greater-community-spirituality\/what-is-life-force\">What is Life Force?<\/a><\/p>\n<p>Chapter 4: <a href=\"\/the-message\/volume-2\/greater-community-spirituality\/what-is-knowledge\">What is Knowledge?<\/a><\/p>\n<p>Chapter 5: <a href=\"\/the-message\/volume-2\/greater-community-spirituality\/what-is-human-purpose\">What is Human Purpose?<\/a><\/p>\n<p>Chapter 6: <a href=\"\/the-message\/volume-2\/greater-community-spirituality\/what-is-the-greater-community\">What is the Greater Community?<\/a><\/p>\n<p>Chapter 7: <a href=\"\/the-message\/volume-2\/greater-community-spirituality\/how-is-wisdom-achieved-in-life\">How is Wisdom achieved in life?<\/a><\/p>\n<p>Chapter 8: <a href=\"\/the-message\/volume-2\/greater-community-spirituality\/who-is-wisdom-meant-for\">Who is Wisdom meant for?<\/a><\/p>\n<p>Chapter 9: <a href=\"\/the-message\/volume-2\/greater-community-spirituality\/false-expectations-of-god\">How does God participate in the world?<\/a><\/p>\n<p>Chapter 10: <a href=\"\/the-message\/volume-2\/greater-community-spirituality\/how-do-you-prepare\">How do you prepare?<\/a><\/p>\n<p>Chapter 11: <a href=\"\/the-message\/volume-2\/greater-community-spirituality\/what-is-your-preparation-for\">What is your preparation for?<\/a><\/p>\n<p>Chapter 12: <a href=\"\/the-message\/volume-2\/greater-community-spirituality\/whom-will-you-meet\">Whom will you meet?<\/a><\/p>\n<p>Chapter 13: <a href=\"\/the-message\/volume-2\/greater-community-spirituality\/what-must-be-unlearned\">What must be unlearned?<\/a><\/p>\n<p>Chapter 14: <a href=\"\/the-message\/volume-2\/greater-community-spirituality\/what-must-be-avoided\">What must be avoided?<\/a><\/p>\n<p>Chapter 15: <a href=\"\/the-message\/volume-2\/greater-community-spirituality\/who-serves-humanity\">Who serves humanity?<\/a><\/p>\n<p>Chapter 16: <a href=\"\/the-message\/volume-2\/greater-community-spirituality\/who-are-the-unseen-ones\">Who are the Unseen Ones?<\/a><\/p>\n<p>Chapter 17: <a href=\"\/the-message\/volume-2\/greater-community-spirituality\/how-does-revelation-occur-in-human-life\">How does revelation occur in human life?<\/a><\/p>\n<p>Chapter 18: <a href=\"\/the-message\/volume-2\/greater-community-spirituality\/what-is-human-destiny\">What is human destiny?<\/a><\/p>\n<p>Chapter 19: <a href=\"\/the-message\/volume-2\/greater-community-spirituality\/what-is-religion\">What is religion?<\/a><\/p>\n<p>Chapter 20: <a href=\"\/the-message\/volume-2\/greater-community-spirituality\/what-is-religious-education-and-who-is-it-for\">What is religious education and who is it for?<\/a><\/p>\n<p>Chapter 21: <a href=\"\/the-message\/volume-2\/greater-community-spirituality\/what-is-the-greater-community-way-of-knowledge\">What is The Greater Community Way of Knowledge?<\/a><\/p>\n<p>Chapter 22: <a href=\"\/the-message\/volume-2\/greater-community-spirituality\/where-can-knowledge-be-found\">Where can Knowledge be found?<\/a><\/p>\n<p>Chapter 23: <a href=\"\/the-message\/volume-2\/greater-community-spirituality\/how-is-knowledge-translated-in-the-greater-community\">How is Knowledge translated in the Greater Community?<\/a><\/p>\n<p>Chapter 24: <a href=\"\/the-message\/volume-2\/greater-community-spirituality\/what-is-steps-to-knowledge\">What is Steps to Knowledge?<\/a><\/p>\n<p>Chapter 25: <a href=\"\/the-message\/volume-2\/greater-community-spirituality\/what-is-grace\">What is grace?<\/a><\/p>\n<p>Chapter 26: <a href=\"\/the-message\/volume-2\/greater-community-spirituality\/who-is-jesus\">Who is Jesus?<\/a><\/p>\n<p>Chapter 27: <a href=\"\/the-message\/volume-2\/greater-community-spirituality\/what-is-the-evolution-of-religion-in-the-world\">What is the evolution of religion in the world?<\/a><\/p>\n<h4 class=\"text-color-gray-6\"><\/h4>\n<\/div>\n","protected":false},"excerpt":{"rendered":"<p>Duchowo\u015b\u0107 Wi\u0119kszej Spo\u0142eczno\u015bci przedstawia nowe rozumienie i wi\u0119ksze do\u015bwiadczenie Boga oraz ludzkiej duchowo\u015bci w obr\u0119bie wi\u0119kszej areny inteligentnego \u017cycia. Jest to duchowo\u015b\u0107, kt\u00f3ra przekracza wszelkie granice rasy, kultury, religii i j\u0119zyka, zapewniaj\u0105c podstaw\u0119 do rozpoznania i relacji pomi\u0119dzy ludami, narodami i \u015bwiatami.\u00a0 Duchowo\u015b\u0107 Wi\u0119kszej Spo\u0142eczno\u015bci prezentuje cz\u0119\u015b\u0107 teologii i kosmologii Nowego Pos\u0142ania od Boga. Otwiera\u2026 <a class=\"read-more\" href=\"https:\/\/www.v6.newmessage.org\/pl\/the-message\/volume-2\/greater-community-spirituality\/\"><span>Read More<\/span><\/a><\/p>\n","protected":false},"author":1,"featured_media":0,"parent":16312,"menu_order":0,"comment_status":"closed","ping_status":"closed","template":"template-leftsidebar.php","meta":{"_monsterinsights_skip_tracking":false,"_monsterinsights_sitenote_active":false,"_monsterinsights_sitenote_note":"","_monsterinsights_sitenote_category":0,"footnotes":""},"categories":[468,467],"tags":[826,174],"_links":{"self":[{"href":"https:\/\/www.v6.newmessage.org\/pl\/wp-json\/wp\/v2\/pages\/13081"}],"collection":[{"href":"https:\/\/www.v6.newmessage.org\/pl\/wp-json\/wp\/v2\/pages"}],"about":[{"href":"https:\/\/www.v6.newmessage.org\/pl\/wp-json\/wp\/v2\/types\/page"}],"author":[{"embeddable":true,"href":"https:\/\/www.v6.newmessage.org\/pl\/wp-json\/wp\/v2\/users\/1"}],"replies":[{"embeddable":true,"href":"https:\/\/www.v6.newmessage.org\/pl\/wp-json\/wp\/v2\/comments?post=13081"}],"version-history":[{"count":59,"href":"https:\/\/www.v6.newmessage.org\/pl\/wp-json\/wp\/v2\/pages\/13081\/revisions"}],"predecessor-version":[{"id":27793,"href":"https:\/\/www.v6.newmessage.org\/pl\/wp-json\/wp\/v2\/pages\/13081\/revisions\/27793"}],"up":[{"embeddable":true,"href":"https:\/\/www.v6.newmessage.org\/pl\/wp-json\/wp\/v2\/pages\/16312"}],"wp:attachment":[{"href":"https:\/\/www.v6.newmessage.org\/pl\/wp-json\/wp\/v2\/media?parent=13081"}],"wp:term":[{"taxonomy":"category","embeddable":true,"href":"https:\/\/www.v6.newmessage.org\/pl\/wp-json\/wp\/v2\/categories?post=13081"},{"taxonomy":"post_tag","embeddable":true,"href":"https:\/\/www.v6.newmessage.org\/pl\/wp-json\/wp\/v2\/tags?post=13081"}],"curies":[{"name":"wp","href":"https:\/\/api.w.org\/{rel}","templated":true}]}}