{"id":13075,"date":"2014-07-24T21:53:26","date_gmt":"2014-07-24T21:53:26","guid":{"rendered":"http:\/\/www.newmessage.org\/?page_id=13075"},"modified":"2020-08-12T06:42:05","modified_gmt":"2020-08-12T06:42:05","slug":"secrets-heaven","status":"publish","type":"page","link":"https:\/\/www.v6.newmessage.org\/pl\/the-message\/volume-7\/secrets-heaven\/","title":{"rendered":"Tajemnice Niebios"},"content":{"rendered":"<blockquote><p>Wkrocz w Tajemnic\u0119 Swojego \u017bycia&#8221;<\/p><\/blockquote>\n<p><span style=\"font-weight: 400\"><img loading=\"lazy\" decoding=\"async\" class=\"imgborder alignright wp-image-19365\" src=\"https:\/\/www.newmessage.org\/pl\/wp-content\/uploads\/sites\/73\/2020\/08\/SOH.jpg\" alt=\"\" width=\"400\" height=\"600\" \/><\/p>\n<p><span style=\"font-weight: 400;\">Z g\u0142\u0119bin Tajemnicy przyby\u0142y <\/span><i><span style=\"font-weight: 400;\">Tajemnice Niebios<\/span><\/i><span style=\"font-weight: 400;\">. Przyby\u0142y, aby zabra\u0107 ci\u0119 g\u0142\u0119biej, do do\u015bwiadczenia tajemnicy i celu, jaki otacza twoj\u0105 obecno\u015b\u0107 na \u015bwiecie.\u00a0<\/span><\/p>\n<p><span style=\"font-weight: 400;\">Tutaj Zgromadzenie Anielskie pragnie podzieli\u0107 si\u0119 z tob\u0105 tym, co zosta\u0142o dawno zapomniane na \u015bwiecie \u2013 tymi prawdami, kt\u00f3re kiedy\u015b prowadzi\u0142y prorok\u00f3w, poet\u00f3w, pos\u0142a\u0144c\u00f3w i mistyk\u00f3w na przestrzeni wiek\u00f3w.\u00a0<\/span><\/p>\n<p><span style=\"font-weight: 400;\">Tutaj pradawna pami\u0119\u0107 i \u015bwiadomo\u015b\u0107, kt\u00f3re przebywaj\u0105 w tobie mog\u0105 zosta\u0107 rozpalone na nowo, ujawniaj\u0105c twoje wi\u0119ksze dary i wy\u017cszy cel w \u017cyciu. <\/span><i><span style=\"font-weight: 400;\">Tajemnice Niebios <\/span><\/i><span style=\"font-weight: 400;\">przechowuj\u0105 moc, aby odblokowa\u0107 te dary, g\u0142\u0119boko w sercu ludzko\u015bci. Wraz z tymi darami jest teraz nowa nadzieja dla \u015bwiata.\u00a0<\/span><\/p>\n<p><span style=\"font-weight: 400;\">Niebo prosi ci\u0119, aby\u015b przyj\u0105\u0142 jego dary. Ka\u017cda tajemnica jest oknem do wi\u0119kszej rzeczywisto\u015bci. Ka\u017cda tajemnica jest sposobno\u015bci\u0105, aby spojrze\u0107 przez szyb\u0119 i samu zobaczy\u0107, jak jeste\u015bmy postrzegani z g\u00f3ry. Teraz spogl\u0105damy przez oczy Niebios, aby ujrze\u0107 siebie, innych oraz \u015bwiat jak nigdy dot\u0105d.\u00a0<\/span><\/p>\n<p><i><span style=\"font-weight: 400;\">Tajemnice Niebios <\/span><\/i><span style=\"font-weight: 400;\">to pierwsza ksi\u0119ga Tomu 7 Nowego Pos\u0142ania od Boga. <\/span><\/p>\n<div class=\"toggle toggle-white\"><h4 class=\"trigger \"><span class=\"t_ico\"><\/span><a href=\"#\">Dowiedz si\u0119 wi\u0119cej o Nowym Pos\u0142aniu Boga<\/a><\/h4><div class=\"toggle_container \"><br \/>\n<div data-post-id='24520' class='insert-page insert-page-24520 '><\/div><br \/>\n<\/div><\/div>\n<p style=\"text-align: left;\"><span style=\"color: #525252; line-height: 1.5;\">Spis tre\u015bci<\/span><\/p>\n<div class=\"background-color-bridesmaid padding-20\">\n<p><a title=\"Introduction\" href=\"\/the-message\/volume-6\/secrets-heaven\/introduction\">Introduction<\/a><\/p>\n<p>The Secrets of Heaven<\/p>\n<p><a href=\"\/\/www.newmessage.org\/the-message\/volume-1\/god-spoken-again\/the-engagement\">The Engagement<\/a><\/p>\n<p>About Marshall Vian Summers<\/p>\n<p>Deeper into the Mystery<\/p>\n<p>The Movement Grows<\/p>\n<p>&nbsp;<\/p>\n<\/div>\n<p class=\"paragraph_style_14\">\n","protected":false},"excerpt":{"rendered":"<p>Wkrocz w Tajemnic\u0119 Swojego \u017bycia&#8221; Z g\u0142\u0119bin Tajemnicy przyby\u0142y Tajemnice Niebios. Przyby\u0142y, aby zabra\u0107 ci\u0119 g\u0142\u0119biej, do do\u015bwiadczenia tajemnicy i celu, jaki otacza twoj\u0105 obecno\u015b\u0107 na \u015bwiecie.\u00a0 Tutaj Zgromadzenie Anielskie pragnie podzieli\u0107 si\u0119 z tob\u0105 tym, co zosta\u0142o dawno zapomniane na \u015bwiecie \u2013 tymi prawdami, kt\u00f3re kiedy\u015b prowadzi\u0142y prorok\u00f3w, poet\u00f3w, pos\u0142a\u0144c\u00f3w i mistyk\u00f3w na przestrzeni\u2026 <a class=\"read-more\" href=\"https:\/\/www.v6.newmessage.org\/pl\/the-message\/volume-7\/secrets-heaven\/\"><span>Read More<\/span><\/a><\/p>\n","protected":false},"author":1,"featured_media":0,"parent":27815,"menu_order":0,"comment_status":"closed","ping_status":"closed","template":"template-leftsidebar.php","meta":{"_monsterinsights_skip_tracking":false,"_monsterinsights_sitenote_active":false,"_monsterinsights_sitenote_note":"","_monsterinsights_sitenote_category":0,"footnotes":""},"categories":[499],"tags":[783],"_links":{"self":[{"href":"https:\/\/www.v6.newmessage.org\/pl\/wp-json\/wp\/v2\/pages\/13075"}],"collection":[{"href":"https:\/\/www.v6.newmessage.org\/pl\/wp-json\/wp\/v2\/pages"}],"about":[{"href":"https:\/\/www.v6.newmessage.org\/pl\/wp-json\/wp\/v2\/types\/page"}],"author":[{"embeddable":true,"href":"https:\/\/www.v6.newmessage.org\/pl\/wp-json\/wp\/v2\/users\/1"}],"replies":[{"embeddable":true,"href":"https:\/\/www.v6.newmessage.org\/pl\/wp-json\/wp\/v2\/comments?post=13075"}],"version-history":[{"count":76,"href":"https:\/\/www.v6.newmessage.org\/pl\/wp-json\/wp\/v2\/pages\/13075\/revisions"}],"predecessor-version":[{"id":27814,"href":"https:\/\/www.v6.newmessage.org\/pl\/wp-json\/wp\/v2\/pages\/13075\/revisions\/27814"}],"up":[{"embeddable":true,"href":"https:\/\/www.v6.newmessage.org\/pl\/wp-json\/wp\/v2\/pages\/27815"}],"wp:attachment":[{"href":"https:\/\/www.v6.newmessage.org\/pl\/wp-json\/wp\/v2\/media?parent=13075"}],"wp:term":[{"taxonomy":"category","embeddable":true,"href":"https:\/\/www.v6.newmessage.org\/pl\/wp-json\/wp\/v2\/categories?post=13075"},{"taxonomy":"post_tag","embeddable":true,"href":"https:\/\/www.v6.newmessage.org\/pl\/wp-json\/wp\/v2\/tags?post=13075"}],"curies":[{"name":"wp","href":"https:\/\/api.w.org\/{rel}","templated":true}]}}