{"id":12766,"date":"2014-07-19T02:33:59","date_gmt":"2014-07-19T02:33:59","guid":{"rendered":"http:\/\/www.newmessage.org\/?page_id=12766"},"modified":"2019-10-15T06:57:37","modified_gmt":"2019-10-15T06:57:37","slug":"who-is-marshallviansummers","status":"publish","type":"page","link":"https:\/\/www.v6.newmessage.org\/pl\/who-is-marshallviansummers\/","title":{"rendered":"O Pos\u0142a\u0144cu"},"content":{"rendered":"<div style=\"float: right;\">\n<p><img loading=\"lazy\" decoding=\"async\" class=\"imgborder\" src=\"\/wp-content\/uploads\/2015\/08\/DSC_0146-copy-300x200.jpg\" alt=\"Who is Marshall Vian Summers?\" width=\"300\" height=\"200\" \/><\/p>\n<div align=\"center\">Marshall Vian Summers<\/div>\n<\/div>\n<p>Pos\u0142aniec Marshall Vian Summers jest Pos\u0142a\u0144cem Nowego Pos\u0142ania od Boga. Od ponad trzech dekad jest on odbiorc\u0105 rozleg\u0142ego Nowego Objawienia, przekazanego po to, by przygotowa\u0107 ludzko\u015b\u0107 na ogromne zmiany gospodarcze, spo\u0142eczne i \u015brodowiskowe, kt\u00f3re zbli\u017caj\u0105 si\u0119 do \u015bwiata oraz na wkroczenie ludzko\u015bci we wszech\u015bwiat inteligentnego \u017cycia.<\/p>\n<p>Jesieni\u0105 roku 1981, w wieku 32 lat, Marshall Vian Summers dost\u0105pi\u0142 bezpo\u015bredniego spotkania ze <a href=\"https:\/\/www.newmessage.org\/pl\/the-message\/important-terms#aa\">Zgromadzeniem Anielskim<\/a>, kt\u00f3re czuwa nad \u015bwiatem. Spotkanie to na zawsze zmieni\u0142o bieg jego \u017cycia i zapocz\u0105tkowa\u0142o jego g\u0142\u0119bsz\u0105 relacj\u0119 ze Zgromadzeniem, wymagaj\u0105c od niego oddania swego \u017cycia Bogu. I tak rozpocz\u0105\u0142 si\u0119 d\u0142ugi, tajemniczy proces otrzymywania Nowego Pos\u0142ania Bo\u017cego dla ludzko\u015bci.<\/p>\n<p>Po tej tajemniczej inicjacji, w wieku 33 lat, spotka\u0142 si\u0119 po raz drugi ze <a href=\"https:\/\/www.newmessage.org\/pl\/the-message\/important-terms#aa\">Zgromadzeniem Anielskim<\/a>, podczas kt\u00f3rego otrzyma\u0142 polecenie otrzymywania i \u201ezapisywania\u201d ich Or\u0119dzia dla \u015bwiata.<\/p>\n<p>Przez dziesi\u0119ciolecia, kt\u00f3re min\u0119\u0142y od tamtego czasu, rozwin\u0119\u0142o si\u0119 ogromne Objawienie dla ludzko\u015bci, czasem powoli, a czasem w wartkich potokach. W ci\u0105gu tych wielu d\u0142ugich lat musia\u0142 dzia\u0142a\u0107 z pomoc\u0105 zaledwie kilku os\u00f3b, nie wiedz\u0105c co to rozrastaj\u0105ce si\u0119 Objawienie b\u0119dzie znaczy\u0142o, ani ostatecznie dok\u0105d zaprowadzi.<\/p>\n<p>Przez wi\u0119ksz\u0105 cz\u0119\u015b\u0107 roku Marshall przebywa w G\u00f3rach Skalistych Stan\u00f3w Zjednoczonych, gdzie mieszka we wzgl\u0119dnym odosobnieniu, otrzymuj\u0105c pomoc i asyst\u0119 od swojej rodziny i cz\u0142onk\u00f3w <a href=\"https:\/\/www.newmessage.org\/pl\/about-the-worldwide-community\/society\/\">Stowarzyszenia na rzecz Nowego Pos\u0142ania<\/a>. Tam kontynuuje swoj\u0105 misj\u0119 przyj\u0119cia, przygotowania i przedstawienia Nowego Pos\u0142ania od Boga \u015bwiatu.<\/p>\n<p>W rzadkich przypadkach Marshall jest kierowany przez \u0179r\u00f3d\u0142o Nowego Pos\u0142ania, aby podr\u00f3\u017cowa\u0107 do pewnych miejsc na \u015bwiecie (<a href=\"https:\/\/www.newmessage.org\/gods-messenger\/journeys-messenger\">Podr\u00f3\u017ce<\/a>) w celu otrzymania Bo\u017cego Objawienia na ten czas i miejsce oraz aby ujawni\u0107 g\u0142\u0119bsz\u0105 prawd\u0119 zawart\u0105 w Nowym Pos\u0142aniu Boga podczas specjalnych spotka\u0144 \u015awiatowej Spo\u0142eczno\u015bci (<a href=\"https:\/\/www.newmessage.org\/worldwide-community\/events\">Wydarzenia<\/a>).<\/p>\n<p>Pos\u0142aniec przeszed\u0142 d\u0142ug\u0105 i wyboist\u0105 drog\u0119 do otrzymywania i przedstawiania najwi\u0119kszego Objawienia kiedykolwiek przekazanego rodzinie ludzkiej. Do dzi\u015b <a href=\"https:\/\/www.newmessage.org\/pl\/the-message\/important-terms#voice\">G\u0142os Objawienia<\/a> nadal przez niego przep\u0142ywa, podczas gdy staje on przed wielkim wyzwaniem wniesienia Nowego Objawienia Boga w niespokojny i podzielony \u015bwiat.<\/p>\n<ul>\n<li>Przeczytaj <a href=\"https:\/\/www.newmessage.org\/gods-messenger\/who-is-marshallviansummers\">Histori\u0119 Pos\u0142a\u0144ca<\/a>.<\/li>\n<li>Pos\u0142uchaj nauk Pos\u0142a\u0144ca (wkr\u00f3tce).<\/li>\n<li>Przeczytaj i pos\u0142uchaj <a href=\"https:\/\/www.newmessage.org\/pl\/who-is-marshallviansummers\/\">objawie\u0144 Nowego Pos\u0142ania<\/a> o pochodzeniu, misji i przeznaczeniu Pos\u0142a\u0144ca.<\/li>\n<li>Dowiedz si\u0119 wi\u0119cej o pracy Pos\u0142a\u0144ca nad przygotowaniem i skompilowaniem \u015bwiadectwa Nowego Pos\u0142ania (wkr\u00f3tce).<\/li>\n<li>Przeczytaj o <a href=\"https:\/\/www.newmessage.org\/gods-messenger\/journeys-messenger\">Podr\u00f3\u017cach<\/a> Pos\u0142a\u0144ca po \u015bwiecie.<\/li>\n<\/ul>\n","protected":false},"excerpt":{"rendered":"<p>Pos\u0142aniec Marshall Vian Summers jest Pos\u0142a\u0144cem Nowego Pos\u0142ania od Boga. Od ponad trzech dekad jest on odbiorc\u0105 rozleg\u0142ego Nowego Objawienia, przekazanego po to, by przygotowa\u0107 ludzko\u015b\u0107 na ogromne zmiany gospodarcze, spo\u0142eczne i \u015brodowiskowe, kt\u00f3re zbli\u017caj\u0105 si\u0119 do \u015bwiata oraz na wkroczenie ludzko\u015bci we wszech\u015bwiat inteligentnego \u017cycia. <\/p>\n<p>Jesieni\u0105 roku 1981, w wieku 32 lat, Marshall Vian Summers dost\u0105pi\u0142 bezpo\u015bredniego spotkania ze Zgromadzeniem Anielskim, kt\u00f3re czuwa nad \u015bwiatem. Spotkanie to na zawsze zmieni\u0142o bieg jego \u017cycia i zapocz\u0105tkowa\u0142o jego g\u0142\u0119bsz\u0105 relacj\u0119 ze Zgromadzeniem, wymagaj\u0105c od niego oddania swego \u017cycia Bogu. I tak rozpocz\u0105\u0142 si\u0119 d\u0142ugi, tajemniczy proces otrzymywania Nowego Pos\u0142ania Bo\u017cego dla ludzko\u015bci.<\/p>\n<p>Po tej tajemniczej inicjacji, w wieku 33 lat, spotka\u0142 si\u0119 po raz drugi ze Zgromadzeniem Anielskim, podczas kt\u00f3rego otrzyma\u0142 polecenie otrzymywania i \u201ezapisywania\u201d ich Or\u0119dzia dla \u015bwiata.<\/p>\n<p>Przez dziesi\u0119ciolecia, kt\u00f3re min\u0119\u0142y od tamtego czasu, rozwin\u0119\u0142o si\u0119 ogromne Objawienie dla ludzko\u015bci, czasem powoli, a czasem w wartkich potokach. W ci\u0105gu tych wielu d\u0142ugich lat musia\u0142 dzia\u0142a\u0107 z pomoc\u0105 zaledwie kilku os\u00f3b, nie wiedz\u0105c co to rozrastaj\u0105ce si\u0119 Objawienie b\u0119dzie znaczy\u0142o, ani ostatecznie dok\u0105d zaprowadzi. <\/p>\n","protected":false},"author":1,"featured_media":0,"parent":0,"menu_order":3,"comment_status":"closed","ping_status":"closed","template":"template-leftsidebar.php","meta":{"_monsterinsights_skip_tracking":false,"_monsterinsights_sitenote_active":false,"_monsterinsights_sitenote_note":"","_monsterinsights_sitenote_category":0,"footnotes":""},"categories":[81],"tags":[819,430],"_links":{"self":[{"href":"https:\/\/www.v6.newmessage.org\/pl\/wp-json\/wp\/v2\/pages\/12766"}],"collection":[{"href":"https:\/\/www.v6.newmessage.org\/pl\/wp-json\/wp\/v2\/pages"}],"about":[{"href":"https:\/\/www.v6.newmessage.org\/pl\/wp-json\/wp\/v2\/types\/page"}],"author":[{"embeddable":true,"href":"https:\/\/www.v6.newmessage.org\/pl\/wp-json\/wp\/v2\/users\/1"}],"replies":[{"embeddable":true,"href":"https:\/\/www.v6.newmessage.org\/pl\/wp-json\/wp\/v2\/comments?post=12766"}],"version-history":[{"count":26,"href":"https:\/\/www.v6.newmessage.org\/pl\/wp-json\/wp\/v2\/pages\/12766\/revisions"}],"predecessor-version":[{"id":27731,"href":"https:\/\/www.v6.newmessage.org\/pl\/wp-json\/wp\/v2\/pages\/12766\/revisions\/27731"}],"wp:attachment":[{"href":"https:\/\/www.v6.newmessage.org\/pl\/wp-json\/wp\/v2\/media?parent=12766"}],"wp:term":[{"taxonomy":"category","embeddable":true,"href":"https:\/\/www.v6.newmessage.org\/pl\/wp-json\/wp\/v2\/categories?post=12766"},{"taxonomy":"post_tag","embeddable":true,"href":"https:\/\/www.v6.newmessage.org\/pl\/wp-json\/wp\/v2\/tags?post=12766"}],"curies":[{"name":"wp","href":"https:\/\/api.w.org\/{rel}","templated":true}]}}