{"id":9,"date":"2012-06-29T14:02:34","date_gmt":"2012-06-29T14:02:34","guid":{"rendered":"http:\/\/churchope.themoholics.com\/?page_id=9"},"modified":"2020-08-18T05:59:00","modified_gmt":"2020-08-18T05:59:00","slug":"il-nuovo-messaggio-da-dio","status":"publish","type":"page","link":"https:\/\/www.v6.newmessage.org\/it\/","title":{"rendered":"Il Nuovo Messaggio da Dio"},"content":{"rendered":"<div class=\"two_third \" ><\/p>\n<div class=\"panel-20 border-rounded-12 background-color-gray-gallery\"><span class=\"text-color-pirate-gold font-size-36 \">Cosa \u00e8 <\/span><br \/>\n<span class=\"text-color-gray-5 font-size-20\">Il Nuovo Messaggio da Dio<\/span> \u00e8 una comunicazione autentica, proveniente dal Creatore, arrivata in un momento di enorme cambiamento, conflitto e subbuglio. Ricevuta nel corso di 30 anni, dal Messaggero Marshall Vian Summers, questa rivelazione non si basa su tradizioni religiose o insegnamenti spirituali esistenti.Il Nuovo Messaggio onora la salda verit\u00e0 presente in tutti i grandi Messaggi che il Creatore ha rivelato al mondo, ma \u00e8 dissimile a qualsiasi cosa che sia mai stata in passato rivelata all&#8217;umanit\u00e0. \u00c8 una nuova rivelazione che riguarda la natura della spiritualit\u00e0 umana, il grande cambiamento che sta arrivando nel mondo e il futuro e il destino dell&#8217;umanit\u00e0 nell&#8217;ambito di una Comunit\u00e0 Pi\u00f9 Grande di vita intelligente nell&#8217;universo.<br \/>\n<a href=\"https:\/\/www.newmessage.org\/it\/informazioni-riguardo-al-nuovo-messaggio\">Ulteriori informazioni\u2026<\/a><\/div>\n<p><\/div>\n<div><\/div>\n<div class=\"one_third last\" >\n<div class=\"panel-20 border-rounded-12 background-color-gray-gallery\"><span class=\"text-color-pirate-gold font-size-36\">Scoprite <\/span><br \/>\n<span class=\"text-color-gray-5 font-size-20\">Il Nuovo Messaggio<\/span><iframe loading=\"lazy\" width=\"100%\" height=\"250px\" frameborder=\"0\" src=\"https:\/\/www.youtube.com\/embed\/ERLHxUyWw8o\"><\/iframe><\/div>\n<p><\/div><br \/>\n<div class=\"two_third \" ><\/p>\n<div class=\"panel-20 border-rounded-12 background-color-gray-gallery\">\n<div class=\"home_feed_available_online\"><style>\nh3.hungryfeed_feed_title {}\r\ndiv.hungryfeed_feed_description {}\r\ndiv.hungryfeed_feed_content {}\r\ndiv.hungryfeed_items {}\r\ndiv.hungryfeed_item {margin-bottom: 10px;}\r\ndiv.hungryfeed_item_title {font-weight: bold;}\r\ndiv.hungryfeed_item_description {}\r\ndiv.hungryfeed_item_author {}\r\ndiv.hungryfeed_item_date {}\n<\/style>\n<script type=\"text\/javascript\">\r\n\/\/ Custom Javascript here...\r\n<\/script>\n<div style=\"margin:5px 0px 5px 0px;padding:10px;border: solid 1px red; background-color: #ff6666; color: black;\">\r\nHungryFEED can't get feed.  Don't be mad at HungryFEED. SimplePie reported: cURL error 22: The requested URL returned error: 403\r\n<\/div><\/div>\n<hr \/>\n<p><span class=\"text-color-pirate-gold font-size-32\">La Scuola Gratuita<\/span><span class=\"text-color-gray-5 font-size-24 \">(in Inglese)<\/span><\/p>\n<p>La scuola gratuita \u00e8 una comunit\u00e0 globale di persone che studiano il Nuovo Messaggio di Dio e lo condividono con altri. <img loading=\"lazy\" decoding=\"async\" class=\"alignleft \" src=\"https:\/\/www.newmessage.org\/spanish-international\/wp-content\/uploads\/sites\/40\/2012\/06\/school-e1450302200653.jpg\" alt=\"\" width=\"452\" height=\"166\" \/>La scuola offre un ambiente di studio individuale, partnership di studio, raduni internazionali, trasmissioni di eventi e interazione della comunit\u00e0 al fine di approfondire l\u2019esperienza del Nuovo Messaggio e connetterci con altri intorno al mondo.<\/p>\n<a class='simple_button_link ' style='background-color: #4f8fd6' href='https:\/\/www.community.newmessage.org\/'   ><span>Clicca qui per la Scuola del Nuovo Messaggio (in inglese)<\/span><\/a>\n<\/div>\n<p><\/div>\n<div class=\"one_third last\" ><\/p>\n<div class=\"border-rounded-12 panel-20 background-color-gray-gallery\">\n<h4 class=\"text-color-gray-2\"><\/h4>\n<p class=\"text-color-gray-7\"><em>\u00a0 PASSI VERSO LA CONOSCENZA<\/em><\/p>\n<div class=\"border-rounded-12 panel-20 background-color-gray-gallery\"><a href=\"https:\/\/www.newmessage.org\/it\/il-messaggio\/volume-3\/passi-verso-la-conoscenza\"><img loading=\"lazy\" decoding=\"async\" width=\"250\" height=\"328\" class=\"alignnone size-full wp-image-26775 \" src=\"https:\/\/www.newmessage.org\/italian\/wp-content\/uploads\/sites\/41\/2012\/06\/passi_verso_la_conoscenza.jpg\" alt=\"passi_verso_la_conoscenza\" srcset=\"https:\/\/www.v6.newmessage.org\/it\/wp-content\/uploads\/sites\/41\/2012\/06\/passi_verso_la_conoscenza.jpg 250w, https:\/\/www.v6.newmessage.org\/it\/wp-content\/uploads\/sites\/41\/2012\/06\/passi_verso_la_conoscenza-229x300.jpg 229w\" sizes=\"(max-width: 250px) 100vw, 250px\" \/><\/a><\/div>\n<div class=\"border-rounded-12 panel-20 background-color-gray-gallery\">\n<p><span class=\"title\">Passi verso La Conoscenza ti porta in un grande viaggio di scoperta della Conoscenza dell&#8217;Essere, la fonte misteriosa della tua spiritualit\u00e0 e della tua autorit\u00e0 interiore. Seguire questa Conoscenza interiore ti conduce verso le relazioni superiori di cui avrai bisogno al fine di trovare e di compiere la tua missione nella vita. Passi verso La Conoscenza provvede a fornire le lezioni e gli esercizi necessari al fine di imparare e vivere la Via della Conoscenza&#8230;<\/span><\/p>\n<div><\/div>\n<div class=\"clear\">\n<p><\/div>\n<\/div>\n<\/div>\n<\/div>\n","protected":false},"excerpt":{"rendered":"Cosa \u00e8 Il Nuovo Messaggio da Dio \u00e8 una comunicazione autentica, proveniente dal Creatore, arrivata in un momento di enorme cambiamento, conflitto e subbuglio. Ricevuta nel corso di 30 anni, dal Messaggero Marshall Vian Summers, questa rivelazione non si basa su tradizioni religiose o insegnamenti spirituali esistenti.Il Nuovo Messaggio onora la salda verit\u00e0 presente in\u2026 <a class=\"read-more\" href=\"https:\/\/www.v6.newmessage.org\/it\/\"><span>Read More<\/span><\/a>","protected":false},"author":1,"featured_media":0,"parent":0,"menu_order":3,"comment_status":"closed","ping_status":"closed","template":"","meta":{"_monsterinsights_skip_tracking":false,"_monsterinsights_sitenote_active":false,"_monsterinsights_sitenote_note":"","_monsterinsights_sitenote_category":0,"footnotes":""},"categories":[],"tags":[],"_links":{"self":[{"href":"https:\/\/www.v6.newmessage.org\/it\/wp-json\/wp\/v2\/pages\/9"}],"collection":[{"href":"https:\/\/www.v6.newmessage.org\/it\/wp-json\/wp\/v2\/pages"}],"about":[{"href":"https:\/\/www.v6.newmessage.org\/it\/wp-json\/wp\/v2\/types\/page"}],"author":[{"embeddable":true,"href":"https:\/\/www.v6.newmessage.org\/it\/wp-json\/wp\/v2\/users\/1"}],"replies":[{"embeddable":true,"href":"https:\/\/www.v6.newmessage.org\/it\/wp-json\/wp\/v2\/comments?post=9"}],"version-history":[{"count":425,"href":"https:\/\/www.v6.newmessage.org\/it\/wp-json\/wp\/v2\/pages\/9\/revisions"}],"predecessor-version":[{"id":28746,"href":"https:\/\/www.v6.newmessage.org\/it\/wp-json\/wp\/v2\/pages\/9\/revisions\/28746"}],"wp:attachment":[{"href":"https:\/\/www.v6.newmessage.org\/it\/wp-json\/wp\/v2\/media?parent=9"}],"wp:term":[{"taxonomy":"category","embeddable":true,"href":"https:\/\/www.v6.newmessage.org\/it\/wp-json\/wp\/v2\/categories?post=9"},{"taxonomy":"post_tag","embeddable":true,"href":"https:\/\/www.v6.newmessage.org\/it\/wp-json\/wp\/v2\/tags?post=9"}],"curies":[{"name":"wp","href":"https:\/\/api.w.org\/{rel}","templated":true}]}}