{"id":7387,"date":"2012-12-09T10:07:52","date_gmt":"2012-12-09T10:07:52","guid":{"rendered":"http:\/\/www.newmessage.org\/nm\/?p=7387"},"modified":"2019-03-14T05:04:58","modified_gmt":"2019-03-14T05:04:58","slug":"i-raggi-delliniziazione","status":"publish","type":"page","link":"https:\/\/www.v6.newmessage.org\/it\/il-messaggio\/i-raggi-delliniziazione","title":{"rendered":"I Raggi dell&#8217;Iniziazione"},"content":{"rendered":"<div><!-- Version 3.1 --><\/div>\n\n<div class=\"tabgroup \"><ul class=\"tabs\"><li><a href=\"#tabs-1\">Ascolta<\/a><\/li>\n<li><a href=\"#tabs-2\">Nota<\/a><\/li><\/ul>\n <div id=\"tabs-1\"><\/p>\n<p>Ascolta la Voce della Rivelazione Originale in Inglese:<\/p>\n<div id=\"jquery_jplayer_1\" class=\"jp-jplayer\"><\/div>\n\t\t\t\t<div id=\"jp_container_1\" class=\"jp-audio\">\n\t\t\t\t<div class=\"jp-type-single\"><div class=\"jp-control\"><a href=\"javascript:;\" class=\"jp-play\" tabindex=\"1\">play<\/a><a href=\"javascript:;\" class=\"jp-pause\" tabindex=\"1\">pause<\/a><\/div> <div class=\"jp-gui jp-interface\"><div class=\"jp-volume\"><div class=\"jp-volume-bar\"><div class=\"jp-volume-bar-value\"><\/div><\/div><\/div><div class=\"jp-progress\"><div class=\"jp-seek-bar\"><div class=\"jp-play-bar\"><\/div><\/div><\/div><\/div>\t\t\t\t\t<div class=\"jp-no-solution\"><span>Update Required<\/span>To play the media you will need to either update your browser to a recent version or update your <a href=\"http:\/\/get.adobe.com\/flashplayer\/\" target=\"_blank\">Flash plugin<\/a>.<\/div><\/div><\/div>\n\t\t\t<script type='text\/javascript'>\n\t\t\t\tjQuery(document).ready(function() {\n\t\t\t\t\tif (typeof (sermonMedia) == 'function') {\n\t\t\t\t\t\tsermonMedia.addAudio('', \"jquery_jplayer_1\");\n\t\t\t\t\t}\n\t\t\t\t\tjQuery.jPlayer.timeFormat.showHour = true;\n\t\t\t\t\tjQuery(\"#jquery_jplayer_1\").jPlayer({\n\t\t\t\t\t\tready: function(event) {\n\t\t\t\t\t\t\tjQuery(this).jPlayer(\"setMedia\", {mp3: 'https:\/\/www.newmessage.org\/av\/the-rays-of-initiation.mp3'});\n\t\t\t\t\t\t},\n\t\t\t\t\t\tplay: function() {\n\t\t\t\t\t\t\tjQuery(this).jPlayer(\"pauseOthers\");\n\t\t\t\t\t\t},\n\t\t\t\t\t\tswfPath: ThemeData.directory_uri+\"\/swf\",\n\t\t\t\t\t\tsolution: \"html, flash\",\n\t\t\t\t\t\tpreload: \"metadata\",\n\t\t\t\t\t\twmode: \"window\",\n\t\t\t\t\t\tsupplied: \"mp3\",\n\t\t\t\t\t\tcssSelectorAncestor: '#jp_container_1'\n\t\t\t\t\t});\n\t\t\t\t});\n\t\t\t<\/script><\/p>\n<p><a title=\"The Rays of Initiation\" href=\"https:\/\/www.newmessage.org\/av\/the-rays-of-initiation.mp3\">Download<\/a> (clicca tasto destro del mouse)<\/p>\n<p><em>Rivelato al Messaggero di Dio<br \/>\nMarshall Vian Summers<br \/>\nIl 24 Luglio, 2012<br \/>\nin Boulder, Colorado<\/em><\/p>\n<div class=\"toggle toggle-white\"><h4 class=\"trigger \"><span class=\"t_ico\"><\/span><a href=\"#\">Note riguardo a questa registrazione<\/a><\/h4><div class=\"toggle_container \"><br \/>\n<p>Quella che state sentendo in questa registrazione \u00e8 la voce della <u>Assemblea <\/u>Angelica che sta parlando tramite il <u>Messaggero <\/u>Marshall Vian Summers.<\/p>\n<p>Qua, la comunicazione originale di Dio, che esiste al di l\u00e0 delle parole, \u00e8 tradotta nel linguaggio e nella comprensione umana dall\u2019Assemblea Angelica che veglia sul mondo. Poi l\u2019Assemblea consegna il Messaggio di Dio tramite il Messaggero.<\/p>\n<p>In questo notevole processo, la Voce della Rivelazione sta parlando di nuovo. La Parola e il suono della Voce sono nel mondo. Per la prima volta nella storia, la registrazione dell\u2019originale rivelazione parlata \u00e8 disponibile affinch\u00e9 voi e il mondo la possiate sentire.<\/p>\n<p>Possiate voi essere i destinatari di questo dono di Rivelazione e possiate essere aperti a ricevere il suo Messaggio unico per voi e per la vostra vita.<\/p>\n<br \/>\n<\/div><\/div>\n<p><\/div>\n<div id=\"tabs-2\"><br \/>\n<em>Nota per il Lettore:<br \/>\nQuesta traduzione \u00e8 stata fornita alla Society da uno studente del Nuovo Messaggio che si \u00e8 offerto volontario per tradurre il testo originale in Inglese. Noi rendiamo questa traduzione disponibile al mondo in questa forma iniziale affinch\u00e9 le persone abbiano la possibilit\u00e0 di interagire con una porzione del Nuovo Messaggio nella propria lingua.<\/em><br \/>\n<\/div>\n\t\t\t\t<div align=\"right\">\n\t\t\t<div class=\"fb-like\" data-href=\"\" data-layout=\"button_count\" data-action=\"like\" data-show-faces=\"false\" data-share=\"false\"><\/div>\n\t\t\t<div class=\"fb-share-button\" data-layout=\"button_count\"> <\/div>\n\t\t\t<div class=\"fb_iframe_widget\"><a href=\"https:\/\/twitter.com\/godsnewmessage?ref_src=twsrc%5Etfw\" class=\"twitter-follow-button\" data-show-count=\"false\">Follow @godsnewmessage<\/a><script async src=\"https:\/\/platform.twitter.com\/widgets.js\" charset=\"utf-8\"><\/script><\/div>\n\t\t\t<\/div> <\/div> \n\n<p>La Potenza e la Presenza veglia su di te e su tutte le genti nel mondo, in attesa di coloro che sono pronti a risvegliarsi dal loro profondo sonno di desiderio e delusione, veglia sul mondo, in attesa di quelle menti che cercano la libert\u00e0\u2014non solo una libert\u00e0 esteriore, ma una libert\u00e0 interiore\u2014in attesa del momento di predisposizione nell\u2019individuo.<\/p>\n<p>La gente pensa che la Presenza Angelica sia sempre l\u00e0 a dimorare con loro, ma questo non \u00e8 accurato. Certo, la Presenza sta aspettando coloro che sono pronti a rispondere a un richiamo superiore e ad uno scopo superiore nella vita. Sono quelli gli individui che attireranno l\u2019attenzione dell\u2019Assemblea Angelica.<\/p>\n<p>Le persone pregano per molte cose, ma l\u2019Assemblea Angelica sta aspettando il vero richiamo dall\u2019individuo\u2014un richiamo che spesso nasce dalla disperazione, dalla frustrazione o dalla delusione verso il mondo, che ora fa cercare qualcosa di pi\u00f9 vero, di pi\u00f9 autentico, di pi\u00f9 permanente e pi\u00f9 essenziale per la loro vera natura e il loro vero scopo per il quale sono in questo mondo in questo tempo.<\/p>\n<p>Grandi Raggi splendono su coloro che possono rispondere e che sono pronti a ricevere qualcosa di meraviglioso e significativo. Grandi Raggi di luce e di potenza sono diretti su coloro che stanno iniziando a ricevere la preparazione per il loro scopo superiore e per il loro appello nella vita.<\/p>\n<p>Non potete invocare questo in modo cosciente. Deve nascere da qualcosa dentro di voi che \u00e8 molto profondo, molto essenziale per la vostra vita e il vostro scopo in questo luogo. Non potete, nella vostra mente, pregare che i Grandi Raggi splendano su di voi, che vi inizino, perch\u00e9 la vostra mente non riesce ad evocare questo. Deve arrivare da un luogo pi\u00f9 profondo dentro di voi. Ma la vostra mente vi pu\u00f2 preparare, riconoscendo il bisogno superiore della vostra vita e il fatto che non state vivendo la vita che siete designati a vivere, e che siete circoscritti da molte cose di poco valore e di poca possibilit\u00e0 futura.<\/p>\n<p>Vi preparate riconoscendo la verit\u00e0 della vostra vita in un momento di grande chiarezza e sobriet\u00e0. Fate l\u2019inventario di dove siete. Riconoscete che siete persi nel mondo, seguendo le prescrizioni della vostra cultura e di quelle persone che vi influenzano cos\u00ec fortemente. Qua non pregate solo per il sollievo dalla sofferenza, voi pregate affinch\u00e9 la verit\u00e0 vi sia rivelata, non solo la verit\u00e0 delle vostre circostanze ma la verit\u00e0 della vostra vita. Voi pregate per la vostra vita, che vi sia data la vostra vera vita.<\/p>\n<p>Questo \u00e8 il richiamo che arriva dal profondo dentro di voi, non meramente qualcosa che la mente vuole per il momento, non solo per il sollievo dalla sofferenza, non solo per avere una vita pi\u00f9 bella o un insieme pi\u00f9 bello di circostanze o per realizzare le vostre ambizioni e i vostri desideri. Questo arriva dal luogo pi\u00f9 profondo dentro di voi, dalla Conoscenza dentro di voi. Questo \u00e8 ci\u00f2 che parla all\u2019Assemblea Angelica. Questo \u00e8 il risultato di un\u2019esperienza pi\u00f9 profonda di voi stessi, un\u2019individuazione pi\u00f9 profonda dentro di voi, un\u2019onest\u00e0 pi\u00f9 profonda.<\/p>\n<p>Se sei veramente pronto a rispondere, pronto a valutare e cambiare le circostanze della tua vita se necessario, allora i Grandi Raggi splenderanno su di te, come se un faro o un riflettore fossero puntati su di te in modo molto specifico, non sulla gente intorno a te, neanche sulla persona seduta vicino a te, non su tuo marito o su tua moglie o sui tuoi figli, ma su di te.<\/p>\n<p>Questo attiva poi un processo di profonda identificazione e valutazione, un processo in molti stadi di iniziazione, un processo che d\u00e0 inizio a un grande punto di svolta per la tua vita.<\/p>\n<p>Perch\u00e9 in verit\u00e0 tu non sai chi sei, o perch\u00e9 sei qua, o cosa fosti mandato a realizzare, o chi devi incontrare qua, cosa sei qua ad evitare, cosa sei qua a conseguire, quali sono i grandi pericoli della tua vita al di l\u00e0 della tua comprensione, quali sono le grandi possibilit\u00e0 per la tua vita, al di l\u00e0 della tua comprensione.<\/p>\n<p>Tu hai una relazione con l\u2019Assemblea Angelica che veglia su questo mondo e con tutti quelli che sono l\u00e0. Questo \u00e8 intrinseco in chi tu sei e perch\u00e9 sei qua, cosa fosti mandato a conseguire, chi devi incontrare, dove devi andare. \u00c8 il viaggio superiore della tua vita che sta aspettando di essere scoperto e intrapreso.<\/p>\n<p>Le tue fedi, la tua ideologia, le tue vedute religiose, le tue aspirazioni spirituali, il pi\u00f9 delle volte ostacolano questa identificazione pi\u00f9 profonda, che non \u00e8 qualcosa di questo mondo, o qualcosa in questo mondo, ma rappresenta la tua vita al di l\u00e0 del mondo, dalla quale provieni e alla quale ritornerai, rappresenta le relazioni che sono primarie alla tua esistenza e alla tua partecipazione nel mondo in questo tempo.<\/p>\n<p>I Grandi Raggi sono potenti, arrivano nel profondo dentro di te, superando il tuo intelletto e tutte le tue convinzioni, le tue idee e aspettative e i tuoi rancori e via dicendo, come se stessero splendendo su una parte di te che hai a malapena provato nella vita e che conosci a malapena\u2014qualcosa di antico, qualcosa che potresti avere vissuto momentaneamente qua e l\u00e0, qualcosa di immutevole, la parte immutevole di te.<\/p>\n<p>Questa \u00e8 comunicazione senza parole. \u00c8 la potenza dell\u2019iniziazione generata dall\u2019Assemblea Angelica, diretta ora su un individuo che ha raggiunto il punto in cui \u00e8 pronto, non solo interiormente, ma pronto per qualcosa all\u2019esterno che deve essere fatto, perch\u00e9 se dovesse lasciarsi scappare questo punto nel suo sviluppo e nella sua vita, potrebbe mancare interamente la sua chiamata.<\/p>\n<p>Qua la tempificazione \u00e8 critica, perch\u00e9 avete solo un certo tempo per i ritardi. Avete solo un certo tempo per essere persi nel mondo, prima che la vostra opportunit\u00e0 sia aggirata e che per voi sia troppo tardi per rispondere. Voi non sapete quando, ma la Presenza Angelica lo sa. La Conoscenza dentro di voi lo sa.<\/p>\n<p>Quando approccerete questo momento critico nella vostra vita, vi sentirete sempre pi\u00f9 ansiosi riguardo alle vostre circostanze esteriori, sempre pi\u00f9 attratti a qualcosa di pi\u00f9 misterioso, sempre pi\u00f9 curiosi riguardo ai vostri valori e i vostri coinvolgimenti con altri, pi\u00f9 scomodi e insoddisfatti delle vostre circostanze anche se esse sono piacevoli, anche se sono apparentemente benefiche. Diventate pi\u00f9 irrequieti. Potreste cercare di colmare questa irrequietezza con ulteriori beni di propriet\u00e0, pi\u00f9 attivit\u00e0, pi\u00f9 ricreazione, anche pi\u00f9 spiritualit\u00e0, ma state raggiungendo un tempo in cui siete pronti. Sta succedendo a un livello pi\u00f9 profondo, al di l\u00e0 del regno e della portata dell\u2019intelletto.<\/p>\n<p>La Presenza adesso vi sta osservando con attenzione per vedere come risponderete. Negherete la vostra esperienza? Contrasterete la vostra esperienza? Cercherete ancora di perdervi in storie romantiche o in qualche altro genere di ricerca nel mondo, anche qualche genere di ricerca edificante come una grande causa sociale o una campagna politica? Questo riguarda qualcosa di molto diverso.<\/p>\n<p>In questo tempo, \u00e8 cos\u00ec importante essere ricettivi verso voi stessi, praticare l\u2019ascolto interiore, ascoltare qualcosa di pi\u00f9 profondo senza trarre conclusioni, orientarvi in questa direzione. Perch\u00e9 se i Grandi Raggi saranno diretti su di voi, scombussoleranno molto la vostra vita e vi cambieranno. \u00c8 come essere colpiti da un fulmine.<\/p>\n<p>Questa esperienza pu\u00f2 essere profondamente interna, ma pu\u00f2 anche essere generata dall\u2019arrivo di certe persone che sono qua per chiamarvi fuori dal vostro passato e per essere parte della vostra preparazione per una vita futura superiore. In ambedue i casi, dar\u00e0 inizio a un processo di profondo cambiamento e auto-valutazione, cos\u00ec forte che adesso non lo potete semplicemente negare o pensare che sia qualcos\u2019altro, perch\u00e9 sembrer\u00e0 conquistarvi, e dovete concedervi ad esso.<\/p>\n<p>La Presenza Angelica vi guarda per vedere se riuscite a fare questo, se riuscite a ricevere l\u2019iniziazione e attraversare il lungo e inesplicabile processo che ci\u00f2 richieder\u00e0. Non potete controllare questo processo, vi potete solo mantenere focalizzati su di esso, e quello richieder\u00e0 tutta l\u2019autodisciplina e la misericordia verso voi stessi che potete radunare.<\/p>\n<p>Le persone possono fallire presso questo crocevia, con grandi conseguenze. Ha a che fare con la presenza di certe altre persone nella vostra vita, che giocheranno un ruolo significativo nel vostro lavoro superiore e nel vostro scopo qua. Potrebbe essere tempo che le conosciate. Potrebbe essere che loro vi stiano chiamando. Il tempo del vostro rendez-vous si sta avvicinando e dovete essere in grado di rispondere.<\/p>\n<p>Non avete queste opportunit\u00e0 ogni momento. Non dite a voi stessi che l\u2019iniziazione pu\u00f2 avvenire in qualsiasi momento, quando vi sentite orientati ad averla, perch\u00e9 non \u00e8 per niente vero. Voi avete certe opportunit\u00e0 nella vita data la prossimit\u00e0 di quelle persone che saranno essenziali per il vostro successo, e dato il vostro sviluppo e livello di onest\u00e0 interiore. Affinch\u00e9 tu sia chiamato in questo modo, devi essere preparato ad accettare questa esperienza e sottoporti al processo di preparazione, che \u00e8 molto profondo ed interiore. Devi essere in grado di rispondere a coloro che giungono nella tua vita, che ti inizieranno nel prendere parte in questo grande punto di svolta.<\/p>\n<p>Questo \u00e8 interamente al di l\u00e0 dei tuoi progetti personali e della tua valutazione delle tua vita. Tu potresti pensare o sentire che sei destinato a qualcosa di pi\u00f9 grande e forse questa sensazione \u00e8 stata con te per molto tempo. Ma Noi stiamo parlando di qualcosa di una potenza e di una grandezza di gran lunga superiori.<\/p>\n<p>Se i Grandi Raggi sono diretti su di te, se \u00e8 un tempo di grande cambiamento, se il tuo tempo \u00e8 arrivato, il tempo per il quale ti sei preparato inconsapevolmente, se quel tempo \u00e8 arrivato, devi essere pronto a ricevere e devi essere preparato ad attraversare un periodo di grande confusione e incertezza.<\/p>\n<p>Nel mondo oggi, il nuovo Messaggero di Dio \u00e8 qua, a portare un Nuovo Messaggio da Dio al mondo. Se lo devi conoscere e vuoi che questo incontro sia veramente efficace, devi essere preparato in questo senso altrimenti penserai che lui sia solo un\u2019altra persona che fa grandi dichiarazioni. Lo valuterai su base personale, come valuti le persone adesso. Non vedrai. Non saprai. Non ti renderai conto che questo \u00e8 probabilmente il pi\u00f9 grande incontro che avrai in tutta la tua vita. Se ti sfugge, \u00e8 perso.<\/p>\n<p>Dio vuole che ti risvegli al tuo scopo superiore e ricevi la grande benedizione dall\u2019Assemblea Angelica, i Grandi Raggi. Ma quello non significa che ce la farai a fare questo rendez-vous. Quello non significa che sarai in grado di udire e di vedere e di sapere, nel momento critico in cui l\u2019identificazione deve avvenire. Quello non significa che il tuo successo sia assicurato. Quello non significa che tu sia pronto, disponibile e capace.<\/p>\n<p>Se tu hai un destino con il Messaggero, ti devi preparare per ci\u00f2, mettendo da parte quello che non pu\u00f2 andare avanti, abbracciando quello che \u00e8 cruciale per il tuo successo, costruendo il tuo senso di integrit\u00e0, onest\u00e0 interiore, valutando la tua vita per vedere cosa \u00e8 veramente genuino ed ha un destino e quello che non lo ha, affrontando la perdita, rinunciando alle cose se necessario, allontanandoti dalla gente se necessario, allontanandoti dal tuo precedente investimento in persone, luoghi e cose, se necessario.<\/p>\n<p>Quando questa vita sar\u00e0 terminata e ritornerai dalla tua Famiglia Spirituale, loro avranno solo una domanda per te, ed \u00e8 se hai compiuto il tuo sacro rendez-vous nella vita ed hai dato i tuoi doni al mondo. In quel momento, saprai con assoluta chiarezza se lo hai fatto o se non lo hai fatto. Qua non c\u2019\u00e8 punizione, ma il peso del fallimento \u00e8 enorme. Significa che dovrai riprovare, ed attraversare di nuovo l\u2019intero processo. Questo dovrebbe essere un incentivo sufficiente a incoraggiare la maggior parte delle persone a procedere.<\/p>\n<p>Quando preghi Dio, non pregare per piccole cose, piccoli vantaggi o indulgenze. Prega che La Conoscenza diventi forte dentro di te. Prega di avere la longanimit\u00e0 e l\u2019autodisciplina di frenare le tue tendenze paurose e reattive. Prega che coloro con cui sei destinato ad essere congiunto ti possano trovare nel mondo. Prega che tu sia pronto per loro quando loro arriveranno, che tu ti renda conto che adesso stai facendo un voto di importanza superiore, senza cercare di capire pienamente cosa significa e cosa esiger\u00e0.<\/p>\n<p>Le persone che sono chiamate, sono chiamate fuori dalle loro precedenti circostanze, e preparate per un genere diverso di vita. Tutti hanno uno scopo superiore per essere nel mondo in questo tempo, ma non molte persone sono pronte a ricevere il loro appello. Loro non sono pronte a ricevere i Grandi Raggi.<\/p>\n<p>IL futuro del mondo dipende da un numero sufficiente di persone che ricevono il loro richiamo e rendono il loro contributo a un mondo che affronta enorme e pericoloso cambiamento, un mondo che affronta una Comunit\u00e0 Pi\u00f9 Grande di vita nell\u2019universo, un mondo che affronta declino economico, distruzione ambientale, un clima in mutazione, un mondo che rischia di crollare a suo interno e rischia l\u2019intromissione dall\u2019esterno. Questo \u00e8 il mondo che siete venuti a servire. Non \u00e8 un incidente che voi siate qua in questo tempo.<\/p>\n<p>La Benedizione \u00e8 con te ma tu non sei con la Benedizione. Il richiamo ti attende, ma tu sei impegnato a fare altre cose, preoccupato ogni momento. L\u2019Assemblea Angelica veglia su di te, ma i tuoi occhi sono rivolti al suolo. Tu preghi per la pace e la felicit\u00e0 e per circostanze benefiche, senza renderti conto che in verit\u00e0 sei qua per qualcos\u2019altro. Preghi il cielo affinch\u00e9 il tuo stato di Separazione sia soddisfacente e realizzante, cosa che non pu\u00f2 mai essere.<\/p>\n<p>L\u2019Assemblea Angelica sta aspettando che tu ti renda conto che senza il tuo scopo superiore e il tuo richiamo, la tua vita \u00e8 solo un sogno travagliato. Qua non puoi trovare compimento a prescindere da cosa fai, perch\u00e9 tu sei qua per uno scopo superiore e il bisogno della tua anima \u00e8 che questo scopo sia realizzato ed espresso nel mondo. Se tu non fossi un essere superiore con un\u2019origine superiore e un destino superiore, questo non sarebbe il caso. Saresti solo una creatura intelligente che vive sulla superficie del mondo, cercando di essere in salvo e al sicuro, cercando di essere felice con quello che hai e volendo sempre di pi\u00f9.<\/p>\n<p>Ma tu sei un essere superiore con un\u2019origine superiore e un destino superiore, e la chiamata sta aspettando che tu giunga a quel punto di identificazione e di preparazione. Questo manda alla Presenza Angelica il segnale che sei veramente pronto, e che il processo deve iniziare. Se non riesci a generare questa identificazione dentro di te, allora sar\u00e0 generata per te, perch\u00e9 la tua vita ha raggiunto un punto critico in cui il richiamo deve avvenire, se mai dovesse avvenire in questa vita. Ci\u00f2 pu\u00f2 essere estremamente dirompente e la possibilit\u00e0 di fallimento qua sar\u00e0 maggiore. Non c\u2019\u00e8 la garanzia che capirete il significato di cosa sta succedendo. Non c\u2019\u00e8 la garanzia che seguirete quello che dovete seguire, e vi allontanerete da quello da cui vi dovete allontanare.<\/p>\n<p>In un universo pieno di vita intelligente, di innumerevoli razze di esseri, i Grandi Raggi sono calati su coloro che sono in grado di rispondere e che devono rispondere. \u00c8 un grande Piano per un universo talmente al di l\u00e0 di quanto non riuscite neanche a immaginare. Non lo potete concepire. Vi far\u00e0 rendere conto che le vostre idee precedenti erano disperatamente false oppure enormemente inadeguate per rivolgersi alla vera situazione nella vostra vita.<\/p>\n<p>Per quello devi avere umilt\u00e0, e ricevere correzione senza farti del male. Devi consentire che la tua vita sia rimodellata dalla Conoscenza, senza che tu cerchi di rimodellarla da solo. \u00c8 un modo di essere cos\u00ec diverso. \u00c8 una relazione cos\u00ec diversa con te stesso e con gli altri. \u00c8 l\u2019inizio di una vita superiore per te.<\/p>\n<p>Che possa Dio splendere su di te e chiamarti fuori dai tuoi sogni travagliati, fuori dalle ombre del passato, fuori dalla miseria del presente. Prega per questo, ma nel frattempo preparati essendo veramente onesto riguardo alla tua situazione, i tuoi ingaggi, i tuoi coinvolgimenti e i tuoi impegni.<\/p>\n<p>Non potete essere passivi riguardo a questo grande richiamo, dovete costruire la fondazione, dovete fare la fatica, dovete avere il coraggio, dovete prendere i rischi, perch\u00e9 questo vi far\u00e0 forti e potenti nel mondo, e vi mostrer\u00e0 dove risiede la forza della vostra integrit\u00e0 e del vostro coraggio.<\/p>\n<p>Questo giorno, senti queste parole, perch\u00e9 esse vengono dalla Fonte di tutta la vita. Preparati per il Messaggero nel mondo, perch\u00e9 \u00e8 molto probabile che tu abbia un destino con lui. Comprendi che stai vivendo in un tempo di Rivelazione, e che questo ha tantissimo a che fare con quello che \u00e8 successo nella tua vita, e con le tue pi\u00f9 profonde inclinazioni per il futuro.<\/p>\n","protected":false},"excerpt":{"rendered":"<p>La Potenza e la Presenza veglia su di te e su tutte le genti nel mondo, in attesa di coloro che sono pronti a risvegliarsi dal loro profondo sonno di desiderio e delusione, veglia sul mondo, in attesa di quelle menti che cercano la libert\u00e0\u2014non solo una libert\u00e0 esteriore, ma una libert\u00e0 interiore\u2014in attesa del\u2026 <a class=\"read-more\" href=\"https:\/\/www.v6.newmessage.org\/it\/about-recording-shortcode\"><span>Read More<\/span><\/a><\/p>\n","protected":false},"author":1,"featured_media":0,"parent":15090,"menu_order":2,"comment_status":"closed","ping_status":"closed","template":"template-leftsidebar.php","meta":{"_monsterinsights_skip_tracking":false,"_monsterinsights_sitenote_active":false,"_monsterinsights_sitenote_note":"","_monsterinsights_sitenote_category":0,"footnotes":""},"categories":[501,117,76,30],"tags":[749,740,745,750,673,743,748,741,746,744,747,392,742],"_links":{"self":[{"href":"https:\/\/www.v6.newmessage.org\/it\/wp-json\/wp\/v2\/pages\/7387"}],"collection":[{"href":"https:\/\/www.v6.newmessage.org\/it\/wp-json\/wp\/v2\/pages"}],"about":[{"href":"https:\/\/www.v6.newmessage.org\/it\/wp-json\/wp\/v2\/types\/page"}],"author":[{"embeddable":true,"href":"https:\/\/www.v6.newmessage.org\/it\/wp-json\/wp\/v2\/users\/1"}],"replies":[{"embeddable":true,"href":"https:\/\/www.v6.newmessage.org\/it\/wp-json\/wp\/v2\/comments?post=7387"}],"version-history":[{"count":23,"href":"https:\/\/www.v6.newmessage.org\/it\/wp-json\/wp\/v2\/pages\/7387\/revisions"}],"predecessor-version":[{"id":28199,"href":"https:\/\/www.v6.newmessage.org\/it\/wp-json\/wp\/v2\/pages\/7387\/revisions\/28199"}],"up":[{"embeddable":true,"href":"https:\/\/www.v6.newmessage.org\/it\/wp-json\/wp\/v2\/pages\/15090"}],"wp:attachment":[{"href":"https:\/\/www.v6.newmessage.org\/it\/wp-json\/wp\/v2\/media?parent=7387"}],"wp:term":[{"taxonomy":"category","embeddable":true,"href":"https:\/\/www.v6.newmessage.org\/it\/wp-json\/wp\/v2\/categories?post=7387"},{"taxonomy":"post_tag","embeddable":true,"href":"https:\/\/www.v6.newmessage.org\/it\/wp-json\/wp\/v2\/tags?post=7387"}],"curies":[{"name":"wp","href":"https:\/\/api.w.org\/{rel}","templated":true}]}}