{"id":613,"date":"2011-08-19T13:04:36","date_gmt":"2011-08-19T20:04:36","guid":{"rendered":"http:\/\/wp.www.newmessage.org\/?p=613"},"modified":"2019-03-14T07:52:41","modified_gmt":"2019-03-14T07:52:41","slug":"la-riconciliazione","status":"publish","type":"page","link":"https:\/\/www.v6.newmessage.org\/it\/il-messaggio\/volume-1\/il-potere-della-conoscenza\/la-riconciliazione","title":{"rendered":"La Riconciliazione"},"content":{"rendered":"<div><!-- Version 3.3 --><\/div>\n\n<div class=\"tabgroup \"><ul class=\"tabs\"><li><a href=\"#tabs-1\">Informazioni<\/a><\/li>\n<li><a href=\"#tabs-2\">Nota<\/a><\/li><\/ul>\n <div id=\"tabs-1\"><br \/>\n<em>Rivelato al Messaggero di Dio<br \/>\nMarshall Vian Summers<br \/>\nIl 2 Maggio, 2011<br \/>\nin Boulder, Colorado<\/em><\/p>\n<div class=\"toggle toggle-white\"><h4 class=\"trigger \"><span class=\"t_ico\"><\/span><a href=\"#\">Riguardo a questo testo<\/a><\/h4><div class=\"toggle_container \"><br \/>\n<p>Quello che state leggendo in questo testo \u00e8 la trascrizione della voce originale della Assemblea Angelica cos\u00ec come ha parlato tramite il Messaggero Marshall Vian Summers.<\/p>\n<p>Qua, la comunicazione originale di Dio, che esiste al di l\u00e0 delle parole, \u00e8 tradotta nel linguaggio e nella comprensione umana dall\u2019Assemblea Angelica che veglia sul mondo. Poi l\u2019Assemblea consegna il Messaggio di Dio tramite il Messaggero, dopo di che, la comunicazione \u00e8 trascritta e resa disponibile a voi e a tutto il mondo.<\/p>\n<p>In questo notevole processo, la Voce della Rivelazione sta parlando di nuovo. La Parola e il suono della Voce sono nel mondo. Possiate voi essere i destinatari di questo dono di Rivelazione e possiate essere aperti a ricevere il suo Messaggio unico per voi e per la vostra vita.<\/p>\n<br \/>\n<\/div><\/div>\n<p><\/div>\n<div id=\"tabs-2\"><br \/>\n<em>Nota per il Lettore:<br \/>\nQuesta traduzione \u00e8 stata fornita alla Society da uno studente del Nuovo Messaggio che si \u00e8 offerto volontario per tradurre il testo originale in Inglese. Noi rendiamo questa traduzione disponibile al mondo in questa forma iniziale affinch\u00e9 le persone abbiano la possibilit\u00e0 di interagire con una porzione del Nuovo Messaggio nella propria lingua.<\/em><br \/>\n<\/div>\n\t\t\t\t<div align=\"right\">\n\t\t\t<div class=\"fb-like\" data-href=\"\" data-layout=\"button_count\" data-action=\"like\" data-show-faces=\"false\" data-share=\"false\"><\/div>\n\t\t\t<div class=\"fb-share-button\" data-layout=\"button_count\"> <\/div>\n\t\t\t<div class=\"fb_iframe_widget\"><a href=\"https:\/\/twitter.com\/godsnewmessage?ref_src=twsrc%5Etfw\" class=\"twitter-follow-button\" data-show-count=\"false\">Follow @godsnewmessage<\/a><script async src=\"https:\/\/platform.twitter.com\/widgets.js\" charset=\"utf-8\"><\/script><\/div>\n\t\t\t<\/div> <\/div> \n\n<p>Voi state vivendo in Separazione\u2014separati dalla Creazione stessa, separati dalla vostra Fonte, separati anche dalla vostra natura profonda\u2014vivendo in una parte diversa della vostra mente, una mente che \u00e8 stata modellata e condizionata dalla vostra esperienza del mondo. Ti identifichi con il tuo corpo e con le tue idee. Ti dai un nome. Sei distinto e apparentemente contraddistinto da tutti intorno a te. Stai vivendo in Separazione.<\/p>\n<p>Sei venuto nel mondo con uno scopo, mandato qua dalla tua Famiglia Spirituale, uno scopo per prestare servizio in un modo unico nell\u2019ambito delle circostanze della tua vita e le condizioni del mondo. Mentre stai vivendo in uno stato di Separazione, sei ancora connesso alla tua Fonte. Sei ancora connesso a coloro che ti hanno mandato nel mondo. Sei ancora connesso alla Creazione.<\/p>\n<p>\u00c8 questa contraddizione nella tua stessa natura che \u00e8 veramente ci\u00f2 che significa essere un essere umano. \u00c8 questa contraddizione che d\u00e0 speranza alla tua vita, perch\u00e9 sei venuto per uno scopo superiore\u2014uno scopo che non hai inventato, uno scopo che non puoi proprio cambiare, uno scopo al quale la tua natura profonda \u00e8 votata al livello della tua anima.<\/p>\n<p>Se non fosse cos\u00ec, saresti perso nel mondo. Saresti un frammento dell\u2019universo fisico. La tua vita non avrebbe alcun significato intrinseco o alcun valore al di l\u00e0 della valutazione di altri con i quali stai interagendo. La vita sembrerebbe vuota e inutile. Ricco o povero, a prescindere dalle tue circostanze, il fatto della tua Separazione ti tormenterebbe sempre, generando paura\u2014paura di perdita, paura di danno, paura di privazione, paura di distruzione.<\/p>\n<p>\u00c8 questa paura che governa le vite delle persone, determinando le loro decisioni, oscurando qualsiasi piccola felicit\u00e0 che sembrano creare o cercano di creare. \u00c8 l\u2019ansia costante. Sono le sensazioni di rimorso. \u00c8 la bramosia e la mancanza di realizzazione che fanno parte dell\u2019esperienza del mondo di ogni persona.<\/p>\n<p>Eppure la Separazione non fu mai veramente creata. Non potete essere separati dalla vostra Fonte, e per quello non c\u2019\u00e8 Inferno e dannazione. C\u2019\u00e8 solo il processo di riconciliazione. A prescindere da quanto tempo ci voglia, quello \u00e8 il risultato finale. La tua contraddizione e la tua decisione \u00e8: quale voce dentro di te ascolterai?<\/p>\n<p>Dio ti ha dato una coscienza pi\u00f9 profonda\u2014non una coscienza sociale ma una coscienza intrinseca. Quella fa parte dell\u2019intelligenza profonda che Noi chiamiamo La Conoscenza. Non \u00e8 confusa. Non \u00e8 in conflitto. E non ha paura del mondo, perch\u00e9 nulla la pu\u00f2 distruggere. Il mondo la pu\u00f2 oscurare, mettere in ombra e allontanarti da lei, ma dentro se stessa, \u00e8 completa. \u00c8 la parte di te che \u00e8 parte dalla Creazione stessa.<\/p>\n<p>Questo \u00e8 ci\u00f2 che ti salver\u00e0, vedi. Questo e ci\u00f2 che \u00e8 connesso a Dio e a tutti coloro che servono Dio\u2014in questo mondo e in altri mondi e oltre la realt\u00e0 fisica stessa. Questo esiste oltre il regno dell\u2019intelletto. \u00c8 qualcosa che dovete vivere ed esprimere e applicare nella vostra vita, e quello dimostrer\u00e0 la sua potenza, la sua realt\u00e0 e la sua efficacia.<\/p>\n<p>Tu non sai chi sei, nonostante le tue definizioni o cosa metti nella tua piastrina di riconoscimento, ma pi\u00f9 in profondit\u00e0 non c\u2019\u00e8 dubbio. Quello che sei in questo mondo, in questa vita, \u00e8 ci\u00f2 che fosti mandato qua a fare ed a conseguire ed \u00e8 il processo di intraprendere i Passi verso La Conoscenza che ti condurranno verso la riconciliazione.<\/p>\n<p>Dio sa quanto \u00e8 difficile il mondo. Dio non sta gestendo il mondo e ogni suo piccolo evento. Ma Dio sta rispondendo a grandi punti di svolta nella storia dell\u2019umanit\u00e0. Dio \u00e8 consapevole dei grandi pericoli che esistono per la famiglia umana ora che affronta un mondo in declino e l\u2019intromissione da parte di razze nell\u2019universo che sono qua per approfittare della debolezza e della divisione umana.<\/p>\n<p>Il tuo scopo, dunque, \u00e8 connesso non solo alla tua riconciliazione, ma anche agli eventi del mondo e alle necessit\u00e0 dell\u2019umanit\u00e0. Il tuo ruolo sar\u00e0 molto specifico, interagendo con certe persone per un certo scopo. Non puoi accertare questo con l\u2019intelletto, anche se ci puoi provare, e molti hanno provato. \u00c8 qualcosa che emerger\u00e0 all\u2019orizzonte della tua vita interiore una volta che avrai intrapreso i Passi verso La conoscenza e sarai impegnato nella tua preparazione.<\/p>\n<p>La tua riconciliazione non \u00e8 semplicemente per redimerti, ma per dare un unico e importante servizio agli altri e al mondo stesso. Il Signore degli universi non sprecherebbe questa opportunit\u00e0 di fare s\u00ec che la tua vita sia di valore e di significato per altri.<\/p>\n<p>A prescindere da quello che ti sei fatto in precedenza, a prescindere dal degrado e gli errori e i compromessi che hai fatto a tuo danno, la potenza di questo scopo ti pu\u00f2 redimere. Puoi essere la persona pi\u00f9 meschina sulla terra, e la potenza della Conoscenza ti pu\u00f2 comunque redimere.<\/p>\n<p>Ogni passo che fai verso La Conoscenza \u00e8 un passo verso la tua riconciliazione\u2014con la tua Fonte, con la tua Famiglia Spirituale che ti ha mandato nel mondo\u2014una riconciliazione con la tua natura profonda, una riconciliazione con la vita. \u00c8 una riconciliazione che emana dalla Conoscenza dentro di te e richiama la parte di te che si identifica con il mondo ed \u00e8 persa nel mondo.<\/p>\n<p>Quello che ti porta al percorso di riconciliazione \u00e8 la realizzazione che veramente sei perso nel mondo e che altri intorno a te hanno la stessa condizione e lo stesso svantaggio. Questa realizzazione, che \u00e8 interamente onesta e di cui c\u2019\u00e8 grande bisogno, ti deluder\u00e0 a punto tale che ti renderai conto che devi cercare un significato superiore per la tua vita. Questo \u00e8 l\u2019inizio della riconciliazione.<\/p>\n<p>Potresti ritenere di non essere responsabile verso nulla in particolare, eccetto forse verso i tuoi figli e la tua famiglia diretta, la tua famiglia vicina, ma in verit\u00e0 sei responsabile verso coloro che ti hanno mandato nel mondo. Saranno loro ad aspettarti quando lascerai questo mondo, e prima di loro, tu ti renderai conto se hai realizzato o no i tuoi obiettivi qua.<\/p>\n<p>Qualunque sia l\u2019esito, loro ti tratteranno con grande amore e rispetto, dunque non c\u2019\u00e8 dannazione, vedete. Dio non condanna la Creazione. Ma Dio ha messo in moto le forze di riconciliazione che redimeranno quella piccola parte di Creazione che sta vivendo in Separazione, quella piccola parte di Creazione che chiamate l\u2019universo fisico. Non potete in alcun modo immaginare cosa significa questo o raffigurarvelo. Ovviamente no. Questo sta oltre la portata dell\u2019intelletto, come lo \u00e8 la maggior parte delle cose di significanza superiore.<\/p>\n<p>Il tuo compito \u00e8 intraprendere i Passi verso La Conoscenza e avere l\u2019onest\u00e0 di renderti conto che senza questa guida superiore dentro di te, le tue decisioni saranno deboli, asserite sulla base di deboli supposizioni, su desideri mutevoli, su attrazioni momentanee e soprattutto basate sulla triturante realt\u00e0 della paura che tanto permea la tua vita e la vita di altri, che passa quasi inosservata eccetto quando si sta esprimendo in modi estremi.<\/p>\n<p>La costanza di questa paura la fa scomparire dalla consapevolezza delle persone. Loro credono che significhi solo essere normali\u2014un genere normale di ansia, un genere normale di inadeguatezza. Quando le persone esprimono ci\u00f2, loro dicono, \u201cB\u00e8, quello \u00e8 semplicemente normale\u201d \u2014un normale stato di paura e di apprensione, un normale stato di sfinimento e di confusione. Le persone si sono adattate a una condizione miserabile, e chiamano questo normale.<\/p>\n<p>Pi\u00f9 in profondit\u00e0, al livello della tua vera natura, al livello della Conoscenza non \u00e8 proprio accettabile. Quando arrivi a rendertene conto, sar\u00e0 la svolta della tua vita, a prescindere dalla tua et\u00e0 e dalle tue circostanze, a prescindere che tu sia ricco o povero, single o sposato, non importa a quale tradizione di fede aderisci, o se sei senza tradizione di fede. Non importa quale sia la nazione o cultura o la persuasione politica del tuo governo, \u00e8 lo stesso. \u00c8 la stessa cosa se sei umano o se appartieni a un\u2019altra razza nel mondo. \u00c8 lo stesso dilemma, vedi. Non si limita alla condizione umana. \u00c8 la condizione della Separazione stessa.<\/p>\n<p>La tua mente cercher\u00e0 di fare s\u00ec che la Separazione abbia successo. Cercher\u00e0 di essere felice, ricca e contenta e di raccogliere tutte le cose che la gente crede di dover avere per assicurare la propria felicit\u00e0. Ma pi\u00f9 lei raccoglie, pi\u00f9 sar\u00e0 terrorizzata di perdere le cose che ha raccolto. E pi\u00f9 apprensiva diverr\u00e0 come passano gli anni e tu invecchi e le cose iniziano a sbiadire.<\/p>\n<p>La gente si sforza, con costi immensi, per cercare di far s\u00ec che la Separazione abbia successo e sia gradevole, adempiente e completa, ma non riescono mai proprio a farlo, vedete. Ci vuole grande umilt\u00e0 per rinunciare alla ricerca, per finalmente rendersi conto che serve essere connessi a un potere superiore\u2014non il potere del vostro governo o il potere della vostra comunit\u00e0 o il potere delle vostre affiliazioni religiose o il potere della vostra famiglia o il potere di qualsiasi cosa nel mondo, ma il potere del Creatore, un potere superiore. Anche se non siete religiosi nei vostri pensieri e nelle vostre associazioni, \u00e8 sempre lo stesso. Solo che lo descriverete in modo diverso, null\u2019altro.<\/p>\n<p>La vita ti pu\u00f2 servire deludendoti in questo modo, portandoti alla vera presa di coscienza interiore, che \u00e8 l\u2019inizio della riconciliazione. Se ti rendi conto che non puoi veramente rispondere alle maggiori domande che emergeranno, allora ti devi rivolgere a un potere superiore, una fonte superiore, a prescindere da come la definisci. Anche se all\u2019inizio le tue definizioni saranno incomplete e forse anche sciocche, \u00e8 l\u2019inizio di un grande sodalizio.<\/p>\n<p>A Dio non importa a quale religione appartieni. Dio non \u00e8 attaccato alla teologia di alcuna religione, perch\u00e9 nell\u2019universo ci sono innumerevoli religioni. Dio risponder\u00e0 alla svolta della tua vita, all\u2019apertura del tuo cuore, all\u2019emergente bisogno dell\u2019anima, il bisogno pi\u00f9 profondo che hai, che \u00e8 il bisogno di compiere il tuo scopo facendone lo strumento di riconciliazione.<\/p>\n<p>Qua il servizio nel mondo non \u00e8 una punizione. \u00c8 il processo che consente alla Conoscenza dentro di te di emergere nella tua consapevolezza e diventare la forza pi\u00f9 importante nella tua vita. Non fosti mandato nel mondo per fare penitenza come se tu fossi un galeotto che deve andare l\u00e0 fuori e fare del lavoro forzato per scontare la sua condanna. Non \u00e8 per niente cos\u00ec. Il servizio che rendi \u00e8 quello che genera la riconciliazione per te e quello che nutre e cresce la riconciliazione per altri.<\/p>\n<p>Perch\u00e9 quale \u00e8 la pi\u00f9 potente evidenza di Dio nel mondo se non l\u2019evidenza del dare altruistico, della cura per gli altri anche se loro non si curano di te, la cura per la terra anche se la terra sembra indifferente alla tua esistenza? Questa \u00e8 la dimostrazione pi\u00f9 profonda che ci sia del Creatore. Questo \u00e8 ci\u00f2 che muove la gente. Questo \u00e8 ci\u00f2 che apre i cuori della gente. Questo \u00e8 ci\u00f2 che la connette alla sua coscienza profonda e le d\u00e0 il senso di avere anche lei una connessione superiore e una responsabilit\u00e0 superiore stando nel mondo.<\/p>\n<p>Non vi potete riconciliare per conto vostro. Questa non \u00e8 un\u2019impresa intellettuale. Potete formulare i sistemi di fede pi\u00f9 eleganti possibile, ma non \u00e8 la riconciliazione. Siete ancora persi nei vostri pensieri. Siete ancora dissociati da voi stessi. Siete ancora disconnessi. Siete governati dalle convinzioni e dalle supposizioni e non avete ancora veramente intrapreso il viaggio superiore.<\/p>\n<p>Questo \u00e8 un diverso genere di viaggio. Non ve lo inventate. Non \u00e8 il prodotto di quando rattoppate insieme diverse idee religiose o spirituali che trovate valide. Non \u00e8 il prodotto di avere una grande filosofia o ideologia. \u00c8 qualcosa di pi\u00f9 innato, pi\u00f9 autentico, che succede a un livello pi\u00f9 profondo che sta muovendo la vostra vita.<\/p>\n<p>Questo \u00e8 l\u2019inizio della Grande Attrazione del Creatore per il Creato. Quando inizierete a intraprendere i passi verso la riconciliazione, inizierete, molto intermittentemente all\u2019inizio, a sentire la Grande Attrazione. \u00c8 cos\u00ec che Dio vi richiama alla Fonte, dalla Grande Attrazione.<\/p>\n<p>Non \u00e8 minacciandovi con l\u2019Inferno e la dannazione. Non \u00e8 promettendovi il paradiso, che vi potete solo immaginare come un luogo fisico. Non \u00e8 conquistandovi con grandi promesse di gioia, estasi e realizzazione. Forse quello \u00e8 ci\u00f2 che serve per persuadervi al livello della vostra mente terrena, ma pi\u00f9 in profondit\u00e0 l\u2019attrazione \u00e8 l\u2019attrazione.<\/p>\n<p>\u00c8 il grande amore che sta operando dentro di te, generando la sua inerente attrazione. \u00c8 il grande amore che sentirai per certe persone con le quali hai uno scopo e un destino superiore, un amore che appare molto diverso dalle febbrili, romantiche, imprese a cui la gente qua si concede.<\/p>\n<p>La riconciliazione \u00e8 la cosa pi\u00f9 importante. \u00c8 pi\u00f9 importante di qualsiasi altra cosa che voi create perch\u00e9 questo \u00e8 ci\u00f2 che ti riconcilier\u00e0 con la tua Fonte e questo \u00e8 ci\u00f2 che veramente ispirer\u00e0 gli altri quando sono con te. Creare cose utili per la societ\u00e0 ha valore ed ha grande merito, ma anche al di l\u00e0 di questo, c\u2019\u00e8 la tua presenza nel mondo e c\u2019\u00e8 la potenza di ci\u00f2 che ti guida e il significato di ci\u00f2 che ti guida.<\/p>\n<p>Questo \u00e8 ci\u00f2 che ti d\u00e0 straordinario coraggio. Questo \u00e8 ci\u00f2 che ti d\u00e0 straordinaria perseveranza. Questo \u00e8 ci\u00f2 che ti d\u00e0 gli occhi per vedere e la chiarezza per discernere quello che \u00e8 vero da quello che \u00e8 falso, quello che \u00e8 buono da quello che solo sembra buono. Cos\u00ec vedete la differenza tra il vero sodalizio con un\u2019altra persona e un\u2019effimera passione o voglia.<\/p>\n<p>Dio redime i separati attraverso La Conoscenza, in questo mondo e in tutti i mondi. Va bene che non riuscite a comprendere intellettualmente questo, o trasformarlo in qualche genere di semplice formula in cui credere. Tutto quello che Dio veramente fa \u00e8 incomprensibile, ma ci\u00f2 non significa che non possa essere vissuto e apprezzato.<\/p>\n<p>Le persone che credono che Dio stia gestendo ogni piccola cosa nella loro vita stanno sottovalutando la maest\u00e0 e la potenza del Creatore. Perch\u00e9 Dio non sta gestendo ogni piccola cosa nella tua vita. \u00c8 il tuo lavoro gestire ogni piccola cosa della tua vita. Dio non sta salvando il mondo. Dio ha mandato te qua a salvare il mondo. Tu hai una piccola ma essenziale parte da giocare. S non giochi questa parte, il mondo diventa buio. Le sue possibilit\u00e0 diminuiscono.<\/p>\n<p>Non puoi fuggire da questa responsabilit\u00e0 e da questa attribuzione. Fa parte di ci\u00f2 che ti redime, che ti d\u00e0 potenza e coraggio, ma non \u00e8 una verit\u00e0 con la quale puoi negoziare. Non importa quali siano le circostanze della tua vita, che determineranno in parte quello che sarai in grado di conseguire qua, l\u2019accordo e l\u2019impegno sono sempre l\u00e0.<\/p>\n<p>La parte di te che \u00e8 connessa a Dio non pu\u00f2 essere regolata o utilizzata dalla parte di te che \u00e8 ancora dissociata da Dio. Per quello non puoi usare La Conoscenza per ottenere quello che vuoi. Puoi solo seguire La Conoscenza e consentirle di condurti a un compimento superiore e una pi\u00f9 grande riconciliazione.<\/p>\n<p>Questo \u00e8 ci\u00f2 che ammirate nelle persone veramente creative e generose. Questo \u00e8 ci\u00f2 che ammirate in coloro che dimostrano il dare disinteressato, non solo su grande scala, ma anche su semplice scala. Questo \u00e8 il servizio che i genitori danno al loro figlio. Questo \u00e8 il servizio che un vero cittadino d\u00e0 alla sua comunit\u00e0.<\/p>\n<p>Questa \u00e8 la grande forza motivante. Potrebbe essere confusa con altre imprese egoistiche, come spesso \u00e8 il caso, ma una volta che \u00e8 rimosso ci\u00f2 che \u00e8 falso, vedete la potenza della riconciliazione al lavoro.<\/p>\n<p>Le persone vogliono molte cose. Loro hanno paura di perdere quello che hanno e di non trovare quello che stanno cercando. Le persone vogliono molte cose. Ma nel profondo, sotto la superficie della mente, loro stanno cercando la riconciliazione.<\/p>\n<p>Questo \u00e8 ci\u00f2 che vi connette alla vostra vita prima di questo mondo e alla vita che verr\u00e0. Questo \u00e8 ci\u00f2 che vi connette e vi d\u00e0 integrit\u00e0 e termina il terribile conflitto e la confusione che la gente chiama la vita nomale. Questo \u00e8 ci\u00f2 che porta la pace alla vostra natura pi\u00f9 profonda perch\u00e9 finalmente essa \u00e8 riconosciuta e le viene data risposta. Questo \u00e8 ci\u00f2 che vi dar\u00e0 un viaggio diverso nella vita e porter\u00e0 nella vostra vita una qualit\u00e0 di relazione che altrimenti non potreste trovare. Questo \u00e8 ci\u00f2 che vi dar\u00e0 gli occhi per vedere e le orecchie per udire. Questo \u00e8 ci\u00f2 che vi metter\u00e0 in grado di dare un servizio superiore e una responsabilit\u00e0 superiore.<\/p>\n<p>Qua avrete momenti in cui sentirete la potenza e la presenza del Cielo, solo in momenti, perch\u00e9 \u00e8 quanto basta. Qua sarete in grado di superare la vostra stessa paura e indolenza. Sarete in grado di superare la vostra debolezza e la vostra vulnerabilit\u00e0 perch\u00e9 c\u2019\u00e8 una potenza superiore che emerge dentro di voi, la potenza e la presenza della Conoscenza.<\/p>\n<p>Devi comunque essere una persona che funziona nel mondo. Devi comunque occuparti degli innumerevoli compiti che hai nel mondo, e molti di essi cresceranno e diverranno pi\u00f9 importanti. Questa non \u00e8 una fuga dal mondo ma una preparazione per il mondo, per interagire nel mondo in un modo maggiore, con un maggiore incentivo e una maggiore consapevolezza.<\/p>\n<p>Dio sta chiamando i separati a rispondere\u2014non per portarli fuori dal mondo ma per portarli nel mondo con uno scopo superiore, una direzione superiore e una potenza superiore.<\/p>\n<p>Siete stati mandati qua per servire, ma siete anche stati mandati qua per vivere la riconciliazione. \u00c8 facile sentirsi riconciliati quando non si \u00e8 qua. L\u00e0 tutto \u00e8 ovvio, tutto \u00e8 evidente. Le vostre domande declinano. La relazione \u00e8 dappertutto; \u00e8 onnipresente. Voi siete capiti. Voi capite.<\/p>\n<p>Ma quando giungete nel mondo, questo lo perdete. Siete ciechi. Siete ignoranti. Siete vulnerabili. \u00c8 a questo livello che la riconciliazione deve avvenire. Non potete correre a casa in Paradiso o credere che se siete un bravo ragazzo o una brava ragazza potete andare in Paradiso\u2014qualunque sia il suo aspetto nella vostra immaginazione. No, per niente. Se fate bene, vi viene assegnato un servizio superiore. Al di l\u00e0 di questo mondo, inizierete a servire quelli che rimangono indietro. Dio non sprecher\u00e0 il vostro conseguimento, ma lo impiegher\u00e0 in modi pi\u00f9 grandi.<\/p>\n<p>Una volta che avrete ottenuto la riconciliazione, allora vorrete in via naturale promuoverla e supportarla negli altri. Questo \u00e8 il naturale desiderio del cuore.<br \/>\nNon potete trattenere la riconciliazione per voi stessi, come se steste afferrando qualche genere di ricchezza. \u00c8 qualcosa che deve fluire attraverso voi, e in via naturale lo far\u00e0.<\/p>\n<p>La Nuova Rivelazione di Dio lo chiarisce, ma questo \u00e8 presente in tutte le grandi religioni del mondo. Per\u00f2 l\u00e0 queste grandi verit\u00e0 sono state oscurate, coperte dalla fede, dallo sfarzo, dalla storia e dall\u2019errata interpretazione. Per quello la Rivelazione di Dio per questo tempo e per i tempi che verranno deve chiarire queste cose nel modo pi\u00f9 semplice possibile e le deve ripetere costantemente affinch\u00e9 voi possiate iniziare a capire ed essere rammentati che siete qua per uno scopo superiore e che c\u2019\u00e8 una riconciliazione superiore che deve avvenire nella vostra vita, e avverr\u00e0 quando inizierete a intraprendere i Passi verso La Conoscenza ed a rispondere ai pi\u00f9 profondi bisogni del vostro cuore e della vostra anima.<\/p>\n","protected":false},"excerpt":{"rendered":"<p>Voi state vivendo in Separazione\u2014separati dalla Creazione stessa, separati dalla vostra Fonte, separati anche dalla vostra natura profonda\u2014vivendo in una parte diversa della vostra mente, una mente che \u00e8 stata modellata e condizionata dalla vostra esperienza del mondo. Ti identifichi con il tuo corpo e con le tue idee. Ti dai un nome. Sei distinto\u2026 <a class=\"read-more\" href=\"https:\/\/www.v6.newmessage.org\/it\/about-text-shortcode\"><span>Read More<\/span><\/a><\/p>\n","protected":false},"author":1,"featured_media":0,"parent":28507,"menu_order":0,"comment_status":"closed","ping_status":"closed","template":"template-leftsidebar.php","meta":{"_monsterinsights_skip_tracking":false,"_monsterinsights_sitenote_active":false,"_monsterinsights_sitenote_note":"","_monsterinsights_sitenote_category":0,"footnotes":""},"categories":[117,76,77,924,460],"tags":[749,740,745,750,675,743,748,741,746,744,747,394,742],"_links":{"self":[{"href":"https:\/\/www.v6.newmessage.org\/it\/wp-json\/wp\/v2\/pages\/613"}],"collection":[{"href":"https:\/\/www.v6.newmessage.org\/it\/wp-json\/wp\/v2\/pages"}],"about":[{"href":"https:\/\/www.v6.newmessage.org\/it\/wp-json\/wp\/v2\/types\/page"}],"author":[{"embeddable":true,"href":"https:\/\/www.v6.newmessage.org\/it\/wp-json\/wp\/v2\/users\/1"}],"replies":[{"embeddable":true,"href":"https:\/\/www.v6.newmessage.org\/it\/wp-json\/wp\/v2\/comments?post=613"}],"version-history":[{"count":22,"href":"https:\/\/www.v6.newmessage.org\/it\/wp-json\/wp\/v2\/pages\/613\/revisions"}],"predecessor-version":[{"id":28512,"href":"https:\/\/www.v6.newmessage.org\/it\/wp-json\/wp\/v2\/pages\/613\/revisions\/28512"}],"up":[{"embeddable":true,"href":"https:\/\/www.v6.newmessage.org\/it\/wp-json\/wp\/v2\/pages\/28507"}],"wp:attachment":[{"href":"https:\/\/www.v6.newmessage.org\/it\/wp-json\/wp\/v2\/media?parent=613"}],"wp:term":[{"taxonomy":"category","embeddable":true,"href":"https:\/\/www.v6.newmessage.org\/it\/wp-json\/wp\/v2\/categories?post=613"},{"taxonomy":"post_tag","embeddable":true,"href":"https:\/\/www.v6.newmessage.org\/it\/wp-json\/wp\/v2\/tags?post=613"}],"curies":[{"name":"wp","href":"https:\/\/api.w.org\/{rel}","templated":true}]}}