{"id":594,"date":"2011-08-19T12:42:11","date_gmt":"2011-08-19T12:42:11","guid":{"rendered":"http:\/\/wp.www.newmessage.org\/?p=594"},"modified":"2018-02-04T23:46:08","modified_gmt":"2018-02-04T23:46:08","slug":"dio-sta-muovendo-lumanita-in-una-nuova-direzione","status":"publish","type":"page","link":"https:\/\/www.v6.newmessage.org\/it\/il-messaggio\/volume-1\/dio-ha-parlato-di-nuovo\/dio-sta-muovendo-lumanita-in-una-nuova-direzione","title":{"rendered":"Dio sta muovendo l\u2019Umanit\u00e0 in una Nuova Direzione"},"content":{"rendered":"<div><!-- 4.1 Verse --><\/div>\n\n<div class=\"tabgroup \"><ul class=\"tabs\"><li><a href=\"#tabs-1\">Ascolta<\/a><\/li>\n<li><a href=\"#tabs-2\">Nota<\/a><\/li><\/ul>\n <div id=\"tabs-1\"><br \/>\nAscolta la Voce della Rivelazione Originale in Inglese:<\/p>\n<div id=\"jquery_jplayer_1\" class=\"jp-jplayer\"><\/div>\n\t\t\t\t<div id=\"jp_container_1\" class=\"jp-audio\">\n\t\t\t\t<div class=\"jp-type-single\"><div class=\"jp-control\"><a href=\"javascript:;\" class=\"jp-play\" tabindex=\"1\">play<\/a><a href=\"javascript:;\" class=\"jp-pause\" tabindex=\"1\">pause<\/a><\/div> <div class=\"jp-gui jp-interface\"><div class=\"jp-volume\"><div class=\"jp-volume-bar\"><div class=\"jp-volume-bar-value\"><\/div><\/div><\/div><div class=\"jp-progress\"><div class=\"jp-seek-bar\"><div class=\"jp-play-bar\"><\/div><\/div><\/div><\/div>\t\t\t\t\t<div class=\"jp-no-solution\"><span>Update Required<\/span>To play the media you will need to either update your browser to a recent version or update your <a href=\"http:\/\/get.adobe.com\/flashplayer\/\" target=\"_blank\">Flash plugin<\/a>.<\/div><\/div><\/div>\n\t\t\t<script type='text\/javascript'>\n\t\t\t\tjQuery(document).ready(function() {\n\t\t\t\t\tif (typeof (sermonMedia) == 'function') {\n\t\t\t\t\t\tsermonMedia.addAudio('', \"jquery_jplayer_1\");\n\t\t\t\t\t}\n\t\t\t\t\tjQuery.jPlayer.timeFormat.showHour = true;\n\t\t\t\t\tjQuery(\"#jquery_jplayer_1\").jPlayer({\n\t\t\t\t\t\tready: function(event) {\n\t\t\t\t\t\t\tjQuery(this).jPlayer(\"setMedia\", {mp3: 'https:\/\/www.newmessage.org\/av\/god-is-moving-humanity-in-a-new-direction.mp3'});\n\t\t\t\t\t\t},\n\t\t\t\t\t\tplay: function() {\n\t\t\t\t\t\t\tjQuery(this).jPlayer(\"pauseOthers\");\n\t\t\t\t\t\t},\n\t\t\t\t\t\tswfPath: ThemeData.directory_uri+\"\/swf\",\n\t\t\t\t\t\tsolution: \"html, flash\",\n\t\t\t\t\t\tpreload: \"metadata\",\n\t\t\t\t\t\twmode: \"window\",\n\t\t\t\t\t\tsupplied: \"mp3\",\n\t\t\t\t\t\tcssSelectorAncestor: '#jp_container_1'\n\t\t\t\t\t});\n\t\t\t\t});\n\t\t\t<\/script><\/p>\n<p><a title=\"God Is Moving Humanity in a New Direction\" href=\"https:\/\/www.newmessage.org\/av\/god-is-moving-humanity-in-a-new-direction.mp3\">Download<\/a> (clicca tasto destro del mouse)<\/p>\n<p><em>Come rivelato al Messaggero di Dio<br \/>\nMarshall Vian Summers<br \/>\nIl 22 Aprile 2011<br \/>\nin Boulder, Colorado<\/em><\/p>\n<div class=\"toggle toggle-white\"><h4 class=\"trigger \"><span class=\"t_ico\"><\/span><a href=\"#\">Note riguardo a questa registrazione<\/a><\/h4><div class=\"toggle_container \"><br \/>\n<p>Quella che state sentendo in questa registrazione \u00e8 la voce della <u>Assemblea <\/u>Angelica che sta parlando tramite il <u>Messaggero <\/u>Marshall Vian Summers.<\/p>\n<p>Qua, la comunicazione originale di Dio, che esiste al di l\u00e0 delle parole, \u00e8 tradotta nel linguaggio e nella comprensione umana dall\u2019Assemblea Angelica che veglia sul mondo. Poi l\u2019Assemblea consegna il Messaggio di Dio tramite il Messaggero.<\/p>\n<p>In questo notevole processo, la Voce della Rivelazione sta parlando di nuovo. La Parola e il suono della Voce sono nel mondo. Per la prima volta nella storia, la registrazione dell\u2019originale rivelazione parlata \u00e8 disponibile affinch\u00e9 voi e il mondo la possiate sentire.<\/p>\n<p>Possiate voi essere i destinatari di questo dono di Rivelazione e possiate essere aperti a ricevere il suo Messaggio unico per voi e per la vostra vita.<\/p>\n<br \/>\n<\/div><\/div>\n<p><\/div>\n<div id=\"tabs-2\"><br \/>\n<em>Nota per il Lettore:<br \/>\nQuesta traduzione \u00e8 stata fornita a The Society da uno studente del Nuovo Messaggio che si \u00e8 offerto volontario per tradurre il testo originale in Inglese. Noi rendiamo questa traduzione disponibile al mondo in questa forma iniziale affinch\u00e9 le persone abbiano la possibilit\u00e0 di interagire con una porzione del Nuovo Messaggio nella propria lingua.<\/em><br \/>\n<\/div>\n\t\t\t\t<div align=\"right\">\n\t\t\t<div class=\"fb-like\" data-href=\"\" data-layout=\"button_count\" data-action=\"like\" data-show-faces=\"false\" data-share=\"false\"><\/div>\n\t\t\t<div class=\"fb-share-button\" data-layout=\"button_count\"> <\/div>\n\t\t\t<div class=\"fb_iframe_widget\"><a href=\"https:\/\/twitter.com\/godsnewmessage?ref_src=twsrc%5Etfw\" class=\"twitter-follow-button\" data-show-count=\"false\">Follow @godsnewmessage<\/a><script async src=\"https:\/\/platform.twitter.com\/widgets.js\" charset=\"utf-8\"><\/script><\/div>\n\t\t\t<\/div> <\/div> \n\n<p>Dio sta muovendo l\u2019umanit\u00e0 in una nuova direzione, una direzione in cui essa non dovette muoversi prima d\u2019ora. Perch\u00e9 il mondo \u00e8 cambiato e l\u2019umanit\u00e0 sta di fronte a una Comunit\u00e0 Pi\u00f9 Grande di vita nell\u2019universo\u2014un grande cambiamento, una grande soglia in una lunga evoluzione, un tempo di immenso disordine e incertezza, un pericoloso tempo per la famiglia umana, un tempo che avanzer\u00e0 con un veloce dispiegarsi di eventi.<\/p>\n<p>Dio sta muovendo l\u2019umanit\u00e0 in una nuova direzione, verso una comunit\u00e0 mondiale capace di sostenere il mondo, capace di incontrare la realt\u00e0 della vita nell\u2019universo, che sar\u00e0 scagliata su di voi ed \u00e8 scagliata su di voi anche in questo momento. \u00c8 un grande cambiamento che molta gente sente, ma non comprende.<\/p>\n<p>Il movimento del mondo sta accelerando e la vita della gente sar\u00e0 sovrastata e disfatta dal grande cambiamento ambientale che sta avendo luogo e dal disordine politico ed economico. Tutto questo \u00e8 adesso in movimento e non pu\u00f2 essere fermato, solo mitigato. Questo richieder\u00e0 un grande adattamento.<\/p>\n<p>\u00c8 presso questa grande soglia nella storia dell\u2019umanit\u00e0 che una Nuova Rivelazione \u00e8 stata mandata nel mondo e un Messaggero \u00e8 stato mandato qua per riceverla, prepararla e presentarla. Per lui, questo \u00e8 un lungo viaggio, un lungo e difficile viaggio.<\/p>\n<p>Il Messaggio per l\u2019umanit\u00e0 ora \u00e8 grande, pi\u00f9 esaustivo e completo di qualsiasi Messaggio che sia mai stato mandato nel mondo, completo con l\u2019insegnamento e il commentario affinch\u00e9 la sua saggezza e Conoscenza possano essere rilevate e applicate correttamente e non semplicemente lasciate all\u2019interpretazione umana.<\/p>\n<p>Le persone non vedono, non sentono. Loro sono estranei a se stessi e le capacit\u00e0 native di discernere l\u2019ambiente, per molti, sono state perse e non sono sviluppate.<\/p>\n<p>Questo rende il compito del Messaggero pi\u00f9 difficile. Egli deve portare il Mistero, perch\u00e9 la Rivelazione \u00e8 al di l\u00e0 del reame dell\u2019intelletto e certamente non \u00e8 condizionata dalle aspettative, dalle convinzioni e dalla comprensione della gente.<\/p>\n<p>Dio sta muovendo il mondo in una nuova direzione. \u00c8 una direzione che fu sempre voluta, ma sar\u00e0 nuova per la gente del mondo. Sar\u00e0 nuova per la tua comprensione.<\/p>\n<p>Le grandi Rivelazioni dal Creatore sono sempre cos\u00ec. Presentano sempre una nuova Realt\u00e0, una nuova consapevolezza, una nuova dimensione e una maggiore speranza.<\/p>\n<p>Il mondo diventa pi\u00f9 scuro e questa maggiore speranza occorre ora. Solo la luce della Conoscenza, l\u2019intelligenza superiore che il Creatore ha conferito alla famiglia umana e a tutte le razze nell\u2019universo, solo questo ora pu\u00f2 permettervi di comprendere e rispondere.<\/p>\n<p>Perch\u00e9 voi ritornate a Dio secondo le regole di Dio. E i Messaggi di Dio devono essere compresi, come essi veramente sono e come \u00e8 inteso che siano.<\/p>\n<p>Ci sar\u00e0 molta lotta e contesa con ci\u00f2 e il Messaggero e gli adepti del Messaggero devono affrontare questa difficolt\u00e0, questa frustrazione, ed esercitare grande pazienza.<\/p>\n<p>Una tale Rivelazione non sar\u00e0 accettata all\u2019inizio e solo i pochi saranno capaci di rispondere completamente. Ma con l\u2019avanzare del tempo e il crescere della turbolenza del mondo, il Nuovo Messaggio acquister\u00e0 maggiore attrattivit\u00e0, maggiore riconoscimento e maggiore rilevanza.<\/p>\n<p>Sta rispondendo a domande che tu non hai neanche posto. \u00c8 una preparazione per il futuro cos\u00ec come anche un rimedio per il presente.<\/p>\n<p>I vostri filosofi e teologi non sapranno come interpretarla. Loro avranno rimostranze nei suoi confronti. Non sar\u00e0 conforme alla loro comprensione, sulla quale hanno investito cos\u00ec tanto di se stessi. I leader religiosi contenderanno contro di lei perch\u00e9 parla di un realt\u00e0 che ancora non riconoscono.<\/p>\n<p>Dio sta muovendo l\u2019umanit\u00e0 in una nuova direzione. Il Messaggero \u00e8 qua per dare la Rivelazione. Lui ci ha messo delle decadi per riceverla. Ci vorranno decadi affinch\u00e9 essa sia riconosciuta nel mondo.<\/p>\n<p>Ma il problema \u00e8 il tempo. L\u2019Umanit\u00e0 non ha molto tempo per prepararsi per un nuovo mondo e per il contatto con la vita nell\u2019universo\u2014contatto che \u00e8 gi\u00e0 in corso, contatto che si porta appresso un pericoloso scopo e una pericolosa intenzione.<\/p>\n<p>La gente \u00e8 ossessionata dai propri bisogni, le loro faccende, il loro anelare e i loro desideri. Loro non vedono il movimento del mondo. Perch\u00e9 il mondo \u00e8 cambiato, ma la gente non \u00e8 cambiata con lui e ora state di fronte a un nuovo insieme di realt\u00e0.<\/p>\n<p>Cosa dir\u00e0 Dio riguardo a questo, quando la gente si sentir\u00e0 sopraffatta, quando le loro profezie per il futuro non si avvereranno, quando il ritorno del loro salvatore non avverr\u00e0, quando crederanno che Dio stia creando tutti questi problemi per loro?<\/p>\n<p>La Rivelazione si rivolge a tutte queste cose. Ma tu devi essere aperto alla Rivelazione e tu devi affrontare la prospettiva di grande cambiamento, perch\u00e9 esso \u00e8 su di te e sul mondo e andr\u00e0 avanti.<\/p>\n<p>Tu non puoi tornare indietro di migliaia di anni e cercare di comprendere quello che sta succedendo oggi. Perch\u00e9 l\u2019evoluzione dell\u2019umanit\u00e0 si \u00e8 spostata in una nuova posizione, una posizione di dominanza nel mondo e una posizione di superiore vulnerabilit\u00e0 nell\u2019universo.<\/p>\n<p>Dove inizier\u00e0, questa istruzione, a prepararvi per un nuovo mondo e per la Comunit\u00e0 Pi\u00f9 Grande di vita\u2014due eventi che altereranno il corso della storia umana e impatteranno la vita di ogni persona?<\/p>\n<p>I governi non lo sanno. I leader religiosi non lo sanno. Gli esperti non lo sanno. Le universit\u00e0 non possono preparare la gente.<\/p>\n<p>La Rivelazione deve arrivare dal Creatore di tutta la vita e questo \u00e8 quanto sta succedendo ora. Perch\u00e9 state vivendo in un tempo di Rivelazione e il Messaggero \u00e8 nel mondo. Fintanto che lui \u00e8 nel mondo, tu hai l\u2019opportunit\u00e0 di ricevere e prepararti. Quando se ne sar\u00e0 andato, sar\u00e0 diverso. Sar\u00e0 pi\u00f9 difficile. In questo, lui \u00e8 la Luce nel mondo.<\/p>\n<p>Egli \u00e8 un uomo umile e non fa dichiarazioni oltre a quella di essere il Messaggero, perch\u00e9 quello \u00e8 il ruolo che \u00e8 stato assegnato a lui. Egli deve preparare l\u2019umanit\u00e0 per un nuovo mondo attraverso la Rivelazione. Egli deve preparare l\u2019umanit\u00e0 per la Comunit\u00e0 Pi\u00f9 Grande attraverso la Rivelazione. Egli deve parlare del grande cambiamento che sta arrivando e che sovrasta la gente di ogni luogo, per mezzo della Rivelazione.<\/p>\n<p>Dio sta muovendo l\u2019umanit\u00e0 in una nuova direzione. \u00c8 capace l\u2019umanit\u00e0 di muoversi? \u00c8 capace la gente di rispondere? Sei capace tu di rispondere? Sei capace tu di accettare il fatto che stai vivendo in un tempo di Rivelazione e di considerare ci\u00f2 che questo significa per la tua vita e la sfida che questo mette di fronte a te?<\/p>\n<p>La gente non si rende conto di quanto la loro vita e le loro circostanze dipendono dalla condizione del mondo e dal movimento del mondo. Solo nelle nazioni pi\u00f9 povere \u00e8 sempre presente questa realt\u00e0 sovrastante. In nazioni affluenti, l\u2019affluenza ti isola dalla maggiore realt\u00e0 della vita, in una certa misura, per un periodo di tempo. Ma questa affluenza diminuir\u00e0 e le realt\u00e0 maggiori sono sopra di voi.<\/p>\n<p>Il modo in cui l\u2019umanit\u00e0 risponder\u00e0 e si preparer\u00e0 far\u00e0 tutta la differenza. Quello che informer\u00e0 le decisioni degli individui far\u00e0 tutta la differenza. Quale voce ascolteranno, se sar\u00e0 la potenza e la presenza della Conoscenza che Dio ha dato loro per guidarli e per proteggerli, o se sar\u00e0 la voce della loro cultura o la voce della paura o la voce della rabbia e dell\u2019ambizione.<\/p>\n<p>Queste scelte sono fondamentali per l\u2019individuo e quello che gli individui decideranno determiner\u00e0 la sorte e il futuro dell\u2019umanit\u00e0. Pertanto, la responsabilit\u00e0 cade su tutti, non solo sui leader e sulle istituzioni.<\/p>\n<p>Per questo Dio sta portando il Nuovo Messaggio alla gente e non ai leader delle nazioni. Perch\u00e9 i leader non sono liberi. Loro sono vincolati dal loro ufficio e legati a quelli che li hanno fatti eleggere, alle aspettative degli altri.<br \/>\nPer questo la Rivelazione sta arrivando a te e alle persone. Sono le loro decisioni e la loro determinazione che faranno tutta la differenza.<\/p>\n<p>La gente vuole molte cose. Loro non vogliono perdere quello che hanno. Loro sono presi nel momento. Loro non possiedono la prospettiva per vedere dove sta andando la loro vita.<\/p>\n<p>La Rivelazione sar\u00e0 un grande shock e una grande sfida per ogni persona. Ma questo shock e questa sfida sono lo shock della Rivelazione. La sfida \u00e8 quella di essere di fronte alla Volont\u00e0 del Creatore. La sfida \u00e8 se sai rispondere e la natura della tua risposta.<\/p>\n<p>Tu non puoi stare dove sei, perch\u00e9 il mondo \u00e8 cambiato e cambier\u00e0 ancora. Si sta muovendo. Ti devi muovere con lui. Questo \u00e8 essere in armonia con la vita. Questo \u00e8 venire fuori dall\u2019isolamento. Questo \u00e8 liberare te stesso dalla distrazione e dall\u2019ossessione. Questo \u00e8 imparare ad ascoltare, a guardare, a calmare la tua mente cos\u00ec puoi vedere. Questo \u00e8 rinunciare ai rancori cos\u00ec puoi capire dove sei. Questo \u00e8 intraprendere i Passi verso La Conoscenza cos\u00ec la Presenza e la Potenza di Dio possono parlare attraverso te ed a te.<\/p>\n<p>Questa \u00e8 la Rivelazione che sta portando l\u2019umanit\u00e0 in una nuova direzione. \u00c8 disponibile, la gente, ad andare oppure rimarr\u00e0 indietro\u2014di fronte alle Grandi Onde del cambiamento, addormentata sulla spiaggia quando le Grandi Onde aumentano, vivendo sulla costa pensando che vada tutto bene, vivendo alla giornata, incapace di rispondere ai segnali del mondo, vivendo su ipotesi che non stanno al passo con la realt\u00e0 della vita?<\/p>\n<p>Chi \u00e8 capace di rispondere? Chi guarder\u00e0? Chi ascolter\u00e0? Chi metter\u00e0 da parte le proprie idee, le proprie credenze e le proprie preferenze per il tempo bastante per poter vedere qualcosa, udire qualcosa, sapere qualcosa?<\/p>\n<p>Questo \u00e8 quello che il Messaggero ti chieder\u00e0 di fare. Questo \u00e8 quello che la Rivelazione esige. Questo \u00e8 ci\u00f2 che esige il fatto di vivere in un nuovo mondo. Questo \u00e8 ci\u00f2 che esige il fatto di emergere in una Comunit\u00e0 Pi\u00f9 Grande di vita.<\/p>\n<p>Sar\u00e0 sciocca e maldestra, l\u2019umanit\u00e0, ignorante e non reattiva, verso la sua intelligenza superiore che non viene riconosciuta e utilizzata? Queste sono le domande. Le risposte non sono evidenti, perch\u00e9 non hanno ancora preso forma. Non hanno ancora incontrato il vero test che incombe sulla famiglia umana.<\/p>\n<p>Ma il Creatore di tutta la vita ama il mondo, ama l\u2019umanit\u00e0 e ha mandato la potenza della redenzione nel mondo\u2014per redimere l\u2019individuo e per ripristinare la sua forza e integrit\u00e0, al fine di incontrare le grandi sfide della vita che stanno ora emergendo all\u2019orizzonte.<\/p>\n<p>Dio sta muovendo l\u2019umanit\u00e0 in una nuova direzione. \u00c8 tempo di prepararsi, di ricevere e di supportare la Rivelazione.<\/p>\n<p>Le persone reclameranno. Loro protesteranno. Loro resisteranno. Loro accuseranno il Messaggero. Loro denunceranno la Rivelazione. Incapaci di rispondere, non disponibili a riconsiderare la loro vita e le loro idee, loro opporranno resistenza.<\/p>\n<p>Questo succede sempre nel tempo di Rivelazione. Quelli che hanno fatto il pi\u00f9 grande investimento nel passato resisteranno al nuovo mondo ed a tutto ci\u00f2 che esso contiene. Loro non sanno vedere. Loro non sapranno. Loro non hanno il coraggio di riconsiderare la loro posizione. Loro non hanno l\u2019umilt\u00e0 di restare di fronte alla Rivelazione.<\/p>\n<p>Cosa pu\u00f2 fare Dio per loro? Loro hanno chiesto cos\u00ec tanto al Creatore, ma loro non sanno reagire alla risposta del Creatore. Cosa pu\u00f2 Dio fare per loro?<\/p>\n<p>Sii tra i primi a rispondere cos\u00ec i tuoi doni superiori nella vita potranno essere stabiliti e avere l\u2019opportunit\u00e0 di venire avanti nei giorni e negli anni della tua vita.<\/p>\n<p>Questa \u00e8 la potenza della Rivelazione\u2014di liberare la saggezza e La Conoscenza di cui l\u2019umanit\u00e0 ha disperatamente bisogno ora per prepararsi per un futuro che sar\u00e0 diverso dal passato.<\/p>\n<p>Le benedizioni sono con voi. La potenza di redenzione \u00e8 dentro di te, nella Conoscenza dentro di te. Ma cosa pu\u00f2 attivare questa Conoscenza e chiamarla innanzi e renderti capace di approcciarla, per capirla e per seguirla con successo?<\/p>\n<p>Deve essere attivata da Dio. La Rivelazione \u00e8 qua per mettere in moto la redenzione superiore degli individui in preparazione per il nuovo mondo e per il destino dell\u2019umanit\u00e0 nell\u2019universo, che deve ancora essere riconosciuto e compiuto.<\/p>\n<p>\u00c8 tempo di rispondere. \u00c8 tempo di essere veramente onesto con te stesso, non basando la tua vita sulle tue preferenze o le tue paure, ma sulla vera realizzazione dentro te stesso.<\/p>\n<p>Affrontare la Rivelazione ti sfider\u00e0 a rispondere con questa pi\u00f9 profonda onest\u00e0. Affrontare la Rivelazione ti sfider\u00e0 con questa pi\u00f9 profonda onest\u00e0. \u00c8 la pi\u00f9 grande sfida della tua vita. \u00c8 la pi\u00f9 importante sfida della tua vita. \u00c8 il pi\u00f9 importante evento della tua vita.<\/p>\n<p>Dio sta muovendo l\u2019umanit\u00e0 in una nuova direzione.<\/p>\n","protected":false},"excerpt":{"rendered":"<p>Dio sta muovendo l\u2019umanit\u00e0 in una nuova direzione, una direzione in cui essa non dovette muoversi prima d\u2019ora. Perch\u00e9 il mondo \u00e8 cambiato e l\u2019umanit\u00e0 sta di fronte a una Comunit\u00e0 Pi\u00f9 Grande di vita nell\u2019universo\u2014un grande cambiamento, una grande soglia in una lunga evoluzione, un tempo di immenso disordine e incertezza, un pericoloso tempo\u2026 <a class=\"read-more\" href=\"https:\/\/www.v6.newmessage.org\/it\/about-recording-shortcode\"><span>Read More<\/span><\/a><\/p>\n","protected":false},"author":1,"featured_media":0,"parent":16290,"menu_order":0,"comment_status":"closed","ping_status":"closed","template":"template-leftsidebar.php","meta":{"_monsterinsights_skip_tracking":false,"_monsterinsights_sitenote_active":false,"_monsterinsights_sitenote_note":"","_monsterinsights_sitenote_category":0,"footnotes":""},"categories":[76,30,461,460],"tags":[749,740,764,745,752,211,750,743,748,741,746,744,747,742],"_links":{"self":[{"href":"https:\/\/www.v6.newmessage.org\/it\/wp-json\/wp\/v2\/pages\/594"}],"collection":[{"href":"https:\/\/www.v6.newmessage.org\/it\/wp-json\/wp\/v2\/pages"}],"about":[{"href":"https:\/\/www.v6.newmessage.org\/it\/wp-json\/wp\/v2\/types\/page"}],"author":[{"embeddable":true,"href":"https:\/\/www.v6.newmessage.org\/it\/wp-json\/wp\/v2\/users\/1"}],"replies":[{"embeddable":true,"href":"https:\/\/www.v6.newmessage.org\/it\/wp-json\/wp\/v2\/comments?post=594"}],"version-history":[{"count":22,"href":"https:\/\/www.v6.newmessage.org\/it\/wp-json\/wp\/v2\/pages\/594\/revisions"}],"predecessor-version":[{"id":28158,"href":"https:\/\/www.v6.newmessage.org\/it\/wp-json\/wp\/v2\/pages\/594\/revisions\/28158"}],"up":[{"embeddable":true,"href":"https:\/\/www.v6.newmessage.org\/it\/wp-json\/wp\/v2\/pages\/16290"}],"wp:attachment":[{"href":"https:\/\/www.v6.newmessage.org\/it\/wp-json\/wp\/v2\/media?parent=594"}],"wp:term":[{"taxonomy":"category","embeddable":true,"href":"https:\/\/www.v6.newmessage.org\/it\/wp-json\/wp\/v2\/categories?post=594"},{"taxonomy":"post_tag","embeddable":true,"href":"https:\/\/www.v6.newmessage.org\/it\/wp-json\/wp\/v2\/tags?post=594"}],"curies":[{"name":"wp","href":"https:\/\/api.w.org\/{rel}","templated":true}]}}