{"id":548,"date":"2011-10-21T12:29:33","date_gmt":"2011-10-21T12:29:33","guid":{"rendered":"http:\/\/wp.www.newmessage.org\/?p=548"},"modified":"2022-06-23T06:54:11","modified_gmt":"2022-06-23T06:54:11","slug":"il-fardello-del-messaggero","status":"publish","type":"page","link":"https:\/\/www.v6.newmessage.org\/it\/il-messaggio\/volume-1\/il-tempo-della-rivelazione\/il-fardello-del-messaggero","title":{"rendered":"Il Fardello del Messaggero"},"content":{"rendered":"<div><!-- Version 3.2 Verse --><\/div>\n\n<div class=\"tabgroup \"><ul class=\"tabs\"><li><a href=\"#tabs-1\">Ascolta<\/a><\/li>\n<li><a href=\"#tabs-2\">Nota<\/a><\/li><\/ul>\n <div id=\"tabs-1\"><\/p>\n<p>Ascolta la Voce della Rivelazione Originale in Inglese:<\/p>\n<div id=\"jquery_jplayer_1\" class=\"jp-jplayer\"><\/div>\n\t\t\t\t<div id=\"jp_container_1\" class=\"jp-audio\">\n\t\t\t\t<div class=\"jp-type-single\"><div class=\"jp-control\"><a href=\"javascript:;\" class=\"jp-play\" tabindex=\"1\">play<\/a><a href=\"javascript:;\" class=\"jp-pause\" tabindex=\"1\">pause<\/a><\/div> <div class=\"jp-gui jp-interface\"><div class=\"jp-volume\"><div class=\"jp-volume-bar\"><div class=\"jp-volume-bar-value\"><\/div><\/div><\/div><div class=\"jp-progress\"><div class=\"jp-seek-bar\"><div class=\"jp-play-bar\"><\/div><\/div><\/div><\/div>\t\t\t\t\t<div class=\"jp-no-solution\"><span>Update Required<\/span>To play the media you will need to either update your browser to a recent version or update your <a href=\"http:\/\/get.adobe.com\/flashplayer\/\" target=\"_blank\">Flash plugin<\/a>.<\/div><\/div><\/div>\n\t\t\t<script type='text\/javascript'>\n\t\t\t\tjQuery(document).ready(function() {\n\t\t\t\t\tif (typeof (sermonMedia) == 'function') {\n\t\t\t\t\t\tsermonMedia.addAudio('', \"jquery_jplayer_1\");\n\t\t\t\t\t}\n\t\t\t\t\tjQuery.jPlayer.timeFormat.showHour = true;\n\t\t\t\t\tjQuery(\"#jquery_jplayer_1\").jPlayer({\n\t\t\t\t\t\tready: function(event) {\n\t\t\t\t\t\t\tjQuery(this).jPlayer(\"setMedia\", {mp3: 'https:\/\/www.newmessage.org\/av\/the-burden-of-the-messenger.mp3'});\n\t\t\t\t\t\t},\n\t\t\t\t\t\tplay: function() {\n\t\t\t\t\t\t\tjQuery(this).jPlayer(\"pauseOthers\");\n\t\t\t\t\t\t},\n\t\t\t\t\t\tswfPath: ThemeData.directory_uri+\"\/swf\",\n\t\t\t\t\t\tsolution: \"html, flash\",\n\t\t\t\t\t\tpreload: \"metadata\",\n\t\t\t\t\t\twmode: \"window\",\n\t\t\t\t\t\tsupplied: \"mp3\",\n\t\t\t\t\t\tcssSelectorAncestor: '#jp_container_1'\n\t\t\t\t\t});\n\t\t\t\t});\n\t\t\t<\/script><\/p>\n<p><a title=\"The Burden of the Messenger\" href=\"https:\/\/www.newmessage.org\/av\/the-burden-of-the-messenger.mp3\">Download<\/a> (clicca il pulsante destro del mouse)<\/p>\n<p><em>Rivelato al Messaggero di Dio<br \/>\nMarshall Vian Summers<br \/>\nIl 5 Aprile, 2011<br \/>\nin Boulder, Colorado<\/em><\/p>\n<div class=\"toggle toggle-white\"><h4 class=\"trigger \"><span class=\"t_ico\"><\/span><a href=\"#\">Note riguardo a questa registrazione<\/a><\/h4><div class=\"toggle_container \"><br \/>\n<p>Quella che state sentendo in questa registrazione \u00e8 la voce della <u>Assemblea <\/u>Angelica che sta parlando tramite il <u>Messaggero <\/u>Marshall Vian Summers.<\/p>\n<p>Qua, la comunicazione originale di Dio, che esiste al di l\u00e0 delle parole, \u00e8 tradotta nel linguaggio e nella comprensione umana dall\u2019Assemblea Angelica che veglia sul mondo. Poi l\u2019Assemblea consegna il Messaggio di Dio tramite il Messaggero.<\/p>\n<p>In questo notevole processo, la Voce della Rivelazione sta parlando di nuovo. La Parola e il suono della Voce sono nel mondo. Per la prima volta nella storia, la registrazione dell\u2019originale rivelazione parlata \u00e8 disponibile affinch\u00e9 voi e il mondo la possiate sentire.<\/p>\n<p>Possiate voi essere i destinatari di questo dono di Rivelazione e possiate essere aperti a ricevere il suo Messaggio unico per voi e per la vostra vita.<\/p>\n<br \/>\n<\/div><\/div>\n<p><\/div>\n<div id=\"tabs-2\"><br \/>\n<em>Nota per il Lettore:<br \/>\nQuesta traduzione \u00e8 stata fornita a The Society da uno studente del Nuovo Messaggio che si \u00e8 offerto volontario per tradurre il testo originale in Inglese. Noi rendiamo questa traduzione disponibile al mondo in questa forma iniziale affinch\u00e9 le persone abbiano la possibilit\u00e0 di interagire con una porzione del Nuovo Messaggio nella propria lingua.<\/em><br \/>\n<\/div>\n\t\t\t\t<div align=\"right\">\n\t\t\t<div class=\"fb-like\" data-href=\"\" data-layout=\"button_count\" data-action=\"like\" data-show-faces=\"false\" data-share=\"false\"><\/div>\n\t\t\t<div class=\"fb-share-button\" data-layout=\"button_count\"> <\/div>\n\t\t\t<div class=\"fb_iframe_widget\"><a href=\"https:\/\/twitter.com\/godsnewmessage?ref_src=twsrc%5Etfw\" class=\"twitter-follow-button\" data-show-count=\"false\">Follow @godsnewmessage<\/a><script async src=\"https:\/\/platform.twitter.com\/widgets.js\" charset=\"utf-8\"><\/script><\/div>\n\t\t\t<\/div> <\/div> \n\n<p>Dio ha mandato un Nuovo Messaggio nel mondo. Perch\u00e9 l\u2019umanit\u00e0 sta entrando in una nuova era, un\u2019era difficile, un\u2019era di enorme cambiamento ambientale e instabilit\u00e0 politica ed economica. L\u2019umanit\u00e0 st affrontando la competizione da parte di razze nell\u2019universo che sono nel mondo per approfittare del conflitto umano per i propri scopi.<\/p>\n<p>\u00c8 una soglia che determiner\u00e0 la sorte e il futuro della civilt\u00e0 umana. La sfida sar\u00e0 immensa, ma lo sar\u00e0 anche il richiamo alla gente per la cooperazione, per l\u2019ingegno, la creativit\u00e0 e l\u2019unit\u00e0 umana. \u00c8 un tempo senza precedenti. \u00c8 un tempo di Rivelazione.<\/p>\n<p>Le precedenti Rivelazioni di Dio non possono preparare l\u2019umanit\u00e0 per quello che affronter\u00e0 adesso. Allora Dio ha parlato di nuovo per la famiglia umana, mandando una Nuova Rivelazione nel mondo. Questa \u00e8 la Rivelazione.<\/p>\n<p>Un Messaggero \u00e8 stato mandato qua per ricevere la Nuova Rivelazione, per portarla avanti nel mondo e per costruire la sua comunit\u00e0 essenziale affinch\u00e9 la sua purezza e la sua efficacia possano essere assicurate.<\/p>\n<p>La Rivelazione \u00e8 pi\u00f9 grande di qualsiasi cosa che sia mai stata data prima all\u2019umanit\u00e0. Essa include il proprio commentario. Non vi fornisce solo la verit\u00e0 superiore. Vi dice cosa significa e come pu\u00f2 essere espressa ed applicata.<\/p>\n<p>La Rivelazione non sar\u00e0 lasciata agli individui affinch\u00e9, per quanto in buona fede possano essere, determinino il suo significato e il suo valore qua sulla Terra. Questo in passato condusse sia alla saggezza che all\u2019errore.<\/p>\n<p>La Rivelazione adesso \u00e8 troppo criticamente importante per essere abbandonata alla comprensione e all\u2019invenzione umana. Per quello il Messaggero \u00e8 qua. Per quello il Nuovo Messaggio contiene il proprio commentario e i propri insegnamenti\u2014mille insegnamenti per un mondo in mutazione.<\/p>\n<p>Il Messaggero sta portando un grande fardello. Lui ha impiegato decenni a ricevere qualcosa di immensa grandezza, una nuova soglia di consapevolezza e di comprensione per la famiglia umana.<\/p>\n<p>Lui ha portato qua Saggezza e Conoscenza dall\u2019universo affinch\u00e9 l\u2019umanit\u00e0 possa essere preparata per il suo incontro con la vita oltre i propri confini.<\/p>\n<p>Lui ha portato una Nuova Rivelazione riguardo a Dio e alla Creazione. Lui ha portato una nuova comprensione delle relazioni umane e della natura e dello scopo della spiritualit\u00e0 umana.<\/p>\n<p>Lui sta portando avanti una Rivelazione che non \u00e8 sciupata dal mondo, che \u00e8 rimasta immutata dal mondo. Lui sta consentendo alla gente di udire la Voce che parl\u00f2 a lui affinch\u00e9 il messaggio stesso possa essere molto chiaro.<\/p>\n<p>\u00c8 una rivelazione diversa da qualsiasi cosa che \u00e8 stata data all\u2019umanit\u00e0 in precedenza. Non \u00e8 meramente un commentario continuativo riguardo alla spiritualit\u00e0 umana. Non \u00e8 meramente un perfezionamento di quello che \u00e8 gi\u00e0 stato dato prima. Non \u00e8 una reazione alla religione o alle istituzioni religiose.<\/p>\n<p>\u00c8 una nuova soglia per l\u2019umanit\u00e0. Perch\u00e9 state emergendo in una Comunit\u00e0 Pi\u00f9 Grande di vita adesso, e dovete imparare di questa Comunit\u00e0 Pi\u00f9 Grande, che ridefinir\u00e0 la vostra comprensione di divinit\u00e0, scopo e significato nella vita.<\/p>\n<p>L\u2019umanit\u00e0 sta entrando in un mondo pi\u00f9 difficile, un nuovo mondo di instabilit\u00e0 ambientale, con grande rischio di conflitto umano e di guerra. Adesso state operando su scala planetaria, coinvolgendo tutti. Non \u00e8 solo un problema per una nazione, una trib\u00f9 o un gruppo.<\/p>\n<p>Noi parliamo con l\u2019autorit\u00e0 del Creatore, e il Messaggero deve parlare con l\u2019autorit\u00e0 del Creatore. Lui sar\u00e0 giudicato scorrettamente. Lui sar\u00e0 malignato. Lui sar\u00e0 negato. Perch\u00e9 questo sempre succede in un tempo di Rivelazione.<\/p>\n<p>Eppure lui \u00e8 un uomo umile. Lui \u00e8 senza ambizione e senza inganno. In un certo senso, lui \u00e8 troppo buono per il mondo, ma la sua bont\u00e0 \u00e8 necessaria per rappresentare la Rivelazione.<\/p>\n<p>\u00c8 un grande fardello per lui. Comunicare qualcosa di questa grandezza richiede capacit\u00e0, chiarezza e determinazione da parte sua e da parte delle tante persone che saranno suoi testimoni all\u2019inizio del suo grande ministero.<\/p>\n<p>La Rivelazione non va incontro alle aspettative della gente. Non \u00e8 un compimento del passato. Non \u00e8 vincolata alla comprensione umana, alle convenzioni umane e neppure alla comprensione teologica dell\u2019umanit\u00e0.<\/p>\n<p>Tutto questo lo deve comunicare il Messaggero. Gli saranno fatte domande sciocche. Gli saranno fatte domande maligne. Dubbio e colpa e terribili associazioni saranno calati su di lui dagli sciocchi e dagli ignoranti.<\/p>\n<p>Le persone si sentiranno minacciate dalle sue dichiarazioni, non perch\u00e9 le dichiarazioni cono incorrette, ma perch\u00e9 loro non sono disposti o capaci di riesaminare le proprie idee. Loro non riescono a rispondere a una Nuova Rivelazione. Loro non possono accettare che Dio ha parlato di nuovo. Loro hanno troppa paura e troppo investimento nel passato per essere in grado di riconsiderare le loro convinzioni, le loro idee e le loro associazioni.<\/p>\n<p>Eppure ci sono molte menti nel mondo che sono aperte. Ci sono molte persone che stanno cercando la Nuova Rivelazione. Sarebbe a loro enorme vantaggio se loro potessero sapere del Messaggero nel corso della sua vita. Lui \u00e8 un uomo anziano adesso. Non gli rimangono molti anni. Allora \u00e8 una grande benedizione conoscerlo, sapere di lui e sentirlo parlare, anche se non potete essere con lui in persona.<\/p>\n<p>Per la prima volta, la Rivelazione \u00e8 registrata accuratamente e completamente durante il tempo del Messaggero. Questo non \u00e8 qualcosa che sar\u00e0 formulato dopo che il Messaggero se ne sar\u00e0 andato, e che sar\u00e0 gettato all\u2019interno di una comprensione religiosa da persone che veramente non hanno una comprensione religiosa.<\/p>\n<p>Per quello la Rivelazione ci ha messo cos\u00ec tanto [ad arrivare]. \u00c8 consegnata con enorme cura. Sta fornendo il proprio commentario per limitare l\u2019enorme rischio di malinteso ed errata applicazione.<\/p>\n<p>Il Messaggero ha ricevuto dall\u2019universo Saggezza e Conoscenza che serviranno all\u2019umanit\u00e0 per affrontare le sue difficolt\u00e0 qua sulla Terra e andare incontro alle immense sfide di trattare con un universo non-umano, un universo competitivo, un universo di cui l\u2019umanit\u00e0 non sa nulla. <\/p>\n<p>Il Messaggero deve parlare della realt\u00e0 e della spiritualit\u00e0 di questa Comunit\u00e0 Pi\u00f9 Grande di vita, almeno in termini generali affinch\u00e9 la gente possa capire con che cosa stanno avendo a che fare\u2014i vantaggi che ha l\u2019umanit\u00e0 ed anche i suoi svantaggi.<\/p>\n<p>Il Messaggero parler\u00e0 di cose per il presente e per il futuro. Lui dar\u00e0 risposte a domande che non sono neppure ancora emerse. Lui si rivolger\u00e0 ai bisogni della gente in futuro cos\u00ec come quelli della gente oggi, perch\u00e9 la Rivelazione non \u00e8 solo per questo tempo ma per i tempi che verranno.<\/p>\n<p>Il Messaggero ha una moglie devota e un figlio e un piccolo gruppo di individui che sono votati e dedicati ad aiutarlo a portare la Nuova Rivelazione di Dio nel mondo. <\/p>\n<p>Coloro che sono chiamati ad essere i primi rispondenti, in molte nazioni e da molte culture, dovranno essere testimoni del Messaggero perch\u00e9 loro stanno vivendo nel tempo di Rivelazione e nel tempo del Messaggero.<\/p>\n<p>Molte persone vorranno molte cose dal Messaggero. Loro vorranno che lui faccia miracoli e che sia un guaritore e che abbia risposte per tutti i problemi politici e sociali oggi nel mondo. Loro forse vorranno che lui sia puro e immacolato. Loro vorranno che lui sia presente alle loro necessit\u00e0. Loro penseranno che lui debba essere molte cose diverse. Queste cose sfidano sempre un Messaggero che sta portando una rivelazione non solo per i tempi in cui essa \u00e8 introdotta ma anche per il futuro.<\/p>\n<p>Il Messaggero dovr\u00e0 deludere molte di queste aspettative, perch\u00e9 lui non pu\u00f2 essere tutte le cose per tutta la gente. Lui non pu\u00f2 calzare le aspettative morali che avranno molte persone. Perch\u00e9 loro non capiscono il Messaggero. Loro non capiscono il mezzo della Rivelazione.<\/p>\n<p>Molte persone contrasteranno il Messaggero perch\u00e9 loro non vogliono affrontare il fatto che un simile individuo sia in loro presenza, e quello che questo potrebbe significare per loro e quale genere di responsabilit\u00e0 questo potrebbe provocare. Loro diranno, \u201cOh, ci sono molti messaggeri e molti profeti e molti insegnamenti. Non pu\u00f2 essere solo una persona.\u201d La gente pu\u00f2 essere molto indignata su questa faccenda.<\/p>\n<p>Poi, ovviamente, ci sono molte persone che credono che un nuovo profeta non possa venire nel mondo, che secoli fa Dio ha detto tutto quello che Dio mai dir\u00e0 all\u2019umanit\u00e0. Dio non ha pi\u00f9 nulla da dire all\u2019umanit\u00e0. A dio non interessa pi\u00f9. Dio ha dato le prescrizioni secoli fa e quello \u00e8 sufficiente, per sempre.<\/p>\n<p>Ma nessuno pu\u00f2 dire, neanche i Messaggeri di Dio possono dire, cosa Dio far\u00e0 dopo. Nessuno pu\u00f2 onestamente dire che una Nuova Rivelazione non possa essere data al mondo, perch\u00e9 questa \u00e8 una posizione di ignoranza e di arroganza. Neanche i precedenti Messaggeri di Dio possono fare queste dichiarazioni.<\/p>\n<p>Allora la gente dovr\u00e0 affrontare la realt\u00e0 e il significato della Nuova Rivelazione. Loro dovranno affrontare la propria risposta al Messaggero. Loro dovranno affrontare le conseguenze di avere successo o di fallire in questo incontro. Sar\u00e0 un grande test\u2014un test di integrit\u00e0, onest\u00e0, trasparenza e saggezza.<\/p>\n<p>Se siete veramente onesti con voi stessi, vi renderete conto che non potete dire cosa Dio far\u00e0 e cosa non far\u00e0. Non potete dichiarare che la vostra religione sia l\u2019unica religione o la grande religione o l\u2019ultima religione o la religione finale. Perch\u00e9 questo significa dichiarare di conoscere il Piano e lo scopo di Dio adesso e nel futuro. E nessuno sulla Terra, nessuno nell\u2019universo fisico, pu\u00f2 fare una simile dichiarazione.<\/p>\n<p>Qua incominciate a vedere il fardello del Messaggero. Lui indicher\u00e0 la Rivelazione\u2014il suo potenziamento per l\u2019individuo; la sua direzione per i leader delle nazioni; il suo messaggio di scopo, di unit\u00e0 e di urgenza. Lui parler\u00e0 dei grandi problemi che la gente non vuole affrontare. Le sue parole voleranno in faccia al diniego umano e alla presunzione.<\/p>\n<p>Eppure il Messaggero non \u00e8 qua per condannare nazioni, governi e istituzioni, ma per dare un chiarimento riguardo al significato e lo scopo della spiritualit\u00e0 umana e di cosa deve essere fatto per prepararsi per le Grandi Onde del cambiamento che stanno giungendo nel mondo e per il futuro dell\u2019umanit\u00e0 in una Comunit\u00e0 Pi\u00f9 Grande di vita nell\u2019universo.<\/p>\n<p>Le cose che lui dir\u00e0 possono solo essere dette dal Messaggero, perch\u00e9 nessuno sulla Terra potrebbe conoscere le cose che lui sta dicendo. Nessuno sulla Terra \u00e8 vissuto nella Comunit\u00e0 Pi\u00f9 Grande in tempi recenti.<\/p>\n<p>Molta gente sta vedendo grande pericolo in termini dell\u2019ambiente del mondo e del futuro della civilt\u00e0, ma nessuno ha il quadro completo, vedete, perch\u00e9 solo Dio lo pu\u00f2 dare.<\/p>\n<p>Dio deve comunicare attraverso un Messaggero. Altrimenti, il Messaggio sar\u00e0 diviso, in conflitto e in competizione, portando grande confusione e disillusione.<\/p>\n<p>Il Messaggero sta dando un paradigma di comprensione interamente nuovo\u2014una consapevolezza di Comunit\u00e0 Pi\u00f9 Grande, una nuova realizzazione riguardo a Dio e alla natura della Presenza, della Volont\u00e0 e dell\u2019influenza Divina nel mondo.<\/p>\n<p>Questo non \u00e8 un Dio di una gente e di un mondo. Questo \u00e8 un Dio di tutti gli universi.<\/p>\n<p>Questa non \u00e8 una figura paterna di un Dio che \u00e8 preoccupato delle faccende umane e di tutti i dettagli della vita di ogni individuo.<\/p>\n<p>Questo \u00e8 un Dio che ha messo in moto le forze dell\u2019evoluzione, del cambiamento geologico e biologico, all\u2019inizio del tempo.<\/p>\n<p>Questo \u00e8 un Dio che non sieder\u00e0 in giudizio e getter\u00e0 la gente nei fuochi dell\u2019inferno, perch\u00e9 Dio ha dato a ogni persona la potenza della Conoscenza. In definitiva loro possono rispondere a questo, perch\u00e9 questa \u00e8 la parte di loro che non ha mai lasciato Dio, la parte di loro che non \u00e8 mai stata separata. \u00c8 il Piano di redenzione che pochissime persone al mondo oggi veramente capiscono.<\/p>\n<p>Il Messaggero dovr\u00e0 parlare di queste cose, alcune delle quali sono proprio tanto al di l\u00e0 del pensiero e della comprensione convenzionale, cose a cui si deve reagire a un livello pi\u00f9 profondo\u2014un livello pi\u00f9 profondo di identificazione, un livello pi\u00f9 profondo di onest\u00e0. Lui non sta meramente presentando teorie, prospettive o idee da essere considerate e dibattute. Lui sta consegnando la Rivelazione.<\/p>\n<p>Lui ha impiegato decenni a riceverla. \u00c8 cos\u00ec grande. Parte di essa sar\u00e0 confondente per le persone, \u00e8 cos\u00ec tanto al di l\u00e0 delle loro correnti preoccupazioni e comprensione. Eppure l\u2019essenza di questo \u00e8 intrinseca e naturale per ogni persona, perch\u00e9 parla alla pi\u00f9 profonda intelligenza dentro ogni persona, un\u2019intelligenza nata dalla loro relazione con il Divino.<\/p>\n<p>Questo \u00e8 al di l\u00e0 del dibattito filosofico o la discussione teologica. Questo \u00e8 al di l\u00e0 della prospettiva nazionale o dell\u2019orgoglio religioso. Questo \u00e8 al di l\u00e0 di ogni cosa che distingue le persone tra loro e le mette in contrasto e in conflitto tra loro qua nel mondo.<\/p>\n<p>Il Messaggero presenter\u00e0 la spiritualit\u00e0 come \u00e8 stata praticata da razze avanzate nell\u2019universo. Questo non nasce dalla sua comprensione ma dalla Rivelazione stessa.<\/p>\n<p>Il Messaggero parler\u00e0 dell\u2019Intromissione che oggi sta avendo luogo nel mondo da parte di piccoli gruppi di esploratori e opportunisti stranieri che sono qua per approfittare della debolezza umana e delle aspettative umane.<\/p>\n<p>Il Messaggero parler\u00e0 delle faccende della Comunit\u00e0 Pi\u00f9 Grande, non perch\u00e9 vi \u00e8 stato lui di persona ed ha girato e visitato innumerevoli luoghi, ma perch\u00e9 questa \u00e8 la Rivelazione.<\/p>\n<p>Il Messaggero parler\u00e0 di relazioni e scopo superiore. Questo lo ha vissuto e dimostrato nella sua vita, ma quello che dir\u00e0 sar\u00e0 parte della Rivelazione, perch\u00e9 la Rivelazione parla di molte cose.<\/p>\n<p>Questo \u00e8 il fardello del Messaggero. Questo \u00e8 dentro di lui. Questo gli \u00e8 stato rivelato.<\/p>\n<p>Il processo di Rivelazione non \u00e8 capito ne mondo. La gente crede che i Messaggeri siano degli dei, oppure li sminuiscono del tutto come dei semplici maestri che offrono delle prospettive diverse.<\/p>\n<p>Le persone vogliono giungere a Dio secondo i propri termini, ma Dio definisce i termini dell\u2019impegno. Dio stabilisce i termini dell\u2019approccio. Tu non conosci la tua strada verso Dio, ma Dio conosce la strada verso te. Tu non puoi determinare sotto quali circostanze accetterai e crederai e riceverai la Rivelazione, perch\u00e9 questo semplicemente significa essere ciechi e arroganti.<\/p>\n<p>Tu non sai cosa riveler\u00e0 la Rivelazione. Non \u00e8 qua per farvi ricchi, pigri e felici. \u00c8 qua per chiamarti a un servizio superiore e prepararti per un mondo pi\u00f9 difficile e pi\u00f9 sfidante, un mondo che adesso implicher\u00e0 fattori e influenze mai viste prima nel mondo, influenze dall\u2019universo intorno a voi.<\/p>\n<p>Tutti furono mandati nel mondo per essere nel mondo in questo tempo, per affrontare le grandi ed emergenti circostanze. Allora dichiarare che per te \u00e8 troppo vuol dire semplicemente ammettere la tua debolezza e non riconoscere la tua responsabilit\u00e0 di prepararti.<\/p>\n<p>Tutti sono deboli all\u2019inizio, ovviamente. Non diventate forti semplicemente perch\u00e9 lo volete. Diventate forti rispondendo ai requisiti e alle circostanze della vita.<\/p>\n<p>Questo \u00e8 il significato della Rivelazione. Questa \u00e8 la potenza della Rivelazione. Il tempo sta ticchettando e marciando avanti. L\u2019umanit\u00e0 non ha molto tempo per adattarsi a un nuovo mondo e prepararsi per la Comunit\u00e0 Pi\u00f9 Grande.<\/p>\n<p>Quello fa parte del fardello del Messaggero. L\u2019umanit\u00e0 non ha decenni e secoli per considerare il significato e il valore della Rivelazione. Perch\u00e9 la sorte dell\u2019umanit\u00e0 si trova presso un enorme punto di svolta. Le decisioni prese oggi determineranno l\u2019esito di talmente tante cose.<\/p>\n<p>La negligenza umana, l\u2019irresponsabilit\u00e0 umana, il diniego umano\u2014tutte queste cose garantiranno un futuro di gran lunga pi\u00f9 difficile, per voi, per i vostri figli e per le generazioni future.<\/p>\n<p>La libert\u00e0 e la sovranit\u00e0 umana in questo mondo sono sfidate. Non potete presumere che in futuro le avrete senza una grande preparazione ed azione determinata.<\/p>\n<p>La libert\u00e0 \u00e8 rara nell\u2019universo. Le nazioni che sono libere si devono preparare e devono esercitare grande discrezione e discernimento. Queste sono tutte cose da imparare per l\u2019umanit\u00e0, da apprezzare ed a cui dare priorit\u00e0.<\/p>\n<p>Questo \u00e8 il fardello del Messaggero. Lui sar\u00e0 limitato dai limiti delle risposte delle persone. Lui sar\u00e0 trattenuto dall\u2019ignoranza di altri. Lui dovr\u00e0 contendere con proiezioni di colpa e biasimo. Lui dovr\u00e0 percorrere il suo cammino molto attentamente, con grande cura. Ogni cosa che lui dice pu\u00f2 essere ricordata. Ogni cosa che lui fa \u00e8 una dimostrazione.<\/p>\n<p>Coloro che sono inviati per essere vicini a lui devono diventare evoluti, istruiti e forti, forti della potenza della Conoscenza, altrimenti lo potrebbero tradire con quelle forze che cercano di minare e di contrastare la sua presenza nel mondo.<\/p>\n<p>Grande responsabilit\u00e0 attende coloro che saranno vicini al Messaggero e tutti coloro che riceveranno la Rivelazione. Perch\u00e9 ricevete questo non solo per voi stessi, ma anche per consentire alla Rivelazione di muoversi attraverso voi verso gli altri.<\/p>\n<p>Deve essere condivisa da persona a persona. Questo le d\u00e0 la sua pi\u00f9 grande efficacia. Ma affinch\u00e9 questo possa mantenere la chiarezza e l\u2019integrit\u00e0 del Nuovo Messaggio, la purezza del Messaggio deve essere data e registrata. Altrimenti il suo significato e il suo valore saranno persi in traduzione.<\/p>\n<p>Questo fa parte del fardello del Messaggero.<\/p>\n<p>Pensa a queste cose. Considera queste cose. E considera le tue responsabilit\u00e0 nel rispondere alla Rivelazione e nel considerare il fatto che stai vivendo nel tempo del Messaggero.<\/p>\n<p>Pensa a queste cose seriamente adesso. \u00c8 di grande importanza per la tua vita e per il futuro e il benessere della famiglia umana.<\/p>\n","protected":false},"excerpt":{"rendered":"<p>Dio ha mandato un Nuovo Messaggio nel mondo. Perch\u00e9 l\u2019umanit\u00e0 sta entrando in una nuova era, un\u2019era difficile, un\u2019era di enorme cambiamento ambientale e instabilit\u00e0 politica ed economica. L\u2019umanit\u00e0 st affrontando la competizione da parte di razze nell\u2019universo che sono nel mondo per approfittare del conflitto umano per i propri scopi. \u00c8 una soglia che\u2026 <a class=\"read-more\" href=\"https:\/\/www.v6.newmessage.org\/it\/about-recording-shortcode\"><span>Read More<\/span><\/a><\/p>\n","protected":false},"author":1,"featured_media":0,"parent":29172,"menu_order":1,"comment_status":"closed","ping_status":"closed","template":"template-leftsidebar.php","meta":{"_monsterinsights_skip_tracking":false,"_monsterinsights_sitenote_active":false,"_monsterinsights_sitenote_note":"","_monsterinsights_sitenote_category":0,"footnotes":""},"categories":[119,76,30,1136,460],"tags":[127,749,740,745,750,679,743,748,741,746,744,747,351,384,411,742],"_links":{"self":[{"href":"https:\/\/www.v6.newmessage.org\/it\/wp-json\/wp\/v2\/pages\/548"}],"collection":[{"href":"https:\/\/www.v6.newmessage.org\/it\/wp-json\/wp\/v2\/pages"}],"about":[{"href":"https:\/\/www.v6.newmessage.org\/it\/wp-json\/wp\/v2\/types\/page"}],"author":[{"embeddable":true,"href":"https:\/\/www.v6.newmessage.org\/it\/wp-json\/wp\/v2\/users\/1"}],"replies":[{"embeddable":true,"href":"https:\/\/www.v6.newmessage.org\/it\/wp-json\/wp\/v2\/comments?post=548"}],"version-history":[{"count":25,"href":"https:\/\/www.v6.newmessage.org\/it\/wp-json\/wp\/v2\/pages\/548\/revisions"}],"predecessor-version":[{"id":28396,"href":"https:\/\/www.v6.newmessage.org\/it\/wp-json\/wp\/v2\/pages\/548\/revisions\/28396"}],"up":[{"embeddable":true,"href":"https:\/\/www.v6.newmessage.org\/it\/wp-json\/wp\/v2\/pages\/29172"}],"wp:attachment":[{"href":"https:\/\/www.v6.newmessage.org\/it\/wp-json\/wp\/v2\/media?parent=548"}],"wp:term":[{"taxonomy":"category","embeddable":true,"href":"https:\/\/www.v6.newmessage.org\/it\/wp-json\/wp\/v2\/categories?post=548"},{"taxonomy":"post_tag","embeddable":true,"href":"https:\/\/www.v6.newmessage.org\/it\/wp-json\/wp\/v2\/tags?post=548"}],"curies":[{"name":"wp","href":"https:\/\/api.w.org\/{rel}","templated":true}]}}