{"id":3707,"date":"2012-03-01T10:00:25","date_gmt":"2012-03-01T10:00:25","guid":{"rendered":"http:\/\/wp.www.newmessage.org\/?p=3707"},"modified":"2018-02-05T01:23:22","modified_gmt":"2018-02-05T01:23:22","slug":"il-dono-di-una-nuova-vita","status":"publish","type":"page","link":"https:\/\/www.v6.newmessage.org\/it\/il-messaggio\/volume-1\/la-nuova-vita\/il-dono-di-una-nuova-vita","title":{"rendered":"Il Dono di una Nuova Vita"},"content":{"rendered":"<div><!-- Version 3.4 Verse --><\/div>\n\n<div class=\"tabgroup \"><ul class=\"tabs\"><li><a href=\"#tabs-1\">Ascolta<\/a><\/li>\n<li><a href=\"#tabs-2\">Nota<\/a><\/li><\/ul>\n <div id=\"tabs-1\"><\/p>\n<p>Ascolta la Voce della Rivelazione Originale in Inglese:<\/p>\n<div id=\"jquery_jplayer_1\" class=\"jp-jplayer\"><\/div>\n\t\t\t\t<div id=\"jp_container_1\" class=\"jp-audio\">\n\t\t\t\t<div class=\"jp-type-single\"><div class=\"jp-control\"><a href=\"javascript:;\" class=\"jp-play\" tabindex=\"1\">play<\/a><a href=\"javascript:;\" class=\"jp-pause\" tabindex=\"1\">pause<\/a><\/div> <div class=\"jp-gui jp-interface\"><div class=\"jp-volume\"><div class=\"jp-volume-bar\"><div class=\"jp-volume-bar-value\"><\/div><\/div><\/div><div class=\"jp-progress\"><div class=\"jp-seek-bar\"><div class=\"jp-play-bar\"><\/div><\/div><\/div><\/div>\t\t\t\t\t<div class=\"jp-no-solution\"><span>Update Required<\/span>To play the media you will need to either update your browser to a recent version or update your <a href=\"http:\/\/get.adobe.com\/flashplayer\/\" target=\"_blank\">Flash plugin<\/a>.<\/div><\/div><\/div>\n\t\t\t<script type='text\/javascript'>\n\t\t\t\tjQuery(document).ready(function() {\n\t\t\t\t\tif (typeof (sermonMedia) == 'function') {\n\t\t\t\t\t\tsermonMedia.addAudio('', \"jquery_jplayer_1\");\n\t\t\t\t\t}\n\t\t\t\t\tjQuery.jPlayer.timeFormat.showHour = true;\n\t\t\t\t\tjQuery(\"#jquery_jplayer_1\").jPlayer({\n\t\t\t\t\t\tready: function(event) {\n\t\t\t\t\t\t\tjQuery(this).jPlayer(\"setMedia\", {mp3: 'https:\/\/www.newmessage.org\/av\/the-gift-of-a-new-life.mp3'});\n\t\t\t\t\t\t},\n\t\t\t\t\t\tplay: function() {\n\t\t\t\t\t\t\tjQuery(this).jPlayer(\"pauseOthers\");\n\t\t\t\t\t\t},\n\t\t\t\t\t\tswfPath: ThemeData.directory_uri+\"\/swf\",\n\t\t\t\t\t\tsolution: \"html, flash\",\n\t\t\t\t\t\tpreload: \"metadata\",\n\t\t\t\t\t\twmode: \"window\",\n\t\t\t\t\t\tsupplied: \"mp3\",\n\t\t\t\t\t\tcssSelectorAncestor: '#jp_container_1'\n\t\t\t\t\t});\n\t\t\t\t});\n\t\t\t<\/script><\/p>\n<p><a title=\"The Gift of a New Life\" href=\"https:\/\/www.newmessage.org\/av\/the-gift-of-a-new-life.mp3\">Download<\/a> (clicca tasto destro del mouse)<\/p>\n<p><em>Ricevuto dal<br \/>\nMessaggero Marshall Vian Summers<br \/>\nil 14 maggio, 2011<br \/>\nin Boulder, Colorado<br \/>\n<\/em><\/p>\n<div class=\"toggle toggle-white\"><h4 class=\"trigger \"><span class=\"t_ico\"><\/span><a href=\"#\">Note riguardo a questa registrazione<\/a><\/h4><div class=\"toggle_container \"><br \/>\n<p>Quella che state sentendo in questa registrazione \u00e8 la voce della <u>Assemblea <\/u>Angelica che sta parlando tramite il <u>Messaggero <\/u>Marshall Vian Summers.<\/p>\n<p>Qua, la comunicazione originale di Dio, che esiste al di l\u00e0 delle parole, \u00e8 tradotta nel linguaggio e nella comprensione umana dall\u2019Assemblea Angelica che veglia sul mondo. Poi l\u2019Assemblea consegna il Messaggio di Dio tramite il Messaggero.<\/p>\n<p>In questo notevole processo, la Voce della Rivelazione sta parlando di nuovo. La Parola e il suono della Voce sono nel mondo. Per la prima volta nella storia, la registrazione dell\u2019originale rivelazione parlata \u00e8 disponibile affinch\u00e9 voi e il mondo la possiate sentire.<\/p>\n<p>Possiate voi essere i destinatari di questo dono di Rivelazione e possiate essere aperti a ricevere il suo Messaggio unico per voi e per la vostra vita.<\/p>\n<br \/>\n<\/div><\/div>\n<p><\/div>\n<div id=\"tabs-2\"><br \/>\n<em>Nota per il Lettore:<br \/>\nQuesta traduzione \u00e8 stata fornita alla Society da uno studente del Nuovo Messaggio che si \u00e8 offerto volontario per tradurre il testo originale in Inglese. Noi rendiamo questa traduzione disponibile al mondo in questa forma iniziale affinch\u00e9 le persone abbiano la possibilit\u00e0 di interagire con una porzione del Nuovo Messaggio nella propria lingua.<\/em><br \/>\n<\/div>\n\t\t\t\t<div align=\"right\">\n\t\t\t<div class=\"fb-like\" data-href=\"\" data-layout=\"button_count\" data-action=\"like\" data-show-faces=\"false\" data-share=\"false\"><\/div>\n\t\t\t<div class=\"fb-share-button\" data-layout=\"button_count\"> <\/div>\n\t\t\t<div class=\"fb_iframe_widget\"><a href=\"https:\/\/twitter.com\/godsnewmessage?ref_src=twsrc%5Etfw\" class=\"twitter-follow-button\" data-show-count=\"false\">Follow @godsnewmessage<\/a><script async src=\"https:\/\/platform.twitter.com\/widgets.js\" charset=\"utf-8\"><\/script><\/div>\n\t\t\t<\/div> <\/div> \n\n<p>La Nuova Rivelazione di Dio non \u00e8 qua semplicemente per aggiungere valore alla tua attuale esistenza o per validare le tue attuali idee e aspirazioni. Non \u00e8 qua per validare le religioni del mondo o per rendersi conforme alle loro credenze o alle loro aspettative, perch\u00e9 Dio non \u00e8 vincolato da queste cose. Non \u00e8 qua per validare le tue aspettative, perch\u00e9 il Creatore di tutti gli universi non \u00e8 certo vincolato da ci\u00f2.<\/p>\n<p>Veramente, il Nuovo Messaggio da Dio \u00e8 qua per fornire una nuova vita a coloro che sono in grado di rispondergli veramente, per dare loro una fondazione superiore sulla quale costruire una vita ricca di significato\u2014una vita ispirata, una vita che \u00e8 guidata dalla Conoscenza, una vita di vere relazioni e di significativo coinvolgimento con il mondo.<\/p>\n<p>Qua i ruoli non vengono assegnati, ma alle persone viene data una fondazione affinch\u00e8 La Conoscenza dentro di loro, la Forza Superiore che Dio ha dato loro per guidarli, possa diventare per loro evidente, affinch\u00e8 loro possano imparare nel corso del tempo a fidarsi di ci\u00f2 e seguire ci\u00f2, navigando nelle difficolt\u00e0 della vita e nelle difficolt\u00e0 pi\u00f9 grandi che avranno da affrontare in un nuovo mondo fatto di risorse che diminuiscono e di maggiore instabilit\u00e0.<\/p>\n<p>Le persone giungono al Nuovo Messaggio per vedere se \u00e8 conforme alle loro convinzioni, alle loro idee e alle loro aspettative. Naturalmente questo (il Nuovo Messaggio) non lo fa.<\/p>\n<p>Le persone giungono al Nuovo Messaggio da Dio volendo utilizzarlo come una risorsa per ottenere quello che vogliono per se stessi, ma la Nuova Rivelazione ha un piano e una speranza superiore per loro.<\/p>\n<p>Le persone giungono al Nuovo Messaggio sperando di trovare la saggezza necessaria per correggere i loro sbagli e rendere profittevoli e significativi i loro attuali investimenti, ma il Nuovo Messaggio \u00e8 qua per dare loro una nuova vita\u2014non semplicemente una nuova idea collocata su una vita vecchia, non semplicemente un dolcificante per rendere pi\u00f9 gustoso e accettabile il gusto della loro attuale esperienza. Le persone si aspettano troppo poco e vogliono troppo poco e le loro aspettative non sono all\u2019altezza del significato e della potenza della Rivelazione.<\/p>\n<p>Le persone giungono alla Nuova Rivelazione di Dio volendo vedere come fare a utilizzarla subito, come se fosse nulla di pi\u00f9 di una serie di utensili che la gente pu\u00f2 utilizzare per cercare di migliorare le proprie vite. Ma loro non possono migliorare le proprie vite perch\u00e9 loro non sanno quello che fanno. Loro non sanno dove stanno andando e le loro supposizioni e le loro convinzioni, nella maggior parte dei casi, non sono all\u2019altezza del loro scopo superiore e della loro vera direzione nella vita.<\/p>\n<p>Le persone possono pensare che Dio sia grandioso e inesplicabile, per\u00f2 cercano di usare Dio come una specie di servitore, un ragazzo di bottega per i loro desideri, le loro voglie e le loro difficolt\u00e0. Loro dicono, \u201cBe\u2019, cosa pu\u00f2 fare Dio per me? Cosa far\u00e0 per me la Nuova Rivelazione di Dio?\u201d.<\/p>\n<p>Da questo mettere in discussione si pu\u00f2 vedere che il loro atteggiamento e il loro approccio non \u00e8 appropriato. Non c\u2019\u00e8 alcuna reverenza. Non c\u2019\u00e8 alcun rispetto. Non c\u2019\u00e8 comprensione del fatto che hanno a che fare con qualcosa di gran lunga superiore alla loro comprensione, che supera di molto le loro aspettative, i loro valori e le loro preferenze. Allora cosa pu\u00f2 fare Dio per loro se non incoraggiarli, con i cambiamenti che hanno luogo nella vita e le delusioni della vita, a venire a questo grande impegno con un\u2019intenzione pi\u00f9 limpida e un approccio pi\u00f9 onesto?<\/p>\n<p>Il Nuovo Messaggio \u00e8 qua per salvare l\u2019umanit\u00e0 dalle calamit\u00e0 e dalla sottomissione nell\u2019universo, ora che incominciate a esordire nella Comunit\u00e0 Pi\u00f9 Grande di vita, una Comunit\u00e0 Pi\u00f9 Grande in cui avete sempre vissuto e con la quale ora avete bisogno di imparare a contendere.<\/p>\n<p>Per\u00f2 \u00e8 qua anche per dare agli individui una nuova esperienza, una nuova fondazione e l\u2019opportunit\u00e0 di ripristinare le loro vite, per redimere se stessi e utilizzare le loro capacit\u00e0 e la potenza della Conoscenza dentro di loro per essere capaci di servire un mondo le cui difficolt\u00e0 stanno escalando con ogni giorno che passa.<\/p>\n<p>Molte persone hanno rinunciato a cercare un significato superiore, oppure non lo hanno mai neanche coltivato. Per loro, la Nuova Rivelazione sar\u00e0 una curiosit\u00e0 o un oggetto di condanna, qualcosa sulla quale possono proiettare le loro paure, i loro giudizi e le loro lagnanze, senza mai capire veramente che cosa hanno di fronte.<\/p>\n<p>Ci sar\u00e0 ogni genere di reazione nei confronti di questo, ovviamente, ma \u00e8 importante per coloro che giungono a questo con un\u2019intenzione onesta e con umilt\u00e0 e sincerit\u00e0, di rendersi conto della forza e della potenza della Rivelazione di Dio e di cosa pu\u00f2 significare per loro\u2014per ripristinarli, per dare loro uno scopo superiore e una direzione, cose che gi\u00e0 dimorano dentro di loro.<\/p>\n<p>Non ci si inventa lo scopo e la direzione, perch\u00e9, vedete, sono cose incorporate. Fanno parte della programmazione della tua natura pi\u00f9 profonda, al di l\u00e0 del regno dell\u2019intelletto. Al di l\u00e0 del dibattito e delle congetture, stanno queste cose. Potresti metterle in discussione per tutta la vita, ma significherebbe solo che non capisci.<\/p>\n<p>E\u2019 importante che le persone che giungono alla Rivelazione con sincerit\u00e0 abbiano in partenza una comprensione del fatto che hanno a che fare con qualcosa di magnitudine superiore. Non \u00e8 semplicemente un insegnamento tra altri insegnamenti. Non \u00e8 semplicemente una cosa promettente che dar\u00e0 loro quello che vogliono nella vita. E\u2019 nel suo insieme un livello totalmente diverso. Per questo \u00e8 un Nuovo Messaggio da Dio, l\u2019unico Messaggio da Dio oggi nel mondo.<\/p>\n<p>Questo non significa che il Nuovo Messaggio modeller\u00e0 per te una nuova vita e ti dar\u00e0 un ruolo da giocare, perch\u00e9 quello deve venire da dentro di te\u2014tra te e te stesso, tra te e il tuo coinvolgimento con la vita.<\/p>\n<p>A molte persone servir\u00e0 che il Nuovo Messaggio sia al centro del loro praticantato e del loro focus e alcune persone saranno chiamate a servire direttamente il Nuovo Messaggio perch\u00e9 quella \u00e8 la loro chiamata. Ma per molti altri, dar\u00e0 loro la forza di discernere una direzione superiore e dar\u00e0 loro un potere interiore superiore e la forza per prendere le decisioni necessarie, svoltare agli angoli dove si deve svoltare e iniziare a spostarsi in una direzione positiva e ricca di significato.<\/p>\n<p>Ci sono molte persone oggi nel mondo che sanno di doversi preparare per qualcosa, che si sentono chiamate a una partecipazione superiore, che hanno una sensazione che la loro vita \u00e8 pi\u00f9 importante delle loro attivit\u00e0 terrene giornaliere. Alcune non troveranno la loro via nelle tradizioni religiose del mondo perch\u00e9 saranno preparate e chiamate per qualcosa che \u00e8 nuovo nel mondo. Loro sono pi\u00f9 connesse al futuro che al passato e il futuro le sta chiamando e tirando in avanti.<\/p>\n<p>Ci sono persone destinate a ricevere la Rivelazione di Dio, a studiarla e applicarla. Loro non troveranno la loro via in nessun altro posto. Se tu sei destinato per qualcosa di questa magnitudine, non troverai soddisfazione e realizzazione da nessuna altra parte\u2014potrai anche cercare di farlo e, credere il credibile, di poterlo fare. Potrai cercare, come un tiranno, di alterare la tua vita, comunque non riuscirai a realizzare il tuo impegno primario se la tua vita non sar\u00e0 indirizzata nella giusta direzione, dove la natura dell\u2019impegno destinato a te la si pu\u00f2 chiaramente discernere e pu\u00f2 essere accettata.<\/p>\n<p>E\u2019 a queste persone che la Rivelazione fornir\u00e0 una nuova vita, non semplicemente un miglioramento della loro vita vecchia, non semplicemente una giustificazione per quello che loro hanno fatto o non hanno fatto in passato. Non \u00e8 semplicemente una forma di conforto che dice loro, \u201cBe\u2019, va tutto bene. Quello che avete fatto va tutto bene. E\u2019 tutto a posto.\u201d.<\/p>\n<p>No. La Rivelazione render\u00e0 i tuoi errori pi\u00f9 folgoranti, le tue delusioni pi\u00f9 evidenti, la tua mancanza di direzione pi\u00f9 profondamente sentita. All\u2019inizio potr\u00e0 anche aumentare la tua sofferenza fino a quando riuscirai a discernere il vero dono della Rivelazione e riconoscere che adesso stai cominciando un viaggio superiore, forse un viaggio che stai gi\u00e0 vivendo da qualche tempo, che ora sta facendo un enorme passo avanti.<\/p>\n<p>Qua non c\u2019\u00e8 spazio per i compromessi. Non puoi fare una trattativa con Dio. Non puoi fare una trattativa con il tuo scopo e il tuo destino, non puoi cambiare queste cose. Le puoi solo evitare, negare o intraprendere il processo di accettarle e riprenderle.<\/p>\n<p>Il modo in cui si esprimer\u00e0 il tuo scopo dipende dalle mutevoli circostanze del mondo. Perci\u00f2 in questo non tutte le cose sono predeterminate, certamente no. Il tuo successo o il tuo fallimento non si basano solo sulla partecipazione tua, ma anche sulla partecipazione e sulla preparazione degli altri che sono destinati a giocare un ruolo significativo nella tua vita. Se in questo falliscono, questo impatter\u00e0 la riuscita anche per te, perch\u00e9 il tuo progresso dipende dallo sviluppo di certe altre persone.<\/p>\n<p>Questa non \u00e8 una ricerca individuale dove cerchi di illuminarti individualmente. E\u2019 un congiungimento e un\u2019unione con altri per uno scopo superiore. Se falliscono loro, questo avr\u00e0 effetto sul conseguimento tuo. Se fallisci tu, questo avr\u00e0 effetto sul conseguimento loro. E\u2019 per questo che qua il fallimento ha una conseguenza cos\u00ec grande. Tu pensi ancora di vivere in separazione, perci\u00f2 non puoi vedere che il tuo destino \u00e8 legato ad altri.<\/p>\n<p>Questi sono altri che dovrai trovare, nella vita. Non saranno le personalit\u00e0 affascinanti, i bei volti e i comportamenti sociali amabili che attirano cos\u00ec tante persone. Non saranno neanche persone che potresti amare o con le quali hai avuto un\u2019associazione in precedenza. La maggior parte di quelle persone non condivideranno con te il futuro, anche se hai avuto un\u2019associazione con loro in un distante passato. Ora avrai bisogno della Conoscenza, perch\u00e9 lei sola dentro di te sapr\u00e0. Lei vedr\u00e0. Lei risponder\u00e0.<\/p>\n<p>Se quell\u2019altra persona non \u00e8 pronta, be\u2019, per te sar\u00e0 una tragedia. Non significa che la tua vita sar\u00e0 finita. Significa solo che per te dovr\u00e0 essere stabilito un altro progetto. Risulter\u00e0 che il viaggio sar\u00e0 pi\u00f9 lungo e pi\u00f9 incerto.<\/p>\n<p>C\u2019\u00e8 cos\u00ec tanto da disimparare. C\u2019\u00e8 cos\u00ec tanto condizionamento che non solo \u00e8 controproducente, ma in realt\u00e0 \u00e8 distruttivo per l\u2019individuo. C\u2019\u00e8 cos\u00ec tanta aspettativa che, battente, ti conduce a votare il tuo impegno prima ancora di sapere quello che stai facendo nella vita, prima di esserti connesso con La Conoscenza, che da sola detiene per te il tuo scopo superiore e il tuo destino.<\/p>\n<p>Dio non rivelerebbe mai queste cose al tuo intelletto, una parte della tua mente che \u00e8 condizionata dal mondo ed \u00e8 talmente inaffidabile e talmente debole e facilmente persuasa da altre forze. No, il dono viene dato a una parte di te che \u00e8 pi\u00f9 profonda e non \u00e8 influenzata dal mondo, non \u00e8 influenzata dai tuoi mutevoli sentimenti e atteggiamenti, i tuoi incostanti stati emotivi, la tua speranza, la tua paura, la tua estasi, la tua miseria\u2014non \u00e8 influenzata da nulla di tutto ci\u00f2. Vive nel profondo dell\u2019oceano, non sulla tumultuosa superficie.<\/p>\n<p>Allora intraprendere i Passi verso La Conoscenza diventa essenziale, altrimenti la tua vita continuer\u00e0 a essere una vana ricerca\u2014inseguendo la gente, le promesse, le ambizioni, i sogni, la speranza, scappando dalla paura in tutti i casi, terrificati di essere smarriti e soli, terrificati che la propria vita non si metter\u00e0 mai in sesto.<\/p>\n<p>La Conoscenza esiste al di l\u00e0 del regno del desiderio e della paura e per questo \u00e8 fondata. Per questo \u00e8 forte. Per questo \u00e8 immutabile e tu non la puoi cambiare. Questo, tuttavia, rappresenta la tua redenzione. A prescindere da quello che pensi o fai oppure hai fatto o non hai fatto, il potere della redenzione vive dentro di te.<\/p>\n<p>Dio non deve capire la tua situazione. Il Signore dell\u2019universo non \u00e8 concentrato sulla tua vita. Per\u00f2 Dio ha messo La Conoscenza dentro di te e lei detiene il tuo scopo e la tua direzione. Lei trover\u00e0 le persone che devi trovare. Lei porter\u00e0 correzione, armonia ed equilibrio nella tua vita se sei in grado di discernerla, seguirla e applicarla dovunque sia necessario.<\/p>\n<p>Questo \u00e8 ci\u00f2 che crea una nuova vita\u2014non una vita vecchia con qualche miglioramento; non una vecchia vita con un nuovo sistema di credenze; non una vecchia vita con un nuovo guardaroba o un\u2019estrosa spiegazione religiosa per ogni cosa; non una persona tragica abbigliata per il successo; non una persona sola, isolata, che ora \u00e8 diventata socialmente accettabile perch\u00e9 dice e fa tutte le cose giuste.<\/p>\n<p>Non sei semplicemente un cartellone pubblicitario per le convinzioni di qualcun altro. C\u2019\u00e8 una speranza superiore per te. Dio ha cura di te perch\u00e8 Dio ti sta fornendo una nuova vita. Altrimenti Dio lascerebbe che tutti vacillino e falliscano e la cosa non lo preoccuperebbe. Questo \u00e8 quello che in verit\u00e0 crede la gente, perch\u00e9 pensare che le Rivelazioni di Dio siano solo state date secoli fa e che Dio non abbia pi\u00f9 niente da dire all\u2019umanit\u00e0, significa concludere che Dio veramente non si cura dell\u2019umanit\u00e0 e non ha pi\u00f9 nulla da dire all\u2019umanit\u00e0 che, adesso, sta per affrontare, collettivamente, delle soglie che non ha mai dovuto affrontare prima.<\/p>\n<p>Come tratterete con un mondo in declino? Come tratterete con l\u2019intromissione da parte di razze predatrici provenienti dall\u2019universo, che sono qua per approfittare della debolezza e della divisione dell\u2019umanit\u00e0? Come tratterete con i disordini politici ed economici su una scala che non \u00e8 mai stata vista prima nel mondo?<\/p>\n<p>Se sarai onesto con te stesso, dovrai ammettere prima o poi che veramente non hai la minima idea. Per\u00f2 la condizione del mondo e ci\u00f2 che dovrai affrontare insieme a tutti gli altri \u00e8 proprio questo.<\/p>\n<p>Dio sta mandando una preparazione per il Nuovo Mondo come parte del Nuovo Messaggio. Dio vi sta mandando i piani e la preparazione per incominciare a stabilire una nuova vita. C\u2019\u00e8 il Messaggio per il mondo e per tutti coloro che ci stanno sopra. Poi c\u2019\u00e8 il Messaggio per l\u2019individuo che sente di avere uno scopo e un destino superiore nel mondo. Dovrai decidere tu se questo si rivolge a te.<\/p>\n<p>Dio non ha inventato le tue idee e le tue credenze. Dio non ha creato le tue preferenze e le tue paure. Dio non ha creato quel mondo che \u00e8 un prodotto delle preferenze e delle paure di tutti. Non puoi incolpare Dio per le condizioni sociali dell\u2019umanit\u00e0. Non puoi incolpare Dio per le guerre e le crudelt\u00e0, per lo sfruttamento, per la schiavit\u00f9 e la povert\u00e0. Quella \u00e8 tutta una creazione umana basata sull\u2019avidit\u00e0 e sull\u2019ignoranza, basata sul fatto che non abbastanza persone contribuiscono abbastanza al mondo che li circonda.<\/p>\n<p>Per\u00f2 Dio ha creato la presenza della Conoscenza dentro di te e solo la Nuova Rivelazione di Dio rende tutto questo molto chiaro, senza una sovrapposizione di storia e di interpretazione umana che offuscano la vostra comprensione. Il ruscello \u00e8 limpido. Il Messaggio \u00e8 puro. Lo stai ricevendo dalla sua Fonte, al posto di un\u2019interpretazione che fu fabbricata secoli dopo per uso e consumo dell\u2019umanit\u00e0.<\/p>\n<p>Per avere una nuova vita, c\u2019\u00e8 da lavorare. Non \u00e8 un incantesimo che viene messo su di te. Non \u00e8 prendere una pozione magica e avere tutto che diventa diverso. Non \u00e8 una forma di assuefazione o intossicazione.<\/p>\n<p>Il lavoro lo dovrai fare tu. Dovrai assumerti dei rischi. Dovrai prendere le decisioni. Dovrai deludere altre persone. Dovrai deludere i tuoi stessi traguardi e le tue stesse ambizioni. Dovrai cambiare i tuoi progetti.<\/p>\n<p>E\u2019 qua che diventi forte. E\u2019 qua che diventi unito dentro te stesso. Qua \u00e8 dove segui una voce anzich\u00e9 molte voci nella tua mente. Qua \u00e8 dove la tua vera fedelt\u00e0 emerge tra tutti gli altri tuoi obblighi e impegni. Qua \u00e8 dove riconquisti la tua forza e la tua sicurezza in te stesso. Qua \u00e8 dove smetti di comportarti scioccamente, dando via la tua vita a cose sciocche e prive di significato. Qua \u00e8 dove sai scegliere con chi stare e sai resistere alle tentazioni che ti portano altrove nella vita.<\/p>\n<p>Tu diventi forte perch\u00e9 La Conoscenza \u00e8 dentro di te. Tu sopporti le difficolt\u00e0 perch\u00e8 La Conoscenza \u00e8 dentro di te. Tu puoi affrontare il dolore e la perdita, la malattia e anche il rifiuto da parte di altri che ti stanno a cuore perch\u00e9 la forza della Conoscenza \u00e8 dentro di te e quando incontrerai un\u2019altra persona che ha sviluppato questa forza, la vostra relazione sar\u00e0 su un livello completamente diverso\u2014straordinaria per il mondo, capace di creare cose di gran lunga superiori a quello che da solo saresti stato capace di produrre.<\/p>\n<p>Dio ti d\u00e0 la fonte della tua forza, ma tu devi esercitare la sua guida e devi sviluppare le capacit\u00e0 personali che ti consentono di diventare un veicolo per La Conoscenza\u2014una persona di potenza e di integrit\u00e0, una persona capace di ispirare altri e di portare fiducia, conforto e direzione agli altri.<\/p>\n<p>Questa \u00e8 la Nuova Rivelazione di Dio. Questo \u00e8 ci\u00f2 che \u00e8 designata a produrre. Adesso servono molti forti contributori nel mondo, altrimenti l\u2019umanit\u00e0 affronter\u00e0 un rapido e precipitoso declino.<\/p>\n<p>Che questa sia la vostra comprensione.<\/p>\n<p>&nbsp;<\/p>\n","protected":false},"excerpt":{"rendered":"<p>La Nuova Rivelazione di Dio non \u00e8 qua semplicemente per aggiungere valore alla tua attuale esistenza o per validare le tue attuali idee e aspirazioni. Non \u00e8 qua per validare le religioni del mondo o per rendersi conforme alle loro credenze o alle loro aspettative, perch\u00e9 Dio non \u00e8 vincolato da queste cose. Non \u00e8\u2026 <a class=\"read-more\" href=\"https:\/\/www.v6.newmessage.org\/it\/about-recording-shortcode\"><span>Read More<\/span><\/a><\/p>\n","protected":false},"author":1,"featured_media":0,"parent":16480,"menu_order":1,"comment_status":"closed","ping_status":"closed","template":"template-leftsidebar.php","meta":{"_monsterinsights_skip_tracking":false,"_monsterinsights_sitenote_active":false,"_monsterinsights_sitenote_note":"","_monsterinsights_sitenote_category":0,"footnotes":""},"categories":[117,76,30,462,460],"tags":[749,740,745,750,775,743,748,741,746,744,747,360,742],"_links":{"self":[{"href":"https:\/\/www.v6.newmessage.org\/it\/wp-json\/wp\/v2\/pages\/3707"}],"collection":[{"href":"https:\/\/www.v6.newmessage.org\/it\/wp-json\/wp\/v2\/pages"}],"about":[{"href":"https:\/\/www.v6.newmessage.org\/it\/wp-json\/wp\/v2\/types\/page"}],"author":[{"embeddable":true,"href":"https:\/\/www.v6.newmessage.org\/it\/wp-json\/wp\/v2\/users\/1"}],"replies":[{"embeddable":true,"href":"https:\/\/www.v6.newmessage.org\/it\/wp-json\/wp\/v2\/comments?post=3707"}],"version-history":[{"count":22,"href":"https:\/\/www.v6.newmessage.org\/it\/wp-json\/wp\/v2\/pages\/3707\/revisions"}],"predecessor-version":[{"id":28196,"href":"https:\/\/www.v6.newmessage.org\/it\/wp-json\/wp\/v2\/pages\/3707\/revisions\/28196"}],"up":[{"embeddable":true,"href":"https:\/\/www.v6.newmessage.org\/it\/wp-json\/wp\/v2\/pages\/16480"}],"wp:attachment":[{"href":"https:\/\/www.v6.newmessage.org\/it\/wp-json\/wp\/v2\/media?parent=3707"}],"wp:term":[{"taxonomy":"category","embeddable":true,"href":"https:\/\/www.v6.newmessage.org\/it\/wp-json\/wp\/v2\/categories?post=3707"},{"taxonomy":"post_tag","embeddable":true,"href":"https:\/\/www.v6.newmessage.org\/it\/wp-json\/wp\/v2\/tags?post=3707"}],"curies":[{"name":"wp","href":"https:\/\/api.w.org\/{rel}","templated":true}]}}