{"id":29725,"date":"2024-07-09T05:40:37","date_gmt":"2024-07-09T05:40:37","guid":{"rendered":"https:\/\/www.v6.newmessage.org\/it\/?page_id=29725"},"modified":"2024-07-09T05:40:37","modified_gmt":"2024-07-09T05:40:37","slug":"portare-equilibrio-e-sicurezza-nel-mondo","status":"publish","type":"page","link":"https:\/\/www.v6.newmessage.org\/it\/il-messaggio\/volume-1\/la-nuova-via-verso-il-progresso-dellumanita\/portare-equilibrio-e-sicurezza-nel-mondo","title":{"rendered":"Portare Equilibrio e Sicurezza nel Mondo"},"content":{"rendered":"<div><!-- Version 3.2 Verse --><\/div>\n\n<div class=\"tabgroup \"><ul class=\"tabs\"><li><a href=\"#tabs-1\">Ascolta<\/a><\/li>\n<li><a href=\"#tabs-2\">Commenta<\/a><\/li>\n<li><a href=\"#tabs-3\">guarda<\/a><\/li>\n<li><a href=\"#tabs-4\">Nota<\/a><\/li><\/ul>\n <div id=\"tabs-1\"><\/p>\n<div id=\"jquery_jplayer_1\" class=\"jp-jplayer\"><\/div>\n\t\t\t\t<div id=\"jp_container_1\" class=\"jp-audio\">\n\t\t\t\t<div class=\"jp-type-single\"><div class=\"jp-control\"><a href=\"javascript:;\" class=\"jp-play\" tabindex=\"1\">play<\/a><a href=\"javascript:;\" class=\"jp-pause\" tabindex=\"1\">pause<\/a><\/div> <div class=\"jp-gui jp-interface\"><div class=\"jp-volume\"><div class=\"jp-volume-bar\"><div class=\"jp-volume-bar-value\"><\/div><\/div><\/div><div class=\"jp-progress\"><div class=\"jp-seek-bar\"><div class=\"jp-play-bar\"><\/div><\/div><\/div><\/div>\t\t\t\t\t<div class=\"jp-no-solution\"><span>Update Required<\/span>To play the media you will need to either update your browser to a recent version or update your <a href=\"http:\/\/get.adobe.com\/flashplayer\/\" target=\"_blank\">Flash plugin<\/a>.<\/div><\/div><\/div>\n\t\t\t<script type='text\/javascript'>\n\t\t\t\tjQuery(document).ready(function() {\n\t\t\t\t\tif (typeof (sermonMedia) == 'function') {\n\t\t\t\t\t\tsermonMedia.addAudio('', \"jquery_jplayer_1\");\n\t\t\t\t\t}\n\t\t\t\t\tjQuery.jPlayer.timeFormat.showHour = true;\n\t\t\t\t\tjQuery(\"#jquery_jplayer_1\").jPlayer({\n\t\t\t\t\t\tready: function(event) {\n\t\t\t\t\t\t\tjQuery(this).jPlayer(\"setMedia\", {mp3: 'https:\/\/www.newmessage.org\/av\/the-importance-of-the-individual.mp3'});\n\t\t\t\t\t\t},\n\t\t\t\t\t\tplay: function() {\n\t\t\t\t\t\t\tjQuery(this).jPlayer(\"pauseOthers\");\n\t\t\t\t\t\t},\n\t\t\t\t\t\tswfPath: ThemeData.directory_uri+\"\/swf\",\n\t\t\t\t\t\tsolution: \"html, flash\",\n\t\t\t\t\t\tpreload: \"metadata\",\n\t\t\t\t\t\twmode: \"window\",\n\t\t\t\t\t\tsupplied: \"mp3\",\n\t\t\t\t\t\tcssSelectorAncestor: '#jp_container_1'\n\t\t\t\t\t});\n\t\t\t\t});\n\t\t\t<\/script><\/p>\n<p><a title=\" \" href=\"https:\/\/s3.us-east-1.wasabisys.com\/nmfg-av\/bringing-balance-and-security-to-the-world.mp3\">Download<\/a> (clicca tasto destro del mouse)<\/p>\n<p class=\"revelation_details\"><em>Come ricevuto da<br \/>\nMarshall Vian Summers<br \/>\nil 3 Ottobre 2008<br \/>\na Boulder, Colorado<br \/>\n<\/em><\/p>\n<div class=\"toggle toggle-white\"><h4 class=\"trigger \"><span class=\"t_ico\"><\/span><a href=\"#\">Informazioni riguardo a questo testo<\/a><\/h4><div class=\"toggle_container \"><br \/>\n<p>Quello che state leggendo in questo testo \u00e8 la trascrizione della voce originale della Assemblea Angelica cos\u00ec come ha parlato tramite il Messaggero Marshall Vian Summers.<\/p>\n<p>Qua, la comunicazione originale di Dio, che esiste al di l\u00e0 delle parole, \u00e8 tradotta nel linguaggio e nella comprensione umana dall\u2019Assemblea Angelica che veglia sul mondo. Poi l\u2019Assemblea consegna il Messaggio di Dio tramite il Messaggero, dopo di che, la comunicazione \u00e8 trascritta e resa disponibile a voi e a tutto il mondo.<\/p>\n<p>In questo notevole processo, la Voce della Rivelazione sta parlando di nuovo. La Parola e il suono della Voce sono nel mondo. Possiate voi essere i destinatari di questo dono di Rivelazione e possiate essere aperti a ricevere il suo Messaggio unico per voi e per la vostra vita.<\/p>\n<br \/>\n<\/div><\/div>\n<p><\/div>\n<div id=\"tabs-2\"><\/p>\n<p><a class='simple_button_link ' style='background-color: #4f8fd6' href='https:\/\/www.community.newmessage.org\/groups\/italian\/'   ><span>Commenta<\/span><\/a> Questa Rivelazione nel Worldwide Community Site (registrazione gratuita)<\/p>\n<p><\/div>\n<div id=\"tabs-3\"><\/p>\n<p><iframe loading=\"lazy\" title=\"Bringing Balance and Security to the World\" width=\"275\" height=\"155\" src=\"https:\/\/www.youtube.com\/embed\/6qtCcj8RPZU?feature=oembed\" frameborder=\"0\" allow=\"accelerometer; autoplay; clipboard-write; encrypted-media; gyroscope; picture-in-picture; web-share\" referrerpolicy=\"strict-origin-when-cross-origin\" allowfullscreen><\/iframe><\/p>\n<p><\/div>\n<div id=\"tabs-4\"><br \/>\n<em>Nota per il Lettore:<br \/>\nQuesta traduzione \u00e8 stata fornita a The Society da uno studente del Nuovo Messaggio che si \u00e8 offerto volontario per tradurre il testo originale in Inglese. Noi rendiamo questa traduzione disponibile al mondo in questa forma iniziale affinch\u00e9 le persone abbiano la possibilit\u00e0 di interagire con una porzione del Nuovo Messaggio nella propria lingua.<\/em><br \/>\n<\/div>\n\t\t\t\t<div align=\"right\">\n\t\t\t<div class=\"fb-like\" data-href=\"\" data-layout=\"button_count\" data-action=\"like\" data-show-faces=\"false\" data-share=\"false\"><\/div>\n\t\t\t<div class=\"fb-share-button\" data-layout=\"button_count\"> <\/div>\n\t\t\t<div class=\"fb_iframe_widget\"><a href=\"https:\/\/twitter.com\/godsnewmessage?ref_src=twsrc%5Etfw\" class=\"twitter-follow-button\" data-show-count=\"false\">Follow @godsnewmessage<\/a><script async src=\"https:\/\/platform.twitter.com\/widgets.js\" charset=\"utf-8\"><\/script><\/div>\n\t\t\t<\/div> <\/div> \n\n<p>Il mondo sta affrontando due grandi fenomeni: <a href=\"https:\/\/www.v6.newmessage.org\/it\/il-messaggio\/volume-4\/le-grandi-onde-del-cambiamento\"><span style=\"font-weight: 400;\">le Grandi Onde del cambiamento<\/span><\/a> che stanno arrivando nel mondo, che sono in gran parte il risultato dell&#8217;abuso e dell&#8217;uso eccessivo delle risorse del mondo da parte dell&#8217;umanit\u00e0, e l&#8217;incontro dell&#8217;umanit\u00e0 con la vita intelligente nell&#8217;universo. Queste sono le due pi\u00f9 grandi sfide che l&#8217;umanit\u00e0 abbia mai affrontato, entrambe si stanno verificando in questo momento e diventeranno sempre pi\u00f9 significative nei giorni, nei mesi e negli anni a venire.<\/p>\n<p>Le Grandi Onde del Cambiamento \u2013 l&#8217;esaurimento delle risorse, il degrado ambientale, la perdita di produzione alimentare, e le crescenti turbolenze e instabilit\u00e0 economiche e politiche e il rischio di guerre tra gruppi e nazioni per le risorse rimaste \u2013 questo \u00e8 il pi\u00f9 grande insieme di cambiamenti convergenti che la famiglia umana abbia mai affrontato e che interesser\u00e0 tutti nel mondo, anche le nazioni pi\u00f9 ricche.<\/p>\n<p>In questo momento di profondo scompiglio e instabilit\u00e0, alcune razze dell&#8217;universo sono qui per approfittare di un&#8217;umanit\u00e0 debole e divisa, per affermarsi come una potenza maggiore nel mondo. Cercheranno di raggiungere i loro obiettivi senza l&#8217;uso della forza, affidandosi interamente sia sui loro poteri di persuasione e intimidazione, sia sulla fragilit\u00e0, sui conflitti e sulle debolezze dell&#8217;umanit\u00e0 stessa.<\/p>\n<p>Quando metti tutto questo insieme, sembra travolgente e molte persone lo negheranno o lo contesteranno \u2013 non perch\u00e9 sia falso, ma perch\u00e9 non riescono ad affrontarlo psicologicamente ed emotivamente. Ci vorranno mille soluzioni per affrontare le Grandi Onde del cambiamento e l&#8217;umanit\u00e0 non \u00e8 preparata per <a href=\"https:\/\/www.v6.newmessage.org\/it\/il-messaggio\/volume-1\/la-comunita-piu-grande\"><span style=\"font-weight: 400;\">la Comunit\u00e0 Pi\u00f9 Grande<\/span><\/a> di vita intelligente nell&#8217;universo.<\/p>\n<p>L&#8217;enfasi ora per la famiglia umana non \u00e8 la crescita e l&#8217;espansione, ma la stabilit\u00e0 e la sicurezza. Questo mondo non pu\u00f2 continuare ad essere saccheggiato a un ritmo cos\u00ec violento e rapido se vogliamo che l&#8217;umanit\u00e0 abbia un futuro qui. E non potrete andare nell&#8217;universo per ottenere le risorse che avete esaurito qui in questo mondo, perch\u00e9 quelle risorse sono di propriet\u00e0 di altri e loro sono molto pi\u00f9 potenti di voi. Ecco perch\u00e9 l&#8217;umanit\u00e0 deve impegnarsi ora a stabilire un uso equilibrato del mondo. Ci\u00f2 richieder\u00e0 un immenso cambiamento nel comportamento, nelle credenze e negli atteggiamenti delle persone. E questo cambiamento non sar\u00e0 facile da ottenere. Ci saranno molti conflitti al riguardo, ma \u00e8 un fatto essenziale. E la realt\u00e0 dell&#8217;Intromissione che sta avvenendo nel mondo oggi \u2013 che \u00e8 cos\u00ec ingannevole e cos\u00ec pericolosa per l&#8217;umanit\u00e0 \u2013 anche quella verr\u00e0 rivelata.<\/p>\n<p>State entrando in un periodo di grandi cambiamenti e difficolt\u00e0. Non \u00e8 per i deboli di cuore. Non \u00e8 per gli ambivalenti o per gli egoisti. Ci vorr\u00e0 un maggiore coraggio, una maggiore determinazione e una maggiore cooperazione tra gruppi e nazioni di persone.<\/p>\n<p>Il Creatore di tutta la vita ti ha dato questa forza maggiore, il potere e la presenza della Conoscenza dentro di te \u2013 una Mente pi\u00f9 profonda e potente, al di l\u00e0 del regno dell&#8217;intelletto. In verit\u00e0 sei venuto al mondo in questo momento per affrontare queste tremende circostanze. Sei venuto al mondo per dare un contributo a un mondo che ne ha bisogno.<\/p>\n<p>A prescindere dalle tue opinioni, convinzioni o obiettivi personali, questa rimane una verit\u00e0 fondamentale, per te e per tutti. Quante pi\u00f9 persone riusciranno a scoprire questo e permetteranno a questo grande contributo di manifestarsi attraverso di loro, tanto migliore sar\u00e0 il mondo e pi\u00f9 luminosa sar\u00e0 la speranza per l&#8217;umanit\u00e0. Meno persone riconoscono questo grande scopo nel mondo, pi\u00f9 oscure, pi\u00f9 difficili e pi\u00f9 tragiche saranno le circostanze umane.<\/p>\n<p>In sostanza, i gruppi e le nazioni devono unirsi per preservare il mondo in modo che l&#8217;umanit\u00e0 abbia un futuro. Inoltre gruppi e nazioni devono unirsi per affrontare un universo di vita intelligente con una sola voce, in modo che l&#8217;umanit\u00e0 possa stabilire le proprie regole di impegno e di etica del Contatto con tutti coloro che sono qui oggi e quelli che potrebbero visitare questo mondo in futuro.<\/p>\n<p>Divisi, cadrete sotto la sottomissione straniera nell&#8217;universo. Ma uniti, tale soggiogamento non potr\u00e0 prendere piede qui. Questo \u00e8 il potere dello spirito umano. Non \u00e8 una questione di tecnologia, ma di volont\u00e0 e determinazione umana, di saggezza e cooperazione umana. Ora vi trovate di fronte a una competizione che proviene da oltre il mondo, e questa competizione \u00e8 qui perch\u00e9 l&#8217;umanit\u00e0 sta entrando in un grande periodo di instabilit\u00e0.<\/p>\n<p>La vostra libert\u00e0 \u00e8 preziosa. Dovrete unirvi per preservarla e costruirla. State infatti entrando in un universo in cui la libert\u00e0 \u00e8 rara e in cui tutte le nazioni sono alla disperata ricerca di risorse\u2014risorse che il vostro mondo, nella sua diversit\u00e0 biologica, possiede in grande abbondanza.<\/p>\n<p>Sei arrivato nel mondo in questo momento di grande svolta. \u00c8 un periodo di grande pericolo, ma anche di immensa opportunit\u00e0. Mai prima d&#8217;ora il bisogno di unit\u00e0 umana \u00e8 stato cos\u00ec grande. E mai prima d&#8217;ora la sfida al benessere e alla sovranit\u00e0 dell&#8217;umanit\u00e0 in questo mondo \u00e8 stata in cos\u00ec grande pericolo.<\/p>\n<p>Tu stesso sei venuto nel mondo per contribuire a questo. Hai dentro di te, come un carico segreto, un dono pi\u00f9 grande per il mondo. Ma solo La Conoscenza pi\u00f9 profonda che \u00e8 in te sa di cosa si tratta, dove deve essere dato e quali sono gli individui unici che faranno parte di questa espressione.<\/p>\n<p>Quindi, non disperare. Non perderti nella rabbia o nel risentimento verso gli altri, perch\u00e9 questo \u00e8 un momento in cui deve avvenire un grande risveglio dentro di te, un grande risveglio del cuore e l&#8217;emergere del potere di questa Conoscenza dentro di te.<\/p>\n<p>Questo ti guider\u00e0 attraverso ogni tempesta. Questo sar\u00e0 la tua zattera nelle acque difficili che ti aspettano. E questo fornir\u00e0 il contributo unico che sei venuto a dare al mondo.<\/p>\n","protected":false},"excerpt":{"rendered":"<p>Il mondo sta affrontando due grandi fenomeni: le Grandi Onde del cambiamento che stanno arrivando nel mondo, che sono in gran parte il risultato dell&#8217;abuso e dell&#8217;uso eccessivo delle risorse del mondo da parte dell&#8217;umanit\u00e0, e l&#8217;incontro dell&#8217;umanit\u00e0 con la vita intelligente nell&#8217;universo. Queste sono le due pi\u00f9 grandi sfide che l&#8217;umanit\u00e0 abbia mai affrontato, entrambe si stanno verificando in questo momento e diventeranno sempre pi\u00f9 significative nei giorni, nei mesi e negli anni a venire.<\/p>\n<p>Le Grandi Onde del Cambiamento \u2013 l&#8217;esaurimento delle risorse, il degrado ambientale, la perdita di produzione alimentare, e le crescenti turbolenze e instabilit\u00e0 economiche e politiche e il rischio di guerre tra gruppi e nazioni per le risorse rimaste \u2013 questo \u00e8 il pi\u00f9 grande insieme di cambiamenti convergenti che la famiglia umana abbia mai affrontato e che interesser\u00e0 tutti nel mondo, anche le nazioni pi\u00f9 ricche.<\/p>\n<p>In questo momento di profondo scompiglio e instabilit\u00e0, alcune razze dell&#8217;universo sono qui per approfittare di un&#8217;umanit\u00e0 debole e divisa, per affermarsi come una potenza maggiore nel mondo. Cercheranno di raggiungere i loro obiettivi senza l&#8217;uso della forza, affidandosi interamente sia sui loro poteri di persuasione e intimidazione, sia sulla fragilit\u00e0, sui conflitti e sulle debolezze dell&#8217;umanit\u00e0 stessa.<\/p>\n<p>Quando metti tutto questo insieme, sembra travolgente e molte persone lo negheranno o lo contesteranno \u2013 non perch\u00e9 sia falso, ma perch\u00e9 non riescono ad affrontarlo psicologicamente ed emotivamente. Ci vorranno mille soluzioni per affrontare le Grandi Onde del cambiamento e l&#8217;umanit\u00e0 non \u00e8 preparata per la Comunit\u00e0 Pi\u00f9 Grande di vita intelligente nell&#8217;universo.<\/p>\n<p>L&#8217;enfasi ora per la famiglia umana non \u00e8 la crescita e l&#8217;espansione, ma la stabilit\u00e0 e la sicurezza. Questo mondo non pu\u00f2 continuare ad essere saccheggiato a un ritmo cos\u00ec violento e rapido se vogliamo che l&#8217;umanit\u00e0 abbia un futuro qui. E non potrete andare nell&#8217;universo per ottenere le risorse che avete esaurito qui in questo mondo, perch\u00e9 quelle risorse sono di propriet\u00e0 di altri e loro sono molto pi\u00f9 potenti di voi. Ecco perch\u00e9 l&#8217;umanit\u00e0 deve impegnarsi ora a stabilire un uso equilibrato del mondo. Ci\u00f2 richieder\u00e0 un immenso cambiamento nel comportamento, nelle credenze e negli atteggiamenti delle persone. E questo cambiamento non sar\u00e0 facile da ottenere. Ci saranno molti conflitti al riguardo, ma \u00e8 un fatto essenziale. E la realt\u00e0 dell&#8217;Intromissione che sta avvenendo nel mondo oggi \u2013 che \u00e8 cos\u00ec ingannevole e cos\u00ec pericolosa per l&#8217;umanit\u00e0 \u2013 anche quella verr\u00e0 rivelata.<\/p>\n","protected":false},"author":62,"featured_media":0,"parent":28779,"menu_order":0,"comment_status":"closed","ping_status":"closed","template":"template-leftsidebar.php","meta":{"_monsterinsights_skip_tracking":false,"_monsterinsights_sitenote_active":false,"_monsterinsights_sitenote_note":"","_monsterinsights_sitenote_category":0,"footnotes":""},"categories":[76,30,974],"tags":[1361,749,1241,779,740,745,952,961,1240,750,1239,972,962,949,948,743,748,1360,741,746,744,747,950,742],"_links":{"self":[{"href":"https:\/\/www.v6.newmessage.org\/it\/wp-json\/wp\/v2\/pages\/29725"}],"collection":[{"href":"https:\/\/www.v6.newmessage.org\/it\/wp-json\/wp\/v2\/pages"}],"about":[{"href":"https:\/\/www.v6.newmessage.org\/it\/wp-json\/wp\/v2\/types\/page"}],"author":[{"embeddable":true,"href":"https:\/\/www.v6.newmessage.org\/it\/wp-json\/wp\/v2\/users\/62"}],"replies":[{"embeddable":true,"href":"https:\/\/www.v6.newmessage.org\/it\/wp-json\/wp\/v2\/comments?post=29725"}],"version-history":[{"count":3,"href":"https:\/\/www.v6.newmessage.org\/it\/wp-json\/wp\/v2\/pages\/29725\/revisions"}],"predecessor-version":[{"id":29731,"href":"https:\/\/www.v6.newmessage.org\/it\/wp-json\/wp\/v2\/pages\/29725\/revisions\/29731"}],"up":[{"embeddable":true,"href":"https:\/\/www.v6.newmessage.org\/it\/wp-json\/wp\/v2\/pages\/28779"}],"wp:attachment":[{"href":"https:\/\/www.v6.newmessage.org\/it\/wp-json\/wp\/v2\/media?parent=29725"}],"wp:term":[{"taxonomy":"category","embeddable":true,"href":"https:\/\/www.v6.newmessage.org\/it\/wp-json\/wp\/v2\/categories?post=29725"},{"taxonomy":"post_tag","embeddable":true,"href":"https:\/\/www.v6.newmessage.org\/it\/wp-json\/wp\/v2\/tags?post=29725"}],"curies":[{"name":"wp","href":"https:\/\/api.w.org\/{rel}","templated":true}]}}